{"id":22,"date":"2013-06-06T08:01:42","date_gmt":"2013-06-06T05:01:42","guid":{"rendered":"http:\/\/greenpath.ee\/?page_id=22"},"modified":"2023-07-31T01:37:42","modified_gmt":"2023-07-30T23:37:42","slug":"hinnakiri","status":"publish","type":"page","link":"https:\/\/greenpath.ee\/ru\/hinnakiri\/","title":{"rendered":"\u0426\u0435\u043d\u044b"},"content":{"rendered":"<table style=\"height: 87px;\" border=\"0\" width=\"578\" cellspacing=\"0\" cellpadding=\"0\">\n<tbody>\n<tr>\n<td>\n<h3><strong>\u041e\u043f\u0438\u0441\u0430\u043d\u0438\u0435 \u0443\u0441\u043b\u0443\u0433\u0438<\/strong><\/h3>\n<\/td>\n<td>\n<h3 style=\"text-align: left;\"><strong>\u0426\u0435\u043d\u0430 \u043d\u0430\u0447\u0438\u043d\u0430\u044f \u043e\u0442:<\/strong><\/h3>\n<\/td>\n<\/tr>\n<\/tbody>\n<\/table>\n<table style=\"height: 280px;\" border=\"0\" cellspacing=\"0\" cellpadding=\"0\">\n<tbody>\n<tr>\n<td>\u041c\u043e\u0439\u043a\u0430 \u043e\u043a\u043e\u043d \u0438 \u0441\u0442\u0435\u043a\u043b\u044f\u043d\u043d\u044b\u0445 \u043f\u043e\u0432\u0435\u0440\u0445\u043d\u043e\u0441\u0442\u0435\u0439 (\u041f\u0440\u0438 \u043d\u0435\u043e\u0431\u0445\u043e\u0434\u0438\u043c\u043e\u0441\u0442\u0438 \u043a \u0446\u0435\u043d\u0435 \u0434\u043e\u0431\u0430\u0432\u043b\u044f\u0435\u0442\u0441\u044f \u0441\u0442\u043e\u0438\u043c\u043e\u0441\u0442\u044c \u043f\u043e\u0434\u044a\u0451\u043c\u043d\u0438\u043a\u0430)<\/td>\n<td>0,60 EUR \/ m\u00b2<\/td>\n<\/tr>\n<tr>\n<td>\u0427\u0438\u0441\u0442\u043a\u0430 \u043f\u043e\u043b\u043e\u0432 \u0438\u0437 \u041f\u0412\u0425\/\u041b\u0438\u043d\u043e\u043b\u0435\u0443\u043c\u0430 \u0438 \u0432\u043e\u0449\u0435\u043d\u0438\u0435<\/td>\n<td>1,30 EUR \/ m\u00b2<\/td>\n<\/tr>\n<tr>\n<td>\u0427\u0438\u0441\u0442\u043a\u0430 \u043a\u043e\u0432\u0440\u043e\u0432 \u0438 \u043a\u043e\u0432\u0440\u043e\u0432\u044b\u0445 \u043f\u043e\u043a\u0440\u044b\u0442\u0438\u0439<\/td>\n<td>1,00 EUR \/ m\u00b2<\/td>\n<\/tr>\n<tr>\n<td>\u0423\u0445\u043e\u0434 \u0437\u0430 \u043c\u0435\u0431\u0435\u043b\u044c\u044e \u0441 \u0442\u0435\u043a\u0441\u0442\u0438\u043b\u044c\u043d\u044b\u043c\/\u043a\u043e\u0436\u0430\u043d\u043d\u044b\u043c \u043f\u043e\u043a\u0440\u044b\u0442\u0438\u0435\u043c<\/td>\n<td>9 EUR (\u0437\u0430 \u043e\u0434\u043d\u043e \u0441\u0438\u0434\u044f\u0447\u0435\u0435 \u043c\u0435\u0441\u0442\u043e)<\/td>\n<\/tr>\n<tr>\n<td>\u0425\u0438\u043c\u0447\u0438\u0441\u0442\u043a\u0430 \u043a\u043e\u043d\u0442\u043e\u0440\u0441\u043a\u0438\u0445 \u0441\u0442\u0443\u043b\u044c\u0435\u0432<\/td>\n<td>2,8 EUR (\u0437\u0430 \u043e\u0434\u043d\u043e \u0441\u0438\u0434\u044f\u0447\u0435\u0435 \u043c\u0435\u0441\u0442\u043e)<\/td>\n<\/tr>\n<tr>\n<td>\u0427\u0438\u0441\u0442\u043a\u0430 \u043a\u0430\u043c\u0435\u043d\u043d\u044b\u0445\/\u043f\u043b\u0438\u0442\u043e\u0447\u043d\u044b\u0445\/\u0431\u0435\u0442\u043e\u043d\u043d\u044b\u0445 \u043f\u043e\u043b\u043e\u0432<\/td>\n<td>0,70 EUR \/ m\u00b2<\/td>\n<\/tr>\n<tr>\n<td>\u0413\u0435\u043d\u0435\u0440\u0430\u043b\u044c\u043d\u0430\u044f \u0443\u0431\u043e\u0440\u043a\u0430 \u043f\u043e\u043c\u0435\u0449\u0435\u043d\u0438\u0439<\/td>\n<td>1,40 EUR \/ m\u00b2<\/td>\n<\/tr>\n<tr>\n<td>\u0423\u0431\u043e\u0440\u043a\u0430 \u043f\u043e\u043c\u0435\u0449\u0435\u043d\u0438\u0439 \u043f\u043e\u0441\u043b\u0435 \u0440\u0435\u043c\u043e\u043d\u0442\u0430\/\u043f\u043e\u0441\u043b\u0435 \u0441\u0442\u0440\u043e\u0438\u0442\u0435\u043b\u044c\u0441\u0442\u0432\u0430<\/td>\n<td>1,40 EUR \/ m\u00b2<\/td>\n<\/tr>\n<tr>\n<td>\u0427\u0438\u0441\u0442\u043a\u0430 \u043f\u043e\u043b\u043e\u0432 \u0438\u0437 \u0441\u043f\u0435\u0446\u043c\u0430\u0442\u0435\u0440\u0438\u0430\u043b\u043e\u0432<\/td>\n<td>2,50 EUR \/ m\u00b2<\/td>\n<\/tr>\n<tr>\n<td>\u0427\u0438\u0441\u0442\u043a\u0430 \u0438 \u043f\u043e\u043a\u0440\u044b\u0442\u0438\u0435 \u043c\u0430\u0441\u043b\u043e\u043c \u043f\u043e\u043b\u043e\u0432 \u0441 \u0434\u0435\u0440\u0435\u0432\u044f\u043d\u043d\u044b\u043c\/\u043b\u0430\u043c\u0438\u043d\u0430\u0442\u043d\u044b\u043c \u043f\u043e\u043a\u0440\u044b\u0442\u0438\u0435\u043c<\/td>\n<td>3,30 EUR \/ m\u00b2<\/td>\n<\/tr>\n<tr>\n<td>\u041e\u0437\u043e\u043d\u0438\u0440\u043e\u0432\u0430\u043d\u0438\u0435 \u0432\u043e\u0437\u0434\u0443\u0445\u0430<\/td>\n<td>\u0446\u0435\u043d\u0430 \u0434\u043e\u0433\u043e\u0432\u043e\u0440\u043d\u0430\u044f<\/td>\n<\/tr>\n<tr>\n<td>\u0423\u0431\u043e\u0440\u043a\u0430 \u0441\u043d\u0435\u0433\u0430 \u0441 \u043a\u0440\u044b\u0448 \u0438 \u0443\u0434\u0430\u043b\u0435\u043d\u0438\u0435 \u0441\u043e\u0441\u0443\u043b\u0435\u043a<\/td>\n<td>\u0446\u0435\u043d\u0430 \u0434\u043e\u0433\u043e\u0432\u043e\u0440\u043d\u0430\u044f<\/td>\n<\/tr>\n<tr>\n<td>\u041c\u043e\u0439\u043a\u0430 \u0444\u0430\u0441\u0430\u0434\u043e\u0432 \u0437\u0434\u0430\u043d\u0438\u0439 (\u041f\u0440\u0438 \u043d\u0435\u043e\u0431\u0445\u043e\u0434\u0438\u043c\u043e\u0441\u0442\u0438 \u043a \u0446\u0435\u043d\u0435 \u0434\u043e\u0431\u0430\u0432\u043b\u044f\u0435\u0442\u0441\u044f \u0441\u0442\u043e\u0438\u043c\u043e\u0441\u0442\u044c \u043f\u043e\u0434\u044a\u0451\u043c\u043d\u0438\u043a\u0430)<\/td>\n<td>1,40 EUR \/ m\u00b2<\/td>\n<\/tr>\n<tr>\n<td>\u041e\u0447\u0438\u0441\u0442\u043a\u0430 \u0436\u0435\u043b\u043e\u0431\u043e\u0432 \u0438 \u0432\u043e\u0434\u043e\u0441\u0442\u043e\u043a\u043e\u0432<\/td>\n<td>\u0446\u0435\u043d\u0430 \u0434\u043e\u0433\u043e\u0432\u043e\u0440\u043d\u0430\u044f<\/td>\n<\/tr>\n<tr>\n<td>\u041c\u043e\u0439\u043a\u0430 \u0442\u0440\u043e\u0442\u0443\u0430\u0440\u043d\u043e\u0439 \u043f\u043b\u0438\u0442\u043a\u0438<\/td>\n<td>2,20 EUR \/ m\u00b2<\/td>\n<\/tr>\n<tr>\n<td>\u0414\u0440\u0443\u0433\u0438\u0435 \u0441\u043f\u0435\u0446. \u0440\u0430\u0431\u043e\u0442\u044b \u043f\u043e \u0443\u0431\u043e\u0440\u043a\u0435<\/td>\n<td>\u0446\u0435\u043d\u0430 \u0434\u043e\u0433\u043e\u0432\u043e\u0440\u043d\u0430\u044f<\/td>\n<\/tr>\n<tr>\n<td>\u0420\u0435\u0433\u0443\u043b\u044f\u0440\u043d\u0430\u044f \u0443\u0431\u043e\u0440\u043a\u0430 \u043a\u0432\u0430\u0440\u0442\u0438\u0440, \u0434\u043e\u043c\u043e\u0432, \u043e\u0444\u0438\u0441\u043d\u044b\u0445-, \u043f\u0440\u043e\u0438\u0437\u0432\u043e\u0434\u0441\u0442\u0432\u0435\u043d\u043d\u044b\u0445- \u0438 \u0442\u043e\u0440\u0433\u043e\u0432\u044b\u0445 \u043f\u043b\u043e\u0449\u0430\u0434\u0435\u0439<\/td>\n<td>\u0446\u0435\u043d\u0430 \u0434\u043e\u0433\u043e\u0432\u043e\u0440\u043d\u0430\u044f<\/td>\n<\/tr>\n<\/tbody>\n<\/table>\n<p><span style=\"font-size: 16px;\">\u0417\u0430\u0434\u0430\u0439\u0442\u0435 \u0432\u043e\u043f\u0440\u043e\u0441 \u0438\u043b\u0438 \u0437\u0430\u043a\u0430\u0436\u0438\u0442\u0435 \u0443\u0431\u043e\u0440\u043a\u0443 \u0441\u0440\u0430\u0437\u0443, \u0437\u0430\u043f\u043e\u043b\u043d\u0438\u0432&nbsp;<strong><a title=\"\u041a\u043e\u043d\u0442\u0430\u043a\u0442\" href=\"\/ru\/tagasiside-vorm\/\">\u0444\u043e\u0440\u043c\u0443 \u043e\u0431\u0440\u0430\u0442\u043d\u043e\u0439 \u0441\u0432\u044f\u0437\u0438<\/a><\/strong>&nbsp;\u0438 \u043c\u044b \u0441\u0432\u044f\u0436\u0435\u043c\u0441\u044f \u0441 \u0412\u0430\u043c\u0438 \u0432 \u0431\u043b\u0438\u0436\u0430\u0439\u0448\u0435\u0435 \u0432\u0440\u0435\u043c\u044f!<\/span><\/p>\n<p><strong>NB!<\/strong><\/p>\n<ul>\n<li><em>\u041f\u0440\u0438 \u043e\u0431\u044a\u0451\u043c\u043d\u043e\u0439 \u0440\u0430\u0431\u043e\u0442\u0435, \u0443\u0431\u043e\u0440\u043a\u0435 \u043a\u043e\u043d\u0442\u043e\u0440\u0441\u043a\u0438\u0445 \u043f\u043e\u043c\u0435\u0449\u0435\u043d\u0438\u0439, \u043a\u0432\u0430\u0440\u0442\u0438\u0440 \u0438 \u0434\u043e\u043c\u043e\u0432 \u0446\u0435\u043d\u044b \u0434\u043e\u0433\u043e\u0432\u043e\u0440\u043d\u044b\u0435.<\/em><\/li>\n<li><em>\u041c\u0438\u043d\u0438\u043c\u0430\u043b\u044c\u043d\u0430\u044f \u0441\u0442\u043e\u0438\u043c\u043e\u0441\u0442\u044c \u0437\u0430\u043a\u0430\u0437\u0430 85 EUR.<\/em><\/li>\n<li><em>\u0426\u0435\u043d\u044b \u043d\u0435 \u0441\u043e\u0434\u0435\u0440\u0436\u0430\u0442 \u041d\u0421\u041e (\u043d\u0430\u043b\u043e\u0433 \u0441 \u043e\u0431\u043e\u0440\u043e\u0442\u0430).<\/em><\/li>\n<\/ul>\n","protected":false},"excerpt":{"rendered":"<p>\u041e\u043f\u0438\u0441\u0430\u043d\u0438\u0435 \u0443\u0441\u043b\u0443\u0433\u0438 \u0426\u0435\u043d\u0430 \u043d\u0430\u0447\u0438\u043d\u0430\u044f \u043e\u0442: \u041c\u043e\u0439\u043a\u0430 \u043e\u043a\u043e\u043d \u0438 \u0441\u0442\u0435\u043a\u043b\u044f\u043d\u043d\u044b\u0445 \u043f\u043e\u0432\u0435\u0440\u0445\u043d\u043e\u0441\u0442\u0435\u0439 (\u041f\u0440\u0438 \u043d\u0435\u043e\u0431\u0445\u043e\u0434\u0438\u043c\u043e\u0441\u0442\u0438 \u043a \u0446\u0435\u043d\u0435 \u0434\u043e\u0431\u0430\u0432\u043b\u044f\u0435\u0442\u0441\u044f \u0441\u0442\u043e\u0438\u043c\u043e\u0441\u0442\u044c \u043f\u043e\u0434\u044a\u0451\u043c\u043d\u0438\u043a\u0430) 0,60 EUR \/ m\u00b2 \u0427\u0438\u0441\u0442\u043a\u0430 \u043f\u043e\u043b\u043e\u0432 \u0438\u0437 \u041f\u0412\u0425\/\u041b\u0438\u043d\u043e\u043b\u0435\u0443\u043c\u0430 \u0438 \u0432\u043e\u0449\u0435\u043d\u0438\u0435 1,30 EUR \/ m\u00b2 \u0427\u0438\u0441\u0442\u043a\u0430 \u043a\u043e\u0432\u0440\u043e\u0432 \u0438 \u043a\u043e\u0432\u0440\u043e\u0432\u044b\u0445 \u043f\u043e\u043a\u0440\u044b\u0442\u0438\u0439 1,00 EUR \/ m\u00b2 \u0423\u0445\u043e\u0434 \u0437\u0430 \u043c\u0435\u0431\u0435\u043b\u044c\u044e \u0441 \u0442\u0435\u043a\u0441\u0442\u0438\u043b\u044c\u043d\u044b\u043c\/\u043a\u043e\u0436\u0430\u043d\u043d\u044b\u043c \u043f\u043e\u043a\u0440\u044b\u0442\u0438\u0435\u043c 9 EUR (\u0437\u0430 \u043e\u0434\u043d\u043e \u0441\u0438\u0434\u044f\u0447\u0435\u0435 \u043c\u0435\u0441\u0442\u043e) \u0425\u0438\u043c\u0447\u0438\u0441\u0442\u043a\u0430 \u043a\u043e\u043d\u0442\u043e\u0440\u0441\u043a\u0438\u0445 \u0441\u0442\u0443\u043b\u044c\u0435\u0432 [&hellip;]<\/p>\n","protected":false},"author":2,"featured_media":0,"parent":0,"menu_order":0,"comment_status":"closed","ping_status":"closed","template":"","meta":{"footnotes":""},"class_list":["post-22","page","type-page","status-publish","hentry"],"yoast_head":"<!-- This site is optimized with the Yoast SEO plugin v23.3 - https:\/\/yoast.com\/wordpress\/plugins\/seo\/ -->\n<title>\u0426\u0435\u043d\u044b &#8902; Green Path O\u00dc<\/title>\n<meta name=\"description\" content=\"Puhastusteenuste hinnakiri.\u00a0Kui teil on vaja abi v\u00f5i on tekkinud k\u00fcsimusi, p\u00f6\u00f6rduge julgelt meie poole ja me aitame tellimuse maksumuse v\u00e4lja arvutada.\" \/>\n<meta name=\"robots\" content=\"index, follow, max-snippet:-1, max-image-preview:large, max-video-preview:-1\" \/>\n<link rel=\"canonical\" href=\"https:\/\/greenpath.ee\/ru\/hinnakiri\/\" \/>\n<meta property=\"og:locale\" content=\"ru_RU\" \/>\n<meta property=\"og:locale:alternate\" content=\"et_EE\" \/>\n<meta property=\"og:type\" content=\"article\" \/>\n<meta property=\"og:title\" content=\"\u0426\u0435\u043d\u044b\" \/>\n<meta property=\"og:description\" content=\"Puhastusteenuste hinnakiri.\u00a0Kui teil on vaja abi v\u00f5i on tekkinud k\u00fcsimusi, p\u00f6\u00f6rduge julgelt meie poole ja me aitame tellimuse maksumuse v\u00e4lja arvutada.\" \/>\n<meta property=\"og:url\" content=\"https:\/\/greenpath.ee\/ru\/hinnakiri\/\" \/>\n<meta property=\"og:site_name\" content=\"Green Path O\u00dc\" \/>\n<meta property=\"article:publisher\" content=\"https:\/\/www.facebook.com\/greenpath.ee\/\" \/>\n<meta property=\"article:modified_time\" content=\"2023-07-30T23:37:42+00:00\" \/>\n<meta name=\"twitter:card\" content=\"summary_large_image\" \/>\n<meta name=\"twitter:label1\" content=\"\u041f\u0440\u0438\u043c\u0435\u0440\u043d\u043e\u0435 \u0432\u0440\u0435\u043c\u044f \u0434\u043b\u044f \u0447\u0442\u0435\u043d\u0438\u044f\" \/>\n\t<meta name=\"twitter:data1\" content=\"2 \u043c\u0438\u043d\u0443\u0442\u044b\" \/>\n<script type=\"application\/ld+json\" class=\"yoast-schema-graph\">{\"@context\":\"https:\/\/schema.org\",\"@graph\":[{\"@type\":\"WebPage\",\"@id\":\"https:\/\/greenpath.ee\/ru\/hinnakiri\/\",\"url\":\"https:\/\/greenpath.ee\/ru\/hinnakiri\/\",\"name\":\"\u0426\u0435\u043d\u044b\",\"isPartOf\":{\"@id\":\"https:\/\/greenpath.ee\/et\/#website\"},\"datePublished\":\"2013-06-06T05:01:42+00:00\",\"dateModified\":\"2023-07-30T23:37:42+00:00\",\"description\":\"Puhastusteenuste hinnakiri.\u00a0Kui teil on vaja abi v\u00f5i on tekkinud k\u00fcsimusi, p\u00f6\u00f6rduge julgelt meie poole ja me aitame tellimuse maksumuse v\u00e4lja arvutada.\",\"breadcrumb\":{\"@id\":\"https:\/\/greenpath.ee\/ru\/hinnakiri\/#breadcrumb\"},\"inLanguage\":\"ru-RU\",\"potentialAction\":[{\"@type\":\"ReadAction\",\"target\":[\"https:\/\/greenpath.ee\/ru\/hinnakiri\/\"]}]},{\"@type\":\"BreadcrumbList\",\"@id\":\"https:\/\/greenpath.ee\/ru\/hinnakiri\/#breadcrumb\",\"itemListElement\":[{\"@type\":\"ListItem\",\"position\":1,\"name\":\"\u0413\u043b\u0430\u0432\u043d\u0430\u044f \u0441\u0442\u0440\u0430\u043d\u0438\u0446\u0430\",\"item\":\"https:\/\/greenpath.ee\/et\/\"},{\"@type\":\"ListItem\",\"position\":2,\"name\":\"\u0426\u0435\u043d\u044b\"}]},{\"@type\":\"WebSite\",\"@id\":\"https:\/\/greenpath.ee\/et\/#website\",\"url\":\"https:\/\/greenpath.ee\/et\/\",\"name\":\"Green Path O\u00dc\",\"description\":\"\",\"publisher\":{\"@id\":\"https:\/\/greenpath.ee\/et\/#organization\"},\"potentialAction\":[{\"@type\":\"SearchAction\",\"target\":{\"@type\":\"EntryPoint\",\"urlTemplate\":\"https:\/\/greenpath.ee\/et\/?s={search_term_string}\"},\"query-input\":\"required name=search_term_string\"}],\"inLanguage\":\"ru-RU\"},{\"@type\":\"Organization\",\"@id\":\"https:\/\/greenpath.ee\/et\/#organization\",\"name\":\"Green Path O\u00dc\",\"url\":\"https:\/\/greenpath.ee\/et\/\",\"logo\":{\"@type\":\"ImageObject\",\"inLanguage\":\"ru-RU\",\"@id\":\"https:\/\/greenpath.ee\/et\/#\/schema\/logo\/image\/\",\"url\":\"https:\/\/greenpath.ee\/wp-content\/uploads\/2019\/03\/logo.png\",\"contentUrl\":\"https:\/\/greenpath.ee\/wp-content\/uploads\/2019\/03\/logo.png\",\"width\":200,\"height\":90,\"caption\":\"Green Path O\u00dc\"},\"image\":{\"@id\":\"https:\/\/greenpath.ee\/et\/#\/schema\/logo\/image\/\"},\"sameAs\":[\"https:\/\/www.facebook.com\/greenpath.ee\/\"]}]}<\/script>\n<!-- \/ Yoast SEO plugin. -->","yoast_head_json":{"title":"\u0426\u0435\u043d\u044b &#8902; Green Path O\u00dc","description":"Puhastusteenuste hinnakiri.\u00a0Kui teil on vaja abi v\u00f5i on tekkinud k\u00fcsimusi, p\u00f6\u00f6rduge julgelt meie poole ja me aitame tellimuse maksumuse v\u00e4lja arvutada.","robots":{"index":"index","follow":"follow","max-snippet":"max-snippet:-1","max-image-preview":"max-image-preview:large","max-video-preview":"max-video-preview:-1"},"canonical":"https:\/\/greenpath.ee\/ru\/hinnakiri\/","og_locale":"ru_RU","og_type":"article","og_title":"[:ru]\u0426\u0435\u043d\u044b[:et]Hinnakiri[:] &#8902; Green Path O\u00dc","og_description":"Puhastusteenuste hinnakiri.\u00a0Kui teil on vaja abi v\u00f5i on tekkinud k\u00fcsimusi, p\u00f6\u00f6rduge julgelt meie poole ja me aitame tellimuse maksumuse v\u00e4lja arvutada.","og_url":"https:\/\/greenpath.ee\/ru\/hinnakiri\/","og_site_name":"Green Path O\u00dc","article_publisher":"https:\/\/www.facebook.com\/greenpath.ee\/","article_modified_time":"2023-07-30T23:37:42+00:00","twitter_card":"summary_large_image","twitter_misc":{"\u041f\u0440\u0438\u043c\u0435\u0440\u043d\u043e\u0435 \u0432\u0440\u0435\u043c\u044f \u0434\u043b\u044f \u0447\u0442\u0435\u043d\u0438\u044f":"2 \u043c\u0438\u043d\u0443\u0442\u044b"},"schema":{"@context":"https:\/\/schema.org","@graph":[{"@type":"WebPage","@id":"https:\/\/greenpath.ee\/ru\/hinnakiri\/","url":"https:\/\/greenpath.ee\/ru\/hinnakiri\/","name":"\u0426\u0435\u043d\u044b","isPartOf":{"@id":"https:\/\/greenpath.ee\/et\/#website"},"datePublished":"2013-06-06T05:01:42+00:00","dateModified":"2023-07-30T23:37:42+00:00","description":"Puhastusteenuste hinnakiri.\u00a0Kui teil on vaja abi v\u00f5i on tekkinud k\u00fcsimusi, p\u00f6\u00f6rduge julgelt meie poole ja me aitame tellimuse maksumuse v\u00e4lja arvutada.","breadcrumb":{"@id":"https:\/\/greenpath.ee\/ru\/hinnakiri\/#breadcrumb"},"inLanguage":"ru-RU","potentialAction":[{"@type":"ReadAction","target":["https:\/\/greenpath.ee\/ru\/hinnakiri\/"]}]},{"@type":"BreadcrumbList","@id":"https:\/\/greenpath.ee\/ru\/hinnakiri\/#breadcrumb","itemListElement":[{"@type":"ListItem","position":1,"name":"\u0413\u043b\u0430\u0432\u043d\u0430\u044f \u0441\u0442\u0440\u0430\u043d\u0438\u0446\u0430","item":"https:\/\/greenpath.ee\/et\/"},{"@type":"ListItem","position":2,"name":"\u0426\u0435\u043d\u044b"}]},{"@type":"WebSite","@id":"https:\/\/greenpath.ee\/et\/#website","url":"https:\/\/greenpath.ee\/et\/","name":"Green Path O\u00dc","description":"","publisher":{"@id":"https:\/\/greenpath.ee\/et\/#organization"},"potentialAction":[{"@type":"SearchAction","target":{"@type":"EntryPoint","urlTemplate":"https:\/\/greenpath.ee\/et\/?s={search_term_string}"},"query-input":"required name=search_term_string"}],"inLanguage":"ru-RU"},{"@type":"Organization","@id":"https:\/\/greenpath.ee\/et\/#organization","name":"Green Path O\u00dc","url":"https:\/\/greenpath.ee\/et\/","logo":{"@type":"ImageObject","inLanguage":"ru-RU","@id":"https:\/\/greenpath.ee\/et\/#\/schema\/logo\/image\/","url":"https:\/\/greenpath.ee\/wp-content\/uploads\/2019\/03\/logo.png","contentUrl":"https:\/\/greenpath.ee\/wp-content\/uploads\/2019\/03\/logo.png","width":200,"height":90,"caption":"Green Path O\u00dc"},"image":{"@id":"https:\/\/greenpath.ee\/et\/#\/schema\/logo\/image\/"},"sameAs":["https:\/\/www.facebook.com\/greenpath.ee\/"]}]}},"_links":{"self":[{"href":"https:\/\/greenpath.ee\/ru\/wp-json\/wp\/v2\/pages\/22"}],"collection":[{"href":"https:\/\/greenpath.ee\/ru\/wp-json\/wp\/v2\/pages"}],"about":[{"href":"https:\/\/greenpath.ee\/ru\/wp-json\/wp\/v2\/types\/page"}],"author":[{"embeddable":true,"href":"https:\/\/greenpath.ee\/ru\/wp-json\/wp\/v2\/users\/2"}],"replies":[{"embeddable":true,"href":"https:\/\/greenpath.ee\/ru\/wp-json\/wp\/v2\/comments?post=22"}],"version-history":[{"count":36,"href":"https:\/\/greenpath.ee\/ru\/wp-json\/wp\/v2\/pages\/22\/revisions"}],"predecessor-version":[{"id":1996,"href":"https:\/\/greenpath.ee\/ru\/wp-json\/wp\/v2\/pages\/22\/revisions\/1996"}],"wp:attachment":[{"href":"https:\/\/greenpath.ee\/ru\/wp-json\/wp\/v2\/media?parent=22"}],"curies":[{"name":"wp","href":"https:\/\/api.w.org\/{rel}","templated":true}]}}