{"id":21,"date":"2013-06-06T08:05:39","date_gmt":"2013-06-06T05:05:39","guid":{"rendered":"http:\/\/greenpath.ee\/?page_id=21"},"modified":"2023-07-11T19:41:34","modified_gmt":"2023-07-11T17:41:34","slug":"tagasiside-vorm","status":"publish","type":"page","link":"https:\/\/greenpath.ee\/ru\/tagasiside-vorm\/","title":{"rendered":"\u041a\u043e\u043d\u0442\u0430\u043a\u0442\u043d\u0430\u044f \u0444\u043e\u0440\u043c\u0430"},"content":{"rendered":"<p><img loading=\"lazy\" decoding=\"async\" class=\"alignleft\" src=\"https:\/\/cdn.shortpixel.ai\/client\/q_glossy,ret_img,w_467,h_187\/https:\/\/greenpath.ee\/wp-content\/uploads\/2017\/05\/Tagasiside-vorm.jpg\" alt=\"\" width=\"466\" height=\"187\" \/><\/p>\n<blockquote>\n<p><span style=\"font-size: 12pt;\">Green Path O\u00dc<\/span><br \/><span style=\"font-size: 12pt;\"> Kiili 11-72, Tallinn, 13423, Estonia<\/span><br \/><span style=\"font-size: 12pt;\"> E-Mail: <a href=\"mailto:info@greenpath.ee\">info@greenpath.ee<\/a><\/span><\/p>\n<p><span style=\"font-size: 12pt;\">\u041d\u043e\u043c\u0435\u0440 \u0434\u043b\u044f \u0441\u0432\u044f\u0437\u0438: <a href=\"tel:+37256815681\">+372 5681 5681<\/a><\/span><\/p>\n<\/blockquote>\n\n\n<div style=\"height:100px\" aria-hidden=\"true\" class=\"wp-block-spacer\"><\/div>\n\n\n\n\n<div class=\"wpcf7 no-js\" id=\"wpcf7-f6-o1\" lang=\"ru-RU\" dir=\"ltr\">\n<div class=\"screen-reader-response\"><p role=\"status\" aria-live=\"polite\" aria-atomic=\"true\"><\/p> <ul><\/ul><\/div>\n<form action=\"\/ru\/wp-json\/wp\/v2\/pages\/21#wpcf7-f6-o1\" method=\"post\" class=\"wpcf7-form init\" aria-label=\"\u041a\u043e\u043d\u0442\u0430\u043a\u0442\u043d\u0430\u044f \u0444\u043e\u0440\u043c\u0430\" novalidate=\"novalidate\" data-status=\"init\">\n<div style=\"display: none;\">\n<input type=\"hidden\" name=\"_wpcf7\" value=\"6\" \/>\n<input type=\"hidden\" name=\"_wpcf7_version\" value=\"5.7.7\" \/>\n<input type=\"hidden\" name=\"_wpcf7_locale\" value=\"ru_RU\" \/>\n<input type=\"hidden\" name=\"_wpcf7_unit_tag\" value=\"wpcf7-f6-o1\" \/>\n<input type=\"hidden\" name=\"_wpcf7_container_post\" value=\"0\" \/>\n<input type=\"hidden\" name=\"_wpcf7_posted_data_hash\" value=\"\" \/>\n<input type=\"hidden\" name=\"lang\" value=\"ru\" \/>\n<input type=\"hidden\" name=\"_wpcf7_recaptcha_response\" value=\"\" \/>\n<\/div>\n<p>\u0412\u0430\u0448\u0435 \u0438\u043c\u044f (\u043e\u0431\u044f\u0437\u0430\u0442\u0435\u043b\u044c\u043d\u043e)\n<\/p>\n<p><span class=\"wpcf7-form-control-wrap\" data-name=\"your-name\"><input size=\"40\" class=\"wpcf7-form-control wpcf7-text wpcf7-validates-as-required\" aria-required=\"true\" aria-invalid=\"false\" value=\"\" type=\"text\" name=\"your-name\" \/><\/span>\n<\/p>\n<p>\u0412\u0430\u0448 E-Mail (\u043e\u0431\u044f\u0437\u0430\u0442\u0435\u043b\u044c\u043d\u043e)\n<\/p>\n<p><span class=\"wpcf7-form-control-wrap\" data-name=\"your-email\"><input size=\"40\" class=\"wpcf7-form-control wpcf7-text wpcf7-email wpcf7-validates-as-required wpcf7-validates-as-email\" aria-required=\"true\" aria-invalid=\"false\" value=\"\" type=\"email\" name=\"your-email\" \/><\/span>\n<\/p>\n<p>\u0422\u0435\u043c\u0430 (\u043e\u0431\u044f\u0437\u0430\u0442\u0435\u043b\u044c\u043d\u043e)\n<\/p>\n<p><span class=\"wpcf7-form-control-wrap\" data-name=\"menu-897\"><select class=\"wpcf7-form-control wpcf7-select wpcf7-validates-as-required\" aria-required=\"true\" aria-invalid=\"false\" name=\"menu-897\"><option value=\"\u0426\u0435\u043d\u043e\u0432\u043e\u0435 \u043f\u0440\u0435\u0434\u043b\u043e\u0436\u0435\u043d\u0438\u0435 \u043d\u0430 \u0443\u0441\u043b\u0443\u0433\u0443 \u043f\u043e \u0443\u0431\u043e\u0440\u043a\u0435\">\u0426\u0435\u043d\u043e\u0432\u043e\u0435 \u043f\u0440\u0435\u0434\u043b\u043e\u0436\u0435\u043d\u0438\u0435 \u043d\u0430 \u0443\u0441\u043b\u0443\u0433\u0443 \u043f\u043e \u0443\u0431\u043e\u0440\u043a\u0435<\/option><option value=\"\u0412\u043e\u043f\u0440\u043e\u0441\">\u0412\u043e\u043f\u0440\u043e\u0441<\/option><option value=\"\u041f\u043e\u0434\u0430\u0442\u044c \u0437\u0430\u044f\u0432\u043a\u0443 \u043d\u0430 \u0440\u0430\u0431\u043e\u0442\u0443\">\u041f\u043e\u0434\u0430\u0442\u044c \u0437\u0430\u044f\u0432\u043a\u0443 \u043d\u0430 \u0440\u0430\u0431\u043e\u0442\u0443<\/option><option value=\"\u041f\u043e\u0436\u0435\u043b\u0430\u043d\u0438\u044f\">\u041f\u043e\u0436\u0435\u043b\u0430\u043d\u0438\u044f<\/option><option value=\"\u0414\u0440\u0443\u0433\u043e\u0435\">\u0414\u0440\u0443\u0433\u043e\u0435<\/option><\/select><\/span>\n<\/p>\n<p>\u0421\u043e\u043e\u0431\u0449\u0435\u043d\u0438\u0435\n<\/p>\n<p><span class=\"wpcf7-form-control-wrap\" data-name=\"your-message\"><textarea cols=\"40\" rows=\"10\" class=\"wpcf7-form-control wpcf7-textarea\" aria-invalid=\"false\" name=\"your-message\"><\/textarea><\/span>\n<\/p>\n<p><input class=\"wpcf7-form-control has-spinner wpcf7-submit\" type=\"submit\" value=\"\u041e\u0442\u043f\u0440\u0430\u0432\u0438\u0442\u044c\" \/>\n<\/p><div class=\"wpcf7-response-output\" aria-hidden=\"true\"><\/div>\n<\/form>\n<\/div>\n\n","protected":false},"excerpt":{"rendered":"<p>Green Path O\u00dc Kiili 11-72, Tallinn, 13423, Estonia E-Mail: info@greenpath.ee \u041d\u043e\u043c\u0435\u0440 \u0434\u043b\u044f \u0441\u0432\u044f\u0437\u0438: +372 5681 5681<\/p>\n","protected":false},"author":2,"featured_media":0,"parent":0,"menu_order":0,"comment_status":"closed","ping_status":"closed","template":"","meta":{"footnotes":""},"class_list":["post-21","page","type-page","status-publish","hentry"],"yoast_head":"<!-- This site is optimized with the Yoast SEO plugin v23.3 - https:\/\/yoast.com\/wordpress\/plugins\/seo\/ -->\n<title>\u041a\u043e\u043d\u0442\u0430\u043a\u0442\u043d\u0430\u044f \u0444\u043e\u0440\u043c\u0430 &#8902; Green Path O\u00dc<\/title>\n<meta name=\"description\" content=\"Helistage meile v\u00f5i j\u00e4tke teade, t\u00e4ites tagasiside vormi ja meie v\u00f5tame Teiega l\u00e4hiajal \u00fchendust!\" \/>\n<meta name=\"robots\" content=\"index, follow, max-snippet:-1, max-image-preview:large, max-video-preview:-1\" \/>\n<link rel=\"canonical\" href=\"https:\/\/greenpath.ee\/ru\/tagasiside-vorm\/\" \/>\n<meta property=\"og:locale\" content=\"ru_RU\" \/>\n<meta property=\"og:locale:alternate\" content=\"et_EE\" \/>\n<meta property=\"og:type\" content=\"article\" \/>\n<meta property=\"og:title\" content=\"\u041a\u043e\u043d\u0442\u0430\u043a\u0442\u043d\u0430\u044f \u0444\u043e\u0440\u043c\u0430\" \/>\n<meta property=\"og:description\" content=\"Helistage meile v\u00f5i j\u00e4tke teade, t\u00e4ites tagasiside vormi ja meie v\u00f5tame Teiega l\u00e4hiajal \u00fchendust!\" \/>\n<meta property=\"og:url\" content=\"https:\/\/greenpath.ee\/ru\/tagasiside-vorm\/\" \/>\n<meta property=\"og:site_name\" content=\"Green Path O\u00dc\" \/>\n<meta property=\"article:publisher\" content=\"https:\/\/www.facebook.com\/greenpath.ee\/\" \/>\n<meta property=\"article:modified_time\" content=\"2023-07-11T17:41:34+00:00\" \/>\n<meta property=\"og:image\" content=\"https:\/\/cdn.shortpixel.ai\/client\/q_glossy,ret_img,w_467,h_187\/https:\/\/greenpath.ee\/wp-content\/uploads\/2017\/05\/Tagasiside-vorm.jpg\" \/>\n<meta name=\"twitter:card\" content=\"summary_large_image\" \/>\n<meta name=\"twitter:label1\" content=\"\u041f\u0440\u0438\u043c\u0435\u0440\u043d\u043e\u0435 \u0432\u0440\u0435\u043c\u044f \u0434\u043b\u044f \u0447\u0442\u0435\u043d\u0438\u044f\" \/>\n\t<meta name=\"twitter:data1\" content=\"1 \u043c\u0438\u043d\u0443\u0442\u0430\" \/>\n<script type=\"application\/ld+json\" class=\"yoast-schema-graph\">{\"@context\":\"https:\/\/schema.org\",\"@graph\":[{\"@type\":\"WebPage\",\"@id\":\"https:\/\/greenpath.ee\/et\/tagasiside-vorm\/\",\"url\":\"https:\/\/greenpath.ee\/et\/tagasiside-vorm\/\",\"name\":\"\u041a\u043e\u043d\u0442\u0430\u043a\u0442\u043d\u0430\u044f \u0444\u043e\u0440\u043c\u0430\",\"isPartOf\":{\"@id\":\"https:\/\/greenpath.ee\/et\/#website\"},\"primaryImageOfPage\":{\"@id\":\"https:\/\/greenpath.ee\/et\/tagasiside-vorm\/#primaryimage\"},\"image\":{\"@id\":\"https:\/\/greenpath.ee\/et\/tagasiside-vorm\/#primaryimage\"},\"thumbnailUrl\":\"https:\/\/cdn.shortpixel.ai\/client\/q_glossy,ret_img,w_467,h_187\/https:\/\/greenpath.ee\/wp-content\/uploads\/2017\/05\/Tagasiside-vorm.jpg\",\"datePublished\":\"2013-06-06T05:05:39+00:00\",\"dateModified\":\"2023-07-11T17:41:34+00:00\",\"description\":\"Helistage meile v\u00f5i j\u00e4tke teade, t\u00e4ites tagasiside vormi ja meie v\u00f5tame Teiega l\u00e4hiajal \u00fchendust!\",\"breadcrumb\":{\"@id\":\"https:\/\/greenpath.ee\/et\/tagasiside-vorm\/#breadcrumb\"},\"inLanguage\":\"ru-RU\",\"potentialAction\":[{\"@type\":\"ReadAction\",\"target\":[\"https:\/\/greenpath.ee\/et\/tagasiside-vorm\/\"]}]},{\"@type\":\"ImageObject\",\"inLanguage\":\"ru-RU\",\"@id\":\"https:\/\/greenpath.ee\/et\/tagasiside-vorm\/#primaryimage\",\"url\":\"https:\/\/cdn.shortpixel.ai\/client\/q_glossy,ret_img,w_467,h_187\/https:\/\/greenpath.ee\/wp-content\/uploads\/2017\/05\/Tagasiside-vorm.jpg\",\"contentUrl\":\"https:\/\/cdn.shortpixel.ai\/client\/q_glossy,ret_img,w_467,h_187\/https:\/\/greenpath.ee\/wp-content\/uploads\/2017\/05\/Tagasiside-vorm.jpg\"},{\"@type\":\"BreadcrumbList\",\"@id\":\"https:\/\/greenpath.ee\/et\/tagasiside-vorm\/#breadcrumb\",\"itemListElement\":[{\"@type\":\"ListItem\",\"position\":1,\"name\":\"\u0413\u043b\u0430\u0432\u043d\u0430\u044f \u0441\u0442\u0440\u0430\u043d\u0438\u0446\u0430\",\"item\":\"https:\/\/greenpath.ee\/et\/\"},{\"@type\":\"ListItem\",\"position\":2,\"name\":\"Kontakt\"}]},{\"@type\":\"WebSite\",\"@id\":\"https:\/\/greenpath.ee\/et\/#website\",\"url\":\"https:\/\/greenpath.ee\/et\/\",\"name\":\"Green Path O\u00dc\",\"description\":\"\",\"publisher\":{\"@id\":\"https:\/\/greenpath.ee\/et\/#organization\"},\"potentialAction\":[{\"@type\":\"SearchAction\",\"target\":{\"@type\":\"EntryPoint\",\"urlTemplate\":\"https:\/\/greenpath.ee\/et\/?s={search_term_string}\"},\"query-input\":\"required name=search_term_string\"}],\"inLanguage\":\"ru-RU\"},{\"@type\":\"Organization\",\"@id\":\"https:\/\/greenpath.ee\/et\/#organization\",\"name\":\"Green Path O\u00dc\",\"url\":\"https:\/\/greenpath.ee\/et\/\",\"logo\":{\"@type\":\"ImageObject\",\"inLanguage\":\"ru-RU\",\"@id\":\"https:\/\/greenpath.ee\/et\/#\/schema\/logo\/image\/\",\"url\":\"https:\/\/greenpath.ee\/wp-content\/uploads\/2019\/03\/logo.png\",\"contentUrl\":\"https:\/\/greenpath.ee\/wp-content\/uploads\/2019\/03\/logo.png\",\"width\":200,\"height\":90,\"caption\":\"Green Path O\u00dc\"},\"image\":{\"@id\":\"https:\/\/greenpath.ee\/et\/#\/schema\/logo\/image\/\"},\"sameAs\":[\"https:\/\/www.facebook.com\/greenpath.ee\/\"]}]}<\/script>\n<!-- \/ Yoast SEO plugin. -->","yoast_head_json":{"title":"\u041a\u043e\u043d\u0442\u0430\u043a\u0442\u043d\u0430\u044f \u0444\u043e\u0440\u043c\u0430 &#8902; Green Path O\u00dc","description":"Helistage meile v\u00f5i j\u00e4tke teade, t\u00e4ites tagasiside vormi ja meie v\u00f5tame Teiega l\u00e4hiajal \u00fchendust!","robots":{"index":"index","follow":"follow","max-snippet":"max-snippet:-1","max-image-preview":"max-image-preview:large","max-video-preview":"max-video-preview:-1"},"canonical":"https:\/\/greenpath.ee\/ru\/tagasiside-vorm\/","og_locale":"ru_RU","og_type":"article","og_title":"[:ru]\u041a\u043e\u043d\u0442\u0430\u043a\u0442\u043d\u0430\u044f \u0444\u043e\u0440\u043c\u0430[:et]Kontakt[:] &#8902; Green Path O\u00dc","og_description":"Helistage meile v\u00f5i j\u00e4tke teade, t\u00e4ites tagasiside vormi ja meie v\u00f5tame Teiega l\u00e4hiajal \u00fchendust!","og_url":"https:\/\/greenpath.ee\/ru\/tagasiside-vorm\/","og_site_name":"Green Path O\u00dc","article_publisher":"https:\/\/www.facebook.com\/greenpath.ee\/","article_modified_time":"2023-07-11T17:41:34+00:00","og_image":[{"url":"https:\/\/cdn.shortpixel.ai\/client\/q_glossy,ret_img,w_467,h_187\/https:\/\/greenpath.ee\/wp-content\/uploads\/2017\/05\/Tagasiside-vorm.jpg"}],"twitter_card":"summary_large_image","twitter_misc":{"\u041f\u0440\u0438\u043c\u0435\u0440\u043d\u043e\u0435 \u0432\u0440\u0435\u043c\u044f \u0434\u043b\u044f \u0447\u0442\u0435\u043d\u0438\u044f":"1 \u043c\u0438\u043d\u0443\u0442\u0430"},"schema":{"@context":"https:\/\/schema.org","@graph":[{"@type":"WebPage","@id":"https:\/\/greenpath.ee\/et\/tagasiside-vorm\/","url":"https:\/\/greenpath.ee\/et\/tagasiside-vorm\/","name":"\u041a\u043e\u043d\u0442\u0430\u043a\u0442\u043d\u0430\u044f \u0444\u043e\u0440\u043c\u0430","isPartOf":{"@id":"https:\/\/greenpath.ee\/et\/#website"},"primaryImageOfPage":{"@id":"https:\/\/greenpath.ee\/et\/tagasiside-vorm\/#primaryimage"},"image":{"@id":"https:\/\/greenpath.ee\/et\/tagasiside-vorm\/#primaryimage"},"thumbnailUrl":"https:\/\/cdn.shortpixel.ai\/client\/q_glossy,ret_img,w_467,h_187\/https:\/\/greenpath.ee\/wp-content\/uploads\/2017\/05\/Tagasiside-vorm.jpg","datePublished":"2013-06-06T05:05:39+00:00","dateModified":"2023-07-11T17:41:34+00:00","description":"Helistage meile v\u00f5i j\u00e4tke teade, t\u00e4ites tagasiside vormi ja meie v\u00f5tame Teiega l\u00e4hiajal \u00fchendust!","breadcrumb":{"@id":"https:\/\/greenpath.ee\/et\/tagasiside-vorm\/#breadcrumb"},"inLanguage":"ru-RU","potentialAction":[{"@type":"ReadAction","target":["https:\/\/greenpath.ee\/et\/tagasiside-vorm\/"]}]},{"@type":"ImageObject","inLanguage":"ru-RU","@id":"https:\/\/greenpath.ee\/et\/tagasiside-vorm\/#primaryimage","url":"https:\/\/cdn.shortpixel.ai\/client\/q_glossy,ret_img,w_467,h_187\/https:\/\/greenpath.ee\/wp-content\/uploads\/2017\/05\/Tagasiside-vorm.jpg","contentUrl":"https:\/\/cdn.shortpixel.ai\/client\/q_glossy,ret_img,w_467,h_187\/https:\/\/greenpath.ee\/wp-content\/uploads\/2017\/05\/Tagasiside-vorm.jpg"},{"@type":"BreadcrumbList","@id":"https:\/\/greenpath.ee\/et\/tagasiside-vorm\/#breadcrumb","itemListElement":[{"@type":"ListItem","position":1,"name":"\u0413\u043b\u0430\u0432\u043d\u0430\u044f \u0441\u0442\u0440\u0430\u043d\u0438\u0446\u0430","item":"https:\/\/greenpath.ee\/et\/"},{"@type":"ListItem","position":2,"name":"Kontakt"}]},{"@type":"WebSite","@id":"https:\/\/greenpath.ee\/et\/#website","url":"https:\/\/greenpath.ee\/et\/","name":"Green Path O\u00dc","description":"","publisher":{"@id":"https:\/\/greenpath.ee\/et\/#organization"},"potentialAction":[{"@type":"SearchAction","target":{"@type":"EntryPoint","urlTemplate":"https:\/\/greenpath.ee\/et\/?s={search_term_string}"},"query-input":"required name=search_term_string"}],"inLanguage":"ru-RU"},{"@type":"Organization","@id":"https:\/\/greenpath.ee\/et\/#organization","name":"Green Path O\u00dc","url":"https:\/\/greenpath.ee\/et\/","logo":{"@type":"ImageObject","inLanguage":"ru-RU","@id":"https:\/\/greenpath.ee\/et\/#\/schema\/logo\/image\/","url":"https:\/\/greenpath.ee\/wp-content\/uploads\/2019\/03\/logo.png","contentUrl":"https:\/\/greenpath.ee\/wp-content\/uploads\/2019\/03\/logo.png","width":200,"height":90,"caption":"Green Path O\u00dc"},"image":{"@id":"https:\/\/greenpath.ee\/et\/#\/schema\/logo\/image\/"},"sameAs":["https:\/\/www.facebook.com\/greenpath.ee\/"]}]}},"_links":{"self":[{"href":"https:\/\/greenpath.ee\/ru\/wp-json\/wp\/v2\/pages\/21"}],"collection":[{"href":"https:\/\/greenpath.ee\/ru\/wp-json\/wp\/v2\/pages"}],"about":[{"href":"https:\/\/greenpath.ee\/ru\/wp-json\/wp\/v2\/types\/page"}],"author":[{"embeddable":true,"href":"https:\/\/greenpath.ee\/ru\/wp-json\/wp\/v2\/users\/2"}],"replies":[{"embeddable":true,"href":"https:\/\/greenpath.ee\/ru\/wp-json\/wp\/v2\/comments?post=21"}],"version-history":[{"count":26,"href":"https:\/\/greenpath.ee\/ru\/wp-json\/wp\/v2\/pages\/21\/revisions"}],"predecessor-version":[{"id":1975,"href":"https:\/\/greenpath.ee\/ru\/wp-json\/wp\/v2\/pages\/21\/revisions\/1975"}],"wp:attachment":[{"href":"https:\/\/greenpath.ee\/ru\/wp-json\/wp\/v2\/media?parent=21"}],"curies":[{"name":"wp","href":"https:\/\/api.w.org\/{rel}","templated":true}]}}