{"id":1689,"date":"2019-08-11T10:52:45","date_gmt":"2019-08-11T08:52:45","guid":{"rendered":"https:\/\/greenpath.ee\/et\/?page_id=1689"},"modified":"2019-08-11T21:03:14","modified_gmt":"2019-08-11T19:03:14","slug":"eripuhastustooline","status":"publish","type":"page","link":"https:\/\/greenpath.ee\/ru\/vabad-tookohad\/eripuhastustooline\/","title":{"rendered":"\u0420\u0430\u0431\u043e\u0442\u043d\u0438\u043a \u043f\u043e \u0441\u043f\u0435\u0446\u0438\u0430\u043b\u044c\u043d\u043e\u0439 \u0443\u0431\u043e\u0440\u043a\u0435"},"content":{"rendered":"\n<p><strong>\u041e\u0441\u043d\u043e\u0432\u043d\u044b\u0435 \u0440\u0430\u0431\u043e\u0447\u0438\u0435 \u0437\u0430\u0434\u0430\u043d\u0438\u044f,<\/strong><\/p>\n\n\n\n<ul class=\"wp-block-list\"><li>\u041c\u043e\u0439\u043a\u0430 \u043e\u043a\u043e\u043d \u0438 \u0441\u0442\u0435\u043a\u043b\u044f\u043d\u043d\u044b\u0445 \u043f\u043e\u0432\u0435\u0440\u0445\u043d\u043e\u0441\u0442\u0435\u0439 (\u0432 \u0442\u043e\u043c \u0447\u0438\u0441\u043b\u0435 \u0441 \u0438\u0441\u043f\u043e\u043b\u044c\u0437\u043e\u0432\u0430\u043d\u0438\u0435\u043c \u043f\u043e\u0434\u044a\u0451\u043c\u043d\u0438\u043a\u0430); <\/li><li>\u0425\u0438\u043c\u0447\u0438\u0441\u0442\u043a\u0430 \u043c\u044f\u0433\u043a\u043e\u0439 \u043c\u0435\u0431\u0435\u043b\u0438 \u0438 \u043a\u043e\u0432\u0440\u043e\u0432\u044b\u0445 \u043f\u043e\u043a\u0440\u044b\u0442\u0438\u0439;<\/li><li>\u0413\u0435\u043d\u0435\u0440\u0430\u043b\u044c\u043d\u0430\u044f \u0443\u0431\u043e\u0440\u043a\u0430 (\u043a\u0430\u043a \u0447\u0430\u0441\u0442\u043d\u044b\u0435 \u043a\u043b\u0438\u0435\u043d\u0442\u044b \u0442\u0430\u043a \u0438 \u0431\u0438\u0437\u043d\u0435\u0441 \u043f\u043b\u043e\u0449\u0430\u0434\u0438);<\/li><li>\u0427\u0438\u0441\u0442\u043a\u0430 \u0431\u0430\u0441\u0441\u0435\u0439\u043d\u043e\u0432;<\/li><li>\u0413\u043b\u0443\u0431\u043e\u043a\u0430\u044f \u0447\u0438\u0441\u0442\u043a\u0430 \u043f\u043e\u043b\u043e\u0432 \u0441 \u043f\u043e\u043a\u0440\u044b\u0442\u0438\u0435\u043c PVC, LVT, Linoleum \u0441 \u043f\u043e\u0441\u043b\u0435\u0434\u0443\u044e\u0449\u0438\u043c \u043d\u0430\u043d\u0435\u0441\u0435\u043d\u0438\u0435\u043c \u0437\u0430\u0449\u0438\u0442\u043d\u043e\u0433\u043e \u0441\u043b\u043e\u044f \u043c\u0430\u0441\u0442\u0438\u043a\u0438;<\/li><li>\u0413\u043b\u0443\u0431\u043e\u043a\u0430\u044f \u0447\u0438\u0441\u0442\u043a\u0430 \u0438 \u043e\u0431\u0441\u043b\u0443\u0436\u0438\u0432\u0430\u043d\u0438\u0435 \u043f\u043e\u043b\u043e\u0432 \u0441 \u043f\u043e\u043a\u0440\u044b\u0442\u0438\u0435\u043c \u041f\u043b\u0438\u0442\u043a\u0430, \u041a\u0430\u043c\u0435\u043d\u044c, \u0411\u0435\u0442\u043e\u043d;<\/li><li>\u0423\u0445\u043e\u0434 \u0437\u0430 \u0434\u0435\u0440\u0435\u0432\u044f\u043d\u043d\u044b\u043c\u0438 \u0438 \u043f\u0430\u0440\u043a\u0435\u0442\u043d\u044b\u043c\u0438 \u043f\u043e\u043b\u0430\u043c\u0438 (\u043c\u043e\u0439\u043a\u0430, \u043d\u0430\u043d\u0435\u0441\u0435\u043d\u0438\u0435 \u043c\u0430\u0441\u043b\u0430 \u0438\u043b\u0438 \u043c\u0430\u0441\u043b\u043e\u0432\u043e\u0441\u043a\u0430);<\/li><li>\u0423\u0445\u043e\u0434 \u0437\u0430 \u0442\u0435\u0440\u0430\u0441\u0441\u0430\u043c\u0438 (\u043c\u043e\u0439\u043a\u0430, \u043f\u0440\u043e\u043c\u0430\u0441\u043b\u0438\u0432\u0430\u043d\u0438\u0435);<\/li><li>\u0423\u0431\u043e\u0440\u043a\u0430 \u043f\u043e\u0441\u043b\u0435 \u0441\u0442\u0440\u043e\u0438\u0442\u0435\u043b\u044c\u0441\u0442\u0432\u0430, \u043f\u043e\u0441\u043b\u0435 \u0440\u0435\u043c\u043e\u043d\u0442\u0430;<\/li><li>\u0423\u0431\u043e\u0440\u043a\u0430 \u0441\u043d\u0435\u0433\u0430 \u0441 \u043a\u0440\u044b\u0448 \u0437\u0434\u0430\u043d\u0438\u0439;<\/li><li>\u0423\u0434\u0430\u043b\u0435\u043d\u0438\u0435 \u0441\u043e\u0441\u0443\u043b\u0435\u043a; <\/li><li>\u0427\u0438\u0441\u0442\u043a\u0430 \u0444\u0430\u0441\u0430\u0434\u043e\u0432 (\u0432 \u0442\u043e\u043c \u0447\u0438\u0441\u043b\u0435 \u0441 \u0438\u0441\u043f\u043e\u043b\u044c\u0437\u043e\u0432\u0430\u043d\u0438\u0435\u043c \u043f\u043e\u0434\u044a\u0451\u043c\u043d\u0438\u043a\u0430);<\/li><li>\u0427\u0438\u0441\u0442\u043a\u0430 \u043a\u0440\u044b\u0448;<\/li><li>\u0427\u0438\u0441\u0442\u043a\u0430 \u0432\u043e\u0434\u043e\u0441\u0442\u043e\u0447\u043d\u044b\u0445 \u0442\u0440\u0443\u0431 \u0438 \u0436\u0435\u043b\u043e\u0431\u043e\u0432 (\u0443\u0434\u0430\u043b\u0435\u043d\u0438\u0435 \u0437\u0430\u0441\u043e\u0440\u043e\u0432 \u0432 \u0432\u043e\u0434\u043e\u0441\u0442\u043e\u0447\u043d\u044b\u0445 \u0442\u0440\u0443\u0431\u0430\u0445);<\/li><li>\u0423\u0434\u0430\u043b\u0435\u043d\u0438\u0435 \u0433\u0440\u0430\u0444\u0444\u0438\u0442\u0438;<\/li><li>\u0423\u0431\u043e\u0440\u043a\u0430 \u043f\u043e\u0441\u043b\u0435 \u043f\u043e\u0436\u0430\u0440\u043e\u0432;<\/li><li>\u0414\u0440\u0443\u0433\u0438\u0435 \u0432\u0438\u0434\u044b \u0440\u0430\u0431\u043e\u0442 \u043f\u043e \u0441\u043f\u0435\u0446\u0438\u0430\u043b\u044c\u043d\u043e\u0439 \u0443\u0431\u043e\u0440\u043a\u0435.<\/li><\/ul>\n\n\n\n<p><strong>\u0422\u0440\u0435\u0431\u043e\u0432\u0430\u043d\u0438\u044f \u043a \u043a\u0430\u043d\u0434\u0438\u0434\u0430\u0442\u0443<\/strong><\/p>\n\n\n\n<ul class=\"wp-block-list\"><li>\u0427\u0435\u0441\u0442\u043d\u043e\u0441\u0442\u044c;<\/li><li>\u0423\u0441\u0435\u0440\u0434\u043d\u043e\u0441\u0442\u044c \u0438 \u0442\u043e\u0447\u043d\u043e\u0441\u0442\u044c;<\/li><li>\u041e\u0442\u0432\u0435\u0442\u0441\u0442\u0432\u0435\u043d\u043d\u043e\u0441\u0442\u044c;<\/li><li>\u0425\u043e\u0440\u043e\u0448\u0438\u0435 \u043e\u0440\u0433\u0430\u043d\u0438\u0437\u0430\u0442\u043e\u0440\u0441\u043a\u0438\u0435 \u043a\u0430\u0447\u0435\u0441\u0442\u0432\u0430 \u0438 \u043e\u0431\u0449\u0438\u0442\u0435\u043b\u044c\u043d\u043e\u0441\u0442\u044c;<\/li><li>\u0410\u0434\u0430\u043f\u0442\u0438\u0432\u043d\u043e\u0441\u0442\u044c (\u0441\u0442\u0440\u0435\u0441\u0441\u043e\u0443\u0441\u0442\u043e\u0439\u0447\u0438\u0432\u043e\u0441\u0442\u044c);<\/li><li>\u0413\u043e\u0442\u043e\u0432\u043d\u043e\u0441\u0442\u044c \u0440\u0430\u0431\u043e\u0442\u0430\u0442\u044c \u043f\u043e \u0433\u0440\u0430\u0444\u0438\u043a\u0443, \u0432 \u0442\u043e\u043c \u0447\u0438\u0441\u043b\u0435 \u043d\u0430 \u0432\u044b\u0445\u043e\u0434\u043d\u044b\u0445, \u0440\u0430\u043d\u043d\u0438\u043c \u0443\u0442\u0440\u043e\u043c, \u043f\u043e\u0437\u0434\u043d\u0438\u043c \u0432\u0435\u0447\u0435\u0440\u043e\u043c \u0438\u043b\u0438 \u043f\u043e \u043d\u043e\u0447\u0430\u043c;<\/li><li>\u041d\u0430\u043b\u0438\u0447\u0438\u0435 \u043e\u043f\u044b\u0442\u0430 \u0440\u0430\u0431\u043e\u0442\u044b \u0431\u043e\u043b\u0435\u0435 2\u0445 \u043b\u0435\u0442 \u0432 \u0434\u0430\u043d\u043d\u043e\u0439 \u0441\u0444\u0435\u0440\u0435;<\/li><li>\u0417\u043d\u0430\u043d\u0438\u0435 \u044d\u0441\u0442\u043e\u043d\u0441\u043a\u043e\u0433\u043e \u0438 \u0440\u0443\u0441\u0441\u043a\u043e\u0433\u043e \u044f\u0437\u044b\u043a\u043e\u0432 \u043d\u0430 \u0440\u0430\u0437\u0433\u043e\u0432\u043e\u0440\u043d\u043e\u043c \u0443\u0440\u043e\u0432\u043d\u0435.<\/li><\/ul>\n\n\n\n<p><strong>\u0411\u0443\u0434\u0435\u0442 \u043f\u043e\u043b\u0435\u0437\u043d\u044b\u043c<\/strong> <\/p>\n\n\n\n<ul class=\"wp-block-list\"><li>\u041e\u043f\u044b\u0442 \u0440\u0430\u0431\u043e\u0442\u044b \u0431\u043e\u043b\u0435\u0435 5\u0442\u0438 \u043b\u0435\u0442;<\/li><li>\u041d\u0430\u043b\u0438\u0447\u0438\u0435 \u043f\u0440\u0430\u0432 \u043a\u0430\u0442\u0435\u0433\u043e\u0440\u0438\u0438 B;<\/li><li>\u0413\u043e\u0442\u043e\u0432\u043d\u043e\u0441\u0442\u044c \u043a \u043e\u0431\u0443\u0447\u0435\u043d\u0438\u044e.<\/li><\/ul>\n\n\n\n<p> <strong>\u0421\u043e \u0441\u0432\u043e\u0435\u0439 \u0441\u0442\u043e\u0440\u043e\u043d\u044b \u043f\u0440\u0435\u0434\u043b\u0430\u0433\u0430\u0435\u043c<\/strong><\/p>\n\n\n\n<ul class=\"wp-block-list\"><li>\u0420\u0430\u0431\u043e\u0442\u0430 \u0432 \u043e\u0442\u043b\u0438\u0447\u043d\u043e\u043c \u043a\u043e\u043b\u043b\u0435\u043a\u0442\u0438\u0432\u0435;<\/li><li>\u0421\u043e\u0432\u0440\u0435\u043c\u0435\u043d\u043d\u044b\u0435 \u0440\u0430\u0431\u043e\u0447\u0438\u0435 \u0438\u043d\u0441\u0442\u0440\u0443\u043c\u0435\u043d\u0442\u044b \u0438 \u0441\u0440\u0435\u0434\u0441\u0442\u0432\u0430;<\/li><li>\u0414\u043e\u0441\u0442\u043e\u0439\u043d\u0430\u044f \u043e\u043f\u043b\u0430\u0442\u0430 \u0442\u0440\u0443\u0434\u0430 \u0437\u0430 \u0440\u0435\u0437\u0443\u043b\u044c\u0442\u0430\u0442\u0438\u0432\u043d\u0443\u044e \u0440\u0430\u0431\u043e\u0442\u0443;<\/li><li>\u0413\u0430\u0440\u0430\u043d\u0442\u0438\u044f \u043c\u0438\u043d\u0438\u043c\u0430\u043b\u044c\u043d\u043e\u0439 \u043e\u043f\u043b\u0430\u0442\u044b \u043a\u0440\u0443\u0433\u043b\u043e\u0433\u043e\u0434\u0438\u0447\u043d\u043e;<\/li><li>\u0420\u0430\u0431\u043e\u0447\u0430\u044f \u043c\u0430\u0448\u0438\u043d\u0430.<\/li><\/ul>\n\n\n\n<p> <strong>\u0414\u043e\u043f\u043e\u043b\u043d\u0438\u0442\u0435\u043b\u044c\u043d\u0430\u044f \u0438\u043d\u0444\u043e\u0440\u043c\u0430\u0446\u0438\u044f<\/strong><\/p>\n\n\n\n<ul class=\"wp-block-list\"><li>\u0420\u0430\u0431\u043e\u0447\u0435\u0435 \u0432\u0440\u0435\u043c\u044f \u043f\u043e \u0433\u0440\u0430\u0444\u0438\u043a\u0443 \u0432 \u0437\u0430\u0432\u0438\u0441\u0438\u043c\u043e\u0441\u0442\u0438 \u043e\u0442 \u0437\u0430\u043a\u0430\u0437\u043e\u0432 \u043a\u043b\u0438\u0435\u043d\u0442\u043e\u0432.<\/li><\/ul>\n","protected":false},"excerpt":{"rendered":"<p>\u041e\u0441\u043d\u043e\u0432\u043d\u044b\u0435 \u0440\u0430\u0431\u043e\u0447\u0438\u0435 \u0437\u0430\u0434\u0430\u043d\u0438\u044f, \u041c\u043e\u0439\u043a\u0430 \u043e\u043a\u043e\u043d \u0438 \u0441\u0442\u0435\u043a\u043b\u044f\u043d\u043d\u044b\u0445 \u043f\u043e\u0432\u0435\u0440\u0445\u043d\u043e\u0441\u0442\u0435\u0439 (\u0432 \u0442\u043e\u043c \u0447\u0438\u0441\u043b\u0435 \u0441 \u0438\u0441\u043f\u043e\u043b\u044c\u0437\u043e\u0432\u0430\u043d\u0438\u0435\u043c \u043f\u043e\u0434\u044a\u0451\u043c\u043d\u0438\u043a\u0430); \u0425\u0438\u043c\u0447\u0438\u0441\u0442\u043a\u0430 \u043c\u044f\u0433\u043a\u043e\u0439 \u043c\u0435\u0431\u0435\u043b\u0438 \u0438 \u043a\u043e\u0432\u0440\u043e\u0432\u044b\u0445 \u043f\u043e\u043a\u0440\u044b\u0442\u0438\u0439; \u0413\u0435\u043d\u0435\u0440\u0430\u043b\u044c\u043d\u0430\u044f \u0443\u0431\u043e\u0440\u043a\u0430 (\u043a\u0430\u043a \u0447\u0430\u0441\u0442\u043d\u044b\u0435 \u043a\u043b\u0438\u0435\u043d\u0442\u044b \u0442\u0430\u043a \u0438 \u0431\u0438\u0437\u043d\u0435\u0441 \u043f\u043b\u043e\u0449\u0430\u0434\u0438); \u0427\u0438\u0441\u0442\u043a\u0430 \u0431\u0430\u0441\u0441\u0435\u0439\u043d\u043e\u0432; \u0413\u043b\u0443\u0431\u043e\u043a\u0430\u044f \u0447\u0438\u0441\u0442\u043a\u0430 \u043f\u043e\u043b\u043e\u0432 \u0441 \u043f\u043e\u043a\u0440\u044b\u0442\u0438\u0435\u043c PVC, LVT, Linoleum \u0441 \u043f\u043e\u0441\u043b\u0435\u0434\u0443\u044e\u0449\u0438\u043c \u043d\u0430\u043d\u0435\u0441\u0435\u043d\u0438\u0435\u043c \u0437\u0430\u0449\u0438\u0442\u043d\u043e\u0433\u043e \u0441\u043b\u043e\u044f \u043c\u0430\u0441\u0442\u0438\u043a\u0438; \u0413\u043b\u0443\u0431\u043e\u043a\u0430\u044f \u0447\u0438\u0441\u0442\u043a\u0430 \u0438 \u043e\u0431\u0441\u043b\u0443\u0436\u0438\u0432\u0430\u043d\u0438\u0435 \u043f\u043e\u043b\u043e\u0432 \u0441 \u043f\u043e\u043a\u0440\u044b\u0442\u0438\u0435\u043c \u041f\u043b\u0438\u0442\u043a\u0430, \u041a\u0430\u043c\u0435\u043d\u044c, \u0411\u0435\u0442\u043e\u043d; [&hellip;]<\/p>\n","protected":false},"author":2,"featured_media":0,"parent":1672,"menu_order":1,"comment_status":"closed","ping_status":"closed","template":"","meta":{"footnotes":""},"class_list":["post-1689","page","type-page","status-publish","hentry"],"yoast_head":"<!-- This site is optimized with the Yoast SEO plugin v23.3 - https:\/\/yoast.com\/wordpress\/plugins\/seo\/ -->\n<title>\u0420\u0430\u0431\u043e\u0442\u043d\u0438\u043a \u043f\u043e \u0441\u043f\u0435\u0446\u0438\u0430\u043b\u044c\u043d\u043e\u0439 \u0443\u0431\u043e\u0440\u043a\u0435 &#8902; Green Path O\u00dc<\/title>\n<meta name=\"robots\" content=\"index, follow, max-snippet:-1, max-image-preview:large, max-video-preview:-1\" \/>\n<link rel=\"canonical\" href=\"https:\/\/greenpath.ee\/ru\/vabad-tookohad\/eripuhastustooline\/\" \/>\n<meta property=\"og:locale\" content=\"ru_RU\" \/>\n<meta property=\"og:locale:alternate\" content=\"et_EE\" \/>\n<meta property=\"og:type\" content=\"article\" \/>\n<meta property=\"og:title\" content=\"\u0420\u0430\u0431\u043e\u0442\u043d\u0438\u043a \u043f\u043e \u0441\u043f\u0435\u0446\u0438\u0430\u043b\u044c\u043d\u043e\u0439 \u0443\u0431\u043e\u0440\u043a\u0435\" \/>\n<meta property=\"og:description\" content=\"\u041e\u0441\u043d\u043e\u0432\u043d\u044b\u0435 \u0440\u0430\u0431\u043e\u0447\u0438\u0435 \u0437\u0430\u0434\u0430\u043d\u0438\u044f, \u041c\u043e\u0439\u043a\u0430 \u043e\u043a\u043e\u043d \u0438 \u0441\u0442\u0435\u043a\u043b\u044f\u043d\u043d\u044b\u0445 \u043f\u043e\u0432\u0435\u0440\u0445\u043d\u043e\u0441\u0442\u0435\u0439 (\u0432 \u0442\u043e\u043c \u0447\u0438\u0441\u043b\u0435 \u0441 \u0438\u0441\u043f\u043e\u043b\u044c\u0437\u043e\u0432\u0430\u043d\u0438\u0435\u043c \u043f\u043e\u0434\u044a\u0451\u043c\u043d\u0438\u043a\u0430); \u0425\u0438\u043c\u0447\u0438\u0441\u0442\u043a\u0430 \u043c\u044f\u0433\u043a\u043e\u0439 \u043c\u0435\u0431\u0435\u043b\u0438 \u0438 \u043a\u043e\u0432\u0440\u043e\u0432\u044b\u0445 \u043f\u043e\u043a\u0440\u044b\u0442\u0438\u0439; \u0413\u0435\u043d\u0435\u0440\u0430\u043b\u044c\u043d\u0430\u044f \u0443\u0431\u043e\u0440\u043a\u0430 (\u043a\u0430\u043a \u0447\u0430\u0441\u0442\u043d\u044b\u0435 \u043a\u043b\u0438\u0435\u043d\u0442\u044b \u0442\u0430\u043a \u0438 \u0431\u0438\u0437\u043d\u0435\u0441 \u043f\u043b\u043e\u0449\u0430\u0434\u0438); \u0427\u0438\u0441\u0442\u043a\u0430 \u0431\u0430\u0441\u0441\u0435\u0439\u043d\u043e\u0432; \u0413\u043b\u0443\u0431\u043e\u043a\u0430\u044f \u0447\u0438\u0441\u0442\u043a\u0430 \u043f\u043e\u043b\u043e\u0432 \u0441 \u043f\u043e\u043a\u0440\u044b\u0442\u0438\u0435\u043c PVC, LVT, Linoleum \u0441 \u043f\u043e\u0441\u043b\u0435\u0434\u0443\u044e\u0449\u0438\u043c \u043d\u0430\u043d\u0435\u0441\u0435\u043d\u0438\u0435\u043c \u0437\u0430\u0449\u0438\u0442\u043d\u043e\u0433\u043e \u0441\u043b\u043e\u044f \u043c\u0430\u0441\u0442\u0438\u043a\u0438; \u0413\u043b\u0443\u0431\u043e\u043a\u0430\u044f \u0447\u0438\u0441\u0442\u043a\u0430 \u0438 \u043e\u0431\u0441\u043b\u0443\u0436\u0438\u0432\u0430\u043d\u0438\u0435 \u043f\u043e\u043b\u043e\u0432 \u0441 \u043f\u043e\u043a\u0440\u044b\u0442\u0438\u0435\u043c \u041f\u043b\u0438\u0442\u043a\u0430, \u041a\u0430\u043c\u0435\u043d\u044c, \u0411\u0435\u0442\u043e\u043d; [&hellip;]\" \/>\n<meta property=\"og:url\" content=\"https:\/\/greenpath.ee\/ru\/vabad-tookohad\/eripuhastustooline\/\" \/>\n<meta property=\"og:site_name\" content=\"Green Path O\u00dc\" \/>\n<meta property=\"article:publisher\" content=\"https:\/\/www.facebook.com\/greenpath.ee\/\" \/>\n<meta property=\"article:modified_time\" content=\"2019-08-11T19:03:14+00:00\" \/>\n<meta name=\"twitter:card\" content=\"summary_large_image\" \/>\n<meta name=\"twitter:label1\" content=\"\u041f\u0440\u0438\u043c\u0435\u0440\u043d\u043e\u0435 \u0432\u0440\u0435\u043c\u044f \u0434\u043b\u044f \u0447\u0442\u0435\u043d\u0438\u044f\" \/>\n\t<meta name=\"twitter:data1\" content=\"1 \u043c\u0438\u043d\u0443\u0442\u0430\" \/>\n<script type=\"application\/ld+json\" class=\"yoast-schema-graph\">{\"@context\":\"https:\/\/schema.org\",\"@graph\":[{\"@type\":\"WebPage\",\"@id\":\"https:\/\/greenpath.ee\/ru\/vabad-tookohad\/eripuhastustooline\/\",\"url\":\"https:\/\/greenpath.ee\/ru\/vabad-tookohad\/eripuhastustooline\/\",\"name\":\"\u0420\u0430\u0431\u043e\u0442\u043d\u0438\u043a \u043f\u043e \u0441\u043f\u0435\u0446\u0438\u0430\u043b\u044c\u043d\u043e\u0439 \u0443\u0431\u043e\u0440\u043a\u0435\",\"isPartOf\":{\"@id\":\"https:\/\/greenpath.ee\/et\/#website\"},\"datePublished\":\"2019-08-11T08:52:45+00:00\",\"dateModified\":\"2019-08-11T19:03:14+00:00\",\"breadcrumb\":{\"@id\":\"https:\/\/greenpath.ee\/ru\/vabad-tookohad\/eripuhastustooline\/#breadcrumb\"},\"inLanguage\":\"ru-RU\",\"potentialAction\":[{\"@type\":\"ReadAction\",\"target\":[\"https:\/\/greenpath.ee\/ru\/vabad-tookohad\/eripuhastustooline\/\"]}]},{\"@type\":\"BreadcrumbList\",\"@id\":\"https:\/\/greenpath.ee\/ru\/vabad-tookohad\/eripuhastustooline\/#breadcrumb\",\"itemListElement\":[{\"@type\":\"ListItem\",\"position\":1,\"name\":\"\u0413\u043b\u0430\u0432\u043d\u0430\u044f \u0441\u0442\u0440\u0430\u043d\u0438\u0446\u0430\",\"item\":\"https:\/\/greenpath.ee\/et\/\"},{\"@type\":\"ListItem\",\"position\":2,\"name\":\"\u0412\u0430\u043a\u0430\u043d\u0441\u0438\u0438\",\"item\":\"https:\/\/greenpath.ee\/ru\/vabad-tookohad\/\"},{\"@type\":\"ListItem\",\"position\":3,\"name\":\"Eripuhastus t\u00f6\u00f6line\"}]},{\"@type\":\"WebSite\",\"@id\":\"https:\/\/greenpath.ee\/et\/#website\",\"url\":\"https:\/\/greenpath.ee\/et\/\",\"name\":\"Green Path O\u00dc\",\"description\":\"\",\"publisher\":{\"@id\":\"https:\/\/greenpath.ee\/et\/#organization\"},\"potentialAction\":[{\"@type\":\"SearchAction\",\"target\":{\"@type\":\"EntryPoint\",\"urlTemplate\":\"https:\/\/greenpath.ee\/et\/?s={search_term_string}\"},\"query-input\":\"required name=search_term_string\"}],\"inLanguage\":\"ru-RU\"},{\"@type\":\"Organization\",\"@id\":\"https:\/\/greenpath.ee\/et\/#organization\",\"name\":\"Green Path O\u00dc\",\"url\":\"https:\/\/greenpath.ee\/et\/\",\"logo\":{\"@type\":\"ImageObject\",\"inLanguage\":\"ru-RU\",\"@id\":\"https:\/\/greenpath.ee\/et\/#\/schema\/logo\/image\/\",\"url\":\"https:\/\/greenpath.ee\/wp-content\/uploads\/2019\/03\/logo.png\",\"contentUrl\":\"https:\/\/greenpath.ee\/wp-content\/uploads\/2019\/03\/logo.png\",\"width\":200,\"height\":90,\"caption\":\"Green Path O\u00dc\"},\"image\":{\"@id\":\"https:\/\/greenpath.ee\/et\/#\/schema\/logo\/image\/\"},\"sameAs\":[\"https:\/\/www.facebook.com\/greenpath.ee\/\"]}]}<\/script>\n<!-- \/ Yoast SEO plugin. -->","yoast_head_json":{"title":"\u0420\u0430\u0431\u043e\u0442\u043d\u0438\u043a \u043f\u043e \u0441\u043f\u0435\u0446\u0438\u0430\u043b\u044c\u043d\u043e\u0439 \u0443\u0431\u043e\u0440\u043a\u0435 &#8902; Green Path O\u00dc","robots":{"index":"index","follow":"follow","max-snippet":"max-snippet:-1","max-image-preview":"max-image-preview:large","max-video-preview":"max-video-preview:-1"},"canonical":"https:\/\/greenpath.ee\/ru\/vabad-tookohad\/eripuhastustooline\/","og_locale":"ru_RU","og_type":"article","og_title":"[:ru]\u0420\u0430\u0431\u043e\u0442\u043d\u0438\u043a \u043f\u043e \u0441\u043f\u0435\u0446\u0438\u0430\u043b\u044c\u043d\u043e\u0439 \u0443\u0431\u043e\u0440\u043a\u0435[:et]Eripuhastus t\u00f6\u00f6line[:] &#8902; Green Path O\u00dc","og_description":"\u041e\u0441\u043d\u043e\u0432\u043d\u044b\u0435 \u0440\u0430\u0431\u043e\u0447\u0438\u0435 \u0437\u0430\u0434\u0430\u043d\u0438\u044f, \u041c\u043e\u0439\u043a\u0430 \u043e\u043a\u043e\u043d \u0438 \u0441\u0442\u0435\u043a\u043b\u044f\u043d\u043d\u044b\u0445 \u043f\u043e\u0432\u0435\u0440\u0445\u043d\u043e\u0441\u0442\u0435\u0439 (\u0432 \u0442\u043e\u043c \u0447\u0438\u0441\u043b\u0435 \u0441 \u0438\u0441\u043f\u043e\u043b\u044c\u0437\u043e\u0432\u0430\u043d\u0438\u0435\u043c \u043f\u043e\u0434\u044a\u0451\u043c\u043d\u0438\u043a\u0430); \u0425\u0438\u043c\u0447\u0438\u0441\u0442\u043a\u0430 \u043c\u044f\u0433\u043a\u043e\u0439 \u043c\u0435\u0431\u0435\u043b\u0438 \u0438 \u043a\u043e\u0432\u0440\u043e\u0432\u044b\u0445 \u043f\u043e\u043a\u0440\u044b\u0442\u0438\u0439; \u0413\u0435\u043d\u0435\u0440\u0430\u043b\u044c\u043d\u0430\u044f \u0443\u0431\u043e\u0440\u043a\u0430 (\u043a\u0430\u043a \u0447\u0430\u0441\u0442\u043d\u044b\u0435 \u043a\u043b\u0438\u0435\u043d\u0442\u044b \u0442\u0430\u043a \u0438 \u0431\u0438\u0437\u043d\u0435\u0441 \u043f\u043b\u043e\u0449\u0430\u0434\u0438); \u0427\u0438\u0441\u0442\u043a\u0430 \u0431\u0430\u0441\u0441\u0435\u0439\u043d\u043e\u0432; \u0413\u043b\u0443\u0431\u043e\u043a\u0430\u044f \u0447\u0438\u0441\u0442\u043a\u0430 \u043f\u043e\u043b\u043e\u0432 \u0441 \u043f\u043e\u043a\u0440\u044b\u0442\u0438\u0435\u043c PVC, LVT, Linoleum \u0441 \u043f\u043e\u0441\u043b\u0435\u0434\u0443\u044e\u0449\u0438\u043c \u043d\u0430\u043d\u0435\u0441\u0435\u043d\u0438\u0435\u043c \u0437\u0430\u0449\u0438\u0442\u043d\u043e\u0433\u043e \u0441\u043b\u043e\u044f \u043c\u0430\u0441\u0442\u0438\u043a\u0438; \u0413\u043b\u0443\u0431\u043e\u043a\u0430\u044f \u0447\u0438\u0441\u0442\u043a\u0430 \u0438 \u043e\u0431\u0441\u043b\u0443\u0436\u0438\u0432\u0430\u043d\u0438\u0435 \u043f\u043e\u043b\u043e\u0432 \u0441 \u043f\u043e\u043a\u0440\u044b\u0442\u0438\u0435\u043c \u041f\u043b\u0438\u0442\u043a\u0430, \u041a\u0430\u043c\u0435\u043d\u044c, \u0411\u0435\u0442\u043e\u043d; [&hellip;]","og_url":"https:\/\/greenpath.ee\/ru\/vabad-tookohad\/eripuhastustooline\/","og_site_name":"Green Path O\u00dc","article_publisher":"https:\/\/www.facebook.com\/greenpath.ee\/","article_modified_time":"2019-08-11T19:03:14+00:00","twitter_card":"summary_large_image","twitter_misc":{"\u041f\u0440\u0438\u043c\u0435\u0440\u043d\u043e\u0435 \u0432\u0440\u0435\u043c\u044f \u0434\u043b\u044f \u0447\u0442\u0435\u043d\u0438\u044f":"1 \u043c\u0438\u043d\u0443\u0442\u0430"},"schema":{"@context":"https:\/\/schema.org","@graph":[{"@type":"WebPage","@id":"https:\/\/greenpath.ee\/ru\/vabad-tookohad\/eripuhastustooline\/","url":"https:\/\/greenpath.ee\/ru\/vabad-tookohad\/eripuhastustooline\/","name":"\u0420\u0430\u0431\u043e\u0442\u043d\u0438\u043a \u043f\u043e \u0441\u043f\u0435\u0446\u0438\u0430\u043b\u044c\u043d\u043e\u0439 \u0443\u0431\u043e\u0440\u043a\u0435","isPartOf":{"@id":"https:\/\/greenpath.ee\/et\/#website"},"datePublished":"2019-08-11T08:52:45+00:00","dateModified":"2019-08-11T19:03:14+00:00","breadcrumb":{"@id":"https:\/\/greenpath.ee\/ru\/vabad-tookohad\/eripuhastustooline\/#breadcrumb"},"inLanguage":"ru-RU","potentialAction":[{"@type":"ReadAction","target":["https:\/\/greenpath.ee\/ru\/vabad-tookohad\/eripuhastustooline\/"]}]},{"@type":"BreadcrumbList","@id":"https:\/\/greenpath.ee\/ru\/vabad-tookohad\/eripuhastustooline\/#breadcrumb","itemListElement":[{"@type":"ListItem","position":1,"name":"\u0413\u043b\u0430\u0432\u043d\u0430\u044f \u0441\u0442\u0440\u0430\u043d\u0438\u0446\u0430","item":"https:\/\/greenpath.ee\/et\/"},{"@type":"ListItem","position":2,"name":"\u0412\u0430\u043a\u0430\u043d\u0441\u0438\u0438","item":"https:\/\/greenpath.ee\/ru\/vabad-tookohad\/"},{"@type":"ListItem","position":3,"name":"Eripuhastus t\u00f6\u00f6line"}]},{"@type":"WebSite","@id":"https:\/\/greenpath.ee\/et\/#website","url":"https:\/\/greenpath.ee\/et\/","name":"Green Path O\u00dc","description":"","publisher":{"@id":"https:\/\/greenpath.ee\/et\/#organization"},"potentialAction":[{"@type":"SearchAction","target":{"@type":"EntryPoint","urlTemplate":"https:\/\/greenpath.ee\/et\/?s={search_term_string}"},"query-input":"required name=search_term_string"}],"inLanguage":"ru-RU"},{"@type":"Organization","@id":"https:\/\/greenpath.ee\/et\/#organization","name":"Green Path O\u00dc","url":"https:\/\/greenpath.ee\/et\/","logo":{"@type":"ImageObject","inLanguage":"ru-RU","@id":"https:\/\/greenpath.ee\/et\/#\/schema\/logo\/image\/","url":"https:\/\/greenpath.ee\/wp-content\/uploads\/2019\/03\/logo.png","contentUrl":"https:\/\/greenpath.ee\/wp-content\/uploads\/2019\/03\/logo.png","width":200,"height":90,"caption":"Green Path O\u00dc"},"image":{"@id":"https:\/\/greenpath.ee\/et\/#\/schema\/logo\/image\/"},"sameAs":["https:\/\/www.facebook.com\/greenpath.ee\/"]}]}},"_links":{"self":[{"href":"https:\/\/greenpath.ee\/ru\/wp-json\/wp\/v2\/pages\/1689"}],"collection":[{"href":"https:\/\/greenpath.ee\/ru\/wp-json\/wp\/v2\/pages"}],"about":[{"href":"https:\/\/greenpath.ee\/ru\/wp-json\/wp\/v2\/types\/page"}],"author":[{"embeddable":true,"href":"https:\/\/greenpath.ee\/ru\/wp-json\/wp\/v2\/users\/2"}],"replies":[{"embeddable":true,"href":"https:\/\/greenpath.ee\/ru\/wp-json\/wp\/v2\/comments?post=1689"}],"version-history":[{"count":15,"href":"https:\/\/greenpath.ee\/ru\/wp-json\/wp\/v2\/pages\/1689\/revisions"}],"predecessor-version":[{"id":1717,"href":"https:\/\/greenpath.ee\/ru\/wp-json\/wp\/v2\/pages\/1689\/revisions\/1717"}],"up":[{"embeddable":true,"href":"https:\/\/greenpath.ee\/ru\/wp-json\/wp\/v2\/pages\/1672"}],"wp:attachment":[{"href":"https:\/\/greenpath.ee\/ru\/wp-json\/wp\/v2\/media?parent=1689"}],"curies":[{"name":"wp","href":"https:\/\/api.w.org\/{rel}","templated":true}]}}