{"id":7,"date":"2019-03-25T00:23:42","date_gmt":"2019-03-24T21:23:42","guid":{"rendered":"https:\/\/greenpath.ee\/ru\/?page_id=7"},"modified":"2019-03-25T00:34:38","modified_gmt":"2019-03-24T21:34:38","slug":"cookie-policy","status":"publish","type":"page","link":"https:\/\/greenpath.ee\/et\/cookie-policy\/","title":{"rendered":"K\u00fcpsiste kasutamise p\u00f5him\u00f5tted"},"content":{"rendered":"\n<h3 class=\"wp-block-heading\"> K\u00fcpsiste poliitika <\/h3>\n\n\n\n<p>Antud poliitika selgitab mis on &#8220;cookie&#8221; failid, ning kuidas me neid kasutame. Te peate tutvustama tekstiga allpool, et arusaada mis on &#8220;cookie&#8221; failid ning kuidas me neid kasutame (seal hulguas ka mis info me kogume, ning kuidas antud info on kasutatud jne)<\/p>\n\n\n\n<p>Te saate igal hetkel muutma oma n\u00f5usoleku antud osal.<\/p>\n\n\n\n<p>Teie n\u00f5usolek on seotud antud domeeniga: <a href=\"https:\/\/greenpath.ee\">greenpath.ee<\/a><\/p>\n\n\n<div class=\"cli_user_consent_state\">Your current state: No consent given. <a class=\"cli_manage_current_consent\" style=\"cursor:pointer;text-decoration:underline;\">Manage your consent.<\/a> <\/div>\n\n\n\n<h3 class=\"wp-block-heading\"><strong>Mis t\u00e4hendab &#8220;K\u00fcpsised&#8221;<\/strong>\u00a0?<\/h3>\n\n\n\n<blockquote class=\"wp-block-quote is-layout-flow wp-block-quote-is-layout-flow\"><p>K\u00fcpsised (<em>inglise keeles &#8220;cookie&#8221;<\/em>) on v\u00e4ikesed tekstifailid, mis laaditakse Teie seadmesse, kui k\u00fclastate vastavat veebisaiti. K\u00fcpsised aitavad meil tuvastada Teie seadet, parandada meie veebisaidi funktsionaalsust ja h\u00f5lbustada selle kasutamist. K\u00fcpsised ei ole viirused. K\u00fcpsiste kasutamine on Teie seadmele ja selles sisalduvale teabele t\u00e4iesti ohutu.\u00a0   <\/p><\/blockquote>\n\n\n\n<p>Rohkem infot leiate siin: http:\/\/www.aki.ee\/et\/kupsised .<\/p>\n\n\n\n<h3 class=\"wp-block-heading\">Kuidas me kasutame k\u00fcpsised?<\/h3>\n\n\n\n<p>K\u00fcpsised kasutame selleks, et parandada meie veebisaidi ja mobiilirakenduse funktsionaalsust ja h\u00f5lbustada nende kasutamist. Samuti kasutame k\u00fcpsiseid selleks, et isikup\u00e4rastada Teie sirvimise kogemust ja Teile n\u00e4idatavat sisu ning teha pakkumisi, mis oleksid aktuaalsed just Teile. K\u00fcpsiste abil anal\u00fc\u00fcsime Teie sirvimisajalugu ja kasutame seda teavet, et pakkuda Teile ligip\u00e4\u00e4su meie teenustele, statistilise anal\u00fc\u00fcsi eesm\u00e4rgil, et anda tagasisidet, teha Teile reklaamipakkumisi. Teie isikustamata andmeid, mille alusel ei saa tuvastada isikut, v\u00f5ib edastada reklaamiteenuseid pakkuvatele partneritele. <\/p>\n\n\n\n<h3 class=\"wp-block-heading\"><strong>Millised k\u00fcpsised me kasutame? <\/strong><\/h3>\n\n\n\n<blockquote class=\"wp-block-quote is-layout-flow wp-block-quote-is-layout-flow\"><p><strong>Tehnilised k\u00fcpsised<\/strong>. Tehnilised k\u00fcpsised aitavad meil kuvada Teie seadmes veebisaidi ja mobiilirakenduse sisu. Tehniliste k\u00fcpsiste abil tagame veebisaidi ja mobiilirakenduse funktsionaalsuse ning Teie vajadustele kohandumise, n\u00e4iteks veebilehe kujundust kohaldada Teie kasutatava ekraani suurusega. \u00a0Tehnilised k\u00fcpsised on vajalikud veebisaidi ja mobiilirakenduse n\u00f5uetekohaseks toimimiseks. Nendeta ei saa pakkuda Teile v\u00f5imalust igak\u00fclgselt kasutada meie veebisaiti ja mobiilirakendust. Tehnilised k\u00fcpsised tagavad ka selle, et kui te olete kord juba andnud selle n\u00f5usoleku, ei pea te seda n\u00f5usolekut andma korduvalt iga kord, kui k\u00fclastate meie veebisaiti v\u00f5i mobiilirakendust.\u00a0<br><br>Need k\u00fcpsised ei kogu Teie kohta teavet, mida kasutatakse turustamise eesm\u00e4rgil.\u00a0<br><br><strong>Funktsionaalsed k\u00fcpsised<\/strong>. Funktsionaalsed k\u00fcpsised on m\u00f5eldud veebisaidi ja mobiilirakenduse funktsionaalsuse parandamiseks, meie veebisaidi ja mobiilirakenduse Teile mugavaks ja t\u00f5husaks tegemiseks. Funktsionaalseid k\u00fcpsiseid saab kasutada Teie valitud veebisaidi v\u00f5i mobiilirakenduse keele salvestamiseks, kui soovite, aitavad funktsionaalsed k\u00fcpsised automaatselt meeles pidada Teie registreerimisandmeid, salvestada Teie ostukorvi ja t\u00e4ita sarnaseid veebilehe ja mobiilirakenduse tugifunktsioone, mida te olete valinud.\u00a0<br><br>Need k\u00fcpsised ei kogu Teie kohta teavet, mida kasutatakse turustamise eesm\u00e4rgil.<br><br><strong>Anal\u00fc\u00fctilised k\u00fcpsised<\/strong>. Anal\u00fc\u00fctiliste k\u00fcpsistega p\u00fc\u00fcame paremini \u00f5ppida tundma meie veebisaidi ja mobiilirakenduste k\u00fclastajaid, et saaksime v\u00f5imalikult efektiivselt kohandada oma veebisaidi ja mobiilirakenduse toimimiste Teie vajaduste ja soovidega. Anal\u00fc\u00fctiliste k\u00fcpsiste abil anal\u00fc\u00fcsime oma tegevust, \u00a0s.t mida teeme \u00f5igesti ja mida peame parandama. Anal\u00fc\u00fctilised k\u00fcpsised aitavad meil parandada oma tegevust ja tagada, et Teie k\u00fclastused meie veebisaidile v\u00f5i mobiilirakenduses oleksid Teile kasulikud ja tooted aktuaalsed. Anal\u00fc\u00fctiliste k\u00fcpsiste abil kogutud teave on \u00fcldine ega ole isikup\u00e4rastatud. Anal\u00fc\u00fctiliste k\u00fcpsiste teavet v\u00f5ib kasutada selleks, et kuvada populaarsemaid vaadatud kaupu, esitada teavet praegusel ajal aktuaalseimate kaupade kohta, muud Teile sirvimisel vajalikku teavet. \u00a0Anal\u00fc\u00fctilisi k\u00fcpsiseid saab kasutada ka meie reklaamikampaaniate eesm\u00e4rgip\u00e4rasuse m\u00f5\u00f5tmiseks.\u00a0<br><br><strong>Kommertsk\u00fcpsised<\/strong>. Kommertsk\u00fcpsiseid kasutame me selleks, et isikup\u00e4rastada Teie sirvimise kogemust ja Teile n\u00e4idatavat sisu ning teha pakkumisi, mis oleksid aktuaalsed just Teile. Kommertsk\u00fcpsistega anal\u00fc\u00fcsime sirvimisajalugu ja neid andmeid kasutame selleks, et teha Teile kommertspakkumisi. N\u00e4iteks, kui ostate mobiiltelefoni, pakkuda ka sobivaid telefonikaasi. \u00a0 Teie isikustamata andmeid, mille alusel ei saa tuvastada isikut, v\u00f5ib edastada reklaamiteenuseid pakkuvatele partneritele. <\/p><p> <br><strong>Funktsioonik\u00fcpsiseid<\/strong>, mis v\u00f5imaldavad veebilehel meeles pidada kasutaja poolt valitud seadeid ning muuta tehtud valikud personaalsemaks (<em>naiteks suhtluskeel<\/em>). <\/p><\/blockquote>\n\n\n\n\n\n\n<h3 class=\"wp-block-heading\"> <strong>Kuidas ma saan hallata k\u00fcpsiste seadeid<\/strong> <strong>?<\/strong><\/h3>\n\n\n\n<blockquote class=\"wp-block-quote is-layout-flow wp-block-quote-is-layout-flow\"><p>K\u00fcpsiseid saate hallata oma brauseri seadetes, valides, milliseid k\u00fcpsiseid soovite aktsepteerida ja millised kustutada. \u00a0K\u00fcpsistest v\u00f5ite loobuda igal ajal, kustutades k\u00fcpsised oma brauserist, kuhu need on installitud. K\u00fcpsise haldamise asukoht s\u00f5ltub Teie kasutatavast brauserist. Lisateabe saamiseks selle kohta, kuidas oma brauserisse installitud k\u00fcpsiseid hallata v\u00f5i kustutada, k\u00fclastage oma brauseri veebisaiti v\u00f5i vaadake l\u00fchitutvustust populaarseimate brauserite abil: <a href=\"https:\/\/support.google.com\/chrome\/answer\/95647?co=GENIE.Platform=Desktop&#038;hl=en\">Chrome<\/a>;\u00a0<a href=\"https:\/\/support.mozilla.org\/en-US\/kb\/delete-cookies-remove-info-websites-stored\">Mozilla<\/a>,\u00a0<a href=\"https:\/\/privacy.microsoft.com\/en-us\/windows-10-microsoft-edge-and-privacy\">Edge<\/a>;\u00a0<a href=\"https:\/\/support.apple.com\/en-gb\/HT201265\">Safari<\/a>;\u00a0<a href=\"https:\/\/www.opera.com\/help\/tutorials\/security\/privacy\/\">Opera<\/a>. <\/p><\/blockquote>\n","protected":false},"excerpt":{"rendered":"<p>K\u00fcpsiste poliitika Antud poliitika selgitab mis on &#8220;cookie&#8221; failid, ning kuidas me neid kasutame. Te peate tutvustama tekstiga allpool, et arusaada mis on &#8220;cookie&#8221; failid ning kuidas me neid kasutame (seal hulguas ka mis info me kogume, ning kuidas antud info on kasutatud jne) Te saate igal hetkel muutma oma n\u00f5usoleku antud osal. Teie n\u00f5usolek [&hellip;]<\/p>\n","protected":false},"author":1,"featured_media":0,"parent":0,"menu_order":0,"comment_status":"closed","ping_status":"closed","template":"","meta":{"footnotes":""},"class_list":["post-7","page","type-page","status-publish","hentry"],"yoast_head":"<!-- This site is optimized with the Yoast SEO plugin v23.3 - https:\/\/yoast.com\/wordpress\/plugins\/seo\/ -->\n<title>K\u00fcpsiste kasutamise p\u00f5him\u00f5tted &#8902; Green Path O\u00dc<\/title>\n<meta name=\"robots\" content=\"index, follow, max-snippet:-1, max-image-preview:large, max-video-preview:-1\" \/>\n<link rel=\"canonical\" href=\"https:\/\/greenpath.ee\/et\/cookie-policy\/\" \/>\n<meta property=\"og:locale\" content=\"et_EE\" \/>\n<meta property=\"og:locale:alternate\" content=\"ru_RU\" \/>\n<meta property=\"og:type\" content=\"article\" \/>\n<meta property=\"og:title\" content=\"K\u00fcpsiste kasutamise p\u00f5him\u00f5tted\" \/>\n<meta property=\"og:description\" content=\"K\u00fcpsiste poliitika Antud poliitika selgitab mis on &#8220;cookie&#8221; failid, ning kuidas me neid kasutame. Te peate tutvustama tekstiga allpool, et arusaada mis on &#8220;cookie&#8221; failid ning kuidas me neid kasutame (seal hulguas ka mis info me kogume, ning kuidas antud info on kasutatud jne) Te saate igal hetkel muutma oma n\u00f5usoleku antud osal. Teie n\u00f5usolek [&hellip;]\" \/>\n<meta property=\"og:url\" content=\"https:\/\/greenpath.ee\/et\/cookie-policy\/\" \/>\n<meta property=\"og:site_name\" content=\"Green Path O\u00dc\" \/>\n<meta property=\"article:publisher\" content=\"https:\/\/www.facebook.com\/greenpath.ee\/\" \/>\n<meta property=\"article:modified_time\" content=\"2019-03-24T21:34:38+00:00\" \/>\n<meta name=\"twitter:card\" content=\"summary_large_image\" \/>\n<meta name=\"twitter:label1\" content=\"Est. reading time\" \/>\n\t<meta name=\"twitter:data1\" content=\"4 minutit\" \/>\n<script type=\"application\/ld+json\" class=\"yoast-schema-graph\">{\"@context\":\"https:\/\/schema.org\",\"@graph\":[{\"@type\":\"WebPage\",\"@id\":\"https:\/\/greenpath.ee\/et\/cookie-policy\/\",\"url\":\"https:\/\/greenpath.ee\/et\/cookie-policy\/\",\"name\":\"K\u00fcpsiste kasutamise p\u00f5him\u00f5tted\",\"isPartOf\":{\"@id\":\"https:\/\/greenpath.ee\/et\/#website\"},\"datePublished\":\"2019-03-24T21:23:42+00:00\",\"dateModified\":\"2019-03-24T21:34:38+00:00\",\"breadcrumb\":{\"@id\":\"https:\/\/greenpath.ee\/et\/cookie-policy\/#breadcrumb\"},\"inLanguage\":\"et\",\"potentialAction\":[{\"@type\":\"ReadAction\",\"target\":[\"https:\/\/greenpath.ee\/et\/cookie-policy\/\"]}]},{\"@type\":\"BreadcrumbList\",\"@id\":\"https:\/\/greenpath.ee\/et\/cookie-policy\/#breadcrumb\",\"itemListElement\":[{\"@type\":\"ListItem\",\"position\":1,\"name\":\"\u0413\u043b\u0430\u0432\u043d\u0430\u044f \u0441\u0442\u0440\u0430\u043d\u0438\u0446\u0430\",\"item\":\"https:\/\/greenpath.ee\/et\/\"},{\"@type\":\"ListItem\",\"position\":2,\"name\":\"K\u00fcpsiste kasutamise p\u00f5him\u00f5tted\"}]},{\"@type\":\"WebSite\",\"@id\":\"https:\/\/greenpath.ee\/et\/#website\",\"url\":\"https:\/\/greenpath.ee\/et\/\",\"name\":\"Green Path O\u00dc\",\"description\":\"\",\"publisher\":{\"@id\":\"https:\/\/greenpath.ee\/et\/#organization\"},\"potentialAction\":[{\"@type\":\"SearchAction\",\"target\":{\"@type\":\"EntryPoint\",\"urlTemplate\":\"https:\/\/greenpath.ee\/et\/?s={search_term_string}\"},\"query-input\":\"required name=search_term_string\"}],\"inLanguage\":\"et\"},{\"@type\":\"Organization\",\"@id\":\"https:\/\/greenpath.ee\/et\/#organization\",\"name\":\"Green Path O\u00dc\",\"url\":\"https:\/\/greenpath.ee\/et\/\",\"logo\":{\"@type\":\"ImageObject\",\"inLanguage\":\"et\",\"@id\":\"https:\/\/greenpath.ee\/et\/#\/schema\/logo\/image\/\",\"url\":\"https:\/\/greenpath.ee\/wp-content\/uploads\/2019\/03\/logo.png\",\"contentUrl\":\"https:\/\/greenpath.ee\/wp-content\/uploads\/2019\/03\/logo.png\",\"width\":200,\"height\":90,\"caption\":\"Green Path O\u00dc\"},\"image\":{\"@id\":\"https:\/\/greenpath.ee\/et\/#\/schema\/logo\/image\/\"},\"sameAs\":[\"https:\/\/www.facebook.com\/greenpath.ee\/\"]}]}<\/script>\n<!-- \/ Yoast SEO plugin. -->","yoast_head_json":{"title":"K\u00fcpsiste kasutamise p\u00f5him\u00f5tted &#8902; Green Path O\u00dc","robots":{"index":"index","follow":"follow","max-snippet":"max-snippet:-1","max-image-preview":"max-image-preview:large","max-video-preview":"max-video-preview:-1"},"canonical":"https:\/\/greenpath.ee\/et\/cookie-policy\/","og_locale":"et_EE","og_type":"article","og_title":"[:ru]\u041f\u043e\u043b\u0438\u0442\u0438\u043a\u0430 \u0418\u0441\u043f\u043e\u043b\u044c\u0437\u043e\u0432\u0430\u043d\u0438\u044f \u043a\u0443\u043a\u0438-\u0444\u0430\u0439\u043b\u043e\u0432[:et]K\u00fcpsiste kasutamise p\u00f5him\u00f5tted[:] &#8902; Green Path O\u00dc","og_description":"K\u00fcpsiste poliitika Antud poliitika selgitab mis on &#8220;cookie&#8221; failid, ning kuidas me neid kasutame. Te peate tutvustama tekstiga allpool, et arusaada mis on &#8220;cookie&#8221; failid ning kuidas me neid kasutame (seal hulguas ka mis info me kogume, ning kuidas antud info on kasutatud jne) Te saate igal hetkel muutma oma n\u00f5usoleku antud osal. Teie n\u00f5usolek [&hellip;]","og_url":"https:\/\/greenpath.ee\/et\/cookie-policy\/","og_site_name":"Green Path O\u00dc","article_publisher":"https:\/\/www.facebook.com\/greenpath.ee\/","article_modified_time":"2019-03-24T21:34:38+00:00","twitter_card":"summary_large_image","twitter_misc":{"Est. reading time":"4 minutit"},"schema":{"@context":"https:\/\/schema.org","@graph":[{"@type":"WebPage","@id":"https:\/\/greenpath.ee\/et\/cookie-policy\/","url":"https:\/\/greenpath.ee\/et\/cookie-policy\/","name":"K\u00fcpsiste kasutamise p\u00f5him\u00f5tted","isPartOf":{"@id":"https:\/\/greenpath.ee\/et\/#website"},"datePublished":"2019-03-24T21:23:42+00:00","dateModified":"2019-03-24T21:34:38+00:00","breadcrumb":{"@id":"https:\/\/greenpath.ee\/et\/cookie-policy\/#breadcrumb"},"inLanguage":"et","potentialAction":[{"@type":"ReadAction","target":["https:\/\/greenpath.ee\/et\/cookie-policy\/"]}]},{"@type":"BreadcrumbList","@id":"https:\/\/greenpath.ee\/et\/cookie-policy\/#breadcrumb","itemListElement":[{"@type":"ListItem","position":1,"name":"\u0413\u043b\u0430\u0432\u043d\u0430\u044f \u0441\u0442\u0440\u0430\u043d\u0438\u0446\u0430","item":"https:\/\/greenpath.ee\/et\/"},{"@type":"ListItem","position":2,"name":"K\u00fcpsiste kasutamise p\u00f5him\u00f5tted"}]},{"@type":"WebSite","@id":"https:\/\/greenpath.ee\/et\/#website","url":"https:\/\/greenpath.ee\/et\/","name":"Green Path O\u00dc","description":"","publisher":{"@id":"https:\/\/greenpath.ee\/et\/#organization"},"potentialAction":[{"@type":"SearchAction","target":{"@type":"EntryPoint","urlTemplate":"https:\/\/greenpath.ee\/et\/?s={search_term_string}"},"query-input":"required name=search_term_string"}],"inLanguage":"et"},{"@type":"Organization","@id":"https:\/\/greenpath.ee\/et\/#organization","name":"Green Path O\u00dc","url":"https:\/\/greenpath.ee\/et\/","logo":{"@type":"ImageObject","inLanguage":"et","@id":"https:\/\/greenpath.ee\/et\/#\/schema\/logo\/image\/","url":"https:\/\/greenpath.ee\/wp-content\/uploads\/2019\/03\/logo.png","contentUrl":"https:\/\/greenpath.ee\/wp-content\/uploads\/2019\/03\/logo.png","width":200,"height":90,"caption":"Green Path O\u00dc"},"image":{"@id":"https:\/\/greenpath.ee\/et\/#\/schema\/logo\/image\/"},"sameAs":["https:\/\/www.facebook.com\/greenpath.ee\/"]}]}},"_links":{"self":[{"href":"https:\/\/greenpath.ee\/et\/wp-json\/wp\/v2\/pages\/7"}],"collection":[{"href":"https:\/\/greenpath.ee\/et\/wp-json\/wp\/v2\/pages"}],"about":[{"href":"https:\/\/greenpath.ee\/et\/wp-json\/wp\/v2\/types\/page"}],"author":[{"embeddable":true,"href":"https:\/\/greenpath.ee\/et\/wp-json\/wp\/v2\/users\/1"}],"replies":[{"embeddable":true,"href":"https:\/\/greenpath.ee\/et\/wp-json\/wp\/v2\/comments?post=7"}],"version-history":[{"count":3,"href":"https:\/\/greenpath.ee\/et\/wp-json\/wp\/v2\/pages\/7\/revisions"}],"predecessor-version":[{"id":11,"href":"https:\/\/greenpath.ee\/et\/wp-json\/wp\/v2\/pages\/7\/revisions\/11"}],"wp:attachment":[{"href":"https:\/\/greenpath.ee\/et\/wp-json\/wp\/v2\/media?parent=7"}],"curies":[{"name":"wp","href":"https:\/\/api.w.org\/{rel}","templated":true}]}}