{"id":23,"date":"2013-06-06T07:56:35","date_gmt":"2013-06-06T04:56:35","guid":{"rendered":"http:\/\/greenpath.ee\/?page_id=23"},"modified":"2022-05-02T19:39:44","modified_gmt":"2022-05-02T17:39:44","slug":"puhastusteenused","status":"publish","type":"page","link":"https:\/\/greenpath.ee\/et\/puhastusteenused\/","title":{"rendered":"Puhastusteenused"},"content":{"rendered":"\n<div class=\"wp-block-image\"><figure class=\"alignright\"><img decoding=\"async\" src=\"https:\/\/greenpath.ee\/wp-content\/uploads\/2016\/01\/puhastusteenused.jpg\" alt=\"Puhastusteenused\"\/><figcaption>Puhastusteenused<\/figcaption><\/figure><\/div>\n\n\n\n<p><span style=\"font-family: verdana, geneva; font-size: 12px;\"><span style=\"font-size: 10pt;\"><strong>Iga korter, t\u00e4nap\u00e4evane kontor v\u00f5i \u00e4ripind peavad olema kindlasti puhtad. Puhtus on&nbsp;nagu&nbsp;visiitkaart ja peegeldab pere elustiili v\u00f5i ettev\u00f5tte korda. Kahtlemata on mugavas ja puhtas ruumis elada ja t\u00f6\u00f6tada palju meeldivam. Meie ettev\u00f5tte pakub just selliseid puhastusteenused, mida Teil vaja on.<\/strong><\/span><\/span><\/p>\n\n\n\n<p><span style=\"font-family: verdana, geneva; font-size: 10pt;\">Pidev ajapuudus meie kiirel ajal tekitab olukorra, kus igap\u00e4evane kvaliteetne oma j\u00f5ududega koristus on peaaegu v\u00f5imatu. Samuti peab aeg-ajalt ruumis teostama suurpuhastus, mis h\u00f5lmab akende, seinte ja santehnika pesemist, pehme m\u00f6\u00f6bli keemilist puhastust ning lisaks veel muuid koristust\u00f6\u00f6d, mille tulemusel saaks ruum ideaalselt puhtaks.<\/span><\/p>\n\n\n\n<p><span style=\"font-family: verdana, geneva; font-size: 10pt;\">Ettev\u00f5te Green Path O\u00dc pakub kvaliteetset korterite, eramajade, kontorite, \u00e4ri-ja tootmisruumide puhastusteenused nii Tallinnas kui ka terves Eestis. Te saate meilt tellida koristusteenust m\u00f5istliku raha eest.<\/span><\/p>\n\n\n\n<p><span style=\"font-family: verdana, geneva; font-size: 10pt;\">Meie ettev\u00f5tte \u00fclesanne on korrastada ruumid ja pakkuda klientidele puhtaid ning mugavaid tingimusi eluks ja \u00e4ri ajamiseks.<\/span><\/p>\n\n\n\n<h2 class=\"wp-block-heading\">Me pakume j\u00e4rgmised puhastusteenused:<\/h2>\n\n\n\n<ul class=\"wp-block-list\"><li><span style=\"font-family: verdana, geneva; font-size: 10pt;\"><a title=\"Suurpuhastus\" rel=\"noopener noreferrer\" href=\"\/et\/puhastusteenused\/suurpuhastus\/\" target=\"_blank\"><strong>K<\/strong><\/a><strong><a title=\"Suurpuhastus\" rel=\"noopener noreferrer\" href=\"\/et\/puhastusteenused\/suurpuhastus\/\" target=\"_blank\">orterite, kontorite, riigiasutuste ruumide ja teiste \u00e4ripindade suurpuhastust;<\/a><\/strong><\/span><\/li><li><span style=\"font-family: verdana, geneva; font-size: 10pt;\"><a title=\"P\u00f5randapesu\" rel=\"noopener noreferrer\" href=\"\/et\/puhastusteenused\/porandapesu\/\" target=\"_blank\"><strong>M<\/strong><\/a><strong><a title=\"P\u00f5randapesu\" rel=\"noopener noreferrer\" href=\"\/et\/puhastusteenused\/porandapesu\/\" target=\"_blank\">itmesuguste p\u00f5randapindade pesu;<\/a><\/strong><\/span><\/li><li><span style=\"font-family: verdana, geneva; font-size: 10pt;\"><a title=\"Pehmem\u00f6\u00f6bli puhastamine\" rel=\"noopener noreferrer\" href=\"\/et\/puhastusteenused\/diivani-puhastus\/\" target=\"_blank\"><strong>N<\/strong><\/a><strong><a title=\"Pehmem\u00f6\u00f6bli puhastamine\" rel=\"noopener noreferrer\" href=\"\/et\/puhastusteenused\/diivani-puhastus\/\" target=\"_blank\">ahk- ja\/v\u00f5i pehme m\u00f6\u00f6bli puhastust ja hooldust;<\/a><\/strong><\/span><\/li><li><span style=\"font-family: verdana, geneva; font-size: 10pt;\"><a title=\"Aknapesu\" rel=\"noopener noreferrer\" href=\"\/et\/puhastusteenused\/akende-pesu\/\" target=\"_blank\"><strong>K<\/strong><\/a><strong><a title=\"Aknapesu\" rel=\"noopener noreferrer\" href=\"\/et\/puhastusteenused\/akende-pesu\/\" target=\"_blank\">valiteetset akende ja teiste klaaspindade pesu;<\/a><\/strong><\/span><\/li><li><span style=\"font-family: verdana, geneva; font-size: 10pt;\"><a title=\"Osoneerimine\" rel=\"noopener noreferrer\" href=\"\/et\/puhastusteenused\/osoneerimine\/\" target=\"_blank\"><strong>O<\/strong><\/a><strong><a title=\"Osoneerimine\" rel=\"noopener noreferrer\" href=\"\/et\/puhastusteenused\/osoneerimine\/\" target=\"_blank\">soneerimine;<\/a><\/strong><\/span><\/li><li><span style=\"font-family: verdana, geneva; font-size: 10pt;\"><a title=\"Ehitusj\u00e4rgne koristus\" rel=\"noopener noreferrer\" href=\"\/et\/puhastusteenused\/ehitusjargne-koristus\/\" target=\"_blank\"><strong>R<\/strong><\/a><strong><a title=\"Ehitusj\u00e4rgne koristus\" rel=\"noopener noreferrer\" href=\"\/et\/puhastusteenused\/ehitusjargne-koristus\/\" target=\"_blank\">uumide t\u00e4is- ja operatiivset koristust peale ehitust, remonti v\u00f5i tulekahju;<\/a><\/strong><\/span><\/li><li><a rel=\"noreferrer noopener\" aria-label=\"fassadipesu ja katusepesu; (\u043e\u0442\u043a\u0440\u043e\u0435\u0442\u0441\u044f \u0432 \u043d\u043e\u0432\u043e\u0439 \u0432\u043a\u043b\u0430\u0434\u043a\u0435)\" href=\"\/et\/puhastusteenused\/fassaadipesu-ja-katusepesu\/\" target=\"_blank\"><strong>F<\/strong><\/a><strong><a rel=\"noreferrer noopener\" aria-label=\"fassadipesu ja katusepesu; (\u043e\u0442\u043a\u0440\u043e\u0435\u0442\u0441\u044f \u0432 \u043d\u043e\u0432\u043e\u0439 \u0432\u043a\u043b\u0430\u0434\u043a\u0435)\" href=\"\/et\/puhastusteenused\/fassaadipesu-ja-katusepesu\/\" target=\"_blank\">assadipesu ja katusepesu;<\/a><\/strong><\/li><li><strong><a rel=\"noreferrer noopener\" aria-label=\"t\u00e4navakivi pesu; (\u043e\u0442\u043a\u0440\u043e\u0435\u0442\u0441\u044f \u0432 \u043d\u043e\u0432\u043e\u0439 \u0432\u043a\u043b\u0430\u0434\u043a\u0435)\" href=\"\/et\/puhastusteenused\/tanavakivi-pesu\/\" target=\"_blank\">T\u00e4navakivi pesu;<\/a><\/strong><\/li><li><span style=\"font-family: verdana, geneva; font-size: 10pt;\"><a rel=\"noreferrer noopener\" aria-label=\" (\u043e\u0442\u043a\u0440\u043e\u0435\u0442\u0441\u044f \u0432 \u043d\u043e\u0432\u043e\u0439 \u0432\u043a\u043b\u0430\u0434\u043a\u0435)\" href=\"\/et\/puhastusteenused\/lumekoristus-katuselt\/\" target=\"_blank\"><strong>O<\/strong><\/a><strong><a rel=\"noreferrer noopener\" aria-label=\" (\u043e\u0442\u043a\u0440\u043e\u0435\u0442\u0441\u044f \u0432 \u043d\u043e\u0432\u043e\u0439 \u0432\u043a\u043b\u0430\u0434\u043a\u0435)\" href=\"\/et\/puhastusteenused\/lumekoristus-katuselt\/\" target=\"_blank\">hutut lumekoristust katustelt.<\/a><\/strong><\/span><\/li><\/ul>\n\n\n\n<p><span style=\"font-family: verdana, geneva; font-size: 10pt;\">Tellitud t\u00f6\u00f6d teostame Teie jaoks mugaval ajal: hommikul, keskp\u00e4eval v\u00f5i \u00f5htusel ajal.<\/span><\/p>\n\n\n\n<p><span style=\"font-family: verdana, geneva; font-size: 10pt;\">Puhastusteenuste t\u00f6\u00f6de maksumus s\u00f5ltub ruumide suurusest ja t\u00f6\u00f6 raskusastmest.<\/span><\/p>\n\n\n\n<p><span style=\"font-family: verdana, geneva; font-size: 10pt;\">Meie ettev\u00f5ttel on t\u00f6\u00f6de tegemiseks kompleksl\u00e4henemine, selle p\u00e4rast teostame erineva raskusastmega t\u00f6\u00f6d v\u00f5imalikult l\u00fchikese aja jooksul.<\/span><\/p>\n\n\n\n<p><span style=\"font-family: verdana, geneva; font-size: 10pt;\">S\u00f5ltuvalt klientide soovist t\u00f6\u00f6tame me \u00f6\u00f6p\u00e4evaringselt, samuti p\u00fchade ja puhkep\u00e4evade ajal. Meil on hea meel Teid vabastada raskest ja mustast t\u00f6\u00f6st ja garanteerida, et teeme seda kiiremini ja paremini! Pikaajaline koost\u00f6\u00f6 meiega &#8211; see on parim viis puhtuse saavutamiseks!<\/span><\/p>\n\n\n\n<p><span style=\"font-family: verdana, geneva; font-size: 10pt;\">P\u00f6\u00f6rduge professionaalide poole ja meie paneme s\u00e4rama Teie kodu v\u00f5i t\u00f6\u00f6ruumi!<\/span><\/p>\n\n\n\n<p><span style=\"font-family: verdana, geneva; font-size: 10pt;\">Te v\u00f5ite valida enda jaoks huvitavad teenused iseseisvalt v\u00f5i v\u00f5ite usaldada meie spetsialisti, kes l\u00e4htudes teie vajadustest tasuta m\u00e4\u00e4rab vajaliku t\u00f6\u00f6mahu, koostab hinnapakkumise ja vastab k\u00f5ikidele k\u00fcsimustele.<\/span><\/p>\n\n\n\n<p><span style=\"font-family: verdana, geneva; font-size: 10pt;\">Meiega v\u00f5ib \u00fchendust v\u00f5tta helistades telefonile, kasutades <strong><a href=\"\/et\/tagasiside-vorm\/\" target=\"_blank\" rel=\"noreferrer noopener\" aria-label=\" (\u043e\u0442\u043a\u0440\u043e\u0435\u0442\u0441\u044f \u0432 \u043d\u043e\u0432\u043e\u0439 \u0432\u043a\u043b\u0430\u0434\u043a\u0435)\">tagasiside<\/a><\/strong> lehte v\u00f5i kirjutades meile <strong><a title=\"www.facebook.com\/greenpath.ee\" rel=\"noopener noreferrer\" href=\"https:\/\/www.facebook.com\/greenpath.ee\" target=\"_blank\">Facebooki<\/a><\/strong> lehele.<\/span><\/p>\n\n\n\n<p><span style=\"font-family: verdana, geneva; font-size: 10pt;\"><strong>tel. <a href=\"http:\/\/+37256815681\">+372 5681 5681<\/a><\/strong><\/span><\/p>\n\n\n\n<p><span style=\"font-family: verdana, geneva; font-size: 10pt;\">Kui Teil on vaja suurpuhastust, helistage kohe praegu ja meie t\u00f6\u00f6tajad aitavad hinnata t\u00f6\u00f6de ise\u00e4rasusi. K\u00fcsige v\u00f5i tellige puhastusteenused, kasutades <strong><a href=\"\/et\/tagasiside-vorm\/\" target=\"_blank\" rel=\"noreferrer noopener\" aria-label=\" (\u043e\u0442\u043a\u0440\u043e\u0435\u0442\u0441\u044f \u0432 \u043d\u043e\u0432\u043e\u0439 \u0432\u043a\u043b\u0430\u0434\u043a\u0435)\">tagasiside<\/a><\/strong> lehte, ja meie v\u00f5tame Teiega l\u00e4hiajal \u00fchendust!<\/span><\/p>\n\n\n\n<div style=\"height:100px\" aria-hidden=\"true\" class=\"wp-block-spacer\"><\/div>\n\n\n<h4 style=\"text-align: center;\"><span style=\"color: #ff0000;\"><strong>Tellimus Teilt \u2013 puhtus ja kord meilt! <\/strong><\/span><\/h4>\n<h5 style=\"text-align: center;\"><span style=\"color: #333399;\"><strong>Soovite, et k\u00f5ik oleks tasemel \u2013&nbsp;usaldage professionaale!<\/strong><\/span><\/h5>","protected":false},"excerpt":{"rendered":"<p>Iga korter, t\u00e4nap\u00e4evane kontor v\u00f5i \u00e4ripind peavad olema kindlasti puhtad. Puhtus on&nbsp;nagu&nbsp;visiitkaart ja peegeldab pere elustiili v\u00f5i ettev\u00f5tte korda. Kahtlemata on mugavas ja puhtas ruumis elada ja t\u00f6\u00f6tada palju meeldivam. Meie ettev\u00f5tte pakub just selliseid puhastusteenused, mida Teil vaja on. Pidev ajapuudus meie kiirel ajal tekitab olukorra, kus igap\u00e4evane kvaliteetne oma j\u00f5ududega koristus on peaaegu [&hellip;]<\/p>\n","protected":false},"author":2,"featured_media":0,"parent":0,"menu_order":0,"comment_status":"closed","ping_status":"closed","template":"","meta":{"footnotes":""},"class_list":["post-23","page","type-page","status-publish","hentry"],"yoast_head":"<!-- This site is optimized with the Yoast SEO plugin v23.3 - https:\/\/yoast.com\/wordpress\/plugins\/seo\/ -->\n<title>Puhastusteenused &#8902; Green Path O\u00dc<\/title>\n<meta name=\"description\" content=\"Igasuguseid Puhastusteenused. Akende pesu. Pehme m\u00f6\u00f6bli ja vaipade keemiline puhastus. Suurpuhastus. P\u00f5randa s\u00fcvapesu ja vahatamine. Muu Eripuhastust\u00f6\u00f6d.\" \/>\n<meta name=\"robots\" content=\"index, follow, max-snippet:-1, max-image-preview:large, max-video-preview:-1\" \/>\n<link rel=\"canonical\" href=\"https:\/\/greenpath.ee\/et\/puhastusteenused\/\" \/>\n<meta property=\"og:locale\" content=\"et_EE\" \/>\n<meta property=\"og:locale:alternate\" content=\"ru_RU\" \/>\n<meta property=\"og:type\" content=\"article\" \/>\n<meta property=\"og:title\" content=\"Puhastusteenused\" \/>\n<meta property=\"og:description\" content=\"Igasuguseid Puhastusteenused. Akende pesu. Pehme m\u00f6\u00f6bli ja vaipade keemiline puhastus. Suurpuhastus. P\u00f5randa s\u00fcvapesu ja vahatamine. Muu Eripuhastust\u00f6\u00f6d.\" \/>\n<meta property=\"og:url\" content=\"https:\/\/greenpath.ee\/et\/puhastusteenused\/\" \/>\n<meta property=\"og:site_name\" content=\"Green Path O\u00dc\" \/>\n<meta property=\"article:publisher\" content=\"https:\/\/www.facebook.com\/greenpath.ee\/\" \/>\n<meta property=\"article:modified_time\" content=\"2022-05-02T17:39:44+00:00\" \/>\n<meta property=\"og:image\" content=\"https:\/\/greenpath.ee\/wp-content\/uploads\/2016\/01\/puhastusteenused.jpg\" \/>\n<meta name=\"twitter:card\" content=\"summary_large_image\" \/>\n<meta name=\"twitter:label1\" content=\"Est. reading time\" \/>\n\t<meta name=\"twitter:data1\" content=\"3 minutit\" \/>\n<script type=\"application\/ld+json\" class=\"yoast-schema-graph\">{\"@context\":\"https:\/\/schema.org\",\"@graph\":[{\"@type\":\"WebPage\",\"@id\":\"https:\/\/greenpath.ee\/ru\/puhastusteenused\/\",\"url\":\"https:\/\/greenpath.ee\/ru\/puhastusteenused\/\",\"name\":\"Puhastusteenused\",\"isPartOf\":{\"@id\":\"https:\/\/greenpath.ee\/et\/#website\"},\"primaryImageOfPage\":{\"@id\":\"https:\/\/greenpath.ee\/ru\/puhastusteenused\/#primaryimage\"},\"image\":{\"@id\":\"https:\/\/greenpath.ee\/ru\/puhastusteenused\/#primaryimage\"},\"thumbnailUrl\":\"https:\/\/greenpath.ee\/wp-content\/uploads\/2016\/01\/puhastusteenused.jpg\",\"datePublished\":\"2013-06-06T04:56:35+00:00\",\"dateModified\":\"2022-05-02T17:39:44+00:00\",\"description\":\"Igasuguseid Puhastusteenused. Akende pesu. Pehme m\u00f6\u00f6bli ja vaipade keemiline puhastus. Suurpuhastus. P\u00f5randa s\u00fcvapesu ja vahatamine. Muu Eripuhastust\u00f6\u00f6d.\",\"breadcrumb\":{\"@id\":\"https:\/\/greenpath.ee\/ru\/puhastusteenused\/#breadcrumb\"},\"inLanguage\":\"et\",\"potentialAction\":[{\"@type\":\"ReadAction\",\"target\":[\"https:\/\/greenpath.ee\/ru\/puhastusteenused\/\"]}]},{\"@type\":\"ImageObject\",\"inLanguage\":\"et\",\"@id\":\"https:\/\/greenpath.ee\/ru\/puhastusteenused\/#primaryimage\",\"url\":\"https:\/\/greenpath.ee\/wp-content\/uploads\/2016\/01\/puhastusteenused.jpg\",\"contentUrl\":\"https:\/\/greenpath.ee\/wp-content\/uploads\/2016\/01\/puhastusteenused.jpg\"},{\"@type\":\"BreadcrumbList\",\"@id\":\"https:\/\/greenpath.ee\/ru\/puhastusteenused\/#breadcrumb\",\"itemListElement\":[{\"@type\":\"ListItem\",\"position\":1,\"name\":\"\u0413\u043b\u0430\u0432\u043d\u0430\u044f \u0441\u0442\u0440\u0430\u043d\u0438\u0446\u0430\",\"item\":\"https:\/\/greenpath.ee\/et\/\"},{\"@type\":\"ListItem\",\"position\":2,\"name\":\"\u0423\u0441\u043b\u0443\u0433\u0438 \u043f\u043e \u0443\u0431\u043e\u0440\u043a\u0435\"}]},{\"@type\":\"WebSite\",\"@id\":\"https:\/\/greenpath.ee\/et\/#website\",\"url\":\"https:\/\/greenpath.ee\/et\/\",\"name\":\"Green Path O\u00dc\",\"description\":\"\",\"publisher\":{\"@id\":\"https:\/\/greenpath.ee\/et\/#organization\"},\"potentialAction\":[{\"@type\":\"SearchAction\",\"target\":{\"@type\":\"EntryPoint\",\"urlTemplate\":\"https:\/\/greenpath.ee\/et\/?s={search_term_string}\"},\"query-input\":\"required name=search_term_string\"}],\"inLanguage\":\"et\"},{\"@type\":\"Organization\",\"@id\":\"https:\/\/greenpath.ee\/et\/#organization\",\"name\":\"Green Path O\u00dc\",\"url\":\"https:\/\/greenpath.ee\/et\/\",\"logo\":{\"@type\":\"ImageObject\",\"inLanguage\":\"et\",\"@id\":\"https:\/\/greenpath.ee\/et\/#\/schema\/logo\/image\/\",\"url\":\"https:\/\/greenpath.ee\/wp-content\/uploads\/2019\/03\/logo.png\",\"contentUrl\":\"https:\/\/greenpath.ee\/wp-content\/uploads\/2019\/03\/logo.png\",\"width\":200,\"height\":90,\"caption\":\"Green Path O\u00dc\"},\"image\":{\"@id\":\"https:\/\/greenpath.ee\/et\/#\/schema\/logo\/image\/\"},\"sameAs\":[\"https:\/\/www.facebook.com\/greenpath.ee\/\"]}]}<\/script>\n<!-- \/ Yoast SEO plugin. -->","yoast_head_json":{"title":"Puhastusteenused &#8902; Green Path O\u00dc","description":"Igasuguseid Puhastusteenused. Akende pesu. Pehme m\u00f6\u00f6bli ja vaipade keemiline puhastus. Suurpuhastus. P\u00f5randa s\u00fcvapesu ja vahatamine. Muu Eripuhastust\u00f6\u00f6d.","robots":{"index":"index","follow":"follow","max-snippet":"max-snippet:-1","max-image-preview":"max-image-preview:large","max-video-preview":"max-video-preview:-1"},"canonical":"https:\/\/greenpath.ee\/et\/puhastusteenused\/","og_locale":"et_EE","og_type":"article","og_title":"[:ru]\u0423\u0441\u043b\u0443\u0433\u0438 \u043f\u043e \u0443\u0431\u043e\u0440\u043a\u0435[:et]Puhastusteenused[:] &#8902; Green Path O\u00dc","og_description":"Igasuguseid Puhastusteenused. Akende pesu. Pehme m\u00f6\u00f6bli ja vaipade keemiline puhastus. Suurpuhastus. P\u00f5randa s\u00fcvapesu ja vahatamine. Muu Eripuhastust\u00f6\u00f6d.","og_url":"https:\/\/greenpath.ee\/et\/puhastusteenused\/","og_site_name":"Green Path O\u00dc","article_publisher":"https:\/\/www.facebook.com\/greenpath.ee\/","article_modified_time":"2022-05-02T17:39:44+00:00","og_image":[{"url":"https:\/\/greenpath.ee\/wp-content\/uploads\/2016\/01\/puhastusteenused.jpg"}],"twitter_card":"summary_large_image","twitter_misc":{"Est. reading time":"3 minutit"},"schema":{"@context":"https:\/\/schema.org","@graph":[{"@type":"WebPage","@id":"https:\/\/greenpath.ee\/ru\/puhastusteenused\/","url":"https:\/\/greenpath.ee\/ru\/puhastusteenused\/","name":"Puhastusteenused","isPartOf":{"@id":"https:\/\/greenpath.ee\/et\/#website"},"primaryImageOfPage":{"@id":"https:\/\/greenpath.ee\/ru\/puhastusteenused\/#primaryimage"},"image":{"@id":"https:\/\/greenpath.ee\/ru\/puhastusteenused\/#primaryimage"},"thumbnailUrl":"https:\/\/greenpath.ee\/wp-content\/uploads\/2016\/01\/puhastusteenused.jpg","datePublished":"2013-06-06T04:56:35+00:00","dateModified":"2022-05-02T17:39:44+00:00","description":"Igasuguseid Puhastusteenused. Akende pesu. Pehme m\u00f6\u00f6bli ja vaipade keemiline puhastus. Suurpuhastus. P\u00f5randa s\u00fcvapesu ja vahatamine. Muu Eripuhastust\u00f6\u00f6d.","breadcrumb":{"@id":"https:\/\/greenpath.ee\/ru\/puhastusteenused\/#breadcrumb"},"inLanguage":"et","potentialAction":[{"@type":"ReadAction","target":["https:\/\/greenpath.ee\/ru\/puhastusteenused\/"]}]},{"@type":"ImageObject","inLanguage":"et","@id":"https:\/\/greenpath.ee\/ru\/puhastusteenused\/#primaryimage","url":"https:\/\/greenpath.ee\/wp-content\/uploads\/2016\/01\/puhastusteenused.jpg","contentUrl":"https:\/\/greenpath.ee\/wp-content\/uploads\/2016\/01\/puhastusteenused.jpg"},{"@type":"BreadcrumbList","@id":"https:\/\/greenpath.ee\/ru\/puhastusteenused\/#breadcrumb","itemListElement":[{"@type":"ListItem","position":1,"name":"\u0413\u043b\u0430\u0432\u043d\u0430\u044f \u0441\u0442\u0440\u0430\u043d\u0438\u0446\u0430","item":"https:\/\/greenpath.ee\/et\/"},{"@type":"ListItem","position":2,"name":"\u0423\u0441\u043b\u0443\u0433\u0438 \u043f\u043e \u0443\u0431\u043e\u0440\u043a\u0435"}]},{"@type":"WebSite","@id":"https:\/\/greenpath.ee\/et\/#website","url":"https:\/\/greenpath.ee\/et\/","name":"Green Path O\u00dc","description":"","publisher":{"@id":"https:\/\/greenpath.ee\/et\/#organization"},"potentialAction":[{"@type":"SearchAction","target":{"@type":"EntryPoint","urlTemplate":"https:\/\/greenpath.ee\/et\/?s={search_term_string}"},"query-input":"required name=search_term_string"}],"inLanguage":"et"},{"@type":"Organization","@id":"https:\/\/greenpath.ee\/et\/#organization","name":"Green Path O\u00dc","url":"https:\/\/greenpath.ee\/et\/","logo":{"@type":"ImageObject","inLanguage":"et","@id":"https:\/\/greenpath.ee\/et\/#\/schema\/logo\/image\/","url":"https:\/\/greenpath.ee\/wp-content\/uploads\/2019\/03\/logo.png","contentUrl":"https:\/\/greenpath.ee\/wp-content\/uploads\/2019\/03\/logo.png","width":200,"height":90,"caption":"Green Path O\u00dc"},"image":{"@id":"https:\/\/greenpath.ee\/et\/#\/schema\/logo\/image\/"},"sameAs":["https:\/\/www.facebook.com\/greenpath.ee\/"]}]}},"_links":{"self":[{"href":"https:\/\/greenpath.ee\/et\/wp-json\/wp\/v2\/pages\/23"}],"collection":[{"href":"https:\/\/greenpath.ee\/et\/wp-json\/wp\/v2\/pages"}],"about":[{"href":"https:\/\/greenpath.ee\/et\/wp-json\/wp\/v2\/types\/page"}],"author":[{"embeddable":true,"href":"https:\/\/greenpath.ee\/et\/wp-json\/wp\/v2\/users\/2"}],"replies":[{"embeddable":true,"href":"https:\/\/greenpath.ee\/et\/wp-json\/wp\/v2\/comments?post=23"}],"version-history":[{"count":25,"href":"https:\/\/greenpath.ee\/et\/wp-json\/wp\/v2\/pages\/23\/revisions"}],"predecessor-version":[{"id":1923,"href":"https:\/\/greenpath.ee\/et\/wp-json\/wp\/v2\/pages\/23\/revisions\/1923"}],"wp:attachment":[{"href":"https:\/\/greenpath.ee\/et\/wp-json\/wp\/v2\/media?parent=23"}],"curies":[{"name":"wp","href":"https:\/\/api.w.org\/{rel}","templated":true}]}}