{"id":22,"date":"2013-06-06T08:01:42","date_gmt":"2013-06-06T05:01:42","guid":{"rendered":"http:\/\/greenpath.ee\/?page_id=22"},"modified":"2023-07-31T01:37:42","modified_gmt":"2023-07-30T23:37:42","slug":"hinnakiri","status":"publish","type":"page","link":"https:\/\/greenpath.ee\/et\/hinnakiri\/","title":{"rendered":"Hinnakiri"},"content":{"rendered":"<table style=\"height: 81px;\" border=\"0\" width=\"578\" cellspacing=\"0\" cellpadding=\"0\">\n<tbody>\n<tr>\n<td>\n<h3 style=\"text-align: left;\"><strong>Teenuse kirjeldus:&nbsp;&nbsp;&nbsp;&nbsp;&nbsp;&nbsp;&nbsp;&nbsp;&nbsp;&nbsp;&nbsp;&nbsp;&nbsp;&nbsp;&nbsp;&nbsp;&nbsp;&nbsp;&nbsp;&nbsp;&nbsp;&nbsp;&nbsp;&nbsp;&nbsp;&nbsp;&nbsp;&nbsp;&nbsp; <\/strong><\/h3>\n<\/td>\n<td>\n<h3 style=\"text-align: left;\"><strong>Hind alates:<\/strong><\/h3>\n<\/td>\n<\/tr>\n<\/tbody>\n<\/table>\n<table style=\"height: 280px;\" border=\"0\" cellspacing=\"1\" cellpadding=\"0\">\n<tbody>\n<tr>\n<td>Akende ja klaaspindade pesu (T\u00f5stuki vajadusel lisandub t\u00f5stuki rendi hind)<\/td>\n<td>0,60 EUR \/ m\u00b2<\/td>\n<\/tr>\n<tr>\n<td>PVC\/Linoleum p\u00f5randakatete s\u00fcvapuhastus ja vahatamine<\/td>\n<td>1,30 EUR \/ m\u00b2<\/td>\n<\/tr>\n<tr>\n<td>Vaipade ja vaipkatete s\u00fcvapesu<\/td>\n<td>1,00 EUR \/ m\u00b2<\/td>\n<\/tr>\n<tr>\n<td>Nahk ja tekstiil m\u00f6\u00f6bli puhastus<\/td>\n<td>9 EUR \/ \u00fcks istekoht<\/td>\n<\/tr>\n<tr>\n<td>Kontoritoolide keemiline puhastus<\/td>\n<td>2,8 EUR \/ \u00fcks istekoht<\/td>\n<\/tr>\n<tr>\n<td>Kivip\u00f5randa s\u00fcvapuhastus<\/td>\n<td>0,70 EUR \/ m\u00b2<\/td>\n<\/tr>\n<tr>\n<td>Suurpuhastus<\/td>\n<td>1,40 EUR \/ m\u00b2<\/td>\n<\/tr>\n<tr>\n<td>Remondi- ja ehitusj\u00e4rgne koristus<\/td>\n<td>1,40 EUR \/ m\u00b2<\/td>\n<\/tr>\n<tr>\n<td>Spetsmaterjalidest p\u00f5randakatete pesu<\/td>\n<td>2,50 EUR \/ m\u00b2<\/td>\n<\/tr>\n<tr>\n<td>Puitp\u00f5randa puhastus ja \u00f5litamine<\/td>\n<td>3,30 EUR \/ m\u00b2<\/td>\n<\/tr>\n<tr>\n<td>Osoneerimine<\/td>\n<td>kokkuleppel<\/td>\n<\/tr>\n<tr>\n<td>Lumekoristus katuselt ning j\u00e4\u00e4purikate eemaldamine<\/td>\n<td>kokkuleppel<\/td>\n<\/tr>\n<tr>\n<td>Fassaadipesu (T\u00f5stuki vajadusel lisandub t\u00f5stuki rendi hind)<\/td>\n<td>1,40 EUR \/ m\u00b2<\/td>\n<\/tr>\n<tr>\n<td>Vihmaveetorude ja vihmaveerennide puhastus<\/td>\n<td>kokkuleppel<\/td>\n<\/tr>\n<tr>\n<td>T\u00e4navakivi pesu<\/td>\n<td>2,20 EUR \/ m\u00b2<\/td>\n<\/tr>\n<tr>\n<td>Muud eripuhastust\u00f6\u00f6d<\/td>\n<td>kokkuleppel<\/td>\n<\/tr>\n<tr>\n<td>Kontori-, kodu-, tootmishoonete-, kaubanduspindade- regulaarne koristusteenus<\/td>\n<td>kokkuleppel<\/td>\n<\/tr>\n<\/tbody>\n<\/table>\n<p><span style=\"font-size: 16px;\">Esitage meile k\u00fcsimus v\u00f5i tellige puhastus kohe, t\u00e4ites <strong><a title=\"Kontakt\" href=\"\/et\/tagasiside-vorm\/\" target=\"_blank\" rel=\"noopener noreferrer\">tagasiside<\/a><\/strong> ankeedi ja meie v\u00f5tame l\u00e4hiajal Teiega \u00fchendus.<\/span><\/p>\n<p><strong>NB!<\/strong><\/p>\n<ul>\n<li><em> Suurte koguste korral, suurpuhastuste, kontori ja kodukoristuse hinnad kokkuleppel.<\/em><\/li>\n<li><em> Miinimumtasu 85 EUR.<\/em><\/li>\n<li><em> Hinnad ei sisalda k\u00e4ibemaksu.<\/em><\/li>\n<\/ul>\n","protected":false},"excerpt":{"rendered":"<p>Teenuse kirjeldus:&nbsp;&nbsp;&nbsp;&nbsp;&nbsp;&nbsp;&nbsp;&nbsp;&nbsp;&nbsp;&nbsp;&nbsp;&nbsp;&nbsp;&nbsp;&nbsp;&nbsp;&nbsp;&nbsp;&nbsp;&nbsp;&nbsp;&nbsp;&nbsp;&nbsp;&nbsp;&nbsp;&nbsp;&nbsp; Hind alates: Akende ja klaaspindade pesu (T\u00f5stuki vajadusel lisandub t\u00f5stuki rendi hind) 0,60 EUR \/ m\u00b2 PVC\/Linoleum p\u00f5randakatete s\u00fcvapuhastus ja vahatamine 1,30 EUR \/ m\u00b2 Vaipade ja vaipkatete s\u00fcvapesu 1,00 EUR \/ m\u00b2 Nahk ja tekstiil m\u00f6\u00f6bli puhastus 9 EUR \/ \u00fcks istekoht Kontoritoolide keemiline puhastus 2,8 EUR \/ \u00fcks istekoht Kivip\u00f5randa s\u00fcvapuhastus [&hellip;]<\/p>\n","protected":false},"author":2,"featured_media":0,"parent":0,"menu_order":0,"comment_status":"closed","ping_status":"closed","template":"","meta":{"footnotes":""},"class_list":["post-22","page","type-page","status-publish","hentry"],"yoast_head":"<!-- This site is optimized with the Yoast SEO plugin v23.3 - https:\/\/yoast.com\/wordpress\/plugins\/seo\/ -->\n<title>Hinnakiri &#8902; Green Path O\u00dc<\/title>\n<meta name=\"description\" content=\"Puhastusteenuste hinnakiri.\u00a0Kui teil on vaja abi v\u00f5i on tekkinud k\u00fcsimusi, p\u00f6\u00f6rduge julgelt meie poole ja me aitame tellimuse maksumuse v\u00e4lja arvutada.\" \/>\n<meta name=\"robots\" content=\"index, follow, max-snippet:-1, max-image-preview:large, max-video-preview:-1\" \/>\n<link rel=\"canonical\" href=\"https:\/\/greenpath.ee\/et\/hinnakiri\/\" \/>\n<meta property=\"og:locale\" content=\"et_EE\" \/>\n<meta property=\"og:locale:alternate\" content=\"ru_RU\" \/>\n<meta property=\"og:type\" content=\"article\" \/>\n<meta property=\"og:title\" content=\"Hinnakiri\" \/>\n<meta property=\"og:description\" content=\"Puhastusteenuste hinnakiri.\u00a0Kui teil on vaja abi v\u00f5i on tekkinud k\u00fcsimusi, p\u00f6\u00f6rduge julgelt meie poole ja me aitame tellimuse maksumuse v\u00e4lja arvutada.\" \/>\n<meta property=\"og:url\" content=\"https:\/\/greenpath.ee\/et\/hinnakiri\/\" \/>\n<meta property=\"og:site_name\" content=\"Green Path O\u00dc\" \/>\n<meta property=\"article:publisher\" content=\"https:\/\/www.facebook.com\/greenpath.ee\/\" \/>\n<meta property=\"article:modified_time\" content=\"2023-07-30T23:37:42+00:00\" \/>\n<meta name=\"twitter:card\" content=\"summary_large_image\" \/>\n<meta name=\"twitter:label1\" content=\"Est. reading time\" \/>\n\t<meta name=\"twitter:data1\" content=\"2 minutit\" \/>\n<script type=\"application\/ld+json\" class=\"yoast-schema-graph\">{\"@context\":\"https:\/\/schema.org\",\"@graph\":[{\"@type\":\"WebPage\",\"@id\":\"https:\/\/greenpath.ee\/ru\/hinnakiri\/\",\"url\":\"https:\/\/greenpath.ee\/ru\/hinnakiri\/\",\"name\":\"Hinnakiri\",\"isPartOf\":{\"@id\":\"https:\/\/greenpath.ee\/et\/#website\"},\"datePublished\":\"2013-06-06T05:01:42+00:00\",\"dateModified\":\"2023-07-30T23:37:42+00:00\",\"description\":\"Puhastusteenuste hinnakiri.\u00a0Kui teil on vaja abi v\u00f5i on tekkinud k\u00fcsimusi, p\u00f6\u00f6rduge julgelt meie poole ja me aitame tellimuse maksumuse v\u00e4lja arvutada.\",\"breadcrumb\":{\"@id\":\"https:\/\/greenpath.ee\/ru\/hinnakiri\/#breadcrumb\"},\"inLanguage\":\"et\",\"potentialAction\":[{\"@type\":\"ReadAction\",\"target\":[\"https:\/\/greenpath.ee\/ru\/hinnakiri\/\"]}]},{\"@type\":\"BreadcrumbList\",\"@id\":\"https:\/\/greenpath.ee\/ru\/hinnakiri\/#breadcrumb\",\"itemListElement\":[{\"@type\":\"ListItem\",\"position\":1,\"name\":\"\u0413\u043b\u0430\u0432\u043d\u0430\u044f \u0441\u0442\u0440\u0430\u043d\u0438\u0446\u0430\",\"item\":\"https:\/\/greenpath.ee\/et\/\"},{\"@type\":\"ListItem\",\"position\":2,\"name\":\"\u0426\u0435\u043d\u044b\"}]},{\"@type\":\"WebSite\",\"@id\":\"https:\/\/greenpath.ee\/et\/#website\",\"url\":\"https:\/\/greenpath.ee\/et\/\",\"name\":\"Green Path O\u00dc\",\"description\":\"\",\"publisher\":{\"@id\":\"https:\/\/greenpath.ee\/et\/#organization\"},\"potentialAction\":[{\"@type\":\"SearchAction\",\"target\":{\"@type\":\"EntryPoint\",\"urlTemplate\":\"https:\/\/greenpath.ee\/et\/?s={search_term_string}\"},\"query-input\":\"required name=search_term_string\"}],\"inLanguage\":\"et\"},{\"@type\":\"Organization\",\"@id\":\"https:\/\/greenpath.ee\/et\/#organization\",\"name\":\"Green Path O\u00dc\",\"url\":\"https:\/\/greenpath.ee\/et\/\",\"logo\":{\"@type\":\"ImageObject\",\"inLanguage\":\"et\",\"@id\":\"https:\/\/greenpath.ee\/et\/#\/schema\/logo\/image\/\",\"url\":\"https:\/\/greenpath.ee\/wp-content\/uploads\/2019\/03\/logo.png\",\"contentUrl\":\"https:\/\/greenpath.ee\/wp-content\/uploads\/2019\/03\/logo.png\",\"width\":200,\"height\":90,\"caption\":\"Green Path O\u00dc\"},\"image\":{\"@id\":\"https:\/\/greenpath.ee\/et\/#\/schema\/logo\/image\/\"},\"sameAs\":[\"https:\/\/www.facebook.com\/greenpath.ee\/\"]}]}<\/script>\n<!-- \/ Yoast SEO plugin. -->","yoast_head_json":{"title":"Hinnakiri &#8902; Green Path O\u00dc","description":"Puhastusteenuste hinnakiri.\u00a0Kui teil on vaja abi v\u00f5i on tekkinud k\u00fcsimusi, p\u00f6\u00f6rduge julgelt meie poole ja me aitame tellimuse maksumuse v\u00e4lja arvutada.","robots":{"index":"index","follow":"follow","max-snippet":"max-snippet:-1","max-image-preview":"max-image-preview:large","max-video-preview":"max-video-preview:-1"},"canonical":"https:\/\/greenpath.ee\/et\/hinnakiri\/","og_locale":"et_EE","og_type":"article","og_title":"[:ru]\u0426\u0435\u043d\u044b[:et]Hinnakiri[:] &#8902; Green Path O\u00dc","og_description":"Puhastusteenuste hinnakiri.\u00a0Kui teil on vaja abi v\u00f5i on tekkinud k\u00fcsimusi, p\u00f6\u00f6rduge julgelt meie poole ja me aitame tellimuse maksumuse v\u00e4lja arvutada.","og_url":"https:\/\/greenpath.ee\/et\/hinnakiri\/","og_site_name":"Green Path O\u00dc","article_publisher":"https:\/\/www.facebook.com\/greenpath.ee\/","article_modified_time":"2023-07-30T23:37:42+00:00","twitter_card":"summary_large_image","twitter_misc":{"Est. reading time":"2 minutit"},"schema":{"@context":"https:\/\/schema.org","@graph":[{"@type":"WebPage","@id":"https:\/\/greenpath.ee\/ru\/hinnakiri\/","url":"https:\/\/greenpath.ee\/ru\/hinnakiri\/","name":"Hinnakiri","isPartOf":{"@id":"https:\/\/greenpath.ee\/et\/#website"},"datePublished":"2013-06-06T05:01:42+00:00","dateModified":"2023-07-30T23:37:42+00:00","description":"Puhastusteenuste hinnakiri.\u00a0Kui teil on vaja abi v\u00f5i on tekkinud k\u00fcsimusi, p\u00f6\u00f6rduge julgelt meie poole ja me aitame tellimuse maksumuse v\u00e4lja arvutada.","breadcrumb":{"@id":"https:\/\/greenpath.ee\/ru\/hinnakiri\/#breadcrumb"},"inLanguage":"et","potentialAction":[{"@type":"ReadAction","target":["https:\/\/greenpath.ee\/ru\/hinnakiri\/"]}]},{"@type":"BreadcrumbList","@id":"https:\/\/greenpath.ee\/ru\/hinnakiri\/#breadcrumb","itemListElement":[{"@type":"ListItem","position":1,"name":"\u0413\u043b\u0430\u0432\u043d\u0430\u044f \u0441\u0442\u0440\u0430\u043d\u0438\u0446\u0430","item":"https:\/\/greenpath.ee\/et\/"},{"@type":"ListItem","position":2,"name":"\u0426\u0435\u043d\u044b"}]},{"@type":"WebSite","@id":"https:\/\/greenpath.ee\/et\/#website","url":"https:\/\/greenpath.ee\/et\/","name":"Green Path O\u00dc","description":"","publisher":{"@id":"https:\/\/greenpath.ee\/et\/#organization"},"potentialAction":[{"@type":"SearchAction","target":{"@type":"EntryPoint","urlTemplate":"https:\/\/greenpath.ee\/et\/?s={search_term_string}"},"query-input":"required name=search_term_string"}],"inLanguage":"et"},{"@type":"Organization","@id":"https:\/\/greenpath.ee\/et\/#organization","name":"Green Path O\u00dc","url":"https:\/\/greenpath.ee\/et\/","logo":{"@type":"ImageObject","inLanguage":"et","@id":"https:\/\/greenpath.ee\/et\/#\/schema\/logo\/image\/","url":"https:\/\/greenpath.ee\/wp-content\/uploads\/2019\/03\/logo.png","contentUrl":"https:\/\/greenpath.ee\/wp-content\/uploads\/2019\/03\/logo.png","width":200,"height":90,"caption":"Green Path O\u00dc"},"image":{"@id":"https:\/\/greenpath.ee\/et\/#\/schema\/logo\/image\/"},"sameAs":["https:\/\/www.facebook.com\/greenpath.ee\/"]}]}},"_links":{"self":[{"href":"https:\/\/greenpath.ee\/et\/wp-json\/wp\/v2\/pages\/22"}],"collection":[{"href":"https:\/\/greenpath.ee\/et\/wp-json\/wp\/v2\/pages"}],"about":[{"href":"https:\/\/greenpath.ee\/et\/wp-json\/wp\/v2\/types\/page"}],"author":[{"embeddable":true,"href":"https:\/\/greenpath.ee\/et\/wp-json\/wp\/v2\/users\/2"}],"replies":[{"embeddable":true,"href":"https:\/\/greenpath.ee\/et\/wp-json\/wp\/v2\/comments?post=22"}],"version-history":[{"count":36,"href":"https:\/\/greenpath.ee\/et\/wp-json\/wp\/v2\/pages\/22\/revisions"}],"predecessor-version":[{"id":1996,"href":"https:\/\/greenpath.ee\/et\/wp-json\/wp\/v2\/pages\/22\/revisions\/1996"}],"wp:attachment":[{"href":"https:\/\/greenpath.ee\/et\/wp-json\/wp\/v2\/media?parent=22"}],"curies":[{"name":"wp","href":"https:\/\/api.w.org\/{rel}","templated":true}]}}