{"id":1691,"date":"2019-08-11T10:52:45","date_gmt":"2019-08-11T08:52:45","guid":{"rendered":"https:\/\/greenpath.ee\/et\/?page_id=1691"},"modified":"2019-08-11T11:04:20","modified_gmt":"2019-08-11T09:04:20","slug":"hoolduskoristus-tooline","status":"publish","type":"page","link":"https:\/\/greenpath.ee\/et\/vabad-tookohad\/hoolduskoristus-tooline\/","title":{"rendered":"Hoolduskoristus t\u00f6\u00f6line"},"content":{"rendered":"","protected":false},"excerpt":{"rendered":"","protected":false},"author":2,"featured_media":0,"parent":1672,"menu_order":2,"comment_status":"closed","ping_status":"closed","template":"","meta":{"footnotes":""},"class_list":["post-1691","page","type-page","status-publish","hentry"],"yoast_head":"<!-- This site is optimized with the Yoast SEO plugin v23.3 - https:\/\/yoast.com\/wordpress\/plugins\/seo\/ -->\n<title>Hoolduskoristus t\u00f6\u00f6line &#8902; Green Path O\u00dc<\/title>\n<meta name=\"robots\" content=\"index, follow, max-snippet:-1, max-image-preview:large, max-video-preview:-1\" \/>\n<link rel=\"canonical\" href=\"https:\/\/greenpath.ee\/et\/vabad-tookohad\/hoolduskoristus-tooline\/\" \/>\n<meta property=\"og:locale\" content=\"et_EE\" \/>\n<meta property=\"og:locale:alternate\" content=\"ru_RU\" \/>\n<meta property=\"og:type\" content=\"article\" \/>\n<meta property=\"og:title\" content=\"Hoolduskoristus t\u00f6\u00f6line\" \/>\n<meta property=\"og:url\" content=\"https:\/\/greenpath.ee\/et\/vabad-tookohad\/hoolduskoristus-tooline\/\" \/>\n<meta property=\"og:site_name\" content=\"Green Path O\u00dc\" \/>\n<meta property=\"article:publisher\" content=\"https:\/\/www.facebook.com\/greenpath.ee\/\" \/>\n<meta property=\"article:modified_time\" content=\"2019-08-11T09:04:20+00:00\" \/>\n<meta name=\"twitter:card\" content=\"summary_large_image\" \/>\n<script type=\"application\/ld+json\" class=\"yoast-schema-graph\">{\"@context\":\"https:\/\/schema.org\",\"@graph\":[{\"@type\":\"WebPage\",\"@id\":\"https:\/\/greenpath.ee\/ru\/vabad-tookohad\/hoolduskoristus-tooline\/\",\"url\":\"https:\/\/greenpath.ee\/ru\/vabad-tookohad\/hoolduskoristus-tooline\/\",\"name\":\"Hoolduskoristus t\u00f6\u00f6line\",\"isPartOf\":{\"@id\":\"https:\/\/greenpath.ee\/et\/#website\"},\"datePublished\":\"2019-08-11T08:52:45+00:00\",\"dateModified\":\"2019-08-11T09:04:20+00:00\",\"breadcrumb\":{\"@id\":\"https:\/\/greenpath.ee\/ru\/vabad-tookohad\/hoolduskoristus-tooline\/#breadcrumb\"},\"inLanguage\":\"et\",\"potentialAction\":[{\"@type\":\"ReadAction\",\"target\":[\"https:\/\/greenpath.ee\/ru\/vabad-tookohad\/hoolduskoristus-tooline\/\"]}]},{\"@type\":\"BreadcrumbList\",\"@id\":\"https:\/\/greenpath.ee\/ru\/vabad-tookohad\/hoolduskoristus-tooline\/#breadcrumb\",\"itemListElement\":[{\"@type\":\"ListItem\",\"position\":1,\"name\":\"\u0413\u043b\u0430\u0432\u043d\u0430\u044f \u0441\u0442\u0440\u0430\u043d\u0438\u0446\u0430\",\"item\":\"https:\/\/greenpath.ee\/et\/\"},{\"@type\":\"ListItem\",\"position\":2,\"name\":\"\u0412\u0430\u043a\u0430\u043d\u0441\u0438\u0438\",\"item\":\"https:\/\/greenpath.ee\/ru\/vabad-tookohad\/\"},{\"@type\":\"ListItem\",\"position\":3,\"name\":\"Hoolduskoristus t\u00f6\u00f6line\"}]},{\"@type\":\"WebSite\",\"@id\":\"https:\/\/greenpath.ee\/et\/#website\",\"url\":\"https:\/\/greenpath.ee\/et\/\",\"name\":\"Green Path O\u00dc\",\"description\":\"\",\"publisher\":{\"@id\":\"https:\/\/greenpath.ee\/et\/#organization\"},\"potentialAction\":[{\"@type\":\"SearchAction\",\"target\":{\"@type\":\"EntryPoint\",\"urlTemplate\":\"https:\/\/greenpath.ee\/et\/?s={search_term_string}\"},\"query-input\":\"required name=search_term_string\"}],\"inLanguage\":\"et\"},{\"@type\":\"Organization\",\"@id\":\"https:\/\/greenpath.ee\/et\/#organization\",\"name\":\"Green Path O\u00dc\",\"url\":\"https:\/\/greenpath.ee\/et\/\",\"logo\":{\"@type\":\"ImageObject\",\"inLanguage\":\"et\",\"@id\":\"https:\/\/greenpath.ee\/et\/#\/schema\/logo\/image\/\",\"url\":\"https:\/\/greenpath.ee\/wp-content\/uploads\/2019\/03\/logo.png\",\"contentUrl\":\"https:\/\/greenpath.ee\/wp-content\/uploads\/2019\/03\/logo.png\",\"width\":200,\"height\":90,\"caption\":\"Green Path O\u00dc\"},\"image\":{\"@id\":\"https:\/\/greenpath.ee\/et\/#\/schema\/logo\/image\/\"},\"sameAs\":[\"https:\/\/www.facebook.com\/greenpath.ee\/\"]}]}<\/script>\n<!-- \/ Yoast SEO plugin. -->","yoast_head_json":{"title":"Hoolduskoristus t\u00f6\u00f6line &#8902; Green Path O\u00dc","robots":{"index":"index","follow":"follow","max-snippet":"max-snippet:-1","max-image-preview":"max-image-preview:large","max-video-preview":"max-video-preview:-1"},"canonical":"https:\/\/greenpath.ee\/et\/vabad-tookohad\/hoolduskoristus-tooline\/","og_locale":"et_EE","og_type":"article","og_title":"[:ru]\u0420\u0430\u0431\u043e\u0442\u043d\u0438\u043a \u043f\u043e \u0440\u0435\u0433\u0443\u043b\u044f\u0440\u043d\u043e\u0439 \u0443\u0431\u043e\u0440\u043a\u0435[:et]Hoolduskoristus t\u00f6\u00f6line[:] &#8902; Green Path O\u00dc","og_url":"https:\/\/greenpath.ee\/et\/vabad-tookohad\/hoolduskoristus-tooline\/","og_site_name":"Green Path O\u00dc","article_publisher":"https:\/\/www.facebook.com\/greenpath.ee\/","article_modified_time":"2019-08-11T09:04:20+00:00","twitter_card":"summary_large_image","schema":{"@context":"https:\/\/schema.org","@graph":[{"@type":"WebPage","@id":"https:\/\/greenpath.ee\/ru\/vabad-tookohad\/hoolduskoristus-tooline\/","url":"https:\/\/greenpath.ee\/ru\/vabad-tookohad\/hoolduskoristus-tooline\/","name":"Hoolduskoristus t\u00f6\u00f6line","isPartOf":{"@id":"https:\/\/greenpath.ee\/et\/#website"},"datePublished":"2019-08-11T08:52:45+00:00","dateModified":"2019-08-11T09:04:20+00:00","breadcrumb":{"@id":"https:\/\/greenpath.ee\/ru\/vabad-tookohad\/hoolduskoristus-tooline\/#breadcrumb"},"inLanguage":"et","potentialAction":[{"@type":"ReadAction","target":["https:\/\/greenpath.ee\/ru\/vabad-tookohad\/hoolduskoristus-tooline\/"]}]},{"@type":"BreadcrumbList","@id":"https:\/\/greenpath.ee\/ru\/vabad-tookohad\/hoolduskoristus-tooline\/#breadcrumb","itemListElement":[{"@type":"ListItem","position":1,"name":"\u0413\u043b\u0430\u0432\u043d\u0430\u044f \u0441\u0442\u0440\u0430\u043d\u0438\u0446\u0430","item":"https:\/\/greenpath.ee\/et\/"},{"@type":"ListItem","position":2,"name":"\u0412\u0430\u043a\u0430\u043d\u0441\u0438\u0438","item":"https:\/\/greenpath.ee\/ru\/vabad-tookohad\/"},{"@type":"ListItem","position":3,"name":"Hoolduskoristus t\u00f6\u00f6line"}]},{"@type":"WebSite","@id":"https:\/\/greenpath.ee\/et\/#website","url":"https:\/\/greenpath.ee\/et\/","name":"Green Path O\u00dc","description":"","publisher":{"@id":"https:\/\/greenpath.ee\/et\/#organization"},"potentialAction":[{"@type":"SearchAction","target":{"@type":"EntryPoint","urlTemplate":"https:\/\/greenpath.ee\/et\/?s={search_term_string}"},"query-input":"required name=search_term_string"}],"inLanguage":"et"},{"@type":"Organization","@id":"https:\/\/greenpath.ee\/et\/#organization","name":"Green Path O\u00dc","url":"https:\/\/greenpath.ee\/et\/","logo":{"@type":"ImageObject","inLanguage":"et","@id":"https:\/\/greenpath.ee\/et\/#\/schema\/logo\/image\/","url":"https:\/\/greenpath.ee\/wp-content\/uploads\/2019\/03\/logo.png","contentUrl":"https:\/\/greenpath.ee\/wp-content\/uploads\/2019\/03\/logo.png","width":200,"height":90,"caption":"Green Path O\u00dc"},"image":{"@id":"https:\/\/greenpath.ee\/et\/#\/schema\/logo\/image\/"},"sameAs":["https:\/\/www.facebook.com\/greenpath.ee\/"]}]}},"_links":{"self":[{"href":"https:\/\/greenpath.ee\/et\/wp-json\/wp\/v2\/pages\/1691"}],"collection":[{"href":"https:\/\/greenpath.ee\/et\/wp-json\/wp\/v2\/pages"}],"about":[{"href":"https:\/\/greenpath.ee\/et\/wp-json\/wp\/v2\/types\/page"}],"author":[{"embeddable":true,"href":"https:\/\/greenpath.ee\/et\/wp-json\/wp\/v2\/users\/2"}],"replies":[{"embeddable":true,"href":"https:\/\/greenpath.ee\/et\/wp-json\/wp\/v2\/comments?post=1691"}],"version-history":[{"count":2,"href":"https:\/\/greenpath.ee\/et\/wp-json\/wp\/v2\/pages\/1691\/revisions"}],"predecessor-version":[{"id":1701,"href":"https:\/\/greenpath.ee\/et\/wp-json\/wp\/v2\/pages\/1691\/revisions\/1701"}],"up":[{"embeddable":true,"href":"https:\/\/greenpath.ee\/et\/wp-json\/wp\/v2\/pages\/1672"}],"wp:attachment":[{"href":"https:\/\/greenpath.ee\/et\/wp-json\/wp\/v2\/media?parent=1691"}],"curies":[{"name":"wp","href":"https:\/\/api.w.org\/{rel}","templated":true}]}}