{"id":1689,"date":"2019-08-11T10:52:45","date_gmt":"2019-08-11T08:52:45","guid":{"rendered":"https:\/\/greenpath.ee\/et\/?page_id=1689"},"modified":"2019-08-11T21:03:14","modified_gmt":"2019-08-11T19:03:14","slug":"eripuhastustooline","status":"publish","type":"page","link":"https:\/\/greenpath.ee\/et\/vabad-tookohad\/eripuhastustooline\/","title":{"rendered":"Eripuhastus t\u00f6\u00f6line"},"content":{"rendered":"\n<p><strong>P\u00f5hilised t\u00f6\u00f6\u00fclesanded,<\/strong><\/p>\n\n\n\n<ul class=\"wp-block-list\"><li>Akende ja klaaspindade pesu k.a. t\u00f5stukilt; <\/li><li>Pehme m\u00f6\u00f6bli ja vaipade keemiline puhastus;<\/li><li>Suurpuhastused (erakliendi v\u00f5i \u00e4rikliendi pindadel);<\/li><li>Basseini puhastus;<\/li><li>PVC, LVT, Linoleum p\u00f5randakatete pesu ja vahatamine;<\/li><li>Plaat-, Kivi-, Betoonp\u00f5randate pesu ja hooldus;<\/li><li>T\u00e4navakivi puhastus;<\/li><li>Puitp\u00f5randate hooldamine (pesu, \u00f5litamine, \u00f5livahatamine);<\/li><li>Terassi hooldamine (pesu, \u00f5litamine);<\/li><li>Ehitusj\u00e4rgne ja Remondij\u00e4rgne koristus;<\/li><li>Lumekoristus nii katuselt kuid ka maapinnalt;<\/li><li>J\u00e4\u00e4purikate eemaldamine; <\/li><li>Fassaadi k.a. t\u00f5stukilt puhastus;<\/li><li>Katuste puhastus;<\/li><li>Vihmaveetorude ja vihmaveerennide puhastus ning ummikute likvideerimine;<\/li><li>Graffiti eemaldamine;<\/li><li>Tulekahjuj\u00e4rgne koristus;<\/li><li>Teised \u00fclesanned mis tulenevad t\u00f6\u00f6 iseloomust.<\/li><\/ul>\n\n\n\n<p><strong>N\u00f5udmised kandidaadile<\/strong><\/p>\n\n\n\n<ul class=\"wp-block-list\"><li>Ausus;<\/li><li>Hoolikus ja t\u00e4psus;<\/li><li>Kohuse- ja vastutustunne;<\/li><li>Hea organiseerimis- ja suhtlusoskus;<\/li><li>Kohanemisv\u00f5ime (pinge- ja stressitaluvus);<\/li><li>Valmisolek t\u00f6\u00f6tada graafiku alusel, samuti n\u00e4dalavahetusel ja varahommikusel, hilis\u00f5htusel v\u00f5i \u00f6isel ajal;<\/li><li>T\u00f6\u00f6kogemuse olemasolu v\u00e4hemalt 2 aastat antud sf\u00e4\u00e4ris;<\/li><li>Eesti ja vene keelte oskus suhtlustasandil.<\/li><\/ul>\n\n\n\n<p><strong>Kasuks tuleb<\/strong><\/p>\n\n\n\n<ul class=\"wp-block-list\"><li>T\u00f6\u00f6kogemus rohkem kui 5 aastat;<\/li><li>B kategooria juhiluba;<\/li><li>\u00d5ppimisvalmidus.<\/li><\/ul>\n\n\n\n<p><strong>Omalt poolt pakume<\/strong><\/p>\n\n\n\n<ul class=\"wp-block-list\"><li>T\u00f6\u00f6d lahedas meeskonnas;<\/li><li>Kaasaegseid t\u00f6\u00f6vahendeid;<\/li><li>Head tasu tulemusliku t\u00f6\u00f6 eest;<\/li><li>Miinimumpalga garantii aastaringselt;<\/li><li>Ametiautot.<\/li><\/ul>\n\n\n\n<p><strong>Lisainformatsioon<\/strong><\/p>\n\n\n\n<ul class=\"wp-block-list\"><li>T\u00f6\u00f6aeg graafiku alusel, vastavalt kliendi tellimustele.<\/li><\/ul>\n","protected":false},"excerpt":{"rendered":"<p>P\u00f5hilised t\u00f6\u00f6\u00fclesanded, Akende ja klaaspindade pesu k.a. t\u00f5stukilt; Pehme m\u00f6\u00f6bli ja vaipade keemiline puhastus; Suurpuhastused (erakliendi v\u00f5i \u00e4rikliendi pindadel); Basseini puhastus; PVC, LVT, Linoleum p\u00f5randakatete pesu ja vahatamine; Plaat-, Kivi-, Betoonp\u00f5randate pesu ja hooldus; T\u00e4navakivi puhastus; Puitp\u00f5randate hooldamine (pesu, \u00f5litamine, \u00f5livahatamine); Terassi hooldamine (pesu, \u00f5litamine); Ehitusj\u00e4rgne ja Remondij\u00e4rgne koristus; Lumekoristus nii katuselt kuid ka maapinnalt; [&hellip;]<\/p>\n","protected":false},"author":2,"featured_media":0,"parent":1672,"menu_order":1,"comment_status":"closed","ping_status":"closed","template":"","meta":{"footnotes":""},"class_list":["post-1689","page","type-page","status-publish","hentry"],"yoast_head":"<!-- This site is optimized with the Yoast SEO plugin v23.3 - https:\/\/yoast.com\/wordpress\/plugins\/seo\/ -->\n<title>Eripuhastus t\u00f6\u00f6line &#8902; Green Path O\u00dc<\/title>\n<meta name=\"robots\" content=\"index, follow, max-snippet:-1, max-image-preview:large, max-video-preview:-1\" \/>\n<link rel=\"canonical\" href=\"https:\/\/greenpath.ee\/et\/vabad-tookohad\/eripuhastustooline\/\" \/>\n<meta property=\"og:locale\" content=\"et_EE\" \/>\n<meta property=\"og:locale:alternate\" content=\"ru_RU\" \/>\n<meta property=\"og:type\" content=\"article\" \/>\n<meta property=\"og:title\" content=\"Eripuhastus t\u00f6\u00f6line\" \/>\n<meta property=\"og:description\" content=\"P\u00f5hilised t\u00f6\u00f6\u00fclesanded, Akende ja klaaspindade pesu k.a. t\u00f5stukilt; Pehme m\u00f6\u00f6bli ja vaipade keemiline puhastus; Suurpuhastused (erakliendi v\u00f5i \u00e4rikliendi pindadel); Basseini puhastus; PVC, LVT, Linoleum p\u00f5randakatete pesu ja vahatamine; Plaat-, Kivi-, Betoonp\u00f5randate pesu ja hooldus; T\u00e4navakivi puhastus; Puitp\u00f5randate hooldamine (pesu, \u00f5litamine, \u00f5livahatamine); Terassi hooldamine (pesu, \u00f5litamine); Ehitusj\u00e4rgne ja Remondij\u00e4rgne koristus; Lumekoristus nii katuselt kuid ka maapinnalt; [&hellip;]\" \/>\n<meta property=\"og:url\" content=\"https:\/\/greenpath.ee\/et\/vabad-tookohad\/eripuhastustooline\/\" \/>\n<meta property=\"og:site_name\" content=\"Green Path O\u00dc\" \/>\n<meta property=\"article:publisher\" content=\"https:\/\/www.facebook.com\/greenpath.ee\/\" \/>\n<meta property=\"article:modified_time\" content=\"2019-08-11T19:03:14+00:00\" \/>\n<meta name=\"twitter:card\" content=\"summary_large_image\" \/>\n<meta name=\"twitter:label1\" content=\"Est. reading time\" \/>\n\t<meta name=\"twitter:data1\" content=\"1 minut\" \/>\n<script type=\"application\/ld+json\" class=\"yoast-schema-graph\">{\"@context\":\"https:\/\/schema.org\",\"@graph\":[{\"@type\":\"WebPage\",\"@id\":\"https:\/\/greenpath.ee\/ru\/vabad-tookohad\/eripuhastustooline\/\",\"url\":\"https:\/\/greenpath.ee\/ru\/vabad-tookohad\/eripuhastustooline\/\",\"name\":\"Eripuhastus t\u00f6\u00f6line\",\"isPartOf\":{\"@id\":\"https:\/\/greenpath.ee\/et\/#website\"},\"datePublished\":\"2019-08-11T08:52:45+00:00\",\"dateModified\":\"2019-08-11T19:03:14+00:00\",\"breadcrumb\":{\"@id\":\"https:\/\/greenpath.ee\/ru\/vabad-tookohad\/eripuhastustooline\/#breadcrumb\"},\"inLanguage\":\"et\",\"potentialAction\":[{\"@type\":\"ReadAction\",\"target\":[\"https:\/\/greenpath.ee\/ru\/vabad-tookohad\/eripuhastustooline\/\"]}]},{\"@type\":\"BreadcrumbList\",\"@id\":\"https:\/\/greenpath.ee\/ru\/vabad-tookohad\/eripuhastustooline\/#breadcrumb\",\"itemListElement\":[{\"@type\":\"ListItem\",\"position\":1,\"name\":\"\u0413\u043b\u0430\u0432\u043d\u0430\u044f \u0441\u0442\u0440\u0430\u043d\u0438\u0446\u0430\",\"item\":\"https:\/\/greenpath.ee\/et\/\"},{\"@type\":\"ListItem\",\"position\":2,\"name\":\"\u0412\u0430\u043a\u0430\u043d\u0441\u0438\u0438\",\"item\":\"https:\/\/greenpath.ee\/ru\/vabad-tookohad\/\"},{\"@type\":\"ListItem\",\"position\":3,\"name\":\"Eripuhastus t\u00f6\u00f6line\"}]},{\"@type\":\"WebSite\",\"@id\":\"https:\/\/greenpath.ee\/et\/#website\",\"url\":\"https:\/\/greenpath.ee\/et\/\",\"name\":\"Green Path O\u00dc\",\"description\":\"\",\"publisher\":{\"@id\":\"https:\/\/greenpath.ee\/et\/#organization\"},\"potentialAction\":[{\"@type\":\"SearchAction\",\"target\":{\"@type\":\"EntryPoint\",\"urlTemplate\":\"https:\/\/greenpath.ee\/et\/?s={search_term_string}\"},\"query-input\":\"required name=search_term_string\"}],\"inLanguage\":\"et\"},{\"@type\":\"Organization\",\"@id\":\"https:\/\/greenpath.ee\/et\/#organization\",\"name\":\"Green Path O\u00dc\",\"url\":\"https:\/\/greenpath.ee\/et\/\",\"logo\":{\"@type\":\"ImageObject\",\"inLanguage\":\"et\",\"@id\":\"https:\/\/greenpath.ee\/et\/#\/schema\/logo\/image\/\",\"url\":\"https:\/\/greenpath.ee\/wp-content\/uploads\/2019\/03\/logo.png\",\"contentUrl\":\"https:\/\/greenpath.ee\/wp-content\/uploads\/2019\/03\/logo.png\",\"width\":200,\"height\":90,\"caption\":\"Green Path O\u00dc\"},\"image\":{\"@id\":\"https:\/\/greenpath.ee\/et\/#\/schema\/logo\/image\/\"},\"sameAs\":[\"https:\/\/www.facebook.com\/greenpath.ee\/\"]}]}<\/script>\n<!-- \/ Yoast SEO plugin. -->","yoast_head_json":{"title":"Eripuhastus t\u00f6\u00f6line &#8902; Green Path O\u00dc","robots":{"index":"index","follow":"follow","max-snippet":"max-snippet:-1","max-image-preview":"max-image-preview:large","max-video-preview":"max-video-preview:-1"},"canonical":"https:\/\/greenpath.ee\/et\/vabad-tookohad\/eripuhastustooline\/","og_locale":"et_EE","og_type":"article","og_title":"[:ru]\u0420\u0430\u0431\u043e\u0442\u043d\u0438\u043a \u043f\u043e \u0441\u043f\u0435\u0446\u0438\u0430\u043b\u044c\u043d\u043e\u0439 \u0443\u0431\u043e\u0440\u043a\u0435[:et]Eripuhastus t\u00f6\u00f6line[:] &#8902; Green Path O\u00dc","og_description":"P\u00f5hilised t\u00f6\u00f6\u00fclesanded, Akende ja klaaspindade pesu k.a. t\u00f5stukilt; Pehme m\u00f6\u00f6bli ja vaipade keemiline puhastus; Suurpuhastused (erakliendi v\u00f5i \u00e4rikliendi pindadel); Basseini puhastus; PVC, LVT, Linoleum p\u00f5randakatete pesu ja vahatamine; Plaat-, Kivi-, Betoonp\u00f5randate pesu ja hooldus; T\u00e4navakivi puhastus; Puitp\u00f5randate hooldamine (pesu, \u00f5litamine, \u00f5livahatamine); Terassi hooldamine (pesu, \u00f5litamine); Ehitusj\u00e4rgne ja Remondij\u00e4rgne koristus; Lumekoristus nii katuselt kuid ka maapinnalt; [&hellip;]","og_url":"https:\/\/greenpath.ee\/et\/vabad-tookohad\/eripuhastustooline\/","og_site_name":"Green Path O\u00dc","article_publisher":"https:\/\/www.facebook.com\/greenpath.ee\/","article_modified_time":"2019-08-11T19:03:14+00:00","twitter_card":"summary_large_image","twitter_misc":{"Est. reading time":"1 minut"},"schema":{"@context":"https:\/\/schema.org","@graph":[{"@type":"WebPage","@id":"https:\/\/greenpath.ee\/ru\/vabad-tookohad\/eripuhastustooline\/","url":"https:\/\/greenpath.ee\/ru\/vabad-tookohad\/eripuhastustooline\/","name":"Eripuhastus t\u00f6\u00f6line","isPartOf":{"@id":"https:\/\/greenpath.ee\/et\/#website"},"datePublished":"2019-08-11T08:52:45+00:00","dateModified":"2019-08-11T19:03:14+00:00","breadcrumb":{"@id":"https:\/\/greenpath.ee\/ru\/vabad-tookohad\/eripuhastustooline\/#breadcrumb"},"inLanguage":"et","potentialAction":[{"@type":"ReadAction","target":["https:\/\/greenpath.ee\/ru\/vabad-tookohad\/eripuhastustooline\/"]}]},{"@type":"BreadcrumbList","@id":"https:\/\/greenpath.ee\/ru\/vabad-tookohad\/eripuhastustooline\/#breadcrumb","itemListElement":[{"@type":"ListItem","position":1,"name":"\u0413\u043b\u0430\u0432\u043d\u0430\u044f \u0441\u0442\u0440\u0430\u043d\u0438\u0446\u0430","item":"https:\/\/greenpath.ee\/et\/"},{"@type":"ListItem","position":2,"name":"\u0412\u0430\u043a\u0430\u043d\u0441\u0438\u0438","item":"https:\/\/greenpath.ee\/ru\/vabad-tookohad\/"},{"@type":"ListItem","position":3,"name":"Eripuhastus t\u00f6\u00f6line"}]},{"@type":"WebSite","@id":"https:\/\/greenpath.ee\/et\/#website","url":"https:\/\/greenpath.ee\/et\/","name":"Green Path O\u00dc","description":"","publisher":{"@id":"https:\/\/greenpath.ee\/et\/#organization"},"potentialAction":[{"@type":"SearchAction","target":{"@type":"EntryPoint","urlTemplate":"https:\/\/greenpath.ee\/et\/?s={search_term_string}"},"query-input":"required name=search_term_string"}],"inLanguage":"et"},{"@type":"Organization","@id":"https:\/\/greenpath.ee\/et\/#organization","name":"Green Path O\u00dc","url":"https:\/\/greenpath.ee\/et\/","logo":{"@type":"ImageObject","inLanguage":"et","@id":"https:\/\/greenpath.ee\/et\/#\/schema\/logo\/image\/","url":"https:\/\/greenpath.ee\/wp-content\/uploads\/2019\/03\/logo.png","contentUrl":"https:\/\/greenpath.ee\/wp-content\/uploads\/2019\/03\/logo.png","width":200,"height":90,"caption":"Green Path O\u00dc"},"image":{"@id":"https:\/\/greenpath.ee\/et\/#\/schema\/logo\/image\/"},"sameAs":["https:\/\/www.facebook.com\/greenpath.ee\/"]}]}},"_links":{"self":[{"href":"https:\/\/greenpath.ee\/et\/wp-json\/wp\/v2\/pages\/1689"}],"collection":[{"href":"https:\/\/greenpath.ee\/et\/wp-json\/wp\/v2\/pages"}],"about":[{"href":"https:\/\/greenpath.ee\/et\/wp-json\/wp\/v2\/types\/page"}],"author":[{"embeddable":true,"href":"https:\/\/greenpath.ee\/et\/wp-json\/wp\/v2\/users\/2"}],"replies":[{"embeddable":true,"href":"https:\/\/greenpath.ee\/et\/wp-json\/wp\/v2\/comments?post=1689"}],"version-history":[{"count":15,"href":"https:\/\/greenpath.ee\/et\/wp-json\/wp\/v2\/pages\/1689\/revisions"}],"predecessor-version":[{"id":1717,"href":"https:\/\/greenpath.ee\/et\/wp-json\/wp\/v2\/pages\/1689\/revisions\/1717"}],"up":[{"embeddable":true,"href":"https:\/\/greenpath.ee\/et\/wp-json\/wp\/v2\/pages\/1672"}],"wp:attachment":[{"href":"https:\/\/greenpath.ee\/et\/wp-json\/wp\/v2\/media?parent=1689"}],"curies":[{"name":"wp","href":"https:\/\/api.w.org\/{rel}","templated":true}]}}