{"id":1672,"date":"2019-08-11T10:05:56","date_gmt":"2019-08-11T08:05:56","guid":{"rendered":"https:\/\/greenpath.ee\/ru\/?page_id=1672"},"modified":"2022-03-21T18:00:50","modified_gmt":"2022-03-21T16:00:50","slug":"vabad-tookohad","status":"publish","type":"page","link":"https:\/\/greenpath.ee\/et\/vabad-tookohad\/","title":{"rendered":"Vabad t\u00f6\u00f6kohad"},"content":{"rendered":"\n<p>Tere!<\/p>\n\n\n\n<p>T\u00e4name Teid selle eest, et tunnete huvi meie\nvabade t\u00f6\u00f6kohtade vastu.<\/p>\n\n\n\n<p>Tuginedes t\u00f5siasjale, et Teie seda teksti\nloete, v\u00f5ime j\u00e4reldada, et olete huvitatud meie ettev\u00f5ttes t\u00f6\u00f6tamise\nv\u00f5imalusest.<\/p>\n\n\n\n<p>Oma veebilehe sellel lehek\u00fcljel tahame jagada Teiega seda, miks tasub valida meie ettev\u00f5tte.<\/p>\n\n\n\n<p>On mitu asjaolu, mis eristavad meie ettev\u00f5tte t\u00f6\u00f6d teistest,<\/p>\n\n\n\n<p>N\u00f5ustuge sellega, et paljudes v\u00e4ikestes ja isegi suurtes puhastusettev\u00f5tetes on administratsiooni suhtumine t\u00f6\u00f6tajatesse kergelt \u00f6eldes lugupidamatu. V\u00e4he on neid kohti, kus t\u00f6\u00f6tajatele antakse t\u00f6\u00f6r\u00f5ivad ja mugavad t\u00f6\u00f6riistad. Ka t\u00f6\u00f6tajate koolitamisele p\u00f6\u00f6ratakse v\u00e4he t\u00e4helepanu. Juhtub sedagi, et t\u00f6\u00f6tajatele ei maksta lubatud t\u00f6\u00f6tasu. Ja peaaegu mitte kusagil ei koge t\u00f6\u00f6tajad sooja inimlikku suhtumist!<\/p>\n\n\n\n<p>Me peame oma ettev\u00f5tte peamiseks ressursiks t\u00f6\u00f6tajaid, mist\u00f5ttu p\u00f6\u00f6rame suurt t\u00e4helepanu nende kutseoskuste t\u00e4iendamisele ja p\u00e4devuse suurendamisele, usalduslike suhete loomisele nendega. Samuti p\u00fc\u00fcame arvestada t\u00f6\u00f6tajate soove t\u00f6\u00f6korralduse s\u00fcsteemis. Meie peamised t\u00f6\u00f6tajad, kes teevad puhastust\u00f6id, on l\u00e4binud erialakoolituse ja neil on aastatepikkune t\u00f6\u00f6kogemus. Just sellisteks p\u00fc\u00fcame kujundada ka uusi t\u00f6\u00f6tajaid.<\/p>\n\n\n\n<p>Meie ettev\u00f5ttes hinnatakse k\u00f5rgelt vastutust,\nausust ja t\u00e4psust oma uute ja p\u00fcsiklientide teenindamisel. Otsime t\u00f6\u00f6tajaid,\nkes jagavad meie v\u00e4\u00e4rtusi ja teevad oma t\u00f6\u00f6d kohusetundlikult, et tagada edu ja\nparimad tulemused kogu ettev\u00f5ttele.<\/p>\n\n\n\n<p>Vaatamata sellele, et meie ettev\u00f5te on Eesti turul suhteliselt noor \u2013 oleme t\u00f6\u00f6tanud 8 aastat, on n\u00fc\u00fcdseks kujunenud m\u00f5ttekaaslaste \u00fchtehoidev, s\u00f5bralik kollektiiv, kus t\u00f6\u00f6tavad k\u00f5rge kvalifikatsiooniga noored ja energilised inimesed. K\u00f5ige t\u00e4htsam on see, et meie ettev\u00f5ttes t\u00f6\u00f6tamine annab v\u00f5imaluse edasiseks professionaalseks arenguks ja eneset\u00e4ienduseks.<\/p>\n\n\n\n<p>Ettev\u00f5tte juhi kogemus selles valdkonnas on \u00fcle 13 aasta. Selle aja jooksul pole omandatud mitte ainult teoreetilisi, vaid ka h\u00e4id praktilisi teadmisi! <\/p>\n\n\n\n<h4 class=\"wp-block-heading\"><strong>V\u00f5ib kindlalt v\u00e4ita, et me m\u00f5istame, kui raske on selle valdkonna t\u00f6\u00f6.<\/strong><\/h4>\n\n\n\n<p>Meie ettev\u00f5tte erip\u00e4raks on see, et isegi k\u00f5ige lihtsamate t\u00f6\u00f6de tegemiseks kasutame t\u00e4nap\u00e4evaseid ja usaldusv\u00e4\u00e4rseid seadmeid. N\u00e4iteks on m\u00f5ned professionaalsed seadmed, mida me oma t\u00f6\u00f6s kasutame, olemas veel vaid kahes v\u00f5i kolmes (ja sedagi vaid suurimates) Eesti ettev\u00f5ttes.<\/p>\n\n\n\n<p>Meie klientideks on kaubanduskeskused, restoranid, kontorihooned, ehitusettev\u00f5tted ja ettev\u00f5tted, mis tegelevad elu- ja \u00e4riruumide rendile andmisega.<\/p>\n\n\n\n<p>Meie kliendid on ka korteri\u00fchistud ja \u00fcksikisikud, kes \u00fcldiselt tellivad v\u00e4ikseid teenuseid.<\/p>\n\n\n\n<p>Tellimuste t\u00e4itmise korraldamine n\u00f5uab\nhoolikat ettevalmistust. Hoolime oma klientidest, p\u00fc\u00fcame tagada, et t\u00f6\u00f6d\nvalmiksid t\u00e4htajaks ja koost\u00f6\u00f6 klientidega, eriti p\u00fcsiklientidega, p\u00f5hineks\nusaldusel ning oleks positiivne.<\/p>\n\n\n\n<p>Oleme alati huvitatud uutest, huvitavatest ja ambitsioonikatest t\u00f6\u00f6tajatest, kelle kutseoskuste t\u00e4iendamisse v\u00f5iks investeerida aega ja energiat, et motiveerida neid just meie ettev\u00f5ttes t\u00f6\u00f6tama<\/p>\n\n\n\n<p>Seega, kui Teil tekkis huvi meie firmas t\u00f6\u00f6tada, siis registreeruge t\u00f6\u00f6vestlusele, j\u00e4ttes oma andmed <a href=\"\/et\/tagasiside-vorm\/\" target=\"_blank\" rel=\"noreferrer noopener\"><strong>tagasiside vormi<\/strong><\/a>, v\u00f5i esitage oma k\u00fcsimused e-posti teel,<strong> <a href=\"mailto:info@greenpath.ee\">info@greenpath.ee<\/a> \u00a0<\/strong><\/p>\n\n\n\n<p>Kirjutage, millises formaadis&nbsp; oleks Teil huvitav meiega koost\u00f6\u00f6d teha? Hea, kui teil juba on valmis CV. <\/p>\n\n\n\n<p>Meil oleks hea meel teiega suhelda, et saaksime endast ja vabadest t\u00f6\u00f6kohtadest l\u00e4hemalt r\u00e4\u00e4kida. <\/p>\n\n\n\n<p>Vabade ametikohtade standardse kirjelduse leiate allolevatelt linkidelt,<\/p>\n\n\n\n<ul class=\"wp-block-list\"><li><strong><a href=\"\/et\/vabad-tookohad\/eripuhastustooline\/\">Eripuhastus t\u00f6\u00f6line;<\/a><\/strong><\/li><li><strong><a href=\"\/et\/vabad-tookohad\/hoolduskoristus-tooline\/\">Hoolduskoristus t\u00f6\u00f6line.<\/a><\/strong><\/li><\/ul>\n","protected":false},"excerpt":{"rendered":"<p>Tere! T\u00e4name Teid selle eest, et tunnete huvi meie vabade t\u00f6\u00f6kohtade vastu. Tuginedes t\u00f5siasjale, et Teie seda teksti loete, v\u00f5ime j\u00e4reldada, et olete huvitatud meie ettev\u00f5ttes t\u00f6\u00f6tamise v\u00f5imalusest. Oma veebilehe sellel lehek\u00fcljel tahame jagada Teiega seda, miks tasub valida meie ettev\u00f5tte. On mitu asjaolu, mis eristavad meie ettev\u00f5tte t\u00f6\u00f6d teistest, N\u00f5ustuge sellega, et paljudes v\u00e4ikestes [&hellip;]<\/p>\n","protected":false},"author":2,"featured_media":0,"parent":0,"menu_order":4,"comment_status":"closed","ping_status":"closed","template":"","meta":{"footnotes":""},"class_list":["post-1672","page","type-page","status-publish","hentry"],"yoast_head":"<!-- This site is optimized with the Yoast SEO plugin v23.3 - https:\/\/yoast.com\/wordpress\/plugins\/seo\/ -->\n<title>Vabad t\u00f6\u00f6kohad &#8902; Green Path O\u00dc<\/title>\n<meta name=\"robots\" content=\"index, follow, max-snippet:-1, max-image-preview:large, max-video-preview:-1\" \/>\n<link rel=\"canonical\" href=\"https:\/\/greenpath.ee\/et\/vabad-tookohad\/\" \/>\n<meta property=\"og:locale\" content=\"et_EE\" \/>\n<meta property=\"og:locale:alternate\" content=\"ru_RU\" \/>\n<meta property=\"og:type\" content=\"article\" \/>\n<meta property=\"og:title\" content=\"Vabad t\u00f6\u00f6kohad\" \/>\n<meta property=\"og:description\" content=\"Tere! T\u00e4name Teid selle eest, et tunnete huvi meie vabade t\u00f6\u00f6kohtade vastu. Tuginedes t\u00f5siasjale, et Teie seda teksti loete, v\u00f5ime j\u00e4reldada, et olete huvitatud meie ettev\u00f5ttes t\u00f6\u00f6tamise v\u00f5imalusest. Oma veebilehe sellel lehek\u00fcljel tahame jagada Teiega seda, miks tasub valida meie ettev\u00f5tte. On mitu asjaolu, mis eristavad meie ettev\u00f5tte t\u00f6\u00f6d teistest, N\u00f5ustuge sellega, et paljudes v\u00e4ikestes [&hellip;]\" \/>\n<meta property=\"og:url\" content=\"https:\/\/greenpath.ee\/et\/vabad-tookohad\/\" \/>\n<meta property=\"og:site_name\" content=\"Green Path O\u00dc\" \/>\n<meta property=\"article:publisher\" content=\"https:\/\/www.facebook.com\/greenpath.ee\/\" \/>\n<meta property=\"article:modified_time\" content=\"2022-03-21T16:00:50+00:00\" \/>\n<meta name=\"twitter:card\" content=\"summary_large_image\" \/>\n<meta name=\"twitter:label1\" content=\"Est. reading time\" \/>\n\t<meta name=\"twitter:data1\" content=\"3 minutit\" \/>\n<script type=\"application\/ld+json\" class=\"yoast-schema-graph\">{\"@context\":\"https:\/\/schema.org\",\"@graph\":[{\"@type\":\"WebPage\",\"@id\":\"https:\/\/greenpath.ee\/ru\/vabad-tookohad\/\",\"url\":\"https:\/\/greenpath.ee\/ru\/vabad-tookohad\/\",\"name\":\"Vabad t\u00f6\u00f6kohad\",\"isPartOf\":{\"@id\":\"https:\/\/greenpath.ee\/et\/#website\"},\"datePublished\":\"2019-08-11T08:05:56+00:00\",\"dateModified\":\"2022-03-21T16:00:50+00:00\",\"breadcrumb\":{\"@id\":\"https:\/\/greenpath.ee\/ru\/vabad-tookohad\/#breadcrumb\"},\"inLanguage\":\"et\",\"potentialAction\":[{\"@type\":\"ReadAction\",\"target\":[\"https:\/\/greenpath.ee\/ru\/vabad-tookohad\/\"]}]},{\"@type\":\"BreadcrumbList\",\"@id\":\"https:\/\/greenpath.ee\/ru\/vabad-tookohad\/#breadcrumb\",\"itemListElement\":[{\"@type\":\"ListItem\",\"position\":1,\"name\":\"\u0413\u043b\u0430\u0432\u043d\u0430\u044f \u0441\u0442\u0440\u0430\u043d\u0438\u0446\u0430\",\"item\":\"https:\/\/greenpath.ee\/et\/\"},{\"@type\":\"ListItem\",\"position\":2,\"name\":\"\u0412\u0430\u043a\u0430\u043d\u0441\u0438\u0438\"}]},{\"@type\":\"WebSite\",\"@id\":\"https:\/\/greenpath.ee\/et\/#website\",\"url\":\"https:\/\/greenpath.ee\/et\/\",\"name\":\"Green Path O\u00dc\",\"description\":\"\",\"publisher\":{\"@id\":\"https:\/\/greenpath.ee\/et\/#organization\"},\"potentialAction\":[{\"@type\":\"SearchAction\",\"target\":{\"@type\":\"EntryPoint\",\"urlTemplate\":\"https:\/\/greenpath.ee\/et\/?s={search_term_string}\"},\"query-input\":\"required name=search_term_string\"}],\"inLanguage\":\"et\"},{\"@type\":\"Organization\",\"@id\":\"https:\/\/greenpath.ee\/et\/#organization\",\"name\":\"Green Path O\u00dc\",\"url\":\"https:\/\/greenpath.ee\/et\/\",\"logo\":{\"@type\":\"ImageObject\",\"inLanguage\":\"et\",\"@id\":\"https:\/\/greenpath.ee\/et\/#\/schema\/logo\/image\/\",\"url\":\"https:\/\/greenpath.ee\/wp-content\/uploads\/2019\/03\/logo.png\",\"contentUrl\":\"https:\/\/greenpath.ee\/wp-content\/uploads\/2019\/03\/logo.png\",\"width\":200,\"height\":90,\"caption\":\"Green Path O\u00dc\"},\"image\":{\"@id\":\"https:\/\/greenpath.ee\/et\/#\/schema\/logo\/image\/\"},\"sameAs\":[\"https:\/\/www.facebook.com\/greenpath.ee\/\"]}]}<\/script>\n<!-- \/ Yoast SEO plugin. -->","yoast_head_json":{"title":"Vabad t\u00f6\u00f6kohad &#8902; Green Path O\u00dc","robots":{"index":"index","follow":"follow","max-snippet":"max-snippet:-1","max-image-preview":"max-image-preview:large","max-video-preview":"max-video-preview:-1"},"canonical":"https:\/\/greenpath.ee\/et\/vabad-tookohad\/","og_locale":"et_EE","og_type":"article","og_title":"[:ru]\u0412\u0430\u043a\u0430\u043d\u0441\u0438\u0438[:et]Vabad t\u00f6\u00f6kohad[:] &#8902; Green Path O\u00dc","og_description":"Tere! T\u00e4name Teid selle eest, et tunnete huvi meie vabade t\u00f6\u00f6kohtade vastu. Tuginedes t\u00f5siasjale, et Teie seda teksti loete, v\u00f5ime j\u00e4reldada, et olete huvitatud meie ettev\u00f5ttes t\u00f6\u00f6tamise v\u00f5imalusest. Oma veebilehe sellel lehek\u00fcljel tahame jagada Teiega seda, miks tasub valida meie ettev\u00f5tte. On mitu asjaolu, mis eristavad meie ettev\u00f5tte t\u00f6\u00f6d teistest, N\u00f5ustuge sellega, et paljudes v\u00e4ikestes [&hellip;]","og_url":"https:\/\/greenpath.ee\/et\/vabad-tookohad\/","og_site_name":"Green Path O\u00dc","article_publisher":"https:\/\/www.facebook.com\/greenpath.ee\/","article_modified_time":"2022-03-21T16:00:50+00:00","twitter_card":"summary_large_image","twitter_misc":{"Est. reading time":"3 minutit"},"schema":{"@context":"https:\/\/schema.org","@graph":[{"@type":"WebPage","@id":"https:\/\/greenpath.ee\/ru\/vabad-tookohad\/","url":"https:\/\/greenpath.ee\/ru\/vabad-tookohad\/","name":"Vabad t\u00f6\u00f6kohad","isPartOf":{"@id":"https:\/\/greenpath.ee\/et\/#website"},"datePublished":"2019-08-11T08:05:56+00:00","dateModified":"2022-03-21T16:00:50+00:00","breadcrumb":{"@id":"https:\/\/greenpath.ee\/ru\/vabad-tookohad\/#breadcrumb"},"inLanguage":"et","potentialAction":[{"@type":"ReadAction","target":["https:\/\/greenpath.ee\/ru\/vabad-tookohad\/"]}]},{"@type":"BreadcrumbList","@id":"https:\/\/greenpath.ee\/ru\/vabad-tookohad\/#breadcrumb","itemListElement":[{"@type":"ListItem","position":1,"name":"\u0413\u043b\u0430\u0432\u043d\u0430\u044f \u0441\u0442\u0440\u0430\u043d\u0438\u0446\u0430","item":"https:\/\/greenpath.ee\/et\/"},{"@type":"ListItem","position":2,"name":"\u0412\u0430\u043a\u0430\u043d\u0441\u0438\u0438"}]},{"@type":"WebSite","@id":"https:\/\/greenpath.ee\/et\/#website","url":"https:\/\/greenpath.ee\/et\/","name":"Green Path O\u00dc","description":"","publisher":{"@id":"https:\/\/greenpath.ee\/et\/#organization"},"potentialAction":[{"@type":"SearchAction","target":{"@type":"EntryPoint","urlTemplate":"https:\/\/greenpath.ee\/et\/?s={search_term_string}"},"query-input":"required name=search_term_string"}],"inLanguage":"et"},{"@type":"Organization","@id":"https:\/\/greenpath.ee\/et\/#organization","name":"Green Path O\u00dc","url":"https:\/\/greenpath.ee\/et\/","logo":{"@type":"ImageObject","inLanguage":"et","@id":"https:\/\/greenpath.ee\/et\/#\/schema\/logo\/image\/","url":"https:\/\/greenpath.ee\/wp-content\/uploads\/2019\/03\/logo.png","contentUrl":"https:\/\/greenpath.ee\/wp-content\/uploads\/2019\/03\/logo.png","width":200,"height":90,"caption":"Green Path O\u00dc"},"image":{"@id":"https:\/\/greenpath.ee\/et\/#\/schema\/logo\/image\/"},"sameAs":["https:\/\/www.facebook.com\/greenpath.ee\/"]}]}},"_links":{"self":[{"href":"https:\/\/greenpath.ee\/et\/wp-json\/wp\/v2\/pages\/1672"}],"collection":[{"href":"https:\/\/greenpath.ee\/et\/wp-json\/wp\/v2\/pages"}],"about":[{"href":"https:\/\/greenpath.ee\/et\/wp-json\/wp\/v2\/types\/page"}],"author":[{"embeddable":true,"href":"https:\/\/greenpath.ee\/et\/wp-json\/wp\/v2\/users\/2"}],"replies":[{"embeddable":true,"href":"https:\/\/greenpath.ee\/et\/wp-json\/wp\/v2\/comments?post=1672"}],"version-history":[{"count":15,"href":"https:\/\/greenpath.ee\/et\/wp-json\/wp\/v2\/pages\/1672\/revisions"}],"predecessor-version":[{"id":1903,"href":"https:\/\/greenpath.ee\/et\/wp-json\/wp\/v2\/pages\/1672\/revisions\/1903"}],"wp:attachment":[{"href":"https:\/\/greenpath.ee\/et\/wp-json\/wp\/v2\/media?parent=1672"}],"curies":[{"name":"wp","href":"https:\/\/api.w.org\/{rel}","templated":true}]}}