{"id":1544,"date":"2019-05-05T12:31:17","date_gmt":"2019-05-05T10:31:17","guid":{"rendered":"https:\/\/greenpath.ee\/et\/?page_id=1544"},"modified":"2021-11-04T15:11:58","modified_gmt":"2021-11-04T13:11:58","slug":"tanavakivi-pesu","status":"publish","type":"page","link":"https:\/\/greenpath.ee\/et\/puhastusteenused\/tanavakivi-pesu\/","title":{"rendered":"T\u00e4navakivi pesu"},"content":{"rendered":"\n<p><strong>Meie ettev\u00f5tte \u00fcks olulisemaid tegevussuundi on t\u00e4navakivi pesu. T\u00e4navakivi on \u00fcks populaarsemaid materjale j\u00e4rgmiste kohtade sillutamiseks: <\/strong><\/p>\n\n\n\n<ul class=\"wp-block-list\"><li>erakruntidel asuvad parkimis- ja puhkealad;<\/li><li>avalikud k\u00f5nniteed;<\/li><li>linnahoonetega (pangad, hotellid, kaubanduskeskused) k\u00fclgnevad alad.<\/li><\/ul>\n\n\n\n<div class=\"wp-block-image\"><figure class=\"alignright is-resized\"><img loading=\"lazy\" decoding=\"async\" src=\"https:\/\/greenpath.ee\/wp-content\/uploads\/2019\/05\/T\u00e4navakivi-pesu.jpg\" alt=\"T\u00e4navakivi pesu\" class=\"wp-image-1584\" width=\"349\" height=\"200\" srcset=\"https:\/\/greenpath.ee\/wp-content\/uploads\/2019\/05\/T\u00e4navakivi-pesu.jpg 698w, https:\/\/greenpath.ee\/wp-content\/uploads\/2019\/05\/T\u00e4navakivi-pesu-300x172.jpg 300w\" sizes=\"(max-width: 349px) 100vw, 349px\" \/><figcaption>T\u00e4navakivi pesu<\/figcaption><\/figure><\/div>\n\n\n\n<p>See kate on ilus, vastupidav ning seda on&nbsp; lihtne kasutada. Kuid aja jooksul koguneb t\u00e4navakivi pinnale igat liiki mustust, n\u00e4iteks k\u00fctuse- ja m\u00e4\u00e4rdeaineplekid, hallitus, lindude v\u00e4ljaheited, ja hakkab vohama&nbsp; umbrohi ning sammal. K\u00f5ik see mitte ainult ei kahjusta pinna esteetilist v\u00e4limust, vaid v\u00f5ib deformeeruda ka m\u00f5ni l\u00f5ik, mille asendamine v\u00f5ib \u00fcpris kulukaks osutuda.<\/p>\n\n\n\n<p><strong>T\u00e4navakivi kasutusea pikendamiseks ja esialgse v\u00e4limuse taastamiseks<\/strong> vajate spetsiaalsete teadmiste, seadmete ja pesuvahenditega varustatud spetsialistide abi. Meie ettev\u00f5te <strong>Green Path O\u00dc<\/strong> sobib ideaalselt selle \u00fclesande t\u00e4itmiseks:<\/p>\n\n\n\n<ol class=\"wp-block-list\"><li>Meil on professionaalsed seadmed, mis v\u00f5imaldavad soojendada vett kuni 140 kraadini ja puhastada t\u00e4navakivi k\u00f5rgsurvega. <\/li><li>Oma t\u00f6\u00f6s kasutame spetsiaalseid keemilisi vahendeid, mis mitte ainult ei v\u00f5imalda pinda paremini puhastada, vaid pikendavad ka pesemise efekti pikemaks ajaks. <\/li><li>Meie meeskonnas on iga spetsialist&nbsp; l\u00e4binud koolituse ja neil on praktilise t\u00f6\u00f6 kogemused. <\/li><li>Teeme oma t\u00f6\u00f6 \u00e4ra rangelt kindlaksm\u00e4\u00e4ratud t\u00e4htajaks.<\/li><\/ol>\n\n\n\n<h2 class=\"wp-block-heading\">T\u00e4navakivi pesu teostatakse mitmes etapis:<\/h2>\n\n\n\n<ul class=\"wp-block-list\"><li> Meie ekspert s\u00f5idab objektile, et kontrollida t\u00f6\u00f6de mahtu, hinnata teekatte seisukorda, mustumise ulatust ja laadi. <\/li><li>Seej\u00e4rel valime sobivad seadmed ja kemikaalid, et tagada parim tulemus.<\/li><li>J\u00e4rgnevalt kannab spetsialist harjaga puhastusvahendi t\u00e4navakivile. Teine populaarne meetod on pihustusmeetod. <\/li><li>Kui pesemisvahend on t\u00e4ielikult m\u00f5junud, peseb t\u00f6\u00f6taja selle professionaalse k\u00f5rgsurvepesuriga maha.  <\/li><li>Raskesti ligip\u00e4\u00e4setavate kohtade v\u00f5i sisse s\u00f6\u00f6binud mustuse korral puhastavad meie spetsialistid plaate k\u00e4sitsi, kasutades muid t\u00f6\u00f6riistu ja harju. <\/li><\/ul>\n\n\n\n<p class=\"has-text-align-center\"><strong>Ja t\u00e4navakivid r\u00f5\u00f5mustavad teid taas oma puhtusega! <\/strong><\/p>\n\n\n\n<div style=\"height:100px\" aria-hidden=\"true\" class=\"wp-block-spacer\"><\/div>\n\n\n\n<p>Muidugi ei taga \u00fchekordne pesu igavest puhtust &nbsp;&#8211; &nbsp;protseduuri tuleb korrata perioodiliselt. Ettev\u00f5te Green Path O\u00dc pakub kvaliteetset t\u00e4navakivi pesu teenust nii Tallinnas kui ka terves Eestis. <\/p>\n\n\n\n<p>Saate teenuse tellida kohe n\u00fc\u00fcd, helistades meile v\u00f5i t\u00e4ites <strong><a rel=\"noreferrer noopener\" aria-label=\"tagasisidevormi (\u043e\u0442\u043a\u0440\u043e\u0435\u0442\u0441\u044f \u0432 \u043d\u043e\u0432\u043e\u0439 \u0432\u043a\u043b\u0430\u0434\u043a\u0435)\" href=\"\/et\/tagasiside-vorm\/\" target=\"_blank\">tagasisidevormi<\/a><\/strong>.  Ka v\u00f5ite kirjutada meile s\u00f5numi <strong><a rel=\"noreferrer noopener\" href=\"https:\/\/www.facebook.com\/greenpath.ee\" target=\"_blank\">Facebooki<\/a><\/strong> lehele. <\/p>\n\n\n\n<div style=\"height:100px\" aria-hidden=\"true\" class=\"wp-block-spacer\"><\/div>\n\n\n<h3 style=\"text-align: center;\"><span style=\"color: #333399;\"><strong>Tellimus Teilt \u2013 puhtus ja kord Meilt!<\/strong><\/span><\/h3>\n<p style=\"text-align: center;\"><!-- \/wp:paragraph --> <!-- wp:paragraph --><\/p>\n<h4 style=\"text-align: center;\"><span style=\"color: #ff0000;\"><strong>Helistage ja me v\u00f5ime juba praegu alustada t\u00f6\u00f6d!<\/strong><\/span><\/h4>\n<h4 style=\"text-align: center;\"><span style=\"color: #ff0000;\"><!-- \/wp:paragraph --> <!-- wp:paragraph --><\/span><\/h4>\n<h4 style=\"text-align: center;\"><span style=\"color: #ff0000;\"><strong><a style=\"color: #ff0000;\" href=\"tel:+37256815681\">+372 5681 5681<\/a><\/strong><\/span><!--EndFragment--><\/h4>\n<p><!--EndFragment--><\/p>","protected":false},"excerpt":{"rendered":"<p>Meie ettev\u00f5tte \u00fcks olulisemaid tegevussuundi on t\u00e4navakivi pesu. T\u00e4navakivi on \u00fcks populaarsemaid materjale j\u00e4rgmiste kohtade sillutamiseks: erakruntidel asuvad parkimis- ja puhkealad; avalikud k\u00f5nniteed; linnahoonetega (pangad, hotellid, kaubanduskeskused) k\u00fclgnevad alad. See kate on ilus, vastupidav ning seda on&nbsp; lihtne kasutada. Kuid aja jooksul koguneb t\u00e4navakivi pinnale igat liiki mustust, n\u00e4iteks k\u00fctuse- ja m\u00e4\u00e4rdeaineplekid, hallitus, lindude v\u00e4ljaheited, [&hellip;]<\/p>\n","protected":false},"author":2,"featured_media":0,"parent":23,"menu_order":9,"comment_status":"closed","ping_status":"closed","template":"","meta":{"footnotes":""},"class_list":["post-1544","page","type-page","status-publish","hentry"],"yoast_head":"<!-- This site is optimized with the Yoast SEO plugin v23.3 - https:\/\/yoast.com\/wordpress\/plugins\/seo\/ -->\n<title>T\u00e4navakivi pesu &#8902; Green Path O\u00dc &#8902; Tel: 5681 5681<\/title>\n<meta name=\"description\" content=\"T\u00e4navakivi pesu\" \/>\n<meta name=\"robots\" content=\"index, follow, max-snippet:-1, max-image-preview:large, max-video-preview:-1\" \/>\n<link rel=\"canonical\" href=\"https:\/\/greenpath.ee\/et\/puhastusteenused\/tanavakivi-pesu\/\" \/>\n<meta property=\"og:locale\" content=\"et_EE\" \/>\n<meta property=\"og:locale:alternate\" content=\"ru_RU\" \/>\n<meta property=\"og:type\" content=\"article\" \/>\n<meta property=\"og:title\" content=\"T\u00e4navakivi pesu\" \/>\n<meta property=\"og:description\" content=\"T\u00e4navakivi pesu\" \/>\n<meta property=\"og:url\" content=\"https:\/\/greenpath.ee\/et\/puhastusteenused\/tanavakivi-pesu\/\" \/>\n<meta property=\"og:site_name\" content=\"Green Path O\u00dc\" \/>\n<meta property=\"article:publisher\" content=\"https:\/\/www.facebook.com\/greenpath.ee\/\" \/>\n<meta property=\"article:modified_time\" content=\"2021-11-04T13:11:58+00:00\" \/>\n<meta property=\"og:image\" content=\"https:\/\/greenpath.ee\/wp-content\/uploads\/2019\/05\/\u041c\u043e\u0439\u043a\u0430-\u0442\u0440\u043e\u0442\u0443\u0430\u0440\u043d\u043e\u0433\u043e-\u043a\u0430\u043c\u043d\u044f.jpg\" \/>\n<meta name=\"twitter:card\" content=\"summary_large_image\" \/>\n<meta name=\"twitter:label1\" content=\"Est. reading time\" \/>\n\t<meta name=\"twitter:data1\" content=\"2 minutit\" \/>\n<script type=\"application\/ld+json\" class=\"yoast-schema-graph\">{\"@context\":\"https:\/\/schema.org\",\"@graph\":[{\"@type\":\"WebPage\",\"@id\":\"https:\/\/greenpath.ee\/ru\/puhastusteenused\/tanavakivi-pesu\/\",\"url\":\"https:\/\/greenpath.ee\/ru\/puhastusteenused\/tanavakivi-pesu\/\",\"name\":\"T\u00e4navakivi pesu\",\"isPartOf\":{\"@id\":\"https:\/\/greenpath.ee\/et\/#website\"},\"datePublished\":\"2019-05-05T10:31:17+00:00\",\"dateModified\":\"2021-11-04T13:11:58+00:00\",\"description\":\"T\u00e4navakivi pesu\",\"breadcrumb\":{\"@id\":\"https:\/\/greenpath.ee\/ru\/puhastusteenused\/tanavakivi-pesu\/#breadcrumb\"},\"inLanguage\":\"et\",\"potentialAction\":[{\"@type\":\"ReadAction\",\"target\":[\"https:\/\/greenpath.ee\/ru\/puhastusteenused\/tanavakivi-pesu\/\"]}]},{\"@type\":\"BreadcrumbList\",\"@id\":\"https:\/\/greenpath.ee\/ru\/puhastusteenused\/tanavakivi-pesu\/#breadcrumb\",\"itemListElement\":[{\"@type\":\"ListItem\",\"position\":1,\"name\":\"\u0413\u043b\u0430\u0432\u043d\u0430\u044f \u0441\u0442\u0440\u0430\u043d\u0438\u0446\u0430\",\"item\":\"https:\/\/greenpath.ee\/et\/\"},{\"@type\":\"ListItem\",\"position\":2,\"name\":\"\u0423\u0441\u043b\u0443\u0433\u0438 \u043f\u043e \u0443\u0431\u043e\u0440\u043a\u0435\",\"item\":\"https:\/\/greenpath.ee\/ru\/puhastusteenused\/\"},{\"@type\":\"ListItem\",\"position\":3,\"name\":\"T\u00e4navakivi pesu\"}]},{\"@type\":\"WebSite\",\"@id\":\"https:\/\/greenpath.ee\/et\/#website\",\"url\":\"https:\/\/greenpath.ee\/et\/\",\"name\":\"Green Path O\u00dc\",\"description\":\"\",\"publisher\":{\"@id\":\"https:\/\/greenpath.ee\/et\/#organization\"},\"potentialAction\":[{\"@type\":\"SearchAction\",\"target\":{\"@type\":\"EntryPoint\",\"urlTemplate\":\"https:\/\/greenpath.ee\/et\/?s={search_term_string}\"},\"query-input\":\"required name=search_term_string\"}],\"inLanguage\":\"et\"},{\"@type\":\"Organization\",\"@id\":\"https:\/\/greenpath.ee\/et\/#organization\",\"name\":\"Green Path O\u00dc\",\"url\":\"https:\/\/greenpath.ee\/et\/\",\"logo\":{\"@type\":\"ImageObject\",\"inLanguage\":\"et\",\"@id\":\"https:\/\/greenpath.ee\/et\/#\/schema\/logo\/image\/\",\"url\":\"https:\/\/greenpath.ee\/wp-content\/uploads\/2019\/03\/logo.png\",\"contentUrl\":\"https:\/\/greenpath.ee\/wp-content\/uploads\/2019\/03\/logo.png\",\"width\":200,\"height\":90,\"caption\":\"Green Path O\u00dc\"},\"image\":{\"@id\":\"https:\/\/greenpath.ee\/et\/#\/schema\/logo\/image\/\"},\"sameAs\":[\"https:\/\/www.facebook.com\/greenpath.ee\/\"]}]}<\/script>\n<!-- \/ Yoast SEO plugin. -->","yoast_head_json":{"title":"T\u00e4navakivi pesu &#8902; Green Path O\u00dc &#8902; Tel: 5681 5681","description":"T\u00e4navakivi kasutusea pikendamiseks ja esialgse v\u00e4limuse taastamiseks on vajav spetsiaalsed teadmisi ja seadmeid. Meie pakume Teile [:ru]\u041c\u043e\u0439\u043a\u0430 \u0442\u0440\u043e\u0442\u0443\u0430\u0440\u043d\u043e\u0433\u043e \u043a\u0430\u043c\u043d\u044f[:et]T\u00e4navakivi pesu[:] teenust.","robots":{"index":"index","follow":"follow","max-snippet":"max-snippet:-1","max-image-preview":"max-image-preview:large","max-video-preview":"max-video-preview:-1"},"canonical":"https:\/\/greenpath.ee\/et\/puhastusteenused\/tanavakivi-pesu\/","og_locale":"et_EE","og_type":"article","og_title":"[:ru]\u041c\u043e\u0439\u043a\u0430 \u0442\u0440\u043e\u0442\u0443\u0430\u0440\u043d\u043e\u0433\u043e \u043a\u0430\u043c\u043d\u044f[:et]T\u00e4navakivi pesu[:] &#8902; Green Path O\u00dc &#8902; Tel: 5681 5681","og_description":"T\u00e4navakivi kasutusea pikendamiseks ja esialgse v\u00e4limuse taastamiseks on vajav spetsiaalsed teadmisi ja seadmeid. Meie pakume Teile [:ru]\u041c\u043e\u0439\u043a\u0430 \u0442\u0440\u043e\u0442\u0443\u0430\u0440\u043d\u043e\u0433\u043e \u043a\u0430\u043c\u043d\u044f[:et]T\u00e4navakivi pesu[:] teenust.","og_url":"https:\/\/greenpath.ee\/et\/puhastusteenused\/tanavakivi-pesu\/","og_site_name":"Green Path O\u00dc","article_publisher":"https:\/\/www.facebook.com\/greenpath.ee\/","article_modified_time":"2021-11-04T13:11:58+00:00","og_image":[{"url":"https:\/\/greenpath.ee\/wp-content\/uploads\/2019\/05\/\u041c\u043e\u0439\u043a\u0430-\u0442\u0440\u043e\u0442\u0443\u0430\u0440\u043d\u043e\u0433\u043e-\u043a\u0430\u043c\u043d\u044f.jpg"}],"twitter_card":"summary_large_image","twitter_misc":{"Est. reading time":"2 minutit"},"schema":{"@context":"https:\/\/schema.org","@graph":[{"@type":"WebPage","@id":"https:\/\/greenpath.ee\/ru\/puhastusteenused\/tanavakivi-pesu\/","url":"https:\/\/greenpath.ee\/ru\/puhastusteenused\/tanavakivi-pesu\/","name":"T\u00e4navakivi pesu","isPartOf":{"@id":"https:\/\/greenpath.ee\/et\/#website"},"datePublished":"2019-05-05T10:31:17+00:00","dateModified":"2021-11-04T13:11:58+00:00","description":"T\u00e4navakivi pesu","breadcrumb":{"@id":"https:\/\/greenpath.ee\/ru\/puhastusteenused\/tanavakivi-pesu\/#breadcrumb"},"inLanguage":"et","potentialAction":[{"@type":"ReadAction","target":["https:\/\/greenpath.ee\/ru\/puhastusteenused\/tanavakivi-pesu\/"]}]},{"@type":"BreadcrumbList","@id":"https:\/\/greenpath.ee\/ru\/puhastusteenused\/tanavakivi-pesu\/#breadcrumb","itemListElement":[{"@type":"ListItem","position":1,"name":"\u0413\u043b\u0430\u0432\u043d\u0430\u044f \u0441\u0442\u0440\u0430\u043d\u0438\u0446\u0430","item":"https:\/\/greenpath.ee\/et\/"},{"@type":"ListItem","position":2,"name":"\u0423\u0441\u043b\u0443\u0433\u0438 \u043f\u043e \u0443\u0431\u043e\u0440\u043a\u0435","item":"https:\/\/greenpath.ee\/ru\/puhastusteenused\/"},{"@type":"ListItem","position":3,"name":"T\u00e4navakivi pesu"}]},{"@type":"WebSite","@id":"https:\/\/greenpath.ee\/et\/#website","url":"https:\/\/greenpath.ee\/et\/","name":"Green Path O\u00dc","description":"","publisher":{"@id":"https:\/\/greenpath.ee\/et\/#organization"},"potentialAction":[{"@type":"SearchAction","target":{"@type":"EntryPoint","urlTemplate":"https:\/\/greenpath.ee\/et\/?s={search_term_string}"},"query-input":"required name=search_term_string"}],"inLanguage":"et"},{"@type":"Organization","@id":"https:\/\/greenpath.ee\/et\/#organization","name":"Green Path O\u00dc","url":"https:\/\/greenpath.ee\/et\/","logo":{"@type":"ImageObject","inLanguage":"et","@id":"https:\/\/greenpath.ee\/et\/#\/schema\/logo\/image\/","url":"https:\/\/greenpath.ee\/wp-content\/uploads\/2019\/03\/logo.png","contentUrl":"https:\/\/greenpath.ee\/wp-content\/uploads\/2019\/03\/logo.png","width":200,"height":90,"caption":"Green Path O\u00dc"},"image":{"@id":"https:\/\/greenpath.ee\/et\/#\/schema\/logo\/image\/"},"sameAs":["https:\/\/www.facebook.com\/greenpath.ee\/"]}]}},"_links":{"self":[{"href":"https:\/\/greenpath.ee\/et\/wp-json\/wp\/v2\/pages\/1544"}],"collection":[{"href":"https:\/\/greenpath.ee\/et\/wp-json\/wp\/v2\/pages"}],"about":[{"href":"https:\/\/greenpath.ee\/et\/wp-json\/wp\/v2\/types\/page"}],"author":[{"embeddable":true,"href":"https:\/\/greenpath.ee\/et\/wp-json\/wp\/v2\/users\/2"}],"replies":[{"embeddable":true,"href":"https:\/\/greenpath.ee\/et\/wp-json\/wp\/v2\/comments?post=1544"}],"version-history":[{"count":36,"href":"https:\/\/greenpath.ee\/et\/wp-json\/wp\/v2\/pages\/1544\/revisions"}],"predecessor-version":[{"id":1880,"href":"https:\/\/greenpath.ee\/et\/wp-json\/wp\/v2\/pages\/1544\/revisions\/1880"}],"up":[{"embeddable":true,"href":"https:\/\/greenpath.ee\/et\/wp-json\/wp\/v2\/pages\/23"}],"wp:attachment":[{"href":"https:\/\/greenpath.ee\/et\/wp-json\/wp\/v2\/media?parent=1544"}],"curies":[{"name":"wp","href":"https:\/\/api.w.org\/{rel}","templated":true}]}}