{"id":152,"date":"2013-08-03T13:05:57","date_gmt":"2013-08-03T10:05:57","guid":{"rendered":"http:\/\/greenpath.ee\/?page_id=152"},"modified":"2022-11-08T21:03:59","modified_gmt":"2022-11-08T19:03:59","slug":"lumekoristus-katuselt","status":"publish","type":"page","link":"https:\/\/greenpath.ee\/et\/puhastusteenused\/lumekoristus-katuselt\/","title":{"rendered":"Lumekoristus katuselt"},"content":{"rendered":"\n<p><span style=\"font-family: verdana, geneva; font-size: 10pt;\"><strong>\u00dcks meie firma teenus on lumekoristus katuselt, j\u00e4\u00e4 ja j\u00e4\u00e4purikate eemaldamine.<\/strong><\/span><\/p>\n\n\n\n<p><span style=\"font-family: verdana, geneva; font-size: 10pt;\">Igal aastal saavad sajad Eesti inimesed kannatada katuselt kukkunud lume ja j\u00e4\u00e4purikate t\u00f5ttu. Kahjuks l\u00f5ppevad m\u00f5ned juhtumid v\u00e4ga traagiliselt. Hoonete valdajatel tuleb meeles pidada, et katuselt kukkunud lumemass v\u00f5i j\u00e4\u00e4purikas v\u00f5ib neile kalliks maksma minna, seet\u00f5ttu lume ja j\u00e4\u00e4purikate \u00f5igeaegne koristamine katuse \u00fcmbert mitte ainult ei s\u00e4\u00e4sta teie n\u00e4rve ja raha, vaid p\u00e4\u00e4stab kellegi elu.<\/span><\/p>\n\n\n\n<h2 class=\"wp-block-heading\">Milleks on vaja lumekoristus katuselt korraldada ja j\u00e4\u00e4purikaid eemaldada?<\/h2>\n\n\n\n<p><span style=\"font-family: verdana, geneva; font-size: 10pt;\">Asi on selles, et kui p\u00e4ike katusel olevat lund soojendab, hakkab sulavesi m\u00f6\u00f6da vihmaveetorusid ja renne alla voolama, ja kuna nende temperatuur on madalam, hakkab vesi seal v\u00e4hehaaval k\u00fclmuma, sulgedes endal liikumistee. Aga kuhu sulaveel katuselt minna on? Kui katus ei ole kindel \u2013 selles on praod ja m\u00f5rad \u2013 n\u00f5rgub vesi sissepoole. Osa sulaveest muutub massiivseteks j\u00e4\u00e4purikateks, mis katuse k\u00fcljes \u00e4hvardavalt ripuvad, igal hetkel valmis alla kukkuma, sellega inimeste elu ja vara ohtu seades.<\/span><\/p>\n\n\n\n<p><span style=\"font-size: 10pt;\"><strong><span style=\"font-family: verdana, geneva;\">\u00c4rge unustage vihmavees\u00fcsteeme.<\/span><\/strong><\/span><\/p>\n\n\n\n<p><span style=\"font-family: verdana, geneva; font-size: 10pt;\">T\u00e4iuslikult funktsioneeriv vihmavees\u00fcsteem on \u00fcks katuse pika t\u00f6\u00f6ea ja kahjustuste, lekete ja enneaegse kulumise v\u00e4ltimise tagatis. Paraku ei t\u00e4ida iga vihmavees\u00fcsteem talvel kaugeltki 100% oma funktsioone. Pahatihti j\u00e4\u00e4tub sulavesi m\u00f5ningatel p\u00f5hjustel vihmaveetorudes ja rennides, moodustades j\u00e4\u00e4, mis need ummistab. J\u00e4\u00e4 edasine teke v\u00f5ib saada vihmavees\u00fcsteemi vigastuste ja selle detailide lahtituleku p\u00f5hjuseks.<\/span><\/p>\n\n\n\n<p><span style=\"font-family: verdana, geneva; font-size: 10pt;\">Hoonete ekspluateerimisel talvetingimustes tuleb meie regioonis katuseid lumistest \u201ekingitustest\u201c \u00f5igel ajal puhastada. J\u00e4\u00e4, lumi, karniisidelt alla rippuvad j\u00e4\u00e4purikad on mitte ainult katuse ja vihmavees\u00fcsteemi vigastuste p\u00f5hjus, vaid kujutavad reaalset ohtu nende inimeste tervisele ja elule, kes m\u00f6\u00f6duvad hoonest ohtlikus tsoonis.<\/span><\/p>\n\n\n\n<p><span style=\"font-family: verdana, geneva; font-size: 10pt;\">Lisaks sellele v\u00f5ib j\u00e4\u00e4 moodustumine p\u00e4rast temperatuurik\u00f5ikumisi viia m\u00f5rade tekkeni hoone katuses. Kui katust regulaarselt mitte puhastada, v\u00f5ib sinna koguneda suur kogus lund, mis v\u00f5ib sealt alla kukkuda. Seejuures on katuse remont ja taastamine lume- ja j\u00e4\u00e4koristust\u00f6\u00f6de maksumusest palju kallim. \u00c4rge oodake, kuni saab kannatada m\u00f5ni inimene v\u00f5i kahjustada vara. Tellige meilt katuselt lume koristamise teenus \u00f5igeaegselt.<\/span><\/p>\n\n\n\n<p><span style=\"font-size: 10pt;\"><strong><span style=\"font-family: verdana, geneva;\">Teie hoonest v\u00f5ib m\u00f6\u00f6da k\u00e4ia ilma kartuseta.<\/span><\/strong><\/span><\/p>\n\n\n\n<p><span style=\"font-family: verdana, geneva; font-size: 10pt;\">Lume kukkumisel katustelt s\u00f5iduteele ja jalak\u00e4ijate tsooni lasub kogu vastutus t\u00e4ielikult hoone valdaja \u00f5lul, ja et v\u00e4ltida ebameeldivusi ja mitte seada jalak\u00e4ijaid ja pargitud autosid ohtu, tuleb katust kindlasti j\u00e4\u00e4st puhastada ja lumi sealt alla visata.<\/span><\/p>\n\n\n\n<div class=\"wp-block-image\"><figure class=\"alignright is-resized\"><img loading=\"lazy\" decoding=\"async\" src=\"https:\/\/greenpath.ee\/wp-content\/uploads\/2016\/01\/Lumekoristus-katuselt.jpg\" alt=\"Lumekoristus katuselt ja j\u00e4\u00e4purikate eemaldamine\" class=\"wp-image-633\" width=\"351\" height=\"234\"\/><figcaption>Lumekoristus katuselt ja j\u00e4\u00e4purikate eemaldamine<\/figcaption><\/figure><\/div>\n\n\n\n<p><span style=\"font-family: verdana, geneva; font-size: 10pt;\">Katust puhastada ja j\u00e4\u00e4d eemaldada tuleb regulaarselt, sest \u00fchest korrast v\u00f5ib v\u00e4heks j\u00e4\u00e4da. See<br>on seotud sellega, et lund sajab terve talve, ja j\u00e4relikult kuhjub seda katusele pidevalt. Paljudel juhtudel v\u00f5ib lumekatte k\u00f5rgus ulatuda \u00fcle meetri. Ja parem on mitte oodata seda, mis v\u00f5ib juhtuda siis, kui lumi ja j\u00e4\u00e4 alla varisevad.<\/span><\/p>\n\n\n\n<p><span style=\"font-family: verdana, geneva; font-size: 10pt;\">T\u00e4nap\u00e4eva majadel on v\u00e4ga tihti keeruline konstruktsioon, mille t\u00f5ttu lumekuhjatiste koristamine on v\u00e4ga ohtlik t\u00f6\u00f6.<\/span><\/p>\n\n\n\n<p><span style=\"font-family: verdana, geneva; font-size: 10pt;\">Kui tellite meie firmast lume- ja j\u00e4\u00e4koristust\u00f6\u00f6d , v\u00f5ite olla t\u00e4iesti kindel, et meie professionaalsed k\u00f5rgt\u00f6\u00f6lised puhastavad \u00e4ra mis tahes keerukusega katuse \u2013 alates lamedast kuni k\u00f5ige j\u00e4rsemani. Nad ei kahjusta katust, milline see ka ei oleks. T\u00f6\u00f6de kvaliteetseks ja kiireks teostamiseks on meie spetsialistidel vajalik varustus ning j\u00e4\u00e4 ja lume koristamise suur kogemus.<\/span><\/p>\n\n\n\n<div style=\"height:100px\" aria-hidden=\"true\" class=\"wp-block-spacer\"><\/div>\n\n\n\n<p><span style=\"font-family: verdana, geneva; font-size: 10pt;\"><strong>Green Path O\u00dc \u2013 inimeste ja autode ohutuse garantii!<\/strong><b><\/b><\/span><\/p>\n\n\n\n<p><span style=\"font-family: verdana, geneva; font-size: 10pt;\">Me m\u00f5istame, kui t\u00e4htis on see, et katuse puhastamine lumest ja j\u00e4\u00e4st toimuks ettevaatlikult ja korralikult, katust kahjustamata. Meie firma spetsialistid puhastavad katuse lumest ja j\u00e4\u00e4st, arvestades katuse liiki ja kasutades seadmeid ning t\u00f6\u00f6riistu, mis ei kahjusta katusepinda.<\/span><br><span style=\"font-family: verdana, geneva; font-size: 10pt;\">Lumekoristus katuselt ja j\u00e4\u00e4purikate eemaldamise t\u00f6id teostavad professionaalse v\u00e4lja\u00f5ppega ja k\u00f5rgt\u00f6\u00f6 kogemusega inimesed, mis viib ohtlike olukordade tekke v\u00f5imaluse miinimumini. <\/span><br><span style=\"font-family: verdana, geneva; font-size: 10pt;\">Meie firma pakub Teile taskukohase hinna eest katuste lumest ja j\u00e4\u00e4purikatest puhastamise teenust Tallinnas, garanteerides t\u00f6\u00f6de kvaliteedi ja operatiivsuse. Me tuleme kohale t\u00e4pselt tellijaga kokku lepitud ajal ja igasuguse ilmaga. Lumekoristus katuselt ja j\u00e4\u00e4purikate eemaldamise t\u00f6\u00f6de t\u00e4htajad on l\u00fchikesed. Meiega on v\u00e4ga meeldiv koost\u00f6\u00f6d teha, sest meil on paindlik graafik, pakume tasuta v\u00e4ljas\u00f5itu objektile katuse \u00fclevaatuseks, lepingu s\u00f5lmimise v\u00f5imalust, Teile sobivat makseviisi.<\/span><\/p>\n\n\n\n<p><span style=\"font-size: 10pt;\"><strong><span style=\"font-family: verdana, geneva;\">Hoidke oma maja katust!<\/span><\/strong><\/span><\/p>\n\n\n\n<p><span style=\"font-family: verdana, geneva; font-size: 10pt;\">Me ei paista silma mitte ainult t\u00f6\u00f6 kvaliteedi ja teostamise kiiruse, vaid ka teenuse konkurentsiv\u00f5imelise hinna poolest. Me pakume nii katuste lumest puhastamise \u00fchekordset teenust kui ka majade pidevat hooldust, v\u00f5imaldades oma teenustelt soodustusi, seda k\u00f5ike peamiselt Tallinnas ja Harjumaal, kuid vajadusel ka \u00fcle terve Eesti.<\/span><\/p>\n\n\n\n<p><span style=\"font-family: verdana, geneva; font-size: 10pt;\">Teenus hoiab \u00e4ra hoone kahjustumise, kaitseb maja akende all asuvaid inimesi ja autosid katuselt kukkuva j\u00e4\u00e4, lume ning purikate eest. Teenuse maksumus s\u00f5ltub koristamise perioodilisusest, katusepinnast ja koristatava lume kogusest.<\/span><\/p>\n\n\n\n<p><span style=\"font-family: verdana, geneva; font-size: 10pt;\">Ei maksa oodata kevadet v\u00f5i seda, et lumi sulab ise \u00e4ra. Kevad v\u00f5ib viibida, aga katus \u2013 ei pea koormusele vastu.<\/span><\/p>\n\n\n\n<p><span style=\"font-family: verdana, geneva; font-size: 10pt;\">\u00c4rge pange saatust proovile, p\u00f6\u00f6rduge varakult meie poole. Esitage k\u00fcsimus v\u00f5i tellige lumekoristus kohe, t\u00e4ites <strong><a title=\"Kontakt\" rel=\"noopener noreferrer\" href=\"\/et\/tagasiside-vorm\" target=\"_blank\">tagasiside<\/a><\/strong>&nbsp;vormi v\u00f5i kirjutades meile <strong><a href=\"https:\/\/www.facebook.com\/greenpath.ee\" target=\"_blank\" rel=\"noreferrer noopener\" aria-label=\" (\u043e\u0442\u043a\u0440\u043e\u0435\u0442\u0441\u044f \u0432 \u043d\u043e\u0432\u043e\u0439 \u0432\u043a\u043b\u0430\u0434\u043a\u0435)\">Facebooki<\/a><\/strong> lehele.<\/span><\/p>\n\n\n\n<div style=\"height:100px\" aria-hidden=\"true\" class=\"wp-block-spacer\"><\/div>\n\n\n<h3 style=\"text-align: center;\"><span style=\"color: #333399;\"><strong>Tellimus Teilt \u2013 puhtus ja kord Meilt!<\/strong><\/span><\/h3>\n<p style=\"text-align: center;\"><!-- \/wp:paragraph --> <!-- wp:paragraph --><\/p>\n<h4 style=\"text-align: center;\"><span style=\"color: #ff0000;\"><strong>Helistage ja me v\u00f5ime juba praegu alustada t\u00f6\u00f6d!<\/strong><\/span><\/h4>\n<h4 style=\"text-align: center;\"><span style=\"color: #ff0000;\"><!-- \/wp:paragraph --> <!-- wp:paragraph --><\/span><\/h4>\n<h4 style=\"text-align: center;\"><span style=\"color: #ff0000;\"><strong><a style=\"color: #ff0000;\" href=\"tel:+37256815681\">+372 5681 5681<\/a><\/strong><\/span><\/h4>","protected":false},"excerpt":{"rendered":"<p>\u00dcks meie firma teenus on lumekoristus katuselt, j\u00e4\u00e4 ja j\u00e4\u00e4purikate eemaldamine. Igal aastal saavad sajad Eesti inimesed kannatada katuselt kukkunud lume ja j\u00e4\u00e4purikate t\u00f5ttu. Kahjuks l\u00f5ppevad m\u00f5ned juhtumid v\u00e4ga traagiliselt. Hoonete valdajatel tuleb meeles pidada, et katuselt kukkunud lumemass v\u00f5i j\u00e4\u00e4purikas v\u00f5ib neile kalliks maksma minna, seet\u00f5ttu lume ja j\u00e4\u00e4purikate \u00f5igeaegne koristamine katuse \u00fcmbert mitte [&hellip;]<\/p>\n","protected":false},"author":2,"featured_media":0,"parent":23,"menu_order":7,"comment_status":"closed","ping_status":"closed","template":"","meta":{"footnotes":""},"class_list":["post-152","page","type-page","status-publish","hentry"],"yoast_head":"<!-- This site is optimized with the Yoast SEO plugin v23.3 - https:\/\/yoast.com\/wordpress\/plugins\/seo\/ -->\n<title>Lumekoristus katuselt &#8902; Green Path O\u00dc &#8902; Tel: 5681 5681<\/title>\n<meta name=\"description\" content=\"\u00dcks meie firma teenus on lumekoristus katuselt, j\u00e4\u00e4 ja j\u00e4\u00e4purikate eemaldamine.\u00a0\u00c4rge oodake, kuni saab kannatada m\u00f5ni inimene v\u00f5i kahjustada vara.\" \/>\n<meta name=\"robots\" content=\"index, follow, max-snippet:-1, max-image-preview:large, max-video-preview:-1\" \/>\n<link rel=\"canonical\" href=\"https:\/\/greenpath.ee\/et\/puhastusteenused\/lumekoristus-katuselt\/\" \/>\n<meta property=\"og:locale\" content=\"et_EE\" \/>\n<meta property=\"og:locale:alternate\" content=\"ru_RU\" \/>\n<meta property=\"og:type\" content=\"article\" \/>\n<meta property=\"og:title\" content=\"Lumekoristus katuselt\" \/>\n<meta property=\"og:description\" content=\"\u00dcks meie firma teenus on lumekoristus katuselt, j\u00e4\u00e4 ja j\u00e4\u00e4purikate eemaldamine.\u00a0\u00c4rge oodake, kuni saab kannatada m\u00f5ni inimene v\u00f5i kahjustada vara.\" \/>\n<meta property=\"og:url\" content=\"https:\/\/greenpath.ee\/et\/puhastusteenused\/lumekoristus-katuselt\/\" \/>\n<meta property=\"og:site_name\" content=\"Green Path O\u00dc\" \/>\n<meta property=\"article:publisher\" content=\"https:\/\/www.facebook.com\/greenpath.ee\/\" \/>\n<meta property=\"article:modified_time\" content=\"2022-11-08T19:03:59+00:00\" \/>\n<meta property=\"og:image\" content=\"https:\/\/greenpath.ee\/wp-content\/uploads\/2016\/01\/Lumekoristus-katuselt.jpg\" \/>\n<meta name=\"twitter:card\" content=\"summary_large_image\" \/>\n<meta name=\"twitter:label1\" content=\"Est. reading time\" \/>\n\t<meta name=\"twitter:data1\" content=\"6 minutit\" \/>\n<script type=\"application\/ld+json\" class=\"yoast-schema-graph\">{\"@context\":\"https:\/\/schema.org\",\"@graph\":[{\"@type\":\"WebPage\",\"@id\":\"https:\/\/greenpath.ee\/ru\/puhastusteenused\/lumekoristus-katuselt\/\",\"url\":\"https:\/\/greenpath.ee\/ru\/puhastusteenused\/lumekoristus-katuselt\/\",\"name\":\"Lumekoristus katuselt\",\"isPartOf\":{\"@id\":\"https:\/\/greenpath.ee\/et\/#website\"},\"primaryImageOfPage\":{\"@id\":\"https:\/\/greenpath.ee\/ru\/puhastusteenused\/lumekoristus-katuselt\/#primaryimage\"},\"image\":{\"@id\":\"https:\/\/greenpath.ee\/ru\/puhastusteenused\/lumekoristus-katuselt\/#primaryimage\"},\"thumbnailUrl\":\"https:\/\/greenpath.ee\/wp-content\/uploads\/2016\/01\/Lumekoristus-katuselt.jpg\",\"datePublished\":\"2013-08-03T10:05:57+00:00\",\"dateModified\":\"2022-11-08T19:03:59+00:00\",\"description\":\"\u00dcks meie firma teenus on lumekoristus katuselt, j\u00e4\u00e4 ja j\u00e4\u00e4purikate eemaldamine.\u00a0\u00c4rge oodake, kuni saab kannatada m\u00f5ni inimene v\u00f5i kahjustada vara.\",\"breadcrumb\":{\"@id\":\"https:\/\/greenpath.ee\/ru\/puhastusteenused\/lumekoristus-katuselt\/#breadcrumb\"},\"inLanguage\":\"et\",\"potentialAction\":[{\"@type\":\"ReadAction\",\"target\":[\"https:\/\/greenpath.ee\/ru\/puhastusteenused\/lumekoristus-katuselt\/\"]}]},{\"@type\":\"ImageObject\",\"inLanguage\":\"et\",\"@id\":\"https:\/\/greenpath.ee\/ru\/puhastusteenused\/lumekoristus-katuselt\/#primaryimage\",\"url\":\"https:\/\/greenpath.ee\/wp-content\/uploads\/2016\/01\/Lumekoristus-katuselt.jpg\",\"contentUrl\":\"https:\/\/greenpath.ee\/wp-content\/uploads\/2016\/01\/Lumekoristus-katuselt.jpg\"},{\"@type\":\"BreadcrumbList\",\"@id\":\"https:\/\/greenpath.ee\/ru\/puhastusteenused\/lumekoristus-katuselt\/#breadcrumb\",\"itemListElement\":[{\"@type\":\"ListItem\",\"position\":1,\"name\":\"\u0413\u043b\u0430\u0432\u043d\u0430\u044f \u0441\u0442\u0440\u0430\u043d\u0438\u0446\u0430\",\"item\":\"https:\/\/greenpath.ee\/et\/\"},{\"@type\":\"ListItem\",\"position\":2,\"name\":\"\u0423\u0441\u043b\u0443\u0433\u0438 \u043f\u043e \u0443\u0431\u043e\u0440\u043a\u0435\",\"item\":\"https:\/\/greenpath.ee\/ru\/puhastusteenused\/\"},{\"@type\":\"ListItem\",\"position\":3,\"name\":\"\u0423\u0431\u043e\u0440\u043a\u0430 \u0441\u043d\u0435\u0433\u0430 \u0441 \u043a\u0440\u044b\u0448\"}]},{\"@type\":\"WebSite\",\"@id\":\"https:\/\/greenpath.ee\/et\/#website\",\"url\":\"https:\/\/greenpath.ee\/et\/\",\"name\":\"Green Path O\u00dc\",\"description\":\"\",\"publisher\":{\"@id\":\"https:\/\/greenpath.ee\/et\/#organization\"},\"potentialAction\":[{\"@type\":\"SearchAction\",\"target\":{\"@type\":\"EntryPoint\",\"urlTemplate\":\"https:\/\/greenpath.ee\/et\/?s={search_term_string}\"},\"query-input\":\"required name=search_term_string\"}],\"inLanguage\":\"et\"},{\"@type\":\"Organization\",\"@id\":\"https:\/\/greenpath.ee\/et\/#organization\",\"name\":\"Green Path O\u00dc\",\"url\":\"https:\/\/greenpath.ee\/et\/\",\"logo\":{\"@type\":\"ImageObject\",\"inLanguage\":\"et\",\"@id\":\"https:\/\/greenpath.ee\/et\/#\/schema\/logo\/image\/\",\"url\":\"https:\/\/greenpath.ee\/wp-content\/uploads\/2019\/03\/logo.png\",\"contentUrl\":\"https:\/\/greenpath.ee\/wp-content\/uploads\/2019\/03\/logo.png\",\"width\":200,\"height\":90,\"caption\":\"Green Path O\u00dc\"},\"image\":{\"@id\":\"https:\/\/greenpath.ee\/et\/#\/schema\/logo\/image\/\"},\"sameAs\":[\"https:\/\/www.facebook.com\/greenpath.ee\/\"]}]}<\/script>\n<!-- \/ Yoast SEO plugin. -->","yoast_head_json":{"title":"Lumekoristus katuselt &#8902; Green Path O\u00dc &#8902; Tel: 5681 5681","description":"\u00dcks meie firma teenus on lumekoristus katuselt, j\u00e4\u00e4 ja j\u00e4\u00e4purikate eemaldamine.\u00a0\u00c4rge oodake, kuni saab kannatada m\u00f5ni inimene v\u00f5i kahjustada vara.","robots":{"index":"index","follow":"follow","max-snippet":"max-snippet:-1","max-image-preview":"max-image-preview:large","max-video-preview":"max-video-preview:-1"},"canonical":"https:\/\/greenpath.ee\/et\/puhastusteenused\/lumekoristus-katuselt\/","og_locale":"et_EE","og_type":"article","og_title":"[:ru]\u0423\u0431\u043e\u0440\u043a\u0430 \u0441\u043d\u0435\u0433\u0430 \u0441 \u043a\u0440\u044b\u0448[:et]Lumekoristus katuselt[:] &#8902; Green Path O\u00dc &#8902; Tel: 5681 5681","og_description":"\u00dcks meie firma teenus on lumekoristus katuselt, j\u00e4\u00e4 ja j\u00e4\u00e4purikate eemaldamine.\u00a0\u00c4rge oodake, kuni saab kannatada m\u00f5ni inimene v\u00f5i kahjustada vara.","og_url":"https:\/\/greenpath.ee\/et\/puhastusteenused\/lumekoristus-katuselt\/","og_site_name":"Green Path O\u00dc","article_publisher":"https:\/\/www.facebook.com\/greenpath.ee\/","article_modified_time":"2022-11-08T19:03:59+00:00","og_image":[{"url":"https:\/\/greenpath.ee\/wp-content\/uploads\/2016\/01\/Lumekoristus-katuselt.jpg"}],"twitter_card":"summary_large_image","twitter_misc":{"Est. reading time":"6 minutit"},"schema":{"@context":"https:\/\/schema.org","@graph":[{"@type":"WebPage","@id":"https:\/\/greenpath.ee\/ru\/puhastusteenused\/lumekoristus-katuselt\/","url":"https:\/\/greenpath.ee\/ru\/puhastusteenused\/lumekoristus-katuselt\/","name":"Lumekoristus katuselt","isPartOf":{"@id":"https:\/\/greenpath.ee\/et\/#website"},"primaryImageOfPage":{"@id":"https:\/\/greenpath.ee\/ru\/puhastusteenused\/lumekoristus-katuselt\/#primaryimage"},"image":{"@id":"https:\/\/greenpath.ee\/ru\/puhastusteenused\/lumekoristus-katuselt\/#primaryimage"},"thumbnailUrl":"https:\/\/greenpath.ee\/wp-content\/uploads\/2016\/01\/Lumekoristus-katuselt.jpg","datePublished":"2013-08-03T10:05:57+00:00","dateModified":"2022-11-08T19:03:59+00:00","description":"\u00dcks meie firma teenus on lumekoristus katuselt, j\u00e4\u00e4 ja j\u00e4\u00e4purikate eemaldamine.\u00a0\u00c4rge oodake, kuni saab kannatada m\u00f5ni inimene v\u00f5i kahjustada vara.","breadcrumb":{"@id":"https:\/\/greenpath.ee\/ru\/puhastusteenused\/lumekoristus-katuselt\/#breadcrumb"},"inLanguage":"et","potentialAction":[{"@type":"ReadAction","target":["https:\/\/greenpath.ee\/ru\/puhastusteenused\/lumekoristus-katuselt\/"]}]},{"@type":"ImageObject","inLanguage":"et","@id":"https:\/\/greenpath.ee\/ru\/puhastusteenused\/lumekoristus-katuselt\/#primaryimage","url":"https:\/\/greenpath.ee\/wp-content\/uploads\/2016\/01\/Lumekoristus-katuselt.jpg","contentUrl":"https:\/\/greenpath.ee\/wp-content\/uploads\/2016\/01\/Lumekoristus-katuselt.jpg"},{"@type":"BreadcrumbList","@id":"https:\/\/greenpath.ee\/ru\/puhastusteenused\/lumekoristus-katuselt\/#breadcrumb","itemListElement":[{"@type":"ListItem","position":1,"name":"\u0413\u043b\u0430\u0432\u043d\u0430\u044f \u0441\u0442\u0440\u0430\u043d\u0438\u0446\u0430","item":"https:\/\/greenpath.ee\/et\/"},{"@type":"ListItem","position":2,"name":"\u0423\u0441\u043b\u0443\u0433\u0438 \u043f\u043e \u0443\u0431\u043e\u0440\u043a\u0435","item":"https:\/\/greenpath.ee\/ru\/puhastusteenused\/"},{"@type":"ListItem","position":3,"name":"\u0423\u0431\u043e\u0440\u043a\u0430 \u0441\u043d\u0435\u0433\u0430 \u0441 \u043a\u0440\u044b\u0448"}]},{"@type":"WebSite","@id":"https:\/\/greenpath.ee\/et\/#website","url":"https:\/\/greenpath.ee\/et\/","name":"Green Path O\u00dc","description":"","publisher":{"@id":"https:\/\/greenpath.ee\/et\/#organization"},"potentialAction":[{"@type":"SearchAction","target":{"@type":"EntryPoint","urlTemplate":"https:\/\/greenpath.ee\/et\/?s={search_term_string}"},"query-input":"required name=search_term_string"}],"inLanguage":"et"},{"@type":"Organization","@id":"https:\/\/greenpath.ee\/et\/#organization","name":"Green Path O\u00dc","url":"https:\/\/greenpath.ee\/et\/","logo":{"@type":"ImageObject","inLanguage":"et","@id":"https:\/\/greenpath.ee\/et\/#\/schema\/logo\/image\/","url":"https:\/\/greenpath.ee\/wp-content\/uploads\/2019\/03\/logo.png","contentUrl":"https:\/\/greenpath.ee\/wp-content\/uploads\/2019\/03\/logo.png","width":200,"height":90,"caption":"Green Path O\u00dc"},"image":{"@id":"https:\/\/greenpath.ee\/et\/#\/schema\/logo\/image\/"},"sameAs":["https:\/\/www.facebook.com\/greenpath.ee\/"]}]}},"_links":{"self":[{"href":"https:\/\/greenpath.ee\/et\/wp-json\/wp\/v2\/pages\/152"}],"collection":[{"href":"https:\/\/greenpath.ee\/et\/wp-json\/wp\/v2\/pages"}],"about":[{"href":"https:\/\/greenpath.ee\/et\/wp-json\/wp\/v2\/types\/page"}],"author":[{"embeddable":true,"href":"https:\/\/greenpath.ee\/et\/wp-json\/wp\/v2\/users\/2"}],"replies":[{"embeddable":true,"href":"https:\/\/greenpath.ee\/et\/wp-json\/wp\/v2\/comments?post=152"}],"version-history":[{"count":31,"href":"https:\/\/greenpath.ee\/et\/wp-json\/wp\/v2\/pages\/152\/revisions"}],"predecessor-version":[{"id":1946,"href":"https:\/\/greenpath.ee\/et\/wp-json\/wp\/v2\/pages\/152\/revisions\/1946"}],"up":[{"embeddable":true,"href":"https:\/\/greenpath.ee\/et\/wp-json\/wp\/v2\/pages\/23"}],"wp:attachment":[{"href":"https:\/\/greenpath.ee\/et\/wp-json\/wp\/v2\/media?parent=152"}],"curies":[{"name":"wp","href":"https:\/\/api.w.org\/{rel}","templated":true}]}}