{"id":149,"date":"2013-08-03T13:02:06","date_gmt":"2013-08-03T10:02:06","guid":{"rendered":"http:\/\/greenpath.ee\/?page_id=149"},"modified":"2020-07-06T11:42:08","modified_gmt":"2020-07-06T09:42:08","slug":"ehitusjargne-koristus","status":"publish","type":"page","link":"https:\/\/greenpath.ee\/et\/puhastusteenused\/ehitusjargne-koristus\/","title":{"rendered":"Ehitusj\u00e4rgne koristus"},"content":{"rendered":"\n<p><span style=\"font-family: verdana, geneva; font-size: 10pt;\"><strong>Meie firma aitab edukalt oma klientidel ruume sissekolimiseks ja ekspluatatsiooniks ette valmistada, pakkudes sellist teenust kui ehitusj\u00e4rgne koristus v\u00f5i remondij\u00e4rgne koristus.<\/strong><\/span><\/p>\n\n\n\n<p><span style=\"font-family: verdana, geneva; font-size: 10pt;\">Pole saladus, et reeglina tekivad p\u00e4rast ehitust v\u00f5i remonti suured raskused korteris, kontoris v\u00f5i eramajas korra loomisel. P\u00e4rast mis tahes ehitust\u00f6id j\u00e4\u00e4b ruumidesse hulganisti pr\u00fcgi ja ehitustolmu ning pindadele pahtlij\u00e4\u00e4ke, mitmesuguseid segusid, liimi, v\u00e4rve, teipi ja muid materjale, mida remondiks kasutatakse.<\/span><\/p>\n\n\n\n<div class=\"wp-block-image\"><figure class=\"alignleft is-resized\"><img loading=\"lazy\" decoding=\"async\" src=\"https:\/\/greenpath.ee\/wp-content\/uploads\/2018\/02\/Ehitusj\u00e4rgne-koristus.-Enne-ja-p\u00e4rast.jpg\" alt=\"Ehitusj\u00e4rgne koristus\" width=\"293\" height=\"330\"\/><figcaption>Ehitusj\u00e4rgne koristus<\/figcaption><\/figure><\/div>\n\n\n\n<p><span style=\"font-size: 10pt;\"><span style=\"font-family: verdana, geneva;\">Me m\u00f5istame, kui t\u00e4htis on nii ruttu kui v\u00f5imalik p\u00e4rast ehitus- ja remondit\u00f6\u00f6de l\u00f5ppu valmis objekt tellijale \u00fcle anda, alustada seadmete montaa\u017ei v\u00f5i tuua m\u00f6\u00f6bel. Tihti on seda v\u00f5imatu teha ilma ruumide p\u00f5hjaliku koristuseta. Koristusprotsess on \u00fcpris t\u00f6\u00f6mahukas ja t\u00fclikas ettev\u00f5tmine. Tuleb oskuslikult valida puhastus- ja pesuvahendeid, seadmeid, v\u00f5tta arvesse t\u00f6\u00f6deldavate materjalide omadusi ja pindade v\u00f5imalikke koristus- ja puhastusviise.<\/span><\/span><\/p>\n\n\n\n<p><span style=\"font-family: verdana, geneva; font-size: 10pt;\">Meie firmast v\u00f5ite tellida kvaliteetse remondi- ja ehitusj\u00e4rgse koristusteenuse ja anda korterile v\u00f5i mis tahes muule ruumile viisaka v\u00e4limuse. Kvalifitseeritud t\u00f6\u00f6tajate brigaad koristab objekti kiiresti ja vastutustundlikult p\u00e4rast ehitajate lahkumist sealt. Meie spetsialistid teavad, et remondij\u00e4rgset koristust tehakse spetsiaalse varustuse ja vahenditega, mis v\u00f5imaldavad seda teha k\u00f5rgel professionaalsel tasemel, kvaliteetselt ja p\u00f5hjalikult, ning seet\u00f5ttu hoolitsevad nad selle eest, et t\u00f6\u00f6tlemisel ja puhastusel s\u00e4iliksid pinnad ning ruumide kallihinnaliste v\u00f5i haprate kaunistuste detailide ideaalne v\u00e4limus.<\/span><\/p>\n\n\n\n<div style=\"height:100px\" aria-hidden=\"true\" class=\"wp-block-spacer\"><\/div>\n\n\n\n<h2 class=\"wp-block-heading\"><strong>Remondi- ja ehitusj\u00e4rgne koristus eeldab j\u00e4rgmiste t\u00f6\u00f6de laia spektri t\u00e4itmist:<\/strong><\/h2>\n\n\n\n<p><span style=\"font-family: verdana, geneva; font-size: 10pt;\"><strong>V\u00e4ikese ja suure ehituspr\u00fcgi koristamine. <\/strong>&nbsp;Meie firma spetsialistid puhastavad operatiivselt ja kvaliteetselt ruumi mis tahes suurusega ehituspr\u00fcgist. Eramajade remondij\u00e4rgne koristus v\u00f5ib h\u00f5lmata ka pr\u00fcgikoristust teie krundilt.<\/span><\/p>\n\n\n\n<p><span style=\"font-family: verdana, geneva; font-size: 10pt;\"><strong>Seinte, uste ja teiste verikaal- ning horisontaalpindade puhastamine. <\/strong>V\u00f5imsate tolmuimejate ja muu professionaalse tehnika ja t\u00f6\u00f6riistadega teostavad meie spetsialistid ruumi eelneva kuivkoristuse ehitustolmust.<\/span><\/p>\n\n\n\n<p><span style=\"font-family: verdana, geneva; font-size: 10pt;\"><strong>Pindade s\u00fcgavpuhastus koos plekkide ja mustuse eemaldamisega.<\/strong> T\u00e4nu spetsialiseeritud keemiliste lahuste kasutamisele eemaldame me tugeva mustuse, sealhulgas ehituses kasutatavate lahuste, v\u00e4rvide, vuugit\u00e4idete, liimi, tsemendi ja mis tahes muude segude plekid.<\/span><\/p>\n\n\n\n<p><span style=\"font-family: verdana, geneva; font-size: 10pt;\"><strong>Radiaatorite, sanitaartehnika, p\u00f5randaliistude ja uksepiitade m\u00e4rgkoristus.<\/strong>&nbsp;M\u00e4rgkoristus eeldab tolmu ja mustuse kvalieetset eemaldamist pindadelt ja k\u00f5ige raskemini ligip\u00e4\u00e4setavatest kohtadest.<\/span><\/p>\n\n\n\n<p><span style=\"font-family: verdana, geneva; font-size: 10pt;\"><strong>Klaaspindade komplekspuhastus. <\/strong>Raamide ja aknaklaaside pesemine, klaaspindade pesemine, kasutades professionaalseid puhastusvahendeid.<\/span><\/p>\n\n\n\n<p><span style=\"font-family: verdana, geneva; font-size: 10pt;\"><strong>P\u00f5randa m\u00e4rgkoristus.<\/strong>&nbsp;Mis tahes kattega (PVC, plaat, laminaat, parkett, linoleum ja teised variandid) p\u00f5randate p\u00f5hjalik puhastus professionaalset tehnikat kasutades.<\/span><\/p>\n\n\n\n<p><span style=\"font-family: verdana, geneva; font-size: 10pt;\"><strong>M\u00f6\u00f6bli hooldus.<\/strong>&nbsp;Tehakse tekstiil- ja nahkpindade puhastust. Puitelementide puhastus, vajadusel mustusevastase katte pealekandmine.<\/span><\/p>\n\n\n\n<p><span style=\"font-family: verdana, geneva; font-size: 10pt;\"><strong>Kogu ruumi \u201ev\u00f5tmed k\u00e4tte\u201c koristus.<\/strong> M\u00f6\u00f6bli, uste, valgustite puhastus ja poleerimine. Pestakse veel kord p\u00f5randaid. Ruumile antakse \u201ekaubanduslik\u201c v\u00e4limus.<\/span><\/p>\n\n\n\n<p><span style=\"font-size: 10pt;\"><strong><span style=\"font-family: verdana, geneva;\">Nimetatud t\u00f6\u00f6de loetelu v\u00f5ib olla laiem, s\u00f5ltuvalt teie vajadustest ja ruumide ise\u00e4rasustest.&nbsp;<\/span><\/strong><\/span><\/p>\n\n\n\n<p><span style=\"font-family: verdana, geneva; font-size: 10pt;\">Ettev\u00f5te Green Path O\u00dc pakub kvaliteetset ehitusj\u00e4rgse koristuse teenust nii Tallinnas kui ka terves Eestis. Me teostame ruumi kvaliteetset puhastust professionaalsete seadmete abil. Nende amortisatsioon, rent ja ka sihtkohta viimine kuulub koristuse maksumuse sisse, mis v\u00f5imaldab Teil oluliselt raha s\u00e4\u00e4sta.<\/span><\/p>\n\n\n\n<h2 class=\"wp-block-heading\"> Remondi- ja ehitusj\u00e4rgne koristus on see, milles oleme saavutanud t\u00f5eliselt professionaalse taseme. Kasutades seda teenust, saate Te t\u00f5eliselt s\u00e4rava tulemuse: meile usaldatud ruum hakkab puhtusest hiilgama. K\u00f5ik ehitus- ja remondit\u00f6\u00f6de v\u00e4ltimatud ja negatiivsed tagaj\u00e4rjed k\u00f5rvaldatakse. <\/h2>\n\n\n\n<p><span style=\"font-family: verdana, geneva; font-size: 10pt;\">Firma Green Path O\u00dc garanteerib ruumide kvaliteetse ehitusj\u00e4rgse koristuse minimaalsete kulutustega.<\/span><\/p>\n\n\n\n<p><span style=\"font-family: verdana, geneva; font-size: 10pt;\">Selle teenuse maksumus s\u00f5ltub koristatava ruumi pindalast, sellest, kui must see on, ja v\u00f5imalikest t\u00e4iendavalt tellitud teenustest. Igal juhul saab meie spetsialist p\u00e4rast ruumide \u00fclevaatust Teid \u00fcksikasjalikult konsulteerida ja soovitada t\u00f6id, mis just Teile sobivad. Oleme veendunud, et meie hinnad ja t\u00f6\u00f6kvaliteet \u00fcllatab Teid meeldivalt.&nbsp;<\/span><\/p>\n\n\n\n<p><span style=\"font-family: verdana, geneva; font-size: 10pt;\">Et saada \u00fcksikasjalikku informatsiooni, v\u00f5tke meiega varakult \u00fchendust, kuni ehitus v\u00f5i remont veel k\u00e4ib. Helistage alloleval telefoninumbril v\u00f5i t\u00e4itke <strong><a href=\"\/et\/tagasiside-vorm\/\" target=\"_blank\" rel=\"noreferrer noopener\" aria-label=\" (\u043e\u0442\u043a\u0440\u043e\u0435\u0442\u0441\u044f \u0432 \u043d\u043e\u0432\u043e\u0439 \u0432\u043a\u043b\u0430\u0434\u043a\u0435)\">tagasiside<\/a><\/strong> vorm. Ka v\u00f5ite kirjutada meile s\u00f5numi <strong><a title=\"www.facebook.com\/greenpath.ee\" rel=\"noopener noreferrer\" href=\"https:\/\/www.facebook.com\/greenpath.ee\" target=\"_blank\">Facebooki<\/a><\/strong> lehele.<\/span><\/p>\n\n\n\n<p><span style=\"font-family: verdana, geneva; font-size: 10pt;\">Ruumide ehitusj\u00e4rgne koristus v\u00f5u remondij\u00e4rgne koristus on Teie jaoks t\u00f5eline r\u00f5\u00f5m, kui Te kasutate professionaalide teenuseid ja selle tulemusena saate ideaalselt puhta ning hubase korteri v\u00f5i kontori! Me hoolitseme selle eest, et k\u00f5ik Teie soovid t\u00e4idetaks. Esitage k\u00fcsimus v\u00f5i tellige puhastus kohe, t\u00e4ites <strong><a rel=\"noreferrer noopener\" aria-label=\" (\u043e\u0442\u043a\u0440\u043e\u0435\u0442\u0441\u044f \u0432 \u043d\u043e\u0432\u043e\u0439 \u0432\u043a\u043b\u0430\u0434\u043a\u0435)\" href=\"\/et\/tagasiside-vorm\/\" target=\"_blank\">tagasiside<\/a><\/strong> vormi.&nbsp;Ja me v\u00f5tame Teiega l\u00e4hiajal \u00fchendust!<\/span><\/p>\n\n\n\n<div style=\"height:100px\" aria-hidden=\"true\" class=\"wp-block-spacer\"><\/div>\n\n\n<h3 style=\"text-align: center;\"><span style=\"color: #333399;\"><strong>Tellimus Teilt \u2013 puhtus ja kord Meilt!<\/strong><\/span><\/h3>\n<p style=\"text-align: center;\"><!-- \/wp:paragraph --> <!-- wp:paragraph --><\/p>\n<h4 style=\"text-align: center;\"><span style=\"color: #ff0000;\"><strong>Helistage ja me v\u00f5ime juba praegu alustada t\u00f6\u00f6d!<\/strong><\/span><\/h4>\n<h4 style=\"text-align: center;\"><span style=\"color: #ff0000;\"><!-- \/wp:paragraph --> <!-- wp:paragraph --><\/span><\/h4>\n<h4 style=\"text-align: center;\"><span style=\"color: #ff0000;\"><strong><a style=\"color: #ff0000;\" href=\"tel:+37256815681\">+372 5681 5681<\/a><\/strong><\/span><\/h4>","protected":false},"excerpt":{"rendered":"<p>Meie firma aitab edukalt oma klientidel ruume sissekolimiseks ja ekspluatatsiooniks ette valmistada, pakkudes sellist teenust kui ehitusj\u00e4rgne koristus v\u00f5i remondij\u00e4rgne koristus. Pole saladus, et reeglina tekivad p\u00e4rast ehitust v\u00f5i remonti suured raskused korteris, kontoris v\u00f5i eramajas korra loomisel. P\u00e4rast mis tahes ehitust\u00f6id j\u00e4\u00e4b ruumidesse hulganisti pr\u00fcgi ja ehitustolmu ning pindadele pahtlij\u00e4\u00e4ke, mitmesuguseid segusid, liimi, v\u00e4rve, [&hellip;]<\/p>\n","protected":false},"author":2,"featured_media":0,"parent":23,"menu_order":6,"comment_status":"closed","ping_status":"closed","template":"","meta":{"footnotes":""},"class_list":["post-149","page","type-page","status-publish","hentry"],"yoast_head":"<!-- This site is optimized with the Yoast SEO plugin v23.3 - https:\/\/yoast.com\/wordpress\/plugins\/seo\/ -->\n<title>Ehitusj\u00e4rgne koristus &#8902; Green Path O\u00dc<\/title>\n<meta name=\"description\" content=\"Meie firma aitab edukalt oma klientidel ruume ekspluatatsiooniks ette valmistada, pakkudes sellist teenust kui remondi- v\u00f5i ehitusj\u00e4rgne koristus.\" \/>\n<meta name=\"robots\" content=\"index, follow, max-snippet:-1, max-image-preview:large, max-video-preview:-1\" \/>\n<link rel=\"canonical\" href=\"https:\/\/greenpath.ee\/et\/puhastusteenused\/ehitusjargne-koristus\/\" \/>\n<meta property=\"og:locale\" content=\"et_EE\" \/>\n<meta property=\"og:locale:alternate\" content=\"ru_RU\" \/>\n<meta property=\"og:type\" content=\"article\" \/>\n<meta property=\"og:title\" content=\"Ehitusj\u00e4rgne koristus\" \/>\n<meta property=\"og:description\" content=\"Meie firma aitab edukalt oma klientidel ruume ekspluatatsiooniks ette valmistada, pakkudes sellist teenust kui remondi- v\u00f5i ehitusj\u00e4rgne koristus.\" \/>\n<meta property=\"og:url\" content=\"https:\/\/greenpath.ee\/et\/puhastusteenused\/ehitusjargne-koristus\/\" \/>\n<meta property=\"og:site_name\" content=\"Green Path O\u00dc\" \/>\n<meta property=\"article:publisher\" content=\"https:\/\/www.facebook.com\/greenpath.ee\/\" \/>\n<meta property=\"article:modified_time\" content=\"2020-07-06T09:42:08+00:00\" \/>\n<meta property=\"og:image\" content=\"https:\/\/greenpath.ee\/wp-content\/uploads\/2018\/02\/\u043f\u043e\u0441\u043b\u0435-\u0441\u0442\u0440\u043e\u0438\u0442\u0435\u043b\u044c\u0441\u0442\u0432\u0430.-\u0414\u043e-\u0438-\u043f\u043e\u0441\u043b\u0435.jpg\" \/>\n<meta name=\"twitter:card\" content=\"summary_large_image\" \/>\n<meta name=\"twitter:label1\" content=\"Est. reading time\" \/>\n\t<meta name=\"twitter:data1\" content=\"4 minutit\" \/>\n<script type=\"application\/ld+json\" class=\"yoast-schema-graph\">{\"@context\":\"https:\/\/schema.org\",\"@graph\":[{\"@type\":\"WebPage\",\"@id\":\"https:\/\/greenpath.ee\/ru\/puhastusteenused\/ehitusjargne-koristus\/\",\"url\":\"https:\/\/greenpath.ee\/ru\/puhastusteenused\/ehitusjargne-koristus\/\",\"name\":\"Ehitusj\u00e4rgne koristus\",\"isPartOf\":{\"@id\":\"https:\/\/greenpath.ee\/et\/#website\"},\"datePublished\":\"2013-08-03T10:02:06+00:00\",\"dateModified\":\"2020-07-06T09:42:08+00:00\",\"description\":\"Meie firma aitab edukalt oma klientidel ruume ekspluatatsiooniks ette valmistada, pakkudes sellist teenust kui remondi- v\u00f5i ehitusj\u00e4rgne koristus.\",\"breadcrumb\":{\"@id\":\"https:\/\/greenpath.ee\/ru\/puhastusteenused\/ehitusjargne-koristus\/#breadcrumb\"},\"inLanguage\":\"et\",\"potentialAction\":[{\"@type\":\"ReadAction\",\"target\":[\"https:\/\/greenpath.ee\/ru\/puhastusteenused\/ehitusjargne-koristus\/\"]}]},{\"@type\":\"BreadcrumbList\",\"@id\":\"https:\/\/greenpath.ee\/ru\/puhastusteenused\/ehitusjargne-koristus\/#breadcrumb\",\"itemListElement\":[{\"@type\":\"ListItem\",\"position\":1,\"name\":\"\u0413\u043b\u0430\u0432\u043d\u0430\u044f \u0441\u0442\u0440\u0430\u043d\u0438\u0446\u0430\",\"item\":\"https:\/\/greenpath.ee\/et\/\"},{\"@type\":\"ListItem\",\"position\":2,\"name\":\"\u0423\u0441\u043b\u0443\u0433\u0438 \u043f\u043e \u0443\u0431\u043e\u0440\u043a\u0435\",\"item\":\"https:\/\/greenpath.ee\/ru\/puhastusteenused\/\"},{\"@type\":\"ListItem\",\"position\":3,\"name\":\"Ehitusj\u00e4rgne koristus\"}]},{\"@type\":\"WebSite\",\"@id\":\"https:\/\/greenpath.ee\/et\/#website\",\"url\":\"https:\/\/greenpath.ee\/et\/\",\"name\":\"Green Path O\u00dc\",\"description\":\"\",\"publisher\":{\"@id\":\"https:\/\/greenpath.ee\/et\/#organization\"},\"potentialAction\":[{\"@type\":\"SearchAction\",\"target\":{\"@type\":\"EntryPoint\",\"urlTemplate\":\"https:\/\/greenpath.ee\/et\/?s={search_term_string}\"},\"query-input\":\"required name=search_term_string\"}],\"inLanguage\":\"et\"},{\"@type\":\"Organization\",\"@id\":\"https:\/\/greenpath.ee\/et\/#organization\",\"name\":\"Green Path O\u00dc\",\"url\":\"https:\/\/greenpath.ee\/et\/\",\"logo\":{\"@type\":\"ImageObject\",\"inLanguage\":\"et\",\"@id\":\"https:\/\/greenpath.ee\/et\/#\/schema\/logo\/image\/\",\"url\":\"https:\/\/greenpath.ee\/wp-content\/uploads\/2019\/03\/logo.png\",\"contentUrl\":\"https:\/\/greenpath.ee\/wp-content\/uploads\/2019\/03\/logo.png\",\"width\":200,\"height\":90,\"caption\":\"Green Path O\u00dc\"},\"image\":{\"@id\":\"https:\/\/greenpath.ee\/et\/#\/schema\/logo\/image\/\"},\"sameAs\":[\"https:\/\/www.facebook.com\/greenpath.ee\/\"]}]}<\/script>\n<!-- \/ Yoast SEO plugin. -->","yoast_head_json":{"title":"Ehitusj\u00e4rgne koristus &#8902; Green Path O\u00dc","description":"Meie firma aitab edukalt oma klientidel ruume ekspluatatsiooniks ette valmistada, pakkudes sellist teenust kui remondi- v\u00f5i ehitusj\u00e4rgne koristus.","robots":{"index":"index","follow":"follow","max-snippet":"max-snippet:-1","max-image-preview":"max-image-preview:large","max-video-preview":"max-video-preview:-1"},"canonical":"https:\/\/greenpath.ee\/et\/puhastusteenused\/ehitusjargne-koristus\/","og_locale":"et_EE","og_type":"article","og_title":"[:ru]\u0423\u0431\u043e\u0440\u043a\u0430 \u043f\u043e\u0441\u043b\u0435 \u0441\u0442\u0440\u043e\u0438\u0442\u0435\u043b\u044c\u0441\u0442\u0432\u0430[:et]Ehitusj\u00e4rgne koristus[:] &#8902; Green Path O\u00dc","og_description":"Meie firma aitab edukalt oma klientidel ruume ekspluatatsiooniks ette valmistada, pakkudes sellist teenust kui remondi- v\u00f5i ehitusj\u00e4rgne koristus.","og_url":"https:\/\/greenpath.ee\/et\/puhastusteenused\/ehitusjargne-koristus\/","og_site_name":"Green Path O\u00dc","article_publisher":"https:\/\/www.facebook.com\/greenpath.ee\/","article_modified_time":"2020-07-06T09:42:08+00:00","og_image":[{"url":"https:\/\/greenpath.ee\/wp-content\/uploads\/2018\/02\/\u043f\u043e\u0441\u043b\u0435-\u0441\u0442\u0440\u043e\u0438\u0442\u0435\u043b\u044c\u0441\u0442\u0432\u0430.-\u0414\u043e-\u0438-\u043f\u043e\u0441\u043b\u0435.jpg"}],"twitter_card":"summary_large_image","twitter_misc":{"Est. reading time":"4 minutit"},"schema":{"@context":"https:\/\/schema.org","@graph":[{"@type":"WebPage","@id":"https:\/\/greenpath.ee\/ru\/puhastusteenused\/ehitusjargne-koristus\/","url":"https:\/\/greenpath.ee\/ru\/puhastusteenused\/ehitusjargne-koristus\/","name":"Ehitusj\u00e4rgne koristus","isPartOf":{"@id":"https:\/\/greenpath.ee\/et\/#website"},"datePublished":"2013-08-03T10:02:06+00:00","dateModified":"2020-07-06T09:42:08+00:00","description":"Meie firma aitab edukalt oma klientidel ruume ekspluatatsiooniks ette valmistada, pakkudes sellist teenust kui remondi- v\u00f5i ehitusj\u00e4rgne koristus.","breadcrumb":{"@id":"https:\/\/greenpath.ee\/ru\/puhastusteenused\/ehitusjargne-koristus\/#breadcrumb"},"inLanguage":"et","potentialAction":[{"@type":"ReadAction","target":["https:\/\/greenpath.ee\/ru\/puhastusteenused\/ehitusjargne-koristus\/"]}]},{"@type":"BreadcrumbList","@id":"https:\/\/greenpath.ee\/ru\/puhastusteenused\/ehitusjargne-koristus\/#breadcrumb","itemListElement":[{"@type":"ListItem","position":1,"name":"\u0413\u043b\u0430\u0432\u043d\u0430\u044f \u0441\u0442\u0440\u0430\u043d\u0438\u0446\u0430","item":"https:\/\/greenpath.ee\/et\/"},{"@type":"ListItem","position":2,"name":"\u0423\u0441\u043b\u0443\u0433\u0438 \u043f\u043e \u0443\u0431\u043e\u0440\u043a\u0435","item":"https:\/\/greenpath.ee\/ru\/puhastusteenused\/"},{"@type":"ListItem","position":3,"name":"Ehitusj\u00e4rgne koristus"}]},{"@type":"WebSite","@id":"https:\/\/greenpath.ee\/et\/#website","url":"https:\/\/greenpath.ee\/et\/","name":"Green Path O\u00dc","description":"","publisher":{"@id":"https:\/\/greenpath.ee\/et\/#organization"},"potentialAction":[{"@type":"SearchAction","target":{"@type":"EntryPoint","urlTemplate":"https:\/\/greenpath.ee\/et\/?s={search_term_string}"},"query-input":"required name=search_term_string"}],"inLanguage":"et"},{"@type":"Organization","@id":"https:\/\/greenpath.ee\/et\/#organization","name":"Green Path O\u00dc","url":"https:\/\/greenpath.ee\/et\/","logo":{"@type":"ImageObject","inLanguage":"et","@id":"https:\/\/greenpath.ee\/et\/#\/schema\/logo\/image\/","url":"https:\/\/greenpath.ee\/wp-content\/uploads\/2019\/03\/logo.png","contentUrl":"https:\/\/greenpath.ee\/wp-content\/uploads\/2019\/03\/logo.png","width":200,"height":90,"caption":"Green Path O\u00dc"},"image":{"@id":"https:\/\/greenpath.ee\/et\/#\/schema\/logo\/image\/"},"sameAs":["https:\/\/www.facebook.com\/greenpath.ee\/"]}]}},"_links":{"self":[{"href":"https:\/\/greenpath.ee\/et\/wp-json\/wp\/v2\/pages\/149"}],"collection":[{"href":"https:\/\/greenpath.ee\/et\/wp-json\/wp\/v2\/pages"}],"about":[{"href":"https:\/\/greenpath.ee\/et\/wp-json\/wp\/v2\/types\/page"}],"author":[{"embeddable":true,"href":"https:\/\/greenpath.ee\/et\/wp-json\/wp\/v2\/users\/2"}],"replies":[{"embeddable":true,"href":"https:\/\/greenpath.ee\/et\/wp-json\/wp\/v2\/comments?post=149"}],"version-history":[{"count":19,"href":"https:\/\/greenpath.ee\/et\/wp-json\/wp\/v2\/pages\/149\/revisions"}],"predecessor-version":[{"id":1862,"href":"https:\/\/greenpath.ee\/et\/wp-json\/wp\/v2\/pages\/149\/revisions\/1862"}],"up":[{"embeddable":true,"href":"https:\/\/greenpath.ee\/et\/wp-json\/wp\/v2\/pages\/23"}],"wp:attachment":[{"href":"https:\/\/greenpath.ee\/et\/wp-json\/wp\/v2\/media?parent=149"}],"curies":[{"name":"wp","href":"https:\/\/api.w.org\/{rel}","templated":true}]}}