{"id":140,"date":"2013-08-03T12:57:11","date_gmt":"2013-08-03T09:57:11","guid":{"rendered":"http:\/\/greenpath.ee\/?page_id=140"},"modified":"2022-03-22T01:15:48","modified_gmt":"2022-03-21T23:15:48","slug":"akende-pesu","status":"publish","type":"page","link":"https:\/\/greenpath.ee\/et\/puhastusteenused\/akende-pesu\/","title":{"rendered":"Akende pesu"},"content":{"rendered":"\n<p><span style=\"font-family: verdana, geneva; font-size: 10pt;\"><strong>\u00d6eldakse, et silmad on hinge peegel. Analoogselt v\u00f5ib \u00f6elda, et aknad on maja peegel v\u00f5i isegi maja n\u00e4gu. K\u00f5ik teavad, et iga ruumi p\u00f5hiline valguseallikas on aknad. Just seet\u00f5ttu on \u00e4\u00e4rmiselt t\u00e4htis need puhtad hoida. Akende pesu on meie firma tegevuse \u00fcks peamisi suundi.<\/strong><\/span><\/p>\n\n\n\n<div class=\"wp-block-image\"><figure class=\"alignleft is-resized\"><img loading=\"lazy\" decoding=\"async\" src=\"https:\/\/greenpath.ee\/wp-content\/uploads\/2016\/01\/Akende-pesu.jpg\" alt=\"Akende pesu\" width=\"315\" height=\"153\"\/><figcaption>Akende pesu<\/figcaption><\/figure><\/div>\n\n\n\n<p><span style=\"font-family: verdana, geneva; font-size: 10pt;\">Kui aknad on mustad, ei tee isegi igap\u00e4evane koristus korterit puhtaks ja hoolitsetuks. P\u00e4evavalguse k\u00e4es on n\u00e4ha k\u00f5ik klaaside ja raamide puudused. Oleme veendunud, et kui Teil on kavas koristus, siis tuleb j\u00f5upingutused suunata eelk\u00f5ige klaaspindade pesule.<\/span><\/p>\n\n\n\n<p><span style=\"font-family: verdana, geneva; font-size: 10pt;\">Korteri ja kontorihoone klaaside ja raamide pesemine (eriti k\u00f5rgel) on t\u00f6\u00f6, mille tegemiseks on vajalikud spetsiaalsed teadmised. Selle koristust\u00f6\u00f6ga ei tule toime ilma f\u00fc\u00fcsilise j\u00f5u ja spetsiaalsete oskusteta. N\u00f5uab ju aknapesu erilist hoolikust, sest linna \u00f5hus olev pigi ning tolm langevad pidevalt akende peale, v\u00e4hendades ruumidesse langeva p\u00e4ikesevalguse hulka.<\/span><\/p>\n\n\n\n<div style=\"height:100px\" aria-hidden=\"true\" class=\"wp-block-spacer\"><\/div>\n\n\n\n<h2 class=\"wp-block-heading\">Akende pesu on t\u00f5sine t\u00f6\u00f6, mida pole nii lihtne teha, nagu v\u00f5ib esialgu tunduda. <\/h2>\n\n\n\n<p><span style=\"font-family: verdana, geneva; font-size: 10pt;\">Seet\u00f5ttu ei tasu usaldada seda diletantidele, sest ainult professionaalid v\u00f5ivad p\u00fcstitatud \u00fclesandega toime tulla parimal viisil ja saavutada suurep\u00e4rase tulemuse.<\/span><\/p>\n\n\n\n<div class=\"wp-block-embed is-type-video is-provider-youtube wp-block-embed-youtube youtube-responsive-container wp-embed-aspect-4-3 wp-has-aspect-ratio\"><iframe loading=\"lazy\" width=\"560\" height=\"315\" src=\"https:\/\/www.youtube.com\/embed\/qAWhOWbA8Mc\" title=\"YouTube video player\" frameborder=\"0\" allow=\"accelerometer; autoplay; clipboard-write; encrypted-media; gyroscope; picture-in-picture\" allowfullscreen><\/iframe>\n<\/div>\n\n\n\n<p><span style=\"font-family: verdana, geneva; font-size: 10pt;\">Muide, t\u00e4nap\u00e4eval populaarseid plastknaid tuleb pesta tihedamini kui puitaknaid\u2013 see pikendab nende t\u00f6\u00f6iga. Korteri v\u00f5i kontori plastakende regulaarne pesemine garanteerib selle, et plastile ja klaasile ei teki raskesti mahapestavat tolmukorda, mis s\u00f6\u00f6bib raamide sisse.<\/span><\/p>\n\n\n\n<p><span style=\"font-family: verdana, geneva; font-size: 10pt;\">Seep\u00e4rast pakub meie firma Teile professionaalset akende pesu teenust, mida teostavad kompetentsed spetsialistid m\u00f5istliku hinna eest.<\/span><\/p>\n\n\n\n<p><span style=\"font-family: verdana, geneva; font-size: 10pt;\">Me oleme valmis eemaldama mis tahes mustust mis tahes k\u00f5rgusel. Klaaside puhastuse k\u00f5rval kuulub aknapesu teenusesse tolmu ja mustuse eemaldamine raamidelt, aknap\u00f5skedelt ja karniisidelt.<\/span><\/p>\n\n\n\n<p><span style=\"font-family: verdana, geneva; font-size: 10pt;\">Raamide, plast- ja puitakende pesemiseks kasutatakse spetsiaalseid t\u00f6\u00f6riistu. Kaugeltki mitte igas korteris v\u00f5i kontoris pole selleks t\u00f6\u00f6ks vajalikke vahendeid. Meie spetsialistid kasutavad t\u00f6\u00f6ks oma t\u00f6\u00f6riistakomplekti, mis teeb aknaklaaside ja raamide pesemise kiireks, efektiivseks.<\/span><\/p>\n\n\n\n<p><span style=\"font-family: verdana, geneva; font-size: 10pt;\">\u00dcks asi on eemaldada pindadelt tolm, kuid anda neile s\u00e4rav v\u00e4limus, eemaldada triibud ja nired. See on keemiliste pesuvahendite kasutamise kogemusega professionaalide \u00fclesanne. Kui aknapesu on Teie jaoks raske, ebameeldiv ja ajakulukas protseduur, siis meie spetsialistid teevad selle \u00e4ra kiiresti ja hiilgava tulemusega!<\/span><\/p>\n\n\n\n<h2 class=\"wp-block-heading\">Akende pesu jaguneb mitmeks p\u00f5hietapiks:<\/h2>\n\n\n\n<ul class=\"wp-block-list\"><li><span style=\"font-family: verdana, geneva; font-size: 10pt;\">Mustuse eemaldamine aknap\u00f5skedelt, aknalaudadelt, veelaudadelt ja aknaraamidelt.<\/span><\/li><li><span style=\"font-family: verdana, geneva; font-size: 10pt;\">Remondi tagaj\u00e4rgede \u2013 tsemendij\u00e4\u00e4gid, maalriteip ja v\u00e4rvid \u2013 likvideerimine spetsiaalsete vahendite v\u00f5i kaabitsaga.<\/span><\/li><li><span style=\"font-family: verdana, geneva; font-size: 10pt;\">Pesuvahendi kandmine klaasi pinnale.<\/span><\/li><li><span style=\"font-family: verdana, geneva; font-size: 10pt;\">Pesulahuse j\u00e4\u00e4kide eemaldamine t\u00f5mmitsaga.<\/span><\/li><li><span style=\"font-family: verdana, geneva; font-size: 10pt;\">Klaasi pinna l\u00f5plik kuivatamine, mille j\u00e4rel saab klaas ideaalselt puhtaks.<\/span><\/li><\/ul>\n\n\n\n<p><span style=\"font-family: verdana, geneva; font-size: 10pt;\">Ettev\u00f5te Green Path O\u00dc pakub kvaliteetset akende pesu teenust nii Tallinnas kui ka terves Eestis. Organisatsioonid ja eraisikud, kes meilt aknapesu teenust tellivad, saavad tihti meie p\u00fcsiklientideks, sest puhtuse nagu ka k\u00f5ige muu heaga harjutakse kiiresti.<\/span><\/p>\n\n\n\n<div class=\"wp-block-image\"><figure class=\"alignright size-large is-resized\"><img loading=\"lazy\" decoding=\"async\" src=\"https:\/\/greenpath.ee\/wp-content\/uploads\/2020\/05\/Akende-pesu-600x800.jpg\" alt=\"Akende pesu t\u00f5stukiga\" class=\"wp-image-1809\" width=\"300\" height=\"400\" srcset=\"https:\/\/greenpath.ee\/wp-content\/uploads\/2020\/05\/Akende-pesu-600x800.jpg 600w, https:\/\/greenpath.ee\/wp-content\/uploads\/2020\/05\/Akende-pesu-225x300.jpg 225w, https:\/\/greenpath.ee\/wp-content\/uploads\/2020\/05\/Akende-pesu-768x1024.jpg 768w, https:\/\/greenpath.ee\/wp-content\/uploads\/2020\/05\/Akende-pesu-1152x1536.jpg 1152w, https:\/\/greenpath.ee\/wp-content\/uploads\/2020\/05\/Akende-pesu-1536x2048.jpg 1536w, https:\/\/greenpath.ee\/wp-content\/uploads\/2020\/05\/Akende-pesu-scaled.jpg 1920w\" sizes=\"(max-width: 300px) 100vw, 300px\" \/><figcaption>Akende pesu t\u00f5stukiga<\/figcaption><\/figure><\/div>\n\n\n\n<p><span style=\"font-family: verdana, geneva; font-size: 10pt;\">Te v\u00f5ite meilt tellida mis tahes kuju ja mis tahes hulga aknatiibadega akende pesemise ja puhastamise. Teie korteri aknapesu saab tehtud puhtalt ja korralikult. Te v\u00f5ite tellida kaarakende, kolmetiivaliste r\u00f5duuksega akende ning mis tahes mittestandardse kujuga akende, sealhulgas hoonete klaasfassaadide pesemise. Seejuures arvestavad meie spetsialistid tellimuste t\u00e4itmise t\u00e4htajad ja maksumuse v\u00e4lja individuaalselt, s\u00f5ltuvalt t\u00f6\u00f6de mahust ja keerukusest.<\/span><\/p>\n\n\n\n<p><span style=\"font-family: verdana, geneva; font-size: 10pt;\">Kui Teid huvitab maksumuse arvutus, siis v\u00f5ite saada tasuta konsultatsiooni telefoni teel ja konsultandiga aknapesu teenuse l\u00e4bi arutada. Helistage kohe: <strong><a href=\"tel:+37256815681\">+372 5681 5681<\/a>&nbsp;<\/strong> v\u00f5i kirjutage meile s\u00f5num <strong><a title=\"www.facebook.com\/greenpath.ee\" rel=\"noopener noreferrer\" href=\"https:\/\/www.facebook.com\/greenpath.ee\" target=\"_blank\">Facebooki<\/a><\/strong> lehele.<\/span><\/p>\n\n\n\n<p><span style=\"font-family: verdana, geneva; font-size: 10pt;\">V\u00f5i t\u00e4itke meie <strong><a href=\"\/et\/tagasiside-vorm\/\">tagasiside&nbsp;vorm<\/a><\/strong><a href=\"\/et\/tagasiside-vorm\/\">.<\/a><\/span><\/p>\n\n\n\n<p><span style=\"font-family: verdana, geneva; font-size: 10pt;\">Firma Green Path&#8217;i k\u00e4sutuses on k\u00f5ik vajalikud vahendid, et pakkuda teile k\u00f5rgeima kvaliteediga teenust, tagada m\u00f5istlikud hinnad ja maksimaalselt vastutustundlik suhtumine teie tellimuse t\u00e4itmisse. Akende pesemisel kasutame mitmesuguseid meetodeid ja tehnoloogilisi lahendusi. T\u00e4nu sellele saavutame mis tahes m\u00f5\u00f5tu klaaspindade laitmatu puhtuse. T\u00f6\u00f6s kasutame spetsiaalseid puhastus- ja pesuvahendeid, mis ei j\u00e4ta klaasidele triipusid. Valmist\u00f6\u00f6dega saab tutvuda meie lehel, <a rel=\"noreferrer noopener\" aria-label=\" (\u043e\u0442\u043a\u0440\u043e\u0435\u0442\u0441\u044f \u0432 \u043d\u043e\u0432\u043e\u0439 \u0432\u043a\u043b\u0430\u0434\u043a\u0435)\" href=\"\/et\/category\/tehtud-tood\/\" target=\"_blank\"><strong>tehtud t\u00f6\u00f6d<\/strong><\/a><\/span><\/p>\n\n\n\n<p><span style=\"font-family: verdana, geneva; font-size: 10pt;\">Niisiis, kui te tahate tellida professionaalse aknapesu, helistage meile v\u00f5i j\u00e4tke teade, t\u00e4ites <a rel=\"noreferrer noopener\" aria-label=\"tagasiside&nbsp;vormi (\u043e\u0442\u043a\u0440\u043e\u0435\u0442\u0441\u044f \u0432 \u043d\u043e\u0432\u043e\u0439 \u0432\u043a\u043b\u0430\u0434\u043a\u0435)\" href=\"\/et\/tagasiside-vorm\/\" target=\"_blank\"><strong>tagasiside&nbsp;vormi<\/strong><\/a>. Meilt saate ammendava informatsiooni ja aitame tellimuse maksumuse v\u00e4lja arvutada. Meie firma hinnad \u00fcllatavad teid meeldivalt!<\/span><\/p>\n\n\n\n<div style=\"height:100px\" aria-hidden=\"true\" class=\"wp-block-spacer\"><\/div>\n\n\n\n<div style=\"height:100px\" aria-hidden=\"true\" class=\"wp-block-spacer\"><\/div>\n\n\n<h3 style=\"text-align: center;\"><span style=\"color: #333399;\"><strong>Tellimus Teilt \u2013 puhtus ja kord Meilt!<\/strong><\/span><\/h3>\n<p style=\"text-align: center;\"><!-- \/wp:paragraph --> <!-- wp:paragraph --><\/p>\n<h4 style=\"text-align: center;\"><span style=\"color: #ff0000;\"><strong>Helistage ja me v\u00f5ime juba praegu alustada t\u00f6\u00f6d!<\/strong><\/span><\/h4>\n<h4 style=\"text-align: center;\"><span style=\"color: #ff0000;\"><!-- \/wp:paragraph --> <!-- wp:paragraph --><\/span><\/h4>\n<h4 style=\"text-align: center;\"><span style=\"color: #ff0000;\"><strong><a style=\"color: #ff0000;\" href=\"tel:+37255906612\">+372 5681 5681<\/a><\/strong><\/span><\/h4>","protected":false},"excerpt":{"rendered":"<p>\u00d6eldakse, et silmad on hinge peegel. Analoogselt v\u00f5ib \u00f6elda, et aknad on maja peegel v\u00f5i isegi maja n\u00e4gu. K\u00f5ik teavad, et iga ruumi p\u00f5hiline valguseallikas on aknad. Just seet\u00f5ttu on \u00e4\u00e4rmiselt t\u00e4htis need puhtad hoida. Akende pesu on meie firma tegevuse \u00fcks peamisi suundi. Kui aknad on mustad, ei tee isegi igap\u00e4evane koristus korterit puhtaks [&hellip;]<\/p>\n","protected":false},"author":2,"featured_media":0,"parent":23,"menu_order":5,"comment_status":"closed","ping_status":"closed","template":"","meta":{"footnotes":""},"class_list":["post-140","page","type-page","status-publish","hentry"],"yoast_head":"<!-- This site is optimized with the Yoast SEO plugin v23.3 - https:\/\/yoast.com\/wordpress\/plugins\/seo\/ -->\n<title>Akende pesu &#8902; Green Path O\u00dc &#8902; Tel: 5681 5681<\/title>\n<meta name=\"description\" content=\"Akende pesu\" \/>\n<meta name=\"robots\" content=\"index, follow, max-snippet:-1, max-image-preview:large, max-video-preview:-1\" \/>\n<link rel=\"canonical\" href=\"https:\/\/greenpath.ee\/et\/puhastusteenused\/akende-pesu\/\" \/>\n<meta property=\"og:locale\" content=\"et_EE\" \/>\n<meta property=\"og:locale:alternate\" content=\"ru_RU\" \/>\n<meta property=\"og:type\" content=\"article\" \/>\n<meta property=\"og:title\" content=\"Akende pesu\" \/>\n<meta property=\"og:description\" content=\"Akende pesu\" \/>\n<meta property=\"og:url\" content=\"https:\/\/greenpath.ee\/et\/puhastusteenused\/akende-pesu\/\" \/>\n<meta property=\"og:site_name\" content=\"Green Path O\u00dc\" \/>\n<meta property=\"article:publisher\" content=\"https:\/\/www.facebook.com\/greenpath.ee\/\" \/>\n<meta property=\"article:modified_time\" content=\"2022-03-21T23:15:48+00:00\" \/>\n<meta property=\"og:image\" content=\"https:\/\/greenpath.ee\/wp-content\/uploads\/2016\/01\/\u043e\u043a\u043e\u043d.jpg\" \/>\n<meta name=\"twitter:card\" content=\"summary_large_image\" \/>\n<meta name=\"twitter:label1\" content=\"Est. reading time\" \/>\n\t<meta name=\"twitter:data1\" content=\"4 minutit\" \/>\n<script type=\"application\/ld+json\" class=\"yoast-schema-graph\">{\"@context\":\"https:\/\/schema.org\",\"@graph\":[{\"@type\":\"WebPage\",\"@id\":\"https:\/\/greenpath.ee\/ru\/puhastusteenused\/akende-pesu\/\",\"url\":\"https:\/\/greenpath.ee\/ru\/puhastusteenused\/akende-pesu\/\",\"name\":\"Akende pesu\",\"isPartOf\":{\"@id\":\"https:\/\/greenpath.ee\/et\/#website\"},\"primaryImageOfPage\":{\"@id\":\"https:\/\/greenpath.ee\/ru\/puhastusteenused\/akende-pesu\/#primaryimage\"},\"image\":{\"@id\":\"https:\/\/greenpath.ee\/ru\/puhastusteenused\/akende-pesu\/#primaryimage\"},\"thumbnailUrl\":\"https:\/\/greenpath.ee\/wp-content\/uploads\/2016\/01\/Akende-pesu.jpg\",\"datePublished\":\"2013-08-03T09:57:11+00:00\",\"dateModified\":\"2022-03-21T23:15:48+00:00\",\"description\":\"Akende pesu\",\"breadcrumb\":{\"@id\":\"https:\/\/greenpath.ee\/ru\/puhastusteenused\/akende-pesu\/#breadcrumb\"},\"inLanguage\":\"et\",\"potentialAction\":[{\"@type\":\"ReadAction\",\"target\":[\"https:\/\/greenpath.ee\/ru\/puhastusteenused\/akende-pesu\/\"]}]},{\"@type\":\"ImageObject\",\"inLanguage\":\"et\",\"@id\":\"https:\/\/greenpath.ee\/ru\/puhastusteenused\/akende-pesu\/#primaryimage\",\"url\":\"https:\/\/greenpath.ee\/wp-content\/uploads\/2016\/01\/Akende-pesu.jpg\",\"contentUrl\":\"https:\/\/greenpath.ee\/wp-content\/uploads\/2016\/01\/Akende-pesu.jpg\"},{\"@type\":\"BreadcrumbList\",\"@id\":\"https:\/\/greenpath.ee\/ru\/puhastusteenused\/akende-pesu\/#breadcrumb\",\"itemListElement\":[{\"@type\":\"ListItem\",\"position\":1,\"name\":\"\u0413\u043b\u0430\u0432\u043d\u0430\u044f \u0441\u0442\u0440\u0430\u043d\u0438\u0446\u0430\",\"item\":\"https:\/\/greenpath.ee\/et\/\"},{\"@type\":\"ListItem\",\"position\":2,\"name\":\"\u0423\u0441\u043b\u0443\u0433\u0438 \u043f\u043e \u0443\u0431\u043e\u0440\u043a\u0435\",\"item\":\"https:\/\/greenpath.ee\/ru\/puhastusteenused\/\"},{\"@type\":\"ListItem\",\"position\":3,\"name\":\"Akende pesu\"}]},{\"@type\":\"WebSite\",\"@id\":\"https:\/\/greenpath.ee\/et\/#website\",\"url\":\"https:\/\/greenpath.ee\/et\/\",\"name\":\"Green Path O\u00dc\",\"description\":\"\",\"publisher\":{\"@id\":\"https:\/\/greenpath.ee\/et\/#organization\"},\"potentialAction\":[{\"@type\":\"SearchAction\",\"target\":{\"@type\":\"EntryPoint\",\"urlTemplate\":\"https:\/\/greenpath.ee\/et\/?s={search_term_string}\"},\"query-input\":\"required name=search_term_string\"}],\"inLanguage\":\"et\"},{\"@type\":\"Organization\",\"@id\":\"https:\/\/greenpath.ee\/et\/#organization\",\"name\":\"Green Path O\u00dc\",\"url\":\"https:\/\/greenpath.ee\/et\/\",\"logo\":{\"@type\":\"ImageObject\",\"inLanguage\":\"et\",\"@id\":\"https:\/\/greenpath.ee\/et\/#\/schema\/logo\/image\/\",\"url\":\"https:\/\/greenpath.ee\/wp-content\/uploads\/2019\/03\/logo.png\",\"contentUrl\":\"https:\/\/greenpath.ee\/wp-content\/uploads\/2019\/03\/logo.png\",\"width\":200,\"height\":90,\"caption\":\"Green Path O\u00dc\"},\"image\":{\"@id\":\"https:\/\/greenpath.ee\/et\/#\/schema\/logo\/image\/\"},\"sameAs\":[\"https:\/\/www.facebook.com\/greenpath.ee\/\"]}]}<\/script>\n<!-- \/ Yoast SEO plugin. -->","yoast_head_json":{"title":"Akende pesu &#8902; Green Path O\u00dc &#8902; Tel: 5681 5681","description":"Meie firma pakub Teile professionaalset [:ru]\u041c\u043e\u0439\u043a\u0430 \u043e\u043a\u043e\u043d[:et]Akende pesu[:] teenust, mida teostavad kompetentsed spetsialistid m\u00f5istliku hinna eest.","robots":{"index":"index","follow":"follow","max-snippet":"max-snippet:-1","max-image-preview":"max-image-preview:large","max-video-preview":"max-video-preview:-1"},"canonical":"https:\/\/greenpath.ee\/et\/puhastusteenused\/akende-pesu\/","og_locale":"et_EE","og_type":"article","og_title":"[:ru]\u041c\u043e\u0439\u043a\u0430 \u043e\u043a\u043e\u043d[:et]Akende pesu[:] &#8902; Green Path O\u00dc &#8902; Tel: 5681 5681","og_description":"Meie firma pakub Teile professionaalset [:ru]\u041c\u043e\u0439\u043a\u0430 \u043e\u043a\u043e\u043d[:et]Akende pesu[:] teenust, mida teostavad kompetentsed spetsialistid m\u00f5istliku hinna eest.","og_url":"https:\/\/greenpath.ee\/et\/puhastusteenused\/akende-pesu\/","og_site_name":"Green Path O\u00dc","article_publisher":"https:\/\/www.facebook.com\/greenpath.ee\/","article_modified_time":"2022-03-21T23:15:48+00:00","og_image":[{"url":"https:\/\/greenpath.ee\/wp-content\/uploads\/2016\/01\/\u043e\u043a\u043e\u043d.jpg"}],"twitter_card":"summary_large_image","twitter_misc":{"Est. reading time":"4 minutit"},"schema":{"@context":"https:\/\/schema.org","@graph":[{"@type":"WebPage","@id":"https:\/\/greenpath.ee\/ru\/puhastusteenused\/akende-pesu\/","url":"https:\/\/greenpath.ee\/ru\/puhastusteenused\/akende-pesu\/","name":"Akende pesu","isPartOf":{"@id":"https:\/\/greenpath.ee\/et\/#website"},"primaryImageOfPage":{"@id":"https:\/\/greenpath.ee\/ru\/puhastusteenused\/akende-pesu\/#primaryimage"},"image":{"@id":"https:\/\/greenpath.ee\/ru\/puhastusteenused\/akende-pesu\/#primaryimage"},"thumbnailUrl":"https:\/\/greenpath.ee\/wp-content\/uploads\/2016\/01\/Akende-pesu.jpg","datePublished":"2013-08-03T09:57:11+00:00","dateModified":"2022-03-21T23:15:48+00:00","description":"Akende pesu","breadcrumb":{"@id":"https:\/\/greenpath.ee\/ru\/puhastusteenused\/akende-pesu\/#breadcrumb"},"inLanguage":"et","potentialAction":[{"@type":"ReadAction","target":["https:\/\/greenpath.ee\/ru\/puhastusteenused\/akende-pesu\/"]}]},{"@type":"ImageObject","inLanguage":"et","@id":"https:\/\/greenpath.ee\/ru\/puhastusteenused\/akende-pesu\/#primaryimage","url":"https:\/\/greenpath.ee\/wp-content\/uploads\/2016\/01\/Akende-pesu.jpg","contentUrl":"https:\/\/greenpath.ee\/wp-content\/uploads\/2016\/01\/Akende-pesu.jpg"},{"@type":"BreadcrumbList","@id":"https:\/\/greenpath.ee\/ru\/puhastusteenused\/akende-pesu\/#breadcrumb","itemListElement":[{"@type":"ListItem","position":1,"name":"\u0413\u043b\u0430\u0432\u043d\u0430\u044f \u0441\u0442\u0440\u0430\u043d\u0438\u0446\u0430","item":"https:\/\/greenpath.ee\/et\/"},{"@type":"ListItem","position":2,"name":"\u0423\u0441\u043b\u0443\u0433\u0438 \u043f\u043e \u0443\u0431\u043e\u0440\u043a\u0435","item":"https:\/\/greenpath.ee\/ru\/puhastusteenused\/"},{"@type":"ListItem","position":3,"name":"Akende pesu"}]},{"@type":"WebSite","@id":"https:\/\/greenpath.ee\/et\/#website","url":"https:\/\/greenpath.ee\/et\/","name":"Green Path O\u00dc","description":"","publisher":{"@id":"https:\/\/greenpath.ee\/et\/#organization"},"potentialAction":[{"@type":"SearchAction","target":{"@type":"EntryPoint","urlTemplate":"https:\/\/greenpath.ee\/et\/?s={search_term_string}"},"query-input":"required name=search_term_string"}],"inLanguage":"et"},{"@type":"Organization","@id":"https:\/\/greenpath.ee\/et\/#organization","name":"Green Path O\u00dc","url":"https:\/\/greenpath.ee\/et\/","logo":{"@type":"ImageObject","inLanguage":"et","@id":"https:\/\/greenpath.ee\/et\/#\/schema\/logo\/image\/","url":"https:\/\/greenpath.ee\/wp-content\/uploads\/2019\/03\/logo.png","contentUrl":"https:\/\/greenpath.ee\/wp-content\/uploads\/2019\/03\/logo.png","width":200,"height":90,"caption":"Green Path O\u00dc"},"image":{"@id":"https:\/\/greenpath.ee\/et\/#\/schema\/logo\/image\/"},"sameAs":["https:\/\/www.facebook.com\/greenpath.ee\/"]}]}},"_links":{"self":[{"href":"https:\/\/greenpath.ee\/et\/wp-json\/wp\/v2\/pages\/140"}],"collection":[{"href":"https:\/\/greenpath.ee\/et\/wp-json\/wp\/v2\/pages"}],"about":[{"href":"https:\/\/greenpath.ee\/et\/wp-json\/wp\/v2\/types\/page"}],"author":[{"embeddable":true,"href":"https:\/\/greenpath.ee\/et\/wp-json\/wp\/v2\/users\/2"}],"replies":[{"embeddable":true,"href":"https:\/\/greenpath.ee\/et\/wp-json\/wp\/v2\/comments?post=140"}],"version-history":[{"count":55,"href":"https:\/\/greenpath.ee\/et\/wp-json\/wp\/v2\/pages\/140\/revisions"}],"predecessor-version":[{"id":1918,"href":"https:\/\/greenpath.ee\/et\/wp-json\/wp\/v2\/pages\/140\/revisions\/1918"}],"up":[{"embeddable":true,"href":"https:\/\/greenpath.ee\/et\/wp-json\/wp\/v2\/pages\/23"}],"wp:attachment":[{"href":"https:\/\/greenpath.ee\/et\/wp-json\/wp\/v2\/media?parent=140"}],"curies":[{"name":"wp","href":"https:\/\/api.w.org\/{rel}","templated":true}]}}