{"id":138,"date":"2013-08-03T12:56:17","date_gmt":"2013-08-03T10:56:17","guid":{"rendered":"http:\/\/greenpath.ee\/?page_id=138"},"modified":"2021-11-04T15:18:58","modified_gmt":"2021-11-04T13:18:58","slug":"diivani-puhastus","status":"publish","type":"page","link":"https:\/\/greenpath.ee\/et\/puhastusteenused\/diivani-puhastus\/","title":{"rendered":"Diivani puhastus"},"content":{"rendered":"\n<p><span style=\"font-family: verdana, geneva; font-size: 10pt;\"><strong>Diivani puhastus on Teie tervise hoidmise lahutamatu osa. Esteetilise naudingu pakkumise k\u00f5rval on tekstiilkattega m\u00f6\u00f6bel tolmu ja mikroorganismide kogunemiskoht. Seda tuleb \u00f5igel ajal puhastada: v\u00e4hemalt 2-3 korda aastas, s\u00f5ltuvalt ekspluatasiooni intensiivsusest. Pehmet m\u00f6\u00f6blit tuleb hooldada oskuslikult, kasutades igale konkreetsele juhule sobivat tehnoloogiat.<\/strong><\/span><\/p>\n\n\n\n<h2 class=\"wp-block-heading\">Tekstiilm\u00f6\u00f6bli puhastusviisi valikusse tuleb suhtuda suure ettevaatlikkusega. Selline protseduur kui diivani puhastus pole nii lihtne kui arvatakse, kuigi esmapilgul v\u00f5ib nii n\u00e4ida.<\/h2>\n\n\n\n<div class=\"wp-block-image\"><figure class=\"alignright\"><img decoding=\"async\" src=\"https:\/\/greenpath.ee\/wp-content\/uploads\/2016\/06\/Diivani-puhastus.-Enne-ja-p\u00e4rast.jpg\" alt=\"Diivani puhastus\"\/><figcaption>Diivani puhastus<\/figcaption><\/figure><\/div>\n\n\n\n<p><span style=\"font-family: verdana, geneva; font-size: 10pt;\">Puhastamise keerukus on seotud mitmesuguste materjalidega, millest valmistatakse m\u00f6\u00f6bli polstri ja voodri komponente, millel on erinevad omadused. M\u00f5ned pehme m\u00f6\u00f6bli polstrimaterjalid v\u00f5ivad keemilise m\u00e4rgpuhastuse tulemusel kokku t\u00f5mmata, m\u00f5ned tooted v\u00f5ivad keemilise puhastuse tulemusel kaotada nii vormi kui v\u00e4rvi. T\u00e4htis on hinnata spetsiaalsete pesemisvahendite m\u00f5ju pehmele m\u00f6\u00f6blile ja \u00f5igesti valida sobiv keemilise puhastuse moodus.<\/span><\/p>\n\n\n\n<p><span style=\"font-family: verdana, geneva; font-size: 10pt;\">Ei tasu riskida ja teha pehme m\u00f6\u00f6bli keemilist puhastust oma j\u00f5ududega, sest on olemas risk rikkuda m\u00f6\u00f6bli v\u00e4limust. Soovitame kasutada meie firma professionaalseid teenuseid. Meie firma spetsialist suhtub suure ettevaatlikkusega teie pehme m\u00f6\u00f6bli keemilise puhastuse mooduse valikusse. Kasutame ainult professionaalset varustust ning spetsialiseeritud ja ohutuid pehme m\u00f6\u00f6bli puhastusvahendeid. Meie spetsialist tuleb eelnevalt tasuta teie objektile ja teeb kindlaks mustuse liigid ja nende k\u00f5rvaldamise mooduse.<\/span><\/p>\n\n\n\n<p><span style=\"font-family: verdana, geneva; font-size: 10pt;\">Ettev\u00f5te Green Path O\u00dc pakub kvaliteetset diivani keemilist puhastust nii Tallinnas kui ka terves Eestis. Keemilise puhastuse l\u00f5pliku maksumuse teeb kindlaks spetsialist kohapeal p\u00e4rast k\u00f5igi t\u00f6\u00f6de hindamist, seejuures v\u00f5etakse arvesse puhastatava pinna pindala, mustuse liiki, toote materjali, toote struktuuri jm.<\/span><\/p>\n\n\n\n<p><span style=\"font-family: verdana, geneva; font-size: 10pt;\">K\u00f5ige parem on teha m\u00f6\u00f6bli keemilist puhastust korteri <strong><a href=\"\/et\/puhastusteenused\/suurpuhastus\/\" target=\"_blank\" rel=\"noreferrer noopener\" aria-label=\" (\u043e\u0442\u043a\u0440\u043e\u0435\u0442\u0441\u044f \u0432 \u043d\u043e\u0432\u043e\u0439 \u0432\u043a\u043b\u0430\u0434\u043a\u0435)\">suurpuhastuse<\/a><\/strong> k\u00e4igus. Kui tellite need kaks teenust koos, saate lisasoodustust.<\/span><\/p>\n\n\n\n<p><span style=\"font-family: verdana, geneva; font-size: 10pt;\">Diivani puhastus v\u00f5ib teha ka \u201erahvap\u00e4raste meetoditega\u201c. On ju suurem osa m\u00f6\u00f6bli keemilise puhastuse aineid valmistatud sellest, mida v\u00f5ib leida igast k\u00f6\u00f6gist. Siiski peab olema v\u00e4ga ettevaatlik. Pehme m\u00f6\u00f6bel, eriti nahkm\u00f6\u00f6bel, on v\u00e4ga kapriisne &#8211; nahapinda on v\u00e4ga lihtne kahjustada, kuid taastada vaevalt k\u00fcll v\u00f5imalik. Just seet\u00f5ttu tasub plekkide eemaldamise keerulised t\u00f6\u00f6d usaldada vaid professionaalidele.<\/span><\/p>\n\n\n\n<p><span style=\"font-family: verdana, geneva; font-size: 10pt;\">Tellige pehme tekstiil-ja nahkm\u00f6\u00f6bli professionaalne puhastus, helistades meile ,v\u00f5i j\u00e4tke teade, t\u00e4ites <strong><a rel=\"noreferrer noopener\" aria-label=\" (\u043e\u0442\u043a\u0440\u043e\u0435\u0442\u0441\u044f \u0432 \u043d\u043e\u0432\u043e\u0439 \u0432\u043a\u043b\u0430\u0434\u043a\u0435)\" href=\"\/et\/tagasiside-vorm\/\" target=\"_blank\">tagasiside<\/a><\/strong> vormi. Ka v\u00f5ite kirjutada meile s\u00f5numi <strong><a rel=\"noreferrer noopener\" aria-label=\" (\u043e\u0442\u043a\u0440\u043e\u0435\u0442\u0441\u044f \u0432 \u043d\u043e\u0432\u043e\u0439 \u0432\u043a\u043b\u0430\u0434\u043a\u0435)\" href=\"https:\/\/www.facebook.com\/greenpath.ee\" target=\"_blank\">Facebooki<\/a><\/strong> lehele.&nbsp;Meilt saate ammendava informatsiooni ja aitame v\u00e4lja arvutada tellimuse maksumuse. Meie firma hinnad \u00fcllatavad Teid meeldivalt! Esitage k\u00fcsimus v\u00f5i tellige koristus kohe, t\u00e4ites <strong><a href=\"\/et\/tagasiside-vorm\/\" target=\"_blank\" rel=\"noreferrer noopener\" aria-label=\" (\u043e\u0442\u043a\u0440\u043e\u0435\u0442\u0441\u044f \u0432 \u043d\u043e\u0432\u043e\u0439 \u0432\u043a\u043b\u0430\u0434\u043a\u0435)\">tagasiside<\/a><\/strong> vormi.&nbsp;Ja meie v\u00f5tame Teiega l\u00e4hiajal \u00fchendust!<\/span><\/p>\n\n\n\n<div style=\"height:100px\" aria-hidden=\"true\" class=\"wp-block-spacer\"><\/div>\n\n\n<h3 style=\"text-align: center;\"><span style=\"color: #333399;\"><strong>Tellimus Teilt \u2013 puhtus ja kord Meilt!<\/strong><\/span><\/h3>\n<p style=\"text-align: center;\"><!-- \/wp:paragraph --> <!-- wp:paragraph --><\/p>\n<h4 style=\"text-align: center;\"><span style=\"color: #ff0000;\"><strong>Helistage ja me v\u00f5ime juba praegu alustada t\u00f6\u00f6d!<\/strong><\/span><\/h4>\n<h4 style=\"text-align: center;\"><span style=\"color: #ff0000;\"><!-- \/wp:paragraph --> <!-- wp:paragraph --><\/span><\/h4>\n<h4 style=\"text-align: center;\"><span style=\"color: #ff0000;\"><strong><a style=\"color: #ff0000;\" href=\"tel:+37256815681\">+372 5681 5681<\/a><\/strong><\/span><\/h4>","protected":false},"excerpt":{"rendered":"<p>Diivani puhastus on Teie tervise hoidmise lahutamatu osa. Esteetilise naudingu pakkumise k\u00f5rval on tekstiilkattega m\u00f6\u00f6bel tolmu ja mikroorganismide kogunemiskoht. Seda tuleb \u00f5igel ajal puhastada: v\u00e4hemalt 2-3 korda aastas, s\u00f5ltuvalt ekspluatasiooni intensiivsusest. Pehmet m\u00f6\u00f6blit tuleb hooldada oskuslikult, kasutades igale konkreetsele juhule sobivat tehnoloogiat. Tekstiilm\u00f6\u00f6bli puhastusviisi valikusse tuleb suhtuda suure ettevaatlikkusega. Selline protseduur kui diivani puhastus pole [&hellip;]<\/p>\n","protected":false},"author":2,"featured_media":0,"parent":23,"menu_order":3,"comment_status":"closed","ping_status":"closed","template":"","meta":{"footnotes":""},"class_list":["post-138","page","type-page","status-publish","hentry"],"yoast_head":"<!-- This site is optimized with the Yoast SEO plugin v23.3 - https:\/\/yoast.com\/wordpress\/plugins\/seo\/ -->\n<title>Diivani puhastus &#8902; Green Path O\u00dc &#8902; Tel: 5681 5681<\/title>\n<meta name=\"description\" content=\"Diivani puhastus\" \/>\n<meta name=\"robots\" content=\"index, follow, max-snippet:-1, max-image-preview:large, max-video-preview:-1\" \/>\n<link rel=\"canonical\" href=\"https:\/\/greenpath.ee\/et\/puhastusteenused\/diivani-puhastus\/\" \/>\n<meta property=\"og:locale\" content=\"et_EE\" \/>\n<meta property=\"og:locale:alternate\" content=\"ru_RU\" \/>\n<meta property=\"og:type\" content=\"article\" \/>\n<meta property=\"og:title\" content=\"Diivani puhastus\" \/>\n<meta property=\"og:description\" content=\"Diivani puhastus\" \/>\n<meta property=\"og:url\" content=\"https:\/\/greenpath.ee\/et\/puhastusteenused\/diivani-puhastus\/\" \/>\n<meta property=\"og:site_name\" content=\"Green Path O\u00dc\" \/>\n<meta property=\"article:publisher\" content=\"https:\/\/www.facebook.com\/greenpath.ee\/\" \/>\n<meta property=\"article:modified_time\" content=\"2021-11-04T13:18:58+00:00\" \/>\n<meta property=\"og:image\" content=\"https:\/\/greenpath.ee\/wp-content\/uploads\/2016\/06\/\u043c\u044f\u0433\u043a\u043e\u0439-\u043c\u0435\u0431\u0435\u043b\u0438.-\u0414\u043e-\u0438-\u043f\u043e\u0441\u043b\u0435.jpg\" \/>\n<meta name=\"twitter:card\" content=\"summary_large_image\" \/>\n<meta name=\"twitter:label1\" content=\"Est. reading time\" \/>\n\t<meta name=\"twitter:data1\" content=\"2 minutit\" \/>\n<script type=\"application\/ld+json\" class=\"yoast-schema-graph\">{\"@context\":\"https:\/\/schema.org\",\"@graph\":[{\"@type\":\"WebPage\",\"@id\":\"https:\/\/greenpath.ee\/ru\/puhastusteenused\/diivani-puhastus\/\",\"url\":\"https:\/\/greenpath.ee\/ru\/puhastusteenused\/diivani-puhastus\/\",\"name\":\"Diivani puhastus\",\"isPartOf\":{\"@id\":\"https:\/\/greenpath.ee\/et\/#website\"},\"datePublished\":\"2013-08-03T10:56:17+00:00\",\"dateModified\":\"2021-11-04T13:18:58+00:00\",\"description\":\"Diivani puhastus\",\"breadcrumb\":{\"@id\":\"https:\/\/greenpath.ee\/ru\/puhastusteenused\/diivani-puhastus\/#breadcrumb\"},\"inLanguage\":\"et\",\"potentialAction\":[{\"@type\":\"ReadAction\",\"target\":[\"https:\/\/greenpath.ee\/ru\/puhastusteenused\/diivani-puhastus\/\"]}]},{\"@type\":\"BreadcrumbList\",\"@id\":\"https:\/\/greenpath.ee\/ru\/puhastusteenused\/diivani-puhastus\/#breadcrumb\",\"itemListElement\":[{\"@type\":\"ListItem\",\"position\":1,\"name\":\"\u0413\u043b\u0430\u0432\u043d\u0430\u044f \u0441\u0442\u0440\u0430\u043d\u0438\u0446\u0430\",\"item\":\"https:\/\/greenpath.ee\/et\/\"},{\"@type\":\"ListItem\",\"position\":2,\"name\":\"\u0423\u0441\u043b\u0443\u0433\u0438 \u043f\u043e \u0443\u0431\u043e\u0440\u043a\u0435\",\"item\":\"https:\/\/greenpath.ee\/ru\/puhastusteenused\/\"},{\"@type\":\"ListItem\",\"position\":3,\"name\":\"Diivani puhastus\"}]},{\"@type\":\"WebSite\",\"@id\":\"https:\/\/greenpath.ee\/et\/#website\",\"url\":\"https:\/\/greenpath.ee\/et\/\",\"name\":\"Green Path O\u00dc\",\"description\":\"\",\"publisher\":{\"@id\":\"https:\/\/greenpath.ee\/et\/#organization\"},\"potentialAction\":[{\"@type\":\"SearchAction\",\"target\":{\"@type\":\"EntryPoint\",\"urlTemplate\":\"https:\/\/greenpath.ee\/et\/?s={search_term_string}\"},\"query-input\":\"required name=search_term_string\"}],\"inLanguage\":\"et\"},{\"@type\":\"Organization\",\"@id\":\"https:\/\/greenpath.ee\/et\/#organization\",\"name\":\"Green Path O\u00dc\",\"url\":\"https:\/\/greenpath.ee\/et\/\",\"logo\":{\"@type\":\"ImageObject\",\"inLanguage\":\"et\",\"@id\":\"https:\/\/greenpath.ee\/et\/#\/schema\/logo\/image\/\",\"url\":\"https:\/\/greenpath.ee\/wp-content\/uploads\/2019\/03\/logo.png\",\"contentUrl\":\"https:\/\/greenpath.ee\/wp-content\/uploads\/2019\/03\/logo.png\",\"width\":200,\"height\":90,\"caption\":\"Green Path O\u00dc\"},\"image\":{\"@id\":\"https:\/\/greenpath.ee\/et\/#\/schema\/logo\/image\/\"},\"sameAs\":[\"https:\/\/www.facebook.com\/greenpath.ee\/\"]}]}<\/script>\n<!-- \/ Yoast SEO plugin. -->","yoast_head_json":{"title":"Diivani puhastus &#8902; Green Path O\u00dc &#8902; Tel: 5681 5681","description":"[:ru]\u0425\u0438\u043c\u0447\u0438\u0441\u0442\u043a\u0430 \u043c\u044f\u0433\u043a\u043e\u0439 \u043c\u0435\u0431\u0435\u043b\u0438[:et]Diivani puhastus[:] on Teie tervise hoidmise lahutamatu osa.\u00a0Meie firma kasutab ainult professionaalset varustust ning spetsialiseeritud puhastusvahendeid.","robots":{"index":"index","follow":"follow","max-snippet":"max-snippet:-1","max-image-preview":"max-image-preview:large","max-video-preview":"max-video-preview:-1"},"canonical":"https:\/\/greenpath.ee\/et\/puhastusteenused\/diivani-puhastus\/","og_locale":"et_EE","og_type":"article","og_title":"[:ru]\u0425\u0438\u043c\u0447\u0438\u0441\u0442\u043a\u0430 \u043c\u044f\u0433\u043a\u043e\u0439 \u043c\u0435\u0431\u0435\u043b\u0438[:et]Diivani puhastus[:] &#8902; Green Path O\u00dc &#8902; Tel: 5681 5681","og_description":"[:ru]\u0425\u0438\u043c\u0447\u0438\u0441\u0442\u043a\u0430 \u043c\u044f\u0433\u043a\u043e\u0439 \u043c\u0435\u0431\u0435\u043b\u0438[:et]Diivani puhastus[:] on Teie tervise hoidmise lahutamatu osa.\u00a0Meie firma kasutab ainult professionaalset varustust ning spetsialiseeritud puhastusvahendeid.","og_url":"https:\/\/greenpath.ee\/et\/puhastusteenused\/diivani-puhastus\/","og_site_name":"Green Path O\u00dc","article_publisher":"https:\/\/www.facebook.com\/greenpath.ee\/","article_modified_time":"2021-11-04T13:18:58+00:00","og_image":[{"url":"https:\/\/greenpath.ee\/wp-content\/uploads\/2016\/06\/\u043c\u044f\u0433\u043a\u043e\u0439-\u043c\u0435\u0431\u0435\u043b\u0438.-\u0414\u043e-\u0438-\u043f\u043e\u0441\u043b\u0435.jpg"}],"twitter_card":"summary_large_image","twitter_misc":{"Est. reading time":"2 minutit"},"schema":{"@context":"https:\/\/schema.org","@graph":[{"@type":"WebPage","@id":"https:\/\/greenpath.ee\/ru\/puhastusteenused\/diivani-puhastus\/","url":"https:\/\/greenpath.ee\/ru\/puhastusteenused\/diivani-puhastus\/","name":"Diivani puhastus","isPartOf":{"@id":"https:\/\/greenpath.ee\/et\/#website"},"datePublished":"2013-08-03T10:56:17+00:00","dateModified":"2021-11-04T13:18:58+00:00","description":"Diivani puhastus","breadcrumb":{"@id":"https:\/\/greenpath.ee\/ru\/puhastusteenused\/diivani-puhastus\/#breadcrumb"},"inLanguage":"et","potentialAction":[{"@type":"ReadAction","target":["https:\/\/greenpath.ee\/ru\/puhastusteenused\/diivani-puhastus\/"]}]},{"@type":"BreadcrumbList","@id":"https:\/\/greenpath.ee\/ru\/puhastusteenused\/diivani-puhastus\/#breadcrumb","itemListElement":[{"@type":"ListItem","position":1,"name":"\u0413\u043b\u0430\u0432\u043d\u0430\u044f \u0441\u0442\u0440\u0430\u043d\u0438\u0446\u0430","item":"https:\/\/greenpath.ee\/et\/"},{"@type":"ListItem","position":2,"name":"\u0423\u0441\u043b\u0443\u0433\u0438 \u043f\u043e \u0443\u0431\u043e\u0440\u043a\u0435","item":"https:\/\/greenpath.ee\/ru\/puhastusteenused\/"},{"@type":"ListItem","position":3,"name":"Diivani puhastus"}]},{"@type":"WebSite","@id":"https:\/\/greenpath.ee\/et\/#website","url":"https:\/\/greenpath.ee\/et\/","name":"Green Path O\u00dc","description":"","publisher":{"@id":"https:\/\/greenpath.ee\/et\/#organization"},"potentialAction":[{"@type":"SearchAction","target":{"@type":"EntryPoint","urlTemplate":"https:\/\/greenpath.ee\/et\/?s={search_term_string}"},"query-input":"required name=search_term_string"}],"inLanguage":"et"},{"@type":"Organization","@id":"https:\/\/greenpath.ee\/et\/#organization","name":"Green Path O\u00dc","url":"https:\/\/greenpath.ee\/et\/","logo":{"@type":"ImageObject","inLanguage":"et","@id":"https:\/\/greenpath.ee\/et\/#\/schema\/logo\/image\/","url":"https:\/\/greenpath.ee\/wp-content\/uploads\/2019\/03\/logo.png","contentUrl":"https:\/\/greenpath.ee\/wp-content\/uploads\/2019\/03\/logo.png","width":200,"height":90,"caption":"Green Path O\u00dc"},"image":{"@id":"https:\/\/greenpath.ee\/et\/#\/schema\/logo\/image\/"},"sameAs":["https:\/\/www.facebook.com\/greenpath.ee\/"]}]}},"_links":{"self":[{"href":"https:\/\/greenpath.ee\/et\/wp-json\/wp\/v2\/pages\/138"}],"collection":[{"href":"https:\/\/greenpath.ee\/et\/wp-json\/wp\/v2\/pages"}],"about":[{"href":"https:\/\/greenpath.ee\/et\/wp-json\/wp\/v2\/types\/page"}],"author":[{"embeddable":true,"href":"https:\/\/greenpath.ee\/et\/wp-json\/wp\/v2\/users\/2"}],"replies":[{"embeddable":true,"href":"https:\/\/greenpath.ee\/et\/wp-json\/wp\/v2\/comments?post=138"}],"version-history":[{"count":24,"href":"https:\/\/greenpath.ee\/et\/wp-json\/wp\/v2\/pages\/138\/revisions"}],"predecessor-version":[{"id":1784,"href":"https:\/\/greenpath.ee\/et\/wp-json\/wp\/v2\/pages\/138\/revisions\/1784"}],"up":[{"embeddable":true,"href":"https:\/\/greenpath.ee\/et\/wp-json\/wp\/v2\/pages\/23"}],"wp:attachment":[{"href":"https:\/\/greenpath.ee\/et\/wp-json\/wp\/v2\/media?parent=138"}],"curies":[{"name":"wp","href":"https:\/\/api.w.org\/{rel}","templated":true}]}}