{"id":137,"date":"2013-08-03T12:51:33","date_gmt":"2013-08-03T09:51:33","guid":{"rendered":"http:\/\/greenpath.ee\/?page_id=137"},"modified":"2020-07-26T12:37:46","modified_gmt":"2020-07-26T10:37:46","slug":"porandapesu","status":"publish","type":"page","link":"https:\/\/greenpath.ee\/et\/puhastusteenused\/porandapesu\/","title":{"rendered":"P\u00f5randapesu"},"content":{"rendered":"\n<p><span style=\"font-family: verdana, geneva; font-size: 10pt;\">Ekspluatasiooni k\u00e4igus peavad p\u00f5randad koormusi taluma, mis halvendab m\u00e4rgatavalt p\u00f5randapinna esteetilisi ja tehnilisi n\u00e4itajaid, mis s\u00f5ltuvad mitmest faktorist: ruumi l\u00e4bik\u00e4idavus, niiskustase, koristamise tihedus, p\u00f5randa mehhaaniline m\u00f5jutamine, aga ka keemiliste vahendite (sealhulgas pesuvahendite) toime. K\u00f5ik need faktorid m\u00f5jutavad p\u00f5randakatte vastupidavust. Selleks, et p\u00f5randakatte jaoks ebasoodsate faktorite m\u00f5ju v\u00e4hendada v\u00f5i hoopis k\u00f5rvaldada, s\u00e4ilitada ilus esteetiline v\u00e4limus ja saavutada materjalide k\u00f5rged ekspluatatsioonikarakteristikud, on vaja kasutada mitmesuguseid p\u00f5randapinna kaitsmise ja hooldamise mooduseid. Pealegi kergendavad need meetodid m\u00e4rgatavalt regulaarse p\u00f5randapesu protsessi.<\/span><\/p>\n\n\n\n<p><span style=\"font-family: verdana, geneva; font-size: 10pt;\">\u00dcldiselt \u00fctleb p\u00f5randate seisund nii m\u00f5ndagi. See on kui pererahva j\u00f5ukuse, maitse ja korralikkuse n\u00e4itaja. P\u00f5randate n\u00f5uetekohane hooldus m\u00e4ngib ruumide koristamisel v\u00f5tmerolli. P\u00f5randapinna j\u00e4rjekindel puhastamine k\u00f5rvaldab p\u00f5hilise mustuse, v\u00e4ltides selle laialikandumist majas jalatsite ja \u00f5huvooluga v\u00f5i muul moel.<\/span><\/p>\n\n\n\n<p><span style=\"font-family: verdana, geneva; font-size: 10pt;\">V\u00f5ib ka nii olla, et teie maja v\u00f5i t\u00f6\u00f6koha p\u00f5randakate on tuhmunud ja nii must, et tavalisel viisil seda puhtaks ei saa, ning oma j\u00f5ududega p\u00f5randa endist ilu tagasi saada ei \u00f5nnestu. Muide, nii juhtub tihti seet\u00f5ttu, et p\u00f5randapindade pesemiseks on valitud valesid vahendeid. Sel juhul p\u00f6\u00f6rduge meie firma poole ja meie spetsialistid vabastavad teie p\u00f5randad sisses\u00f6\u00f6binud mustusest, sissetallatud \u201eradadest\u201c ja muudest ebaesteetilistest ilmingutest.<\/span><\/p>\n\n\n\n<p><span style=\"font-family: verdana, geneva; font-size: 10pt;\">Meie professionaalid teostavad kiiresti s\u00fcva p\u00f5randapesu ja p\u00f5randakatete efektiivse puhastuse ning k\u00f5ik vajalikud t\u00f6\u00f6d p\u00f5randate esteetika taastamiseks. Peale selle v\u00f5ime kanda peale kaitsekihi, mida soovitatakse kasutada laminaat-, PVC-, linoleum- ja parkettp\u00f5randate puhul. Vajadusel teostame lisaks p\u00f5randapindade lihvimist ja poleerimist. Meie firma abiga on p\u00f5randapesu&nbsp;mugav ja kasulik teenus, mis annab pindadele tagasi s\u00e4ra ja l\u00e4ike.<\/span><\/p>\n\n\n\n<p><span style=\"font-family: verdana, geneva; font-size: 10pt;\">Meie firma spetsialistid kasutavad p\u00f5randate hoolduseks uusimaid seadmeid, spetsiaalseid masinaid ja k\u00f5rge kvaliteediga vahendeid. Kasutatavad tehnoloogiad olenevad t\u00e4ielikult p\u00f5randakatte liigist.<\/span><\/p>\n\n\n\n<h2 class=\"wp-block-heading\">Mitmesuguste p\u00f5randapindade p\u00f5randapesu;<\/h2>\n\n\n\n<div class=\"wp-block-image\"><figure class=\"alignleft is-resized\"><img loading=\"lazy\" decoding=\"async\" src=\"https:\/\/greenpath.ee\/wp-content\/uploads\/2016\/04\/Plaaditud-p\u00f5randate-s\u00fcvapesu.-Enne-ja-p\u00e4rast.jpg\" alt=\"Plaaditud p\u00f5randapesu\" width=\"298\" height=\"334\"\/><\/figure><\/div>\n\n\n\n<p><strong>K\u00f5vakattega p\u00f5randapesu<\/strong>&nbsp;(betoon-, kivi- v\u00f5i keraamilistest plaatidest p\u00f5randad) protsess koosneb neljast etapist. K\u00f5igepealt eemaldatakse spetsiaalse t\u00f6\u00f6stusliku tolmuimeja v\u00f5i tavalise harja ja k\u00fchvliga p\u00f5rnadapinnalt kuiv mustus ja tolm. Seej\u00e4rel pestakse p\u00f5randat p\u00f5randapesumasinaga vees lahustatud spetsialiseeritud keemilise vahendiga. J\u00e4rgmise etapina teostatakse vajadusel spetsiaalselt konstrueeritud harjadega plaatidevaheliste pragude s\u00fcgavpuhastus. P\u00e4rast seda eemaldatakse j\u00e4rele j\u00e4\u00e4nud lahus spetsiaalse vaakumveeimuriga ja l\u00f5puks pestakse p\u00f5randat p\u00f5randakatte neutraliseerimiseks spetsiaalse mopiga. Kui teil on vaja p\u00f5randat puhastada, siis lihtsalt helistage meile ja teatage oma soovist. Lisainfo saamiseks v\u00f5ib ka t\u00e4ita meie&nbsp;<strong><a rel=\"noreferrer noopener\" aria-label=\" (\u043e\u0442\u043a\u0440\u043e\u0435\u0442\u0441\u044f \u0432 \u043d\u043e\u0432\u043e\u0439 \u0432\u043a\u043b\u0430\u0434\u043a\u0435)\" href=\"http:\/\/greenpath.ee\/tagasiside-vorm\/\" target=\"_blank\">tagasiside<\/a><\/strong>&nbsp;vormi. <\/p>\n\n\n\n<div style=\"height:100px\" aria-hidden=\"true\" class=\"wp-block-spacer\"><\/div>\n\n\n\n<div class=\"wp-block-image\"><figure class=\"alignright\"><img loading=\"lazy\" decoding=\"async\" width=\"300\" height=\"337\" src=\"https:\/\/greenpath.ee\/wp-content\/uploads\/2016\/04\/LVT-p\u00f5randapesu-ja-vahatamine.-Enne-ja-p\u00e4rast.jpg\" alt=\"\" class=\"wp-image-758\" srcset=\"https:\/\/greenpath.ee\/wp-content\/uploads\/2016\/04\/LVT-p\u00f5randapesu-ja-vahatamine.-Enne-ja-p\u00e4rast.jpg 300w, https:\/\/greenpath.ee\/wp-content\/uploads\/2016\/04\/LVT-p\u00f5randapesu-ja-vahatamine.-Enne-ja-p\u00e4rast-267x300.jpg 267w\" sizes=\"(max-width: 300px) 100vw, 300px\" \/><\/figure><\/div>\n\n\n\n<p><strong>PVC-kattega p\u00f5randate pesemisel<\/strong>&nbsp;tuleb arvestada sellega, milline keemiline vahend on k\u00f5ige eelistatum p\u00f5randakatte puhastamiseks, mil viisil v\u00f5ib p\u00f5randat pesta ja millega v\u00f5ib pinda p\u00e4rast pesu kindlalt kaitsta, et seda edaspidi maksimaalselt pikka aega kasutada saaks.\n\n<\/p>\n\n\n\n<p><span style=\"font-family: verdana, geneva; font-size: 10pt;\">PVC-kattega p\u00f5randapesu koosneb neljast etapist. K\u00f5igepealt eemaldatakse tolmuimejaga mustus ja tolm. Seej\u00e4rel kantakse peale neutraalne puhastusvahend ja p\u00f5randat t\u00f6\u00f6deldakse p\u00f5randapesumasinaga. Masinale k\u00e4ttesaamatud kohad puhastatakse k\u00e4sitsi. Siis eemaldatakse j\u00e4rele j\u00e4\u00e4nud vesi m\u00e4rgpuhastuse tolmuimejaga. Ja l\u00f5puks kantakse p\u00f5randale spetsiaalne mastiks, mis kuivades tekitab pinnale kindla pol\u00fcmeerainest kaitsekihi. Juhime teie t\u00e4helepanu sellele, et meie firma kasutab t\u00f6\u00f6de teostamiseks spetsiaalseid pesuvahendeid, mis v\u00f5imaldavad k\u00f5rvaldada k\u00f5ik mustuseliigid ilma inimeste tervist ohustamata ja materjale ning pindasid kahjustamata. K\u00f5iki vahendeid on lubatud kasutada meditsiini- ja lasteasutustes.<\/span><\/p>\n\n\n\n<p><span style=\"font-family: verdana, geneva; font-size: 10pt;\">PVC-kattega p\u00f5randapesu hinna arvutavad meie spetsialistid v\u00e4lja iga tellija jaoks eraldi. T\u00e4itke meie <strong><a href=\"\/et\/tagasiside-vorm\/\" target=\"_blank\" rel=\"noreferrer noopener\" aria-label=\" (\u043e\u0442\u043a\u0440\u043e\u0435\u0442\u0441\u044f \u0432 \u043d\u043e\u0432\u043e\u0439 \u0432\u043a\u043b\u0430\u0434\u043a\u0435)\">tagasiside<\/a><\/strong> vorm v\u00f5i helistage ning teatage oma p\u00f5randa pindala, et saada hinnapakkumist selle teenuse t\u00e4itmiseks.<\/span><\/p>\n\n\n\n<div style=\"height:100px\" aria-hidden=\"true\" class=\"wp-block-spacer\"><\/div>\n\n\n\n<div class=\"wp-block-image\"><figure class=\"alignleft\"><img decoding=\"async\" src=\"https:\/\/greenpath.ee\/wp-content\/uploads\/2016\/05\/Vaipkatte-keemiline-puhastus.-Enne-ja-p\u00e4rast.jpg\" alt=\"Vaipkatte keemiline puhastus.\"\/><\/figure><\/div>\n\n\n\n<p><span style=\"font-family: verdana, geneva; font-size: 10pt;\"><strong>Vaipkatete puhastamine <\/strong> on meie firma \u00fcks populaarsematest teenustest. Vaipade puhastamine on Teie tervise s\u00e4ilitamise lahutamatu osa. Peale selle, et vaip pakub esteetilist naudingut, on see ka tolmu ja mikroorganismide kogunemiskoht. Seep\u00e4rast on vajalik teha selle \u00f5igeaegset s\u00fcgavpuhastust v\u00e4hemalt 2-3 korda aastas. (s\u00f5ltuvalt sellest, kui palju selle peal k\u00e4iakse, n\u00e4iteks kontoris). Vaipkatete eest tuleb hoolitseda oskuslikult, kasutades igale konkreetsele juhule vastavat tehnoloogiat.<\/span><\/p>\n\n\n\n<p><span style=\"font-family: verdana, geneva; font-size: 10pt;\">Me teostame elumajade ja kontorite vaipkatete komplekshooldust, kasutades universaalseid masinaid ja professionaalseid puhastusvahendeid, mis eemaldavad \u00f5rnalt mustuse ja ei tekita allergilisi reaktsioone.<\/span><\/p>\n\n\n\n<p><span style=\"font-family: verdana, geneva; font-size: 10pt;\">Olenevalt teie vaipkatte t\u00fc\u00fcbist ja struktuurist, selle seisundist ja mustuse tugevusest valivad meie firma spetsialistid k\u00f5ige optimaalsema puhastusmooduse. N\u00e4iteks suure mustuse korral kasutame m\u00e4rga s\u00fcgavpuhastust, mille puhul \u0161ampoon vahustatakse ja kantakse vaiba pinnale ketasmasinaga, mis v\u00f5imaldab tugeva mehhaanilise m\u00f5jutamisega puhastada isegi k\u00f5ige t\u00f5rksamat mustust. P\u00e4rast pesuvahendi p\u00f5randale kandmist lahustab see mustuse ja eemaldab selle mehhaaniliselt v\u00f5imsa, loputusega vaakumtolmuimeja abil.<\/span><\/p>\n\n\n\n<p><span style=\"font-family: verdana, geneva; font-size: 10pt;\">Sellise p\u00f5randapesu meetodi eelisteks on k\u00f5rge efektiivsus ja v\u00f5imalus k\u00f5rvaldada erinevat p\u00e4ritolu tugev mustus ja plekid ning taaastada \u201esissetallatud\u201c kohad ja vaipkatted karvastada.<\/span><\/p>\n\n\n\n<p><span style=\"font-family: verdana, geneva; font-size: 10pt;\">Vaipkatete professionaalse p\u00f5randapesu&nbsp;hinnad s\u00f5ltuvad mustuse k\u00f5rvaldamiseks kasutatavast meetodist, puhastusvahendite kulust, pindalast ja t\u00f6\u00f6deldava pinna seisukorrast. Puhastamise hinna arvutavad v\u00e4lja meie spetsialistid igale tellijale individuaalselt.<\/span><\/p>\n\n\n\n<p><span style=\"font-family: verdana, geneva; font-size: 10pt;\">Kui te vajate kontori v\u00f5i kodu vaipkatete professionaalset puhastust, p\u00f6\u00f6rduge julgelt meie firma poole alloleval telefoninumbril v\u00f5i t\u00e4itke <strong><a href=\"\/et\/tagasiside-vorm\/\" target=\"_blank\" rel=\"noreferrer noopener\" aria-label=\" (\u043e\u0442\u043a\u0440\u043e\u0435\u0442\u0441\u044f \u0432 \u043d\u043e\u0432\u043e\u0439 \u0432\u043a\u043b\u0430\u0434\u043a\u0435)\">tagasiside<\/a><\/strong><a href=\"\/et\/tagasiside-vorm\/\" target=\"_blank\" rel=\"noreferrer noopener\" aria-label=\" (\u043e\u0442\u043a\u0440\u043e\u0435\u0442\u0441\u044f \u0432 \u043d\u043e\u0432\u043e\u0439 \u0432\u043a\u043b\u0430\u0434\u043a\u0435)\"> <\/a> vorm.<\/span><\/p>\n\n\n\n<div style=\"height:100px\" aria-hidden=\"true\" class=\"wp-block-spacer\"><\/div>\n\n\n\n<div class=\"wp-block-image\"><figure class=\"alignleft is-resized\"><img loading=\"lazy\" decoding=\"async\" src=\"https:\/\/greenpath.ee\/wp-content\/uploads\/2018\/02\/parkettp\u00f5randa-\u00f5litamine.-Enne-ja-p\u00e4rast.jpg\" alt=\"P\u00f5randapesu ja parkettp\u00f5randa \u00f5litamine.\" width=\"275\" height=\"413\"\/><\/figure><\/div>\n\n\n\n<p><span style=\"font-family: verdana, geneva; font-size: 10pt;\"><strong>Parkettp\u00f5randate hooldus<\/strong> peab toimuma regulaarselt, sest puit ei ole k\u00f5ige tugevam materjal ja seda on kerge kahjustada. Inimesed on sajandeid teinud puidust p\u00f5randaid. K\u00fclatarede laudp\u00f5randad vaheldusid aadlim\u00f5isate peegelparkettidega. Puitp\u00f5randate s\u00e4ilitamise sajandipikkused kogemused on s\u00fcnnitanud terve parkettp\u00f5randate hooldamise kultuuri. P\u00f6\u00f6rdudes parketi hooldamise k\u00fcsimustes abi saamiseks meie poole, v\u00f5ite t\u00e4iesti kindel olla meie spetsialistide professionaalsuses selles valdkonnas.<\/span><\/p>\n\n\n\n<p><span style=\"font-family: verdana, geneva; font-size: 10pt;\">Sellest, millega on kaetud parkett, kas laki, vaha v\u00f5i \u00f5liga, s\u00f5ltub keemiliste pesemis- ja hooldusvahendite valik. Valesti valitud koostised teevad kahju, vahel parandamatut kahju. Ebaprofessionaalse koristuse tulemus ja parkettp\u00f5randa vale hooldus v\u00f5ib tuua kaasa v\u00e4ga suuri rahalisi kulutusi. Professionaalsete keemiliste vahendite ja spetsialiseeritud puhastusmasinate abiga saame me taastada puidu endise suursuguse v\u00e4limuse.<\/span><\/p>\n\n\n\n<p><span style=\"font-family: verdana, geneva; font-size: 10pt;\">Kui olete valinud parkettp\u00f5randa hoolduse, kutsuge ekspertiisi tegemiseks lihtsalt v\u00e4lja meie spetsialist. P\u00e4rast \u00fclevaatust saab meie meister valida teie parkettp\u00f5randate taastamiseks v\u00f5i puhastamiseks k\u00f5ige optimaalsema tehnoloogia, ja teeb selle teenuse kohta hinnapakkumise. Kui te vajate oma kalli parkettp\u00f5randa hooldust, helistage lihtsalt meile ja teatage oma soovist. Lisainfo saamiseks v\u00f5ib ka t\u00e4ita meie <strong><a href=\"\/et\/tagasiside-vorm\/\" target=\"_blank\" rel=\"noreferrer noopener\" aria-label=\" (\u043e\u0442\u043a\u0440\u043e\u0435\u0442\u0441\u044f \u0432 \u043d\u043e\u0432\u043e\u0439 \u0432\u043a\u043b\u0430\u0434\u043a\u0435)\">tagasiside<\/a><\/strong> vormi.<\/span><\/p>\n\n\n\n<div style=\"height:100px\" aria-hidden=\"true\" class=\"wp-block-spacer\"><\/div>\n\n\n\n<h2 class=\"wp-block-heading\">Ettev\u00f5te Green Path O\u00dc pakub kvaliteetset p\u00f5randapesu teenust nii Tallinnas kui ka terves Eestis.<\/h2>\n\n\n\n<p><span style=\"font-family: verdana, geneva; font-size: 10pt;\">Me oleme valmis \u00e4ra puhastama k\u00f5ige tugevama mustuse mis tahes kattega p\u00f5randalt. Kui te vajate professionaalset p\u00f5randapesu, p\u00f6\u00f6rduge julgelt meie poole. Meie abiga ei valmista p\u00f5randate hooldus teile mingit muret. Esitage k\u00fcsimus v\u00f5i tellige koristus kohe, t\u00e4ites <strong><a href=\"\/et\/tagasiside-vorm\/\" target=\"_blank\" rel=\"noreferrer noopener\" aria-label=\" (\u043e\u0442\u043a\u0440\u043e\u0435\u0442\u0441\u044f \u0432 \u043d\u043e\u0432\u043e\u0439 \u0432\u043a\u043b\u0430\u0434\u043a\u0435)\">tagasiside<\/a><\/strong> vormi.&nbsp;Ka v\u00f5ite kirjutada meile s\u00f5numi <strong><a title=\"www.facebook.com\/greenpath.ee\" rel=\"noopener noreferrer\" href=\"https:\/\/www.facebook.com\/greenpath.ee\" target=\"_blank\">Facebooki<\/a><\/strong> lehele. Ja meie v\u00f5tame Teiega l\u00e4hiajal \u00fchendust!<\/span><\/p>\n\n\n\n<div style=\"height:100px\" aria-hidden=\"true\" class=\"wp-block-spacer\"><\/div>\n\n\n<h3 style=\"text-align: center;\"><span style=\"color: #333399;\"><strong>Tellimus Teilt \u2013 puhtus ja kord Meilt!<\/strong><\/span><\/h3>\n<p style=\"text-align: center;\"><!-- \/wp:paragraph --> <!-- wp:paragraph --><\/p>\n<h4 style=\"text-align: center;\"><span style=\"color: #ff0000;\"><strong>Helistage ja me v\u00f5ime juba praegu alustada t\u00f6\u00f6d!<\/strong><\/span><\/h4>\n<h4 style=\"text-align: center;\"><span style=\"color: #ff0000;\"><!-- \/wp:paragraph --> <!-- wp:paragraph --><\/span><\/h4>\n<h4 style=\"text-align: center;\"><span style=\"color: #ff0000;\"><strong><a style=\"color: #ff0000;\" href=\"tel:+37256815681\">+372 5681 5681<\/a><\/strong><\/span><\/h4>","protected":false},"excerpt":{"rendered":"<p>Ekspluatasiooni k\u00e4igus peavad p\u00f5randad koormusi taluma, mis halvendab m\u00e4rgatavalt p\u00f5randapinna esteetilisi ja tehnilisi n\u00e4itajaid, mis s\u00f5ltuvad mitmest faktorist: ruumi l\u00e4bik\u00e4idavus, niiskustase, koristamise tihedus, p\u00f5randa mehhaaniline m\u00f5jutamine, aga ka keemiliste vahendite (sealhulgas pesuvahendite) toime. K\u00f5ik need faktorid m\u00f5jutavad p\u00f5randakatte vastupidavust. Selleks, et p\u00f5randakatte jaoks ebasoodsate faktorite m\u00f5ju v\u00e4hendada v\u00f5i hoopis k\u00f5rvaldada, s\u00e4ilitada ilus esteetiline v\u00e4limus ja [&hellip;]<\/p>\n","protected":false},"author":2,"featured_media":0,"parent":23,"menu_order":2,"comment_status":"closed","ping_status":"closed","template":"","meta":{"footnotes":""},"class_list":["post-137","page","type-page","status-publish","hentry"],"yoast_head":"<!-- This site is optimized with the Yoast SEO plugin v23.3 - https:\/\/yoast.com\/wordpress\/plugins\/seo\/ -->\n<title>P\u00f5randapesu &#8902; Green Path O\u00dc<\/title>\n<meta name=\"description\" content=\"Meie professionaalid teostavad kiiresti s\u00fcva p\u00f5randapesu ja p\u00f5randakatete efektiivse puhastuse ning k\u00f5ik vajalikud t\u00f6\u00f6d p\u00f5randate esteetika taastamiseks.\" \/>\n<meta name=\"robots\" content=\"index, follow, max-snippet:-1, max-image-preview:large, max-video-preview:-1\" \/>\n<link rel=\"canonical\" href=\"https:\/\/greenpath.ee\/et\/puhastusteenused\/porandapesu\/\" \/>\n<meta property=\"og:locale\" content=\"et_EE\" \/>\n<meta property=\"og:locale:alternate\" content=\"ru_RU\" \/>\n<meta property=\"og:type\" content=\"article\" \/>\n<meta property=\"og:title\" content=\"P\u00f5randapesu\" \/>\n<meta property=\"og:description\" content=\"Meie professionaalid teostavad kiiresti s\u00fcva p\u00f5randapesu ja p\u00f5randakatete efektiivse puhastuse ning k\u00f5ik vajalikud t\u00f6\u00f6d p\u00f5randate esteetika taastamiseks.\" \/>\n<meta property=\"og:url\" content=\"https:\/\/greenpath.ee\/et\/puhastusteenused\/porandapesu\/\" \/>\n<meta property=\"og:site_name\" content=\"Green Path O\u00dc\" \/>\n<meta property=\"article:publisher\" content=\"https:\/\/www.facebook.com\/greenpath.ee\/\" \/>\n<meta property=\"article:modified_time\" content=\"2020-07-26T10:37:46+00:00\" \/>\n<meta property=\"og:image\" content=\"https:\/\/greenpath.ee\/wp-content\/uploads\/2016\/04\/\u0447\u0438\u0441\u0442\u043a\u0430-\u043f\u043b\u0438\u0442\u043e\u0447\u043d\u043e\u0433\u043e-\u043f\u043e\u043b\u0430.-\u0414\u043e-\u0438-\u043f\u043e\u0441\u043b\u0435.jpg\" \/>\n<meta name=\"twitter:card\" content=\"summary_large_image\" \/>\n<meta name=\"twitter:label1\" content=\"Est. reading time\" \/>\n\t<meta name=\"twitter:data1\" content=\"6 minutit\" \/>\n<script type=\"application\/ld+json\" class=\"yoast-schema-graph\">{\"@context\":\"https:\/\/schema.org\",\"@graph\":[{\"@type\":\"WebPage\",\"@id\":\"https:\/\/greenpath.ee\/ru\/puhastusteenused\/porandapesu\/\",\"url\":\"https:\/\/greenpath.ee\/ru\/puhastusteenused\/porandapesu\/\",\"name\":\"P\u00f5randapesu\",\"isPartOf\":{\"@id\":\"https:\/\/greenpath.ee\/et\/#website\"},\"datePublished\":\"2013-08-03T09:51:33+00:00\",\"dateModified\":\"2020-07-26T10:37:46+00:00\",\"description\":\"Meie professionaalid teostavad kiiresti s\u00fcva p\u00f5randapesu ja p\u00f5randakatete efektiivse puhastuse ning k\u00f5ik vajalikud t\u00f6\u00f6d p\u00f5randate esteetika taastamiseks.\",\"breadcrumb\":{\"@id\":\"https:\/\/greenpath.ee\/ru\/puhastusteenused\/porandapesu\/#breadcrumb\"},\"inLanguage\":\"et\",\"potentialAction\":[{\"@type\":\"ReadAction\",\"target\":[\"https:\/\/greenpath.ee\/ru\/puhastusteenused\/porandapesu\/\"]}]},{\"@type\":\"BreadcrumbList\",\"@id\":\"https:\/\/greenpath.ee\/ru\/puhastusteenused\/porandapesu\/#breadcrumb\",\"itemListElement\":[{\"@type\":\"ListItem\",\"position\":1,\"name\":\"\u0413\u043b\u0430\u0432\u043d\u0430\u044f \u0441\u0442\u0440\u0430\u043d\u0438\u0446\u0430\",\"item\":\"https:\/\/greenpath.ee\/et\/\"},{\"@type\":\"ListItem\",\"position\":2,\"name\":\"\u0423\u0441\u043b\u0443\u0433\u0438 \u043f\u043e \u0443\u0431\u043e\u0440\u043a\u0435\",\"item\":\"https:\/\/greenpath.ee\/ru\/puhastusteenused\/\"},{\"@type\":\"ListItem\",\"position\":3,\"name\":\"P\u00f5randapesu\"}]},{\"@type\":\"WebSite\",\"@id\":\"https:\/\/greenpath.ee\/et\/#website\",\"url\":\"https:\/\/greenpath.ee\/et\/\",\"name\":\"Green Path O\u00dc\",\"description\":\"\",\"publisher\":{\"@id\":\"https:\/\/greenpath.ee\/et\/#organization\"},\"potentialAction\":[{\"@type\":\"SearchAction\",\"target\":{\"@type\":\"EntryPoint\",\"urlTemplate\":\"https:\/\/greenpath.ee\/et\/?s={search_term_string}\"},\"query-input\":\"required name=search_term_string\"}],\"inLanguage\":\"et\"},{\"@type\":\"Organization\",\"@id\":\"https:\/\/greenpath.ee\/et\/#organization\",\"name\":\"Green Path O\u00dc\",\"url\":\"https:\/\/greenpath.ee\/et\/\",\"logo\":{\"@type\":\"ImageObject\",\"inLanguage\":\"et\",\"@id\":\"https:\/\/greenpath.ee\/et\/#\/schema\/logo\/image\/\",\"url\":\"https:\/\/greenpath.ee\/wp-content\/uploads\/2019\/03\/logo.png\",\"contentUrl\":\"https:\/\/greenpath.ee\/wp-content\/uploads\/2019\/03\/logo.png\",\"width\":200,\"height\":90,\"caption\":\"Green Path O\u00dc\"},\"image\":{\"@id\":\"https:\/\/greenpath.ee\/et\/#\/schema\/logo\/image\/\"},\"sameAs\":[\"https:\/\/www.facebook.com\/greenpath.ee\/\"]}]}<\/script>\n<!-- \/ Yoast SEO plugin. -->","yoast_head_json":{"title":"P\u00f5randapesu &#8902; Green Path O\u00dc","description":"Meie professionaalid teostavad kiiresti s\u00fcva p\u00f5randapesu ja p\u00f5randakatete efektiivse puhastuse ning k\u00f5ik vajalikud t\u00f6\u00f6d p\u00f5randate esteetika taastamiseks.","robots":{"index":"index","follow":"follow","max-snippet":"max-snippet:-1","max-image-preview":"max-image-preview:large","max-video-preview":"max-video-preview:-1"},"canonical":"https:\/\/greenpath.ee\/et\/puhastusteenused\/porandapesu\/","og_locale":"et_EE","og_type":"article","og_title":"[:ru]\u0423\u0445\u043e\u0434 \u0437\u0430 \u043f\u043e\u043b\u0430\u043c\u0438[:et]P\u00f5randapesu[:] &#8902; Green Path O\u00dc","og_description":"Meie professionaalid teostavad kiiresti s\u00fcva p\u00f5randapesu ja p\u00f5randakatete efektiivse puhastuse ning k\u00f5ik vajalikud t\u00f6\u00f6d p\u00f5randate esteetika taastamiseks.","og_url":"https:\/\/greenpath.ee\/et\/puhastusteenused\/porandapesu\/","og_site_name":"Green Path O\u00dc","article_publisher":"https:\/\/www.facebook.com\/greenpath.ee\/","article_modified_time":"2020-07-26T10:37:46+00:00","og_image":[{"url":"https:\/\/greenpath.ee\/wp-content\/uploads\/2016\/04\/\u0447\u0438\u0441\u0442\u043a\u0430-\u043f\u043b\u0438\u0442\u043e\u0447\u043d\u043e\u0433\u043e-\u043f\u043e\u043b\u0430.-\u0414\u043e-\u0438-\u043f\u043e\u0441\u043b\u0435.jpg"}],"twitter_card":"summary_large_image","twitter_misc":{"Est. reading time":"6 minutit"},"schema":{"@context":"https:\/\/schema.org","@graph":[{"@type":"WebPage","@id":"https:\/\/greenpath.ee\/ru\/puhastusteenused\/porandapesu\/","url":"https:\/\/greenpath.ee\/ru\/puhastusteenused\/porandapesu\/","name":"P\u00f5randapesu","isPartOf":{"@id":"https:\/\/greenpath.ee\/et\/#website"},"datePublished":"2013-08-03T09:51:33+00:00","dateModified":"2020-07-26T10:37:46+00:00","description":"Meie professionaalid teostavad kiiresti s\u00fcva p\u00f5randapesu ja p\u00f5randakatete efektiivse puhastuse ning k\u00f5ik vajalikud t\u00f6\u00f6d p\u00f5randate esteetika taastamiseks.","breadcrumb":{"@id":"https:\/\/greenpath.ee\/ru\/puhastusteenused\/porandapesu\/#breadcrumb"},"inLanguage":"et","potentialAction":[{"@type":"ReadAction","target":["https:\/\/greenpath.ee\/ru\/puhastusteenused\/porandapesu\/"]}]},{"@type":"BreadcrumbList","@id":"https:\/\/greenpath.ee\/ru\/puhastusteenused\/porandapesu\/#breadcrumb","itemListElement":[{"@type":"ListItem","position":1,"name":"\u0413\u043b\u0430\u0432\u043d\u0430\u044f \u0441\u0442\u0440\u0430\u043d\u0438\u0446\u0430","item":"https:\/\/greenpath.ee\/et\/"},{"@type":"ListItem","position":2,"name":"\u0423\u0441\u043b\u0443\u0433\u0438 \u043f\u043e \u0443\u0431\u043e\u0440\u043a\u0435","item":"https:\/\/greenpath.ee\/ru\/puhastusteenused\/"},{"@type":"ListItem","position":3,"name":"P\u00f5randapesu"}]},{"@type":"WebSite","@id":"https:\/\/greenpath.ee\/et\/#website","url":"https:\/\/greenpath.ee\/et\/","name":"Green Path O\u00dc","description":"","publisher":{"@id":"https:\/\/greenpath.ee\/et\/#organization"},"potentialAction":[{"@type":"SearchAction","target":{"@type":"EntryPoint","urlTemplate":"https:\/\/greenpath.ee\/et\/?s={search_term_string}"},"query-input":"required name=search_term_string"}],"inLanguage":"et"},{"@type":"Organization","@id":"https:\/\/greenpath.ee\/et\/#organization","name":"Green Path O\u00dc","url":"https:\/\/greenpath.ee\/et\/","logo":{"@type":"ImageObject","inLanguage":"et","@id":"https:\/\/greenpath.ee\/et\/#\/schema\/logo\/image\/","url":"https:\/\/greenpath.ee\/wp-content\/uploads\/2019\/03\/logo.png","contentUrl":"https:\/\/greenpath.ee\/wp-content\/uploads\/2019\/03\/logo.png","width":200,"height":90,"caption":"Green Path O\u00dc"},"image":{"@id":"https:\/\/greenpath.ee\/et\/#\/schema\/logo\/image\/"},"sameAs":["https:\/\/www.facebook.com\/greenpath.ee\/"]}]}},"_links":{"self":[{"href":"https:\/\/greenpath.ee\/et\/wp-json\/wp\/v2\/pages\/137"}],"collection":[{"href":"https:\/\/greenpath.ee\/et\/wp-json\/wp\/v2\/pages"}],"about":[{"href":"https:\/\/greenpath.ee\/et\/wp-json\/wp\/v2\/types\/page"}],"author":[{"embeddable":true,"href":"https:\/\/greenpath.ee\/et\/wp-json\/wp\/v2\/users\/2"}],"replies":[{"embeddable":true,"href":"https:\/\/greenpath.ee\/et\/wp-json\/wp\/v2\/comments?post=137"}],"version-history":[{"count":29,"href":"https:\/\/greenpath.ee\/et\/wp-json\/wp\/v2\/pages\/137\/revisions"}],"predecessor-version":[{"id":1872,"href":"https:\/\/greenpath.ee\/et\/wp-json\/wp\/v2\/pages\/137\/revisions\/1872"}],"up":[{"embeddable":true,"href":"https:\/\/greenpath.ee\/et\/wp-json\/wp\/v2\/pages\/23"}],"wp:attachment":[{"href":"https:\/\/greenpath.ee\/et\/wp-json\/wp\/v2\/media?parent=137"}],"curies":[{"name":"wp","href":"https:\/\/api.w.org\/{rel}","templated":true}]}}