{"id":123,"date":"2013-08-02T19:45:24","date_gmt":"2013-08-02T16:45:24","guid":{"rendered":"http:\/\/greenpath.ee\/?page_id=123"},"modified":"2020-06-06T12:45:39","modified_gmt":"2020-06-06T10:45:39","slug":"suurpuhastus","status":"publish","type":"page","link":"https:\/\/greenpath.ee\/et\/puhastusteenused\/suurpuhastus\/","title":{"rendered":"Suurpuhastus"},"content":{"rendered":"\n<p><span style=\"font-family: verdana, geneva; font-size: 10pt;\"><strong>Mis tahes korter, t\u00e4nap\u00e4eva kontor v\u00f5i \u00e4riruum peab kindlasti puhas olema. Puhtus on ka visiitkaart ja firma v\u00f5i perekonna imago osa. Mugavas, puhtusest s\u00e4ravas ruumis on palju meeldivam elada ja t\u00f6\u00f6tada. Maja- v\u00f5i korteri suurpuhastus \u2013 see on \u00fcks teenustest, mida meie firma v\u00f5ib pakkuda.<\/strong><\/span><\/p>\n\n\n\n<div class=\"wp-block-image\"><figure class=\"alignright\"><img decoding=\"async\" src=\"https:\/\/greenpath.ee\/wp-content\/uploads\/2016\/01\/\u0443\u0431\u043e\u0440\u043a\u0430-\u0438-\u043c\u0430\u043c\u0430-\u0441-\u0440\u0435\u0431\u0451\u043d\u043a\u043e\u043c.jpg\" alt=\"Suurpuhastus ja ema koos lapsega\"\/><\/figure><\/div>\n\n\n\n<p><span style=\"font-family: verdana, geneva; font-size: 10pt;\">Kuid k\u00f5ige v\u00e4\u00e4rtuslikuma ehk vaba aja nappus t\u00e4nap\u00e4eva maailmas viib selleni, et ruumide igap\u00e4evane kvaliteetne oma j\u00f5ududega koristamine muutub peaaegu v\u00f5imatuks \u00fclesandeks. Ka tuleb igap\u00e4evase puhtuse pidamise k\u00f5rval ruumis aeg-ajalt suurpuhastust teha, mis h\u00f5lmab akende, seinte, sanitaartehnika pesemist, pehme m\u00f6\u00f6bli keemilist puhastust ja muid toiminguid, mis on suunatud ideaalse puhtuse tagamisele kodus ja kontoris.<\/span><\/p>\n\n\n\n<p><span style=\"font-family: verdana, geneva; font-size: 10pt;\">Puhtuse ja korra hoidmiseks ruumis ning raskelt ligip\u00e4\u00e4setavate kohtade puhastamiseks soovitatakse suurpuhastus teha \u00fcks kord 6 kuu tagant.<\/span><\/p>\n\n\n\n<p><span style=\"font-family: verdana, geneva; font-size: 10pt;\">Muidugi v\u00f5ib kulutada oma isiklikku aega ja j\u00f5udu sellise grandioosse ettev\u00f5tmise peale, kuid on siiski parem, kui suurpuhastust teevad kvaliteetselt spetsiaalselt v\u00e4lja \u00f5petatud spetsialistid, kes m\u00e4rkavad esmapilgul ka k\u00f5ige v\u00e4iksemat ja silmapaistmatumat mustust. Sellised professionaalid on meie firma t\u00f6\u00f6tajad. Suurpuhastust teostame k\u00f5ige k\u00f5rgemal tasemel ja selle tulemuseks on s\u00e4rav ja laitmatu puhtus.<\/span><\/p>\n\n\n\n<h2 class=\"wp-block-heading\"><span style=\"font-family: verdana, geneva; font-size: 10pt;\">Kui tellite suurpuhastus meie firmast, v\u00f5ite valida j\u00e4rgmised teenused:<\/span><\/h2>\n\n\n\n<ul class=\"wp-block-list\"><li><span style=\"font-family: verdana, geneva; font-size: 10pt;\">akende pesu seest- ja v\u00e4ljastpoolt;<\/span><\/li><li><span style=\"font-family: verdana, geneva; font-size: 10pt;\">pehme ja nahkm\u00f6\u00f6bli hooldus;<\/span><\/li><li><span style=\"font-family: verdana, geneva; font-size: 10pt;\">mis tahes p\u00e4ritolu mustuse k\u00f5rvaldamine;<\/span><\/li><li><span style=\"font-family: verdana, geneva; font-size: 10pt;\">mis tahes kattega p\u00f5randate hooldus;<\/span><\/li><li><span style=\"font-family: verdana, geneva; font-size: 10pt;\">k\u00f5ikide pindade puhastamine professionaalse tolmuimejaga;<\/span><\/li><li><span style=\"font-family: verdana, geneva; font-size: 10pt;\">sanitaars\u00f5lmede professionaalne puhastus;<\/span><\/li><li><span style=\"font-family: verdana, geneva; font-size: 10pt;\">osoneerimine;<\/span><\/li><li><span style=\"font-family: verdana, geneva; font-size: 10pt;\">seinte puhastus ja pesemine;<\/span><\/li><li><span style=\"font-family: verdana, geneva; font-size: 10pt;\">kaitsesegude pealekandmine;<\/span><\/li><li><span style=\"font-family: verdana, geneva; font-size: 10pt;\">mis tahes muud puhastus- ja koristust\u00f6\u00f6d.<\/span><\/li><\/ul>\n\n\n\n<p><span style=\"font-family: verdana, geneva; font-size: 10pt;\">Ettev\u00f5te Green Path O\u00dc pakub kvaliteetset korterite, eramajade, kontorite, \u00e4ri-ja tootmisruumide suurpuhastust nii Tallinnas kui ka terves Eestis. Suurpuhastuse k\u00e4igus teevad meie firma spetsialistid korda ruumi k\u00f5ik pinnad ja puhastavad \u00e4ra mis tahes raskesti ligip\u00e4\u00e4setavad kohad.<\/span><\/p>\n\n\n\n<p><span style=\"font-family: verdana, geneva; font-size: 10pt;\">Suurpuhastuse t\u00f6\u00f6de koosseis selgitatakse v\u00e4lja ruumi \u00fclevaatusel ja koosk\u00f5lastatakse teiega kohapeal. Teenuste maksumus s\u00f5ltub t\u00f6\u00f6de hulgast ja sellest, kui must ruum on. Lisainfo saamiseks helistage meile alloleval telefoninumbril v\u00f5i t\u00e4itke&nbsp;<strong><a title=\"Kontakt\" rel=\"noopener noreferrer\" href=\"\/et\/tagasiside-vorm\/\" target=\"_blank\">tagasiside<\/a>&nbsp;<\/strong>vorm. Ka v\u00f5ite kirjutada meile s\u00f5numi <strong><a href=\"https:\/\/www.facebook.com\/greenpath.ee\" target=\"_blank\" rel=\"noreferrer noopener\" aria-label=\" (\u043e\u0442\u043a\u0440\u043e\u0435\u0442\u0441\u044f \u0432 \u043d\u043e\u0432\u043e\u0439 \u0432\u043a\u043b\u0430\u0434\u043a\u0435)\">Facebooki<\/a><\/strong> lehele.<\/span><\/p>\n\n\n\n<h2 class=\"wp-block-heading\">T\u00e4nu suurpuhastusele s\u00e4ilib puhtus ja kord pikka aega.<\/h2>\n\n\n\n<p><span style=\"font-family: verdana, geneva; font-size: 10pt;\">Tellige oma ruumide suurpuhastus meilt ning nautige laitmatut puhtust ja mugavust! Esitage k\u00fcsimus v\u00f5i tehke tellimus kohe, t\u00e4ites&nbsp;<strong><a href=\"\/et\/tagasiside-vorm\/\" target=\"_blank\" rel=\"noreferrer noopener\" aria-label=\" (\u043e\u0442\u043a\u0440\u043e\u0435\u0442\u0441\u044f \u0432 \u043d\u043e\u0432\u043e\u0439 \u0432\u043a\u043b\u0430\u0434\u043a\u0435)\">tagasiside<\/a><\/strong> vormi.&nbsp;Ja meie v\u00f5tame l\u00e4hiajal teiega \u00fchendust!<\/span><\/p>\n\n\n\n<div style=\"height:100px\" aria-hidden=\"true\" class=\"wp-block-spacer\"><\/div>\n\n\n<h3 style=\"text-align: center;\"><span style=\"color: #333399;\"><strong>Tellimus Teilt \u2013 puhtus ja kord Meilt!<\/strong><\/span><\/h3>\n<p style=\"text-align: center;\"><!-- \/wp:paragraph --> <!-- wp:paragraph --><\/p>\n<h4 style=\"text-align: center;\"><span style=\"color: #ff0000;\"><strong>Helistage ja me v\u00f5ime juba praegu alustada t\u00f6\u00f6d!<\/strong><\/span><\/h4>\n<h4 style=\"text-align: center;\"><span style=\"color: #ff0000;\"><!-- \/wp:paragraph --> <!-- wp:paragraph --><\/span><\/h4>\n<h4 style=\"text-align: center;\"><span style=\"color: #ff0000;\"><strong><a style=\"color: #ff0000;\" href=\"tel:+37256815681\">+372 5681 5681<\/a><\/strong><\/span><\/h4>","protected":false},"excerpt":{"rendered":"<p>Mis tahes korter, t\u00e4nap\u00e4eva kontor v\u00f5i \u00e4riruum peab kindlasti puhas olema. Puhtus on ka visiitkaart ja firma v\u00f5i perekonna imago osa. Mugavas, puhtusest s\u00e4ravas ruumis on palju meeldivam elada ja t\u00f6\u00f6tada. Maja- v\u00f5i korteri suurpuhastus \u2013 see on \u00fcks teenustest, mida meie firma v\u00f5ib pakkuda. Kuid k\u00f5ige v\u00e4\u00e4rtuslikuma ehk vaba aja nappus t\u00e4nap\u00e4eva maailmas viib [&hellip;]<\/p>\n","protected":false},"author":2,"featured_media":0,"parent":23,"menu_order":1,"comment_status":"closed","ping_status":"closed","template":"","meta":{"footnotes":""},"class_list":["post-123","page","type-page","status-publish","hentry"],"yoast_head":"<!-- This site is optimized with the Yoast SEO plugin v23.3 - https:\/\/yoast.com\/wordpress\/plugins\/seo\/ -->\n<title>Suurpuhastus &#8902; Green Path O\u00dc<\/title>\n<meta name=\"description\" content=\"Suurpuhastus\" \/>\n<meta name=\"robots\" content=\"index, follow, max-snippet:-1, max-image-preview:large, max-video-preview:-1\" \/>\n<link rel=\"canonical\" href=\"https:\/\/greenpath.ee\/et\/puhastusteenused\/suurpuhastus\/\" \/>\n<meta property=\"og:locale\" content=\"et_EE\" \/>\n<meta property=\"og:locale:alternate\" content=\"ru_RU\" \/>\n<meta property=\"og:type\" content=\"article\" \/>\n<meta property=\"og:title\" content=\"Suurpuhastus\" \/>\n<meta property=\"og:description\" content=\"Suurpuhastus\" \/>\n<meta property=\"og:url\" content=\"https:\/\/greenpath.ee\/et\/puhastusteenused\/suurpuhastus\/\" \/>\n<meta property=\"og:site_name\" content=\"Green Path O\u00dc\" \/>\n<meta property=\"article:publisher\" content=\"https:\/\/www.facebook.com\/greenpath.ee\/\" \/>\n<meta property=\"article:modified_time\" content=\"2020-06-06T10:45:39+00:00\" \/>\n<meta property=\"og:image\" content=\"https:\/\/greenpath.ee\/wp-content\/uploads\/2016\/01\/\u0443\u0431\u043e\u0440\u043a\u0430-\u0438-\u043c\u0430\u043c\u0430-\u0441-\u0440\u0435\u0431\u0451\u043d\u043a\u043e\u043c.jpg\" \/>\n<meta name=\"twitter:card\" content=\"summary_large_image\" \/>\n<meta name=\"twitter:label1\" content=\"Est. reading time\" \/>\n\t<meta name=\"twitter:data1\" content=\"2 minutit\" \/>\n<script type=\"application\/ld+json\" class=\"yoast-schema-graph\">{\"@context\":\"https:\/\/schema.org\",\"@graph\":[{\"@type\":\"WebPage\",\"@id\":\"https:\/\/greenpath.ee\/ru\/puhastusteenused\/suurpuhastus\/\",\"url\":\"https:\/\/greenpath.ee\/ru\/puhastusteenused\/suurpuhastus\/\",\"name\":\"Suurpuhastus\",\"isPartOf\":{\"@id\":\"https:\/\/greenpath.ee\/et\/#website\"},\"datePublished\":\"2013-08-02T16:45:24+00:00\",\"dateModified\":\"2020-06-06T10:45:39+00:00\",\"description\":\"Suurpuhastus\",\"breadcrumb\":{\"@id\":\"https:\/\/greenpath.ee\/ru\/puhastusteenused\/suurpuhastus\/#breadcrumb\"},\"inLanguage\":\"et\",\"potentialAction\":[{\"@type\":\"ReadAction\",\"target\":[\"https:\/\/greenpath.ee\/ru\/puhastusteenused\/suurpuhastus\/\"]}]},{\"@type\":\"BreadcrumbList\",\"@id\":\"https:\/\/greenpath.ee\/ru\/puhastusteenused\/suurpuhastus\/#breadcrumb\",\"itemListElement\":[{\"@type\":\"ListItem\",\"position\":1,\"name\":\"\u0413\u043b\u0430\u0432\u043d\u0430\u044f \u0441\u0442\u0440\u0430\u043d\u0438\u0446\u0430\",\"item\":\"https:\/\/greenpath.ee\/et\/\"},{\"@type\":\"ListItem\",\"position\":2,\"name\":\"\u0423\u0441\u043b\u0443\u0433\u0438 \u043f\u043e \u0443\u0431\u043e\u0440\u043a\u0435\",\"item\":\"https:\/\/greenpath.ee\/ru\/puhastusteenused\/\"},{\"@type\":\"ListItem\",\"position\":3,\"name\":\"Suurpuhastus\"}]},{\"@type\":\"WebSite\",\"@id\":\"https:\/\/greenpath.ee\/et\/#website\",\"url\":\"https:\/\/greenpath.ee\/et\/\",\"name\":\"Green Path O\u00dc\",\"description\":\"\",\"publisher\":{\"@id\":\"https:\/\/greenpath.ee\/et\/#organization\"},\"potentialAction\":[{\"@type\":\"SearchAction\",\"target\":{\"@type\":\"EntryPoint\",\"urlTemplate\":\"https:\/\/greenpath.ee\/et\/?s={search_term_string}\"},\"query-input\":\"required name=search_term_string\"}],\"inLanguage\":\"et\"},{\"@type\":\"Organization\",\"@id\":\"https:\/\/greenpath.ee\/et\/#organization\",\"name\":\"Green Path O\u00dc\",\"url\":\"https:\/\/greenpath.ee\/et\/\",\"logo\":{\"@type\":\"ImageObject\",\"inLanguage\":\"et\",\"@id\":\"https:\/\/greenpath.ee\/et\/#\/schema\/logo\/image\/\",\"url\":\"https:\/\/greenpath.ee\/wp-content\/uploads\/2019\/03\/logo.png\",\"contentUrl\":\"https:\/\/greenpath.ee\/wp-content\/uploads\/2019\/03\/logo.png\",\"width\":200,\"height\":90,\"caption\":\"Green Path O\u00dc\"},\"image\":{\"@id\":\"https:\/\/greenpath.ee\/et\/#\/schema\/logo\/image\/\"},\"sameAs\":[\"https:\/\/www.facebook.com\/greenpath.ee\/\"]}]}<\/script>\n<!-- \/ Yoast SEO plugin. -->","yoast_head_json":{"title":"Suurpuhastus &#8902; Green Path O\u00dc","description":"Suurpuhastust teostame k\u00f5ige k\u00f5rgemal tasemel.Tellige oma ruumide [:ru]\u0413\u0435\u043d\u0435\u0440\u0430\u043b\u044c\u043d\u0430\u044f \u0443\u0431\u043e\u0440\u043a\u0430[:et]Suurpuhastus[:] meilt ning nautige laitmatut puhtust ja mugavust! +372 5590 6612","robots":{"index":"index","follow":"follow","max-snippet":"max-snippet:-1","max-image-preview":"max-image-preview:large","max-video-preview":"max-video-preview:-1"},"canonical":"https:\/\/greenpath.ee\/et\/puhastusteenused\/suurpuhastus\/","og_locale":"et_EE","og_type":"article","og_title":"[:ru]\u0413\u0435\u043d\u0435\u0440\u0430\u043b\u044c\u043d\u0430\u044f \u0443\u0431\u043e\u0440\u043a\u0430[:et]Suurpuhastus[:] &#8902; Green Path O\u00dc","og_description":"Suurpuhastust teostame k\u00f5ige k\u00f5rgemal tasemel.Tellige oma ruumide [:ru]\u0413\u0435\u043d\u0435\u0440\u0430\u043b\u044c\u043d\u0430\u044f \u0443\u0431\u043e\u0440\u043a\u0430[:et]Suurpuhastus[:] meilt ning nautige laitmatut puhtust ja mugavust! +372 5590 6612","og_url":"https:\/\/greenpath.ee\/et\/puhastusteenused\/suurpuhastus\/","og_site_name":"Green Path O\u00dc","article_publisher":"https:\/\/www.facebook.com\/greenpath.ee\/","article_modified_time":"2020-06-06T10:45:39+00:00","og_image":[{"url":"https:\/\/greenpath.ee\/wp-content\/uploads\/2016\/01\/\u0443\u0431\u043e\u0440\u043a\u0430-\u0438-\u043c\u0430\u043c\u0430-\u0441-\u0440\u0435\u0431\u0451\u043d\u043a\u043e\u043c.jpg"}],"twitter_card":"summary_large_image","twitter_misc":{"Est. reading time":"2 minutit"},"schema":{"@context":"https:\/\/schema.org","@graph":[{"@type":"WebPage","@id":"https:\/\/greenpath.ee\/ru\/puhastusteenused\/suurpuhastus\/","url":"https:\/\/greenpath.ee\/ru\/puhastusteenused\/suurpuhastus\/","name":"Suurpuhastus","isPartOf":{"@id":"https:\/\/greenpath.ee\/et\/#website"},"datePublished":"2013-08-02T16:45:24+00:00","dateModified":"2020-06-06T10:45:39+00:00","description":"Suurpuhastus","breadcrumb":{"@id":"https:\/\/greenpath.ee\/ru\/puhastusteenused\/suurpuhastus\/#breadcrumb"},"inLanguage":"et","potentialAction":[{"@type":"ReadAction","target":["https:\/\/greenpath.ee\/ru\/puhastusteenused\/suurpuhastus\/"]}]},{"@type":"BreadcrumbList","@id":"https:\/\/greenpath.ee\/ru\/puhastusteenused\/suurpuhastus\/#breadcrumb","itemListElement":[{"@type":"ListItem","position":1,"name":"\u0413\u043b\u0430\u0432\u043d\u0430\u044f \u0441\u0442\u0440\u0430\u043d\u0438\u0446\u0430","item":"https:\/\/greenpath.ee\/et\/"},{"@type":"ListItem","position":2,"name":"\u0423\u0441\u043b\u0443\u0433\u0438 \u043f\u043e \u0443\u0431\u043e\u0440\u043a\u0435","item":"https:\/\/greenpath.ee\/ru\/puhastusteenused\/"},{"@type":"ListItem","position":3,"name":"Suurpuhastus"}]},{"@type":"WebSite","@id":"https:\/\/greenpath.ee\/et\/#website","url":"https:\/\/greenpath.ee\/et\/","name":"Green Path O\u00dc","description":"","publisher":{"@id":"https:\/\/greenpath.ee\/et\/#organization"},"potentialAction":[{"@type":"SearchAction","target":{"@type":"EntryPoint","urlTemplate":"https:\/\/greenpath.ee\/et\/?s={search_term_string}"},"query-input":"required name=search_term_string"}],"inLanguage":"et"},{"@type":"Organization","@id":"https:\/\/greenpath.ee\/et\/#organization","name":"Green Path O\u00dc","url":"https:\/\/greenpath.ee\/et\/","logo":{"@type":"ImageObject","inLanguage":"et","@id":"https:\/\/greenpath.ee\/et\/#\/schema\/logo\/image\/","url":"https:\/\/greenpath.ee\/wp-content\/uploads\/2019\/03\/logo.png","contentUrl":"https:\/\/greenpath.ee\/wp-content\/uploads\/2019\/03\/logo.png","width":200,"height":90,"caption":"Green Path O\u00dc"},"image":{"@id":"https:\/\/greenpath.ee\/et\/#\/schema\/logo\/image\/"},"sameAs":["https:\/\/www.facebook.com\/greenpath.ee\/"]}]}},"_links":{"self":[{"href":"https:\/\/greenpath.ee\/et\/wp-json\/wp\/v2\/pages\/123"}],"collection":[{"href":"https:\/\/greenpath.ee\/et\/wp-json\/wp\/v2\/pages"}],"about":[{"href":"https:\/\/greenpath.ee\/et\/wp-json\/wp\/v2\/types\/page"}],"author":[{"embeddable":true,"href":"https:\/\/greenpath.ee\/et\/wp-json\/wp\/v2\/users\/2"}],"replies":[{"embeddable":true,"href":"https:\/\/greenpath.ee\/et\/wp-json\/wp\/v2\/comments?post=123"}],"version-history":[{"count":23,"href":"https:\/\/greenpath.ee\/et\/wp-json\/wp\/v2\/pages\/123\/revisions"}],"predecessor-version":[{"id":1852,"href":"https:\/\/greenpath.ee\/et\/wp-json\/wp\/v2\/pages\/123\/revisions\/1852"}],"up":[{"embeddable":true,"href":"https:\/\/greenpath.ee\/et\/wp-json\/wp\/v2\/pages\/23"}],"wp:attachment":[{"href":"https:\/\/greenpath.ee\/et\/wp-json\/wp\/v2\/media?parent=123"}],"curies":[{"name":"wp","href":"https:\/\/api.w.org\/{rel}","templated":true}]}}