{"id":1186,"date":"2019-03-25T20:23:45","date_gmt":"2019-03-25T18:23:45","guid":{"rendered":"https:\/\/greenpath.ee\/ru\/?page_id=1186"},"modified":"2020-05-23T17:17:08","modified_gmt":"2020-05-23T15:17:08","slug":"fassaadipesu-ja-katusepesu","status":"publish","type":"page","link":"https:\/\/greenpath.ee\/et\/puhastusteenused\/fassaadipesu-ja-katusepesu\/","title":{"rendered":"Fassaadipesu ja Katusepesu"},"content":{"rendered":"\n<div class=\"wp-block-image\"><figure class=\"alignright size-large is-resized\"><img loading=\"lazy\" decoding=\"async\" src=\"https:\/\/greenpath.ee\/wp-content\/uploads\/2019\/07\/Fassaadipesu-600x800.jpg\" alt=\"Fassaadipesu\" class=\"wp-image-1653\" width=\"150\" height=\"200\" srcset=\"https:\/\/greenpath.ee\/wp-content\/uploads\/2019\/07\/Fassaadipesu-600x800.jpg 600w, https:\/\/greenpath.ee\/wp-content\/uploads\/2019\/07\/Fassaadipesu-225x300.jpg 225w, https:\/\/greenpath.ee\/wp-content\/uploads\/2019\/07\/Fassaadipesu-768x1024.jpg 768w\" sizes=\"(max-width: 150px) 100vw, 150px\" \/><figcaption>Fassaadipesu<\/figcaption><\/figure><\/div>\n\n\n\n<p>Meie ettev\u00f5tte \u00fcks olulisemaid tegevussuundi on fassaadipesu ja katusepesu.  Olenemata sellest, mis materjalist on&nbsp; ehitatud teie maja seinad ja katus, hakkab nendele aja jooksul kogunema tolmu, n\u00f5ge,&nbsp; hallitust, sammalt ja ladesuma soolasid. Selle probleemi saab k\u00f5ige paremini lahendada k\u00f5rgsurvepesuri abil.<\/p>\n\n\n\n<p>Ettev\u00f5tte <strong>Green Path O\u00dc<\/strong> spetsialistid teostavad fassaadipesu ja katusepesu operatiivselt, ohutult&nbsp; ja kvaliteetselt, olenemata t\u00f6\u00f6de keerukusest ja materjalidest, millest need tehtud on. <strong>Teostame k\u00f5iki k\u00f5rgt\u00f6id, igale majale valitakse individuaalne lahendus.<\/strong><\/p>\n\n\n\n<div style=\"height:100px\" aria-hidden=\"true\" class=\"wp-block-spacer\"><\/div>\n\n\n\n<p class=\"has-medium-font-size\"><strong>Kvaliteetse t\u00f6\u00f6 tagavad professionaalsed seadmed ja spetsialistid.<\/strong><\/p>\n\n\n\n<div style=\"height:100px\" aria-hidden=\"true\" class=\"wp-block-spacer\"><\/div>\n\n\n\n<h2 class=\"wp-block-heading\"><strong>Ettev\u00f5ttes Green Path O\u00dc  on olemas k\u00f5ik vajalik hoonete fassaadipesu&nbsp; ja katustepesu teenuste edukaks teostamiseks.<\/strong><\/h2>\n\n\n\n<ol class=\"wp-block-list\"><li>Spetsiaalsed seadmed. K\u00f5ikidel keerukatel juhtumitel kasutame professionaalset k\u00f5rgsurvepesurit, mis soojendab vett kuni 140 kraadini.<\/li><li>Spetsiaalsed t\u00f5stukid ja tellingud k\u00f5rgt\u00f6\u00f6deks.<\/li><li>Pesemisvahendid, mis eemaldavad isegi k\u00f5ige t\u00f5rksama mustuse.<\/li><li>Vajaduse korral v\u00f5ime kasutada elektriallikana diiselgeneraatorit.<\/li><li>Puhastusspetsialistid, kellel on k\u00f5rgt\u00f6\u00f6 kogemus.<\/li><\/ol>\n\n\n\n<div class=\"wp-block-image\"><figure class=\"alignleft is-resized\"><img loading=\"lazy\" decoding=\"async\" src=\"https:\/\/greenpath.ee\/wp-content\/uploads\/2019\/03\/Katusepesu.jpg\" alt=\"Katusepesu\" class=\"wp-image-1302\" width=\"160\" height=\"105\" srcset=\"https:\/\/greenpath.ee\/wp-content\/uploads\/2019\/03\/Katusepesu.jpg 640w, https:\/\/greenpath.ee\/wp-content\/uploads\/2019\/03\/Katusepesu-300x196.jpg 300w\" sizes=\"(max-width: 160px) 100vw, 160px\" \/><figcaption>Katusepesu<\/figcaption><\/figure><\/div>\n\n\n\n<p>Oma maja \u00f5igeaegne ja regulaarne hooldamine ei aita s\u00e4ilitada ainult ilusat v\u00e4lisilmet, vaid oluliselt pikendada &nbsp;ka olemasoleva v\u00e4rvkatte kasutusaega, hoides kokku nii v\u00e4rvimiselt kui remondilt. Meie ettev\u00f5tte<strong> Green Path O\u00dc-ga on puhtust hoida kerge ja odav.<\/strong><\/p>\n\n\n\n<div style=\"height:100px\" aria-hidden=\"true\" class=\"wp-block-spacer\"><\/div>\n\n\n\n<h2 class=\"wp-block-heading\"><strong>Fassaadipesu ja katusepesu puhastusteenus h\u00f5lmab:<\/strong><\/h2>\n\n\n<ol>\n<li><strong>Seinte pesu k\u00f5rgsurvepesuriga, <\/strong>kasutades pesemisvahendeid v\u00f5i ainult kuuma vett, (olenevalt mustuse ulatusest) v\u00f5imaldab teil s\u00e4ilitada ilusa esteetilise v\u00e4limuse ja katte terviklikkuse. Hakkavad ju tolm, happevihmad, hallitus seinte mikropragudesse kogunedes ehitisele olulist kahju tegema. K\u00f5rgsurvepuhastust tehakse kergelt leeliselise lahuse joaga, mis suunatakse tugeva surve all seinale. Maksimaalse tulemuse saamiseks arvestame selliste teguritega kui lahuse temperatuur, joa kalle, vee optimaalne surve, kasutatava lahuse ja fassaadi pinna kontakti kestus. T\u00e4nu end t\u00f5estanud tehnoloogiale, heale tehnikale ja spetsialistide professionaalsusele suudame seintelt maha pesta mis tahes mustuse<strong>, sealhulgas graffiti eemaldamine.<\/strong><\/li>\n<\/ol>\n<ol start=\"2\">\n<li><strong>Katuste puhastamine mustusest ja mehhaanilisest <\/strong>prahist (oksad, lehed). Katus on maja \u00fcks t\u00e4htsamaid osi, mis \u00fcpris kiiresti mustub ja n\u00f5uab tihti remonti. \u00d5ige hoolduse korral saab hoida pidevat puhtust ja oluliselt s\u00e4\u00e4sta remondit\u00f6\u00f6delt. Meie t\u00f6\u00f6tajad puhastavad mis tahes kujuga ja mis tahes materjalist katuseid. Garanteerime kvaliteedi ja t\u00f6\u00f6 operatiivsuse. T\u00f6\u00f6de teostamiseks on&nbsp; k\u00f5ikidel meie puhastusspetsialistidel vajalik k\u00f5rgt\u00f6\u00f6de kogemus, samuti seadmed ning seadeldised.<\/li>\n<\/ol>\n<ol start=\"3\">\n<li><strong>Vihmaveetorude puhastus ja vihmaveerennide puhastus. <\/strong>Vihmavees\u00fcsteemi hea t\u00f6\u00f6 t\u00e4htsust on raske \u00fcle hinnata. See v\u00f5imaldab veel \u00f5igel ajal katuselt maha voolata, seda pikalt m\u00f5jutamata. Seet\u00f5ttu on vihmavees\u00fcsteemi hea funktsioneerimine katuse pika t\u00f6\u00f6ea tagatis. Eriti t\u00e4htis on j\u00e4lgida, et s\u00fcsteem t\u00f6\u00f6taks h\u00e4sti kevadel, kui sulaveed toovad katuselt kaasa palju liiva ja tolmu. S\u00fcgisel, kui algavad \u00f6\u00f6k\u00fclmad, on v\u00e4ga t\u00e4htis, et veetorudesse ei tekiks puudelt langevate lehtede ja okste t\u00f5ttu ummistusi, kuna vee paisumine k\u00fclmumisel v\u00f5ib kahjustada vihmaveetoru. Meie spetsialistid kontrollivad teie vihmavees\u00fcsteemi \u00f5iget funktsioneerimist ja k\u00f5rvaldavad kogu mustuse ja ummistused, tagades sellega nende hea t\u00f6\u00f6.<\/li>\n<\/ol>\n\n\n<div class=\"wp-block-image\"><figure class=\"alignright size-large is-resized\"><img loading=\"lazy\" decoding=\"async\" src=\"https:\/\/greenpath.ee\/wp-content\/uploads\/2020\/05\/Varikatuse-pesu.jpg\" alt=\"Varikatuse pesu\" class=\"wp-image-1817\" width=\"200\" height=\"200\" srcset=\"https:\/\/greenpath.ee\/wp-content\/uploads\/2020\/05\/Varikatuse-pesu.jpg 800w, https:\/\/greenpath.ee\/wp-content\/uploads\/2020\/05\/Varikatuse-pesu-300x300.jpg 300w, https:\/\/greenpath.ee\/wp-content\/uploads\/2020\/05\/Varikatuse-pesu-150x150.jpg 150w, https:\/\/greenpath.ee\/wp-content\/uploads\/2020\/05\/Varikatuse-pesu-768x768.jpg 768w\" sizes=\"(max-width: 200px) 100vw, 200px\" \/><figcaption>Varikatuse pesu<\/figcaption><\/figure><\/div>\n\n\n\n<p> Soovi korral v\u00f5ib lisada <strong><a href=\"\/et\/puhastusteenused\/akende-pesu\/\" target=\"_blank\" rel=\"noreferrer noopener\" aria-label=\"akende pesu (\u043e\u0442\u043a\u0440\u043e\u0435\u0442\u0441\u044f \u0432 \u043d\u043e\u0432\u043e\u0439 \u0432\u043a\u043b\u0430\u0434\u043a\u0435)\">akende pesu<\/a><\/strong> teenuse<strong>.<\/strong><\/p>\n\n\n\n<p>Tellige&nbsp; oma maja t\u00f6\u00f6de maksumuse arvestus kohe n\u00fc\u00fcd telefoni teel v\u00f5i t\u00e4itke meie <strong><a rel=\"noreferrer noopener\" aria-label=\"tagasiside vorm (\u043e\u0442\u043a\u0440\u043e\u0435\u0442\u0441\u044f \u0432 \u043d\u043e\u0432\u043e\u0439 \u0432\u043a\u043b\u0430\u0434\u043a\u0435)\" href=\"\/et\/tagasiside-vorm\/\" target=\"_blank\">tagasiside vorm<\/a><\/strong> v\u00f5i kirjutage meile <strong><a href=\"https:\/\/www.facebook.com\/greenpath.ee\" target=\"_blank\" rel=\"noreferrer noopener\" aria-label=\"Facebooki (\u043e\u0442\u043a\u0440\u043e\u0435\u0442\u0441\u044f \u0432 \u043d\u043e\u0432\u043e\u0439 \u0432\u043a\u043b\u0430\u0434\u043a\u0435)\">Facebooki<\/a><\/strong> lehek\u00fcljele. Ja me v\u00f5tame teiega \u00fchendust l\u00e4himal ajal!<\/p>\n\n\n\n<p>(T\u00f6\u00f6de maksumuse esialgne arvestus on tasuta ja ei kohusta teid seda teenust ostma)<\/p>\n\n\n\n<div style=\"height:100px\" aria-hidden=\"true\" class=\"wp-block-spacer\"><\/div>\n\n\n<h3 style=\"text-align: center;\"><span style=\"color: #333399;\"><strong>Tellimus Teilt \u2013 puhtus ja kord Meilt!<\/strong><\/span><\/h3>\n<p style=\"text-align: center;\"><!-- \/wp:paragraph --> <!-- wp:paragraph --><\/p>\n<h4 style=\"text-align: center;\"><span style=\"color: #ff0000;\"><strong>Helistage ja me v\u00f5ime juba praegu alustada t\u00f6\u00f6d!<\/strong><\/span><\/h4>\n<h4 style=\"text-align: center;\"><span style=\"color: #ff0000;\"><!-- \/wp:paragraph --> <!-- wp:paragraph --><\/span><\/h4>\n<h4 style=\"text-align: center;\"><span style=\"color: #ff0000;\"><strong><a style=\"color: #ff0000;\" href=\"tel:+37256815681\">+372 5681 5681<\/a><\/strong><\/span><\/h4>\n<p><!--EndFragment--><\/p>\n<p><\/p>","protected":false},"excerpt":{"rendered":"<p>Meie ettev\u00f5tte \u00fcks olulisemaid tegevussuundi on fassaadipesu ja katusepesu. Olenemata sellest, mis materjalist on&nbsp; ehitatud teie maja seinad ja katus, hakkab nendele aja jooksul kogunema tolmu, n\u00f5ge,&nbsp; hallitust, sammalt ja ladesuma soolasid. Selle probleemi saab k\u00f5ige paremini lahendada k\u00f5rgsurvepesuri abil. Ettev\u00f5tte Green Path O\u00dc spetsialistid teostavad fassaadipesu ja katusepesu operatiivselt, ohutult&nbsp; ja kvaliteetselt, olenemata t\u00f6\u00f6de [&hellip;]<\/p>\n","protected":false},"author":2,"featured_media":0,"parent":23,"menu_order":8,"comment_status":"closed","ping_status":"closed","template":"","meta":{"footnotes":""},"class_list":["post-1186","page","type-page","status-publish","hentry"],"yoast_head":"<!-- This site is optimized with the Yoast SEO plugin v23.3 - https:\/\/yoast.com\/wordpress\/plugins\/seo\/ -->\n<title>Fassaadipesu ja Katusepesu &#8902; Green Path O\u00dc &#8902; Tel: 5681 5681<\/title>\n<meta name=\"description\" content=\"Fassaadipesu ja Katusepesu\" \/>\n<meta name=\"robots\" content=\"index, follow, max-snippet:-1, max-image-preview:large, max-video-preview:-1\" \/>\n<link rel=\"canonical\" href=\"https:\/\/greenpath.ee\/et\/puhastusteenused\/fassaadipesu-ja-katusepesu\/\" \/>\n<meta property=\"og:locale\" content=\"et_EE\" \/>\n<meta property=\"og:locale:alternate\" content=\"ru_RU\" \/>\n<meta property=\"og:type\" content=\"article\" \/>\n<meta property=\"og:title\" content=\"Fassaadipesu ja Katusepesu\" \/>\n<meta property=\"og:description\" content=\"Fassaadipesu ja Katusepesu\" \/>\n<meta property=\"og:url\" content=\"https:\/\/greenpath.ee\/et\/puhastusteenused\/fassaadipesu-ja-katusepesu\/\" \/>\n<meta property=\"og:site_name\" content=\"Green Path O\u00dc\" \/>\n<meta property=\"article:publisher\" content=\"https:\/\/www.facebook.com\/greenpath.ee\/\" \/>\n<meta property=\"article:modified_time\" content=\"2020-05-23T15:17:08+00:00\" \/>\n<meta property=\"og:image\" content=\"https:\/\/greenpath.ee\/wp-content\/uploads\/2019\/07\/\u041c\u043e\u0439\u043a\u0430-\u0444\u0430\u0441\u0430\u0434\u0430-600x800.jpg\" \/>\n<meta name=\"twitter:card\" content=\"summary_large_image\" \/>\n<meta name=\"twitter:label1\" content=\"Est. reading time\" \/>\n\t<meta name=\"twitter:data1\" content=\"3 minutit\" \/>\n<script type=\"application\/ld+json\" class=\"yoast-schema-graph\">{\"@context\":\"https:\/\/schema.org\",\"@graph\":[{\"@type\":\"WebPage\",\"@id\":\"https:\/\/greenpath.ee\/ru\/puhastusteenused\/fassaadipesu-ja-katusepesu\/\",\"url\":\"https:\/\/greenpath.ee\/ru\/puhastusteenused\/fassaadipesu-ja-katusepesu\/\",\"name\":\"Fassaadipesu ja Katusepesu\",\"isPartOf\":{\"@id\":\"https:\/\/greenpath.ee\/et\/#website\"},\"primaryImageOfPage\":{\"@id\":\"https:\/\/greenpath.ee\/ru\/puhastusteenused\/fassaadipesu-ja-katusepesu\/#primaryimage\"},\"image\":{\"@id\":\"https:\/\/greenpath.ee\/ru\/puhastusteenused\/fassaadipesu-ja-katusepesu\/#primaryimage\"},\"thumbnailUrl\":\"https:\/\/greenpath.ee\/wp-content\/uploads\/2019\/07\/Fassaadipesu-600x800.jpg\",\"datePublished\":\"2019-03-25T18:23:45+00:00\",\"dateModified\":\"2020-05-23T15:17:08+00:00\",\"description\":\"Fassaadipesu ja Katusepesu\",\"breadcrumb\":{\"@id\":\"https:\/\/greenpath.ee\/ru\/puhastusteenused\/fassaadipesu-ja-katusepesu\/#breadcrumb\"},\"inLanguage\":\"et\",\"potentialAction\":[{\"@type\":\"ReadAction\",\"target\":[\"https:\/\/greenpath.ee\/ru\/puhastusteenused\/fassaadipesu-ja-katusepesu\/\"]}]},{\"@type\":\"ImageObject\",\"inLanguage\":\"et\",\"@id\":\"https:\/\/greenpath.ee\/ru\/puhastusteenused\/fassaadipesu-ja-katusepesu\/#primaryimage\",\"url\":\"https:\/\/greenpath.ee\/wp-content\/uploads\/2019\/07\/Fassaadipesu-600x800.jpg\",\"contentUrl\":\"https:\/\/greenpath.ee\/wp-content\/uploads\/2019\/07\/Fassaadipesu-600x800.jpg\"},{\"@type\":\"BreadcrumbList\",\"@id\":\"https:\/\/greenpath.ee\/ru\/puhastusteenused\/fassaadipesu-ja-katusepesu\/#breadcrumb\",\"itemListElement\":[{\"@type\":\"ListItem\",\"position\":1,\"name\":\"\u0413\u043b\u0430\u0432\u043d\u0430\u044f \u0441\u0442\u0440\u0430\u043d\u0438\u0446\u0430\",\"item\":\"https:\/\/greenpath.ee\/et\/\"},{\"@type\":\"ListItem\",\"position\":2,\"name\":\"\u0423\u0441\u043b\u0443\u0433\u0438 \u043f\u043e \u0443\u0431\u043e\u0440\u043a\u0435\",\"item\":\"https:\/\/greenpath.ee\/ru\/puhastusteenused\/\"},{\"@type\":\"ListItem\",\"position\":3,\"name\":\"Fassaadipesu ja Katusepesu\"}]},{\"@type\":\"WebSite\",\"@id\":\"https:\/\/greenpath.ee\/et\/#website\",\"url\":\"https:\/\/greenpath.ee\/et\/\",\"name\":\"Green Path O\u00dc\",\"description\":\"\",\"publisher\":{\"@id\":\"https:\/\/greenpath.ee\/et\/#organization\"},\"potentialAction\":[{\"@type\":\"SearchAction\",\"target\":{\"@type\":\"EntryPoint\",\"urlTemplate\":\"https:\/\/greenpath.ee\/et\/?s={search_term_string}\"},\"query-input\":\"required name=search_term_string\"}],\"inLanguage\":\"et\"},{\"@type\":\"Organization\",\"@id\":\"https:\/\/greenpath.ee\/et\/#organization\",\"name\":\"Green Path O\u00dc\",\"url\":\"https:\/\/greenpath.ee\/et\/\",\"logo\":{\"@type\":\"ImageObject\",\"inLanguage\":\"et\",\"@id\":\"https:\/\/greenpath.ee\/et\/#\/schema\/logo\/image\/\",\"url\":\"https:\/\/greenpath.ee\/wp-content\/uploads\/2019\/03\/logo.png\",\"contentUrl\":\"https:\/\/greenpath.ee\/wp-content\/uploads\/2019\/03\/logo.png\",\"width\":200,\"height\":90,\"caption\":\"Green Path O\u00dc\"},\"image\":{\"@id\":\"https:\/\/greenpath.ee\/et\/#\/schema\/logo\/image\/\"},\"sameAs\":[\"https:\/\/www.facebook.com\/greenpath.ee\/\"]}]}<\/script>\n<!-- \/ Yoast SEO plugin. -->","yoast_head_json":{"title":"Fassaadipesu ja Katusepesu &#8902; Green Path O\u00dc &#8902; Tel: 5681 5681","description":"Ettev\u00f5tte Green Path O\u00dc spetsialistid teostavad [:ru]\u0427\u0438\u0441\u0442\u043a\u0430 \u0444\u0430\u0441\u0430\u0434\u043e\u0432 \u0438 \u043a\u0440\u044b\u0448 \u0437\u0434\u0430\u043d\u0438\u0439[:et]Fassaadipesu ja Katusepesu[:] operatiivselt, ohutult ja kvaliteetselt, olenemata t\u00f6\u00f6de keerukusest.","robots":{"index":"index","follow":"follow","max-snippet":"max-snippet:-1","max-image-preview":"max-image-preview:large","max-video-preview":"max-video-preview:-1"},"canonical":"https:\/\/greenpath.ee\/et\/puhastusteenused\/fassaadipesu-ja-katusepesu\/","og_locale":"et_EE","og_type":"article","og_title":"[:ru]\u0427\u0438\u0441\u0442\u043a\u0430 \u0444\u0430\u0441\u0430\u0434\u043e\u0432 \u0438 \u043a\u0440\u044b\u0448 \u0437\u0434\u0430\u043d\u0438\u0439[:et]Fassaadipesu ja Katusepesu[:] &#8902; Green Path O\u00dc &#8902; Tel: 5681 5681","og_description":"Ettev\u00f5tte Green Path O\u00dc spetsialistid teostavad [:ru]\u0427\u0438\u0441\u0442\u043a\u0430 \u0444\u0430\u0441\u0430\u0434\u043e\u0432 \u0438 \u043a\u0440\u044b\u0448 \u0437\u0434\u0430\u043d\u0438\u0439[:et]Fassaadipesu ja Katusepesu[:] operatiivselt, ohutult ja kvaliteetselt, olenemata t\u00f6\u00f6de keerukusest.","og_url":"https:\/\/greenpath.ee\/et\/puhastusteenused\/fassaadipesu-ja-katusepesu\/","og_site_name":"Green Path O\u00dc","article_publisher":"https:\/\/www.facebook.com\/greenpath.ee\/","article_modified_time":"2020-05-23T15:17:08+00:00","og_image":[{"url":"https:\/\/greenpath.ee\/wp-content\/uploads\/2019\/07\/\u041c\u043e\u0439\u043a\u0430-\u0444\u0430\u0441\u0430\u0434\u0430-600x800.jpg"}],"twitter_card":"summary_large_image","twitter_misc":{"Est. reading time":"3 minutit"},"schema":{"@context":"https:\/\/schema.org","@graph":[{"@type":"WebPage","@id":"https:\/\/greenpath.ee\/ru\/puhastusteenused\/fassaadipesu-ja-katusepesu\/","url":"https:\/\/greenpath.ee\/ru\/puhastusteenused\/fassaadipesu-ja-katusepesu\/","name":"Fassaadipesu ja Katusepesu","isPartOf":{"@id":"https:\/\/greenpath.ee\/et\/#website"},"primaryImageOfPage":{"@id":"https:\/\/greenpath.ee\/ru\/puhastusteenused\/fassaadipesu-ja-katusepesu\/#primaryimage"},"image":{"@id":"https:\/\/greenpath.ee\/ru\/puhastusteenused\/fassaadipesu-ja-katusepesu\/#primaryimage"},"thumbnailUrl":"https:\/\/greenpath.ee\/wp-content\/uploads\/2019\/07\/Fassaadipesu-600x800.jpg","datePublished":"2019-03-25T18:23:45+00:00","dateModified":"2020-05-23T15:17:08+00:00","description":"Fassaadipesu ja Katusepesu","breadcrumb":{"@id":"https:\/\/greenpath.ee\/ru\/puhastusteenused\/fassaadipesu-ja-katusepesu\/#breadcrumb"},"inLanguage":"et","potentialAction":[{"@type":"ReadAction","target":["https:\/\/greenpath.ee\/ru\/puhastusteenused\/fassaadipesu-ja-katusepesu\/"]}]},{"@type":"ImageObject","inLanguage":"et","@id":"https:\/\/greenpath.ee\/ru\/puhastusteenused\/fassaadipesu-ja-katusepesu\/#primaryimage","url":"https:\/\/greenpath.ee\/wp-content\/uploads\/2019\/07\/Fassaadipesu-600x800.jpg","contentUrl":"https:\/\/greenpath.ee\/wp-content\/uploads\/2019\/07\/Fassaadipesu-600x800.jpg"},{"@type":"BreadcrumbList","@id":"https:\/\/greenpath.ee\/ru\/puhastusteenused\/fassaadipesu-ja-katusepesu\/#breadcrumb","itemListElement":[{"@type":"ListItem","position":1,"name":"\u0413\u043b\u0430\u0432\u043d\u0430\u044f \u0441\u0442\u0440\u0430\u043d\u0438\u0446\u0430","item":"https:\/\/greenpath.ee\/et\/"},{"@type":"ListItem","position":2,"name":"\u0423\u0441\u043b\u0443\u0433\u0438 \u043f\u043e \u0443\u0431\u043e\u0440\u043a\u0435","item":"https:\/\/greenpath.ee\/ru\/puhastusteenused\/"},{"@type":"ListItem","position":3,"name":"Fassaadipesu ja Katusepesu"}]},{"@type":"WebSite","@id":"https:\/\/greenpath.ee\/et\/#website","url":"https:\/\/greenpath.ee\/et\/","name":"Green Path O\u00dc","description":"","publisher":{"@id":"https:\/\/greenpath.ee\/et\/#organization"},"potentialAction":[{"@type":"SearchAction","target":{"@type":"EntryPoint","urlTemplate":"https:\/\/greenpath.ee\/et\/?s={search_term_string}"},"query-input":"required name=search_term_string"}],"inLanguage":"et"},{"@type":"Organization","@id":"https:\/\/greenpath.ee\/et\/#organization","name":"Green Path O\u00dc","url":"https:\/\/greenpath.ee\/et\/","logo":{"@type":"ImageObject","inLanguage":"et","@id":"https:\/\/greenpath.ee\/et\/#\/schema\/logo\/image\/","url":"https:\/\/greenpath.ee\/wp-content\/uploads\/2019\/03\/logo.png","contentUrl":"https:\/\/greenpath.ee\/wp-content\/uploads\/2019\/03\/logo.png","width":200,"height":90,"caption":"Green Path O\u00dc"},"image":{"@id":"https:\/\/greenpath.ee\/et\/#\/schema\/logo\/image\/"},"sameAs":["https:\/\/www.facebook.com\/greenpath.ee\/"]}]}},"_links":{"self":[{"href":"https:\/\/greenpath.ee\/et\/wp-json\/wp\/v2\/pages\/1186"}],"collection":[{"href":"https:\/\/greenpath.ee\/et\/wp-json\/wp\/v2\/pages"}],"about":[{"href":"https:\/\/greenpath.ee\/et\/wp-json\/wp\/v2\/types\/page"}],"author":[{"embeddable":true,"href":"https:\/\/greenpath.ee\/et\/wp-json\/wp\/v2\/users\/2"}],"replies":[{"embeddable":true,"href":"https:\/\/greenpath.ee\/et\/wp-json\/wp\/v2\/comments?post=1186"}],"version-history":[{"count":62,"href":"https:\/\/greenpath.ee\/et\/wp-json\/wp\/v2\/pages\/1186\/revisions"}],"predecessor-version":[{"id":1829,"href":"https:\/\/greenpath.ee\/et\/wp-json\/wp\/v2\/pages\/1186\/revisions\/1829"}],"up":[{"embeddable":true,"href":"https:\/\/greenpath.ee\/et\/wp-json\/wp\/v2\/pages\/23"}],"wp:attachment":[{"href":"https:\/\/greenpath.ee\/et\/wp-json\/wp\/v2\/media?parent=1186"}],"curies":[{"name":"wp","href":"https:\/\/api.w.org\/{rel}","templated":true}]}}