{"id":1140,"date":"2019-03-25T04:53:57","date_gmt":"2019-03-25T02:53:57","guid":{"rendered":"https:\/\/greenpath.ee\/ru\/?page_id=1140"},"modified":"2022-11-03T16:46:45","modified_gmt":"2022-11-03T14:46:45","slug":"osoneerimine","status":"publish","type":"page","link":"https:\/\/greenpath.ee\/et\/puhastusteenused\/osoneerimine\/","title":{"rendered":"Osoneerimine"},"content":{"rendered":"\n<p><strong>\u00d5hu osoneerimine on ruumide \u00f5hu keskkonnas\u00e4\u00e4stlik puhastustehnoloogia, mis p\u00f5hineb gaasilise osooni, v\u00f5imsa oks\u00fcdandi kasutamisel. Meie firma pakutav osoneerimisteenus on kiire ja kasulik viis hallitusest, ebameeldivast l\u00f5hnast, haigust tekitavatest bakteritest, viirustest ja putukatest vabanemiseks.<\/strong><\/p>\n\n\n\n<div class=\"wp-block-image\"><figure class=\"alignleft\"><img decoding=\"async\" src=\"https:\/\/greenpath.ee\/wp-content\/uploads\/2017\/05\/Osoneerimine.jpg\" alt=\"Osoneerimine\"\/><\/figure><\/div>\n\n\n\n<p>Kui veel hiljaaegu oli korterite, kontorite, lastetubade ja meditsiiniasutuste osooneerimine v\u00e4he tuntud, siis praegu kogub see \u00fcha suuremat populaarsust, eriti nende seas, kellele enda ja pere hea tervis pole lihtsalt s\u00f5nak\u00f5lks. Praegu kasutatakse \u00f5hu osooneerimist laialdaselt olmes, meditsiinis ja isegi t\u00f6\u00f6stuses.<\/p>\n\n\n\n<p>Kui tunnete korteris v\u00f5i t\u00f6\u00f6ruumis ebameeldivat l\u00f5hna ja seal viibivatel inimestel tekivad sageli allergilised reaktsioonid, mitmesugused terviseh\u00e4ired, v\u00f5i olete otsustanud ruumi desinfitseerida, h\u00e4vitada seenbakterid ja hallituse, vabaneda kutsumata k\u00fclalistest &#8211; n\u00e4rilistest ja putukatest -, siis on meie firma spetsialistid valmis teid aitama.<\/p>\n\n\n\n<div style=\"height:100px\" aria-hidden=\"true\" class=\"wp-block-spacer\"><\/div>\n\n\n\n<h2 class=\"wp-block-heading\">Selleks tuleb teie ruumides teostada \u00f5hu osooneerimine!<\/h2>\n\n\n\n<p>Ruumide osooneerimisel<\/p>\n\n\n\n<ul class=\"wp-block-list\"><li>toimub \u00f5hu desinfektsioon, mille tulemusel saab \u00f5hk t\u00e4iesti puhtaks;<\/li><li>h\u00e4vivad bakterid ja viirused (sh koroonaviirus COVID-19, SARS ja teised);<\/li><li>k\u00f5rvaldatakse ebameeldivad l\u00f5hnad, kusjuures isegi ammused sisse imbunud l\u00f5hnad;<\/li><li>h\u00e4vivad hallitus ja hallitusseente eosed;<\/li><li>h\u00e4vivad tolmulestad &#8211; allergia p\u00f5hjustajad;<\/li><li>eemaldatakse \u00f5hust ohtlikud orgaanilised \u00fchendid, isegi elavh\u00f5beda aurud, ja \u00f5hk neutraliseeritakse;<\/li><li>vabanetakse k\u00e4rbestest, prussakatest ja teistest putukatest &#8211; k\u00f5rvaldatakse nakkusallikad;<\/li><li>peletatakse eemale ja h\u00e4vitatakse n\u00e4rilised, hiired ja teised kutsumata k\u00fclalised.<\/li><\/ul>\n\n\n\n<p>Osoneerimisprotseduur toimub j\u00e4rgmisel viisil. Meie spetsialist paigaldab ruumi osooni tootmise seadme (osonaator), l\u00fclitab selle sisse ja kontrollib t\u00f6\u00f6protsessi. Osoneerimise ajal ei tohi ruumis olla inimesi. Osoneerimine kestab s\u00f5ltuvalt pindalast ja lagede k\u00f5rgusest keskmiselt 15-60 minutit. P\u00e4rast osoneerimisprotseduuri tuleb t\u00f6\u00f6deldud ruumi tund aega \u00f5hutada.<\/p>\n\n\n\n<div class=\"wp-block-image\"><figure class=\"alignright size-large is-resized\"><img loading=\"lazy\" decoding=\"async\" src=\"https:\/\/greenpath.ee\/wp-content\/uploads\/2017\/05\/Osoneerimine.-Tolmulestade-h\u00e4vitamine.jpg\" alt=\"Osoneerimine. Tolmulestade h\u00e4vitamine, koroonaviiruse h\u00e4vitamine\" class=\"wp-image-957\" width=\"236\" height=\"170\" srcset=\"https:\/\/greenpath.ee\/wp-content\/uploads\/2017\/05\/Osoneerimine.-Tolmulestade-h\u00e4vitamine.jpg 945w, https:\/\/greenpath.ee\/wp-content\/uploads\/2017\/05\/Osoneerimine.-Tolmulestade-h\u00e4vitamine-300x216.jpg 300w, https:\/\/greenpath.ee\/wp-content\/uploads\/2017\/05\/Osoneerimine.-Tolmulestade-h\u00e4vitamine-768x552.jpg 768w\" sizes=\"(max-width: 236px) 100vw, 236px\" \/><figcaption>Osoneerimine. Tolmulestade h\u00e4vitamine, koroonaviiruse h\u00e4vitamine<\/figcaption><\/figure><\/div>\n\n\n\n<p>\u00d5hu osoneerimise k\u00e4igus h\u00e4vitab gaasiline osoon k\u00f5ik tuntud patogeensed mikroorganismid. Teaduslikult on t\u00f5estatud, et looduses ei ole sellist mikroobi v\u00f5i viirust, mis v\u00f5iks osoonile vastu panna. Mikrotasandil \u00fchinevad osoonimolekulid kahjuliku ainega ja h\u00e4vitavad selle, lagunedes seejuures ise \u00e4ra ning muutudes tavaliseks hapnikuks. See toimub m\u00f5ne sekundi jooksul. Uuringud on n\u00e4idanud, et osoon tapab 100% soolekepikestest, saab jagu 95% staf\u00fclokokkidest, k\u00f5rvaldab 99,9% valgetest ja kuldsetest staf\u00fclokokkidest ja h\u00e4vitab 99% gripiviirustest ja koroonaviirustest (sh COVID-19, SARS ja teised).<\/p>\n\n\n\n<p>P\u00e4rast osoneerimist j\u00e4\u00e4b ruumi vaid meeldiv v\u00e4rskuse l\u00f5hn. Ruum ei vaja koristust ega toidun\u00f5ud pesemist \u2013 k\u00f5ik pinnad ja esemed on t\u00e4ielikult desinfitseeritud! Ruumi ei j\u00e4\u00e4 mitte mingisuguseid ebameeldivaid l\u00f5hnu ega kahjulikke keemilisi \u00fchendeid!<\/p>\n\n\n\n<h2 class=\"wp-block-heading\">Meie firma pakutav osoneerimine omab 10 peamist eelist:<\/h2>\n\n\n\n<ol class=\"wp-block-list\"><li>Puhastuse kiirus. Osoneerimine v\u00f5imaldab ruume v\u00e4ga kiiresti desinfitseerida.<\/li><li>Suur efektiivsus. V\u00f5rreldes k\u00f5ige tugevama keemilise desinfitseerimisvahendi klooriga on osoon mitu korda tugevam. Pealegi tungib osoon sinna, kuhu ei suuda tungida \u00fckski muu puhastusvahend.<\/li><li>Ohutus. Gaasiline osoon on keskkonnas\u00e4\u00e4stlik, see ei erita toksilisi laguprodukte.<\/li><li>Erinevalt desodorantidest, mis varjavad ebameeldivaid l\u00f5hnu, h\u00e4vitab osoon need t\u00e4ielikult.<\/li><li>Osoneerimine h\u00e4vitab putukaid, aitab vabaneda hallitusseentest ja h\u00e4vitada \u00f5hus nende eosed.<\/li><li>Tolmulestadest vabanemine. Selle suurep\u00e4rase gaasi abil h\u00e4vitatakse t\u00e4ielikult tolmulestad \u2013 tolmuallergia allikad.<\/li><li>P\u00e4rast seda protseduuri tunnete v\u00e4rskust, teil on m\u00e4rksa kergem hingata ning paraneb oluliselt teie enesetunne. Ka lemmikloomad hakkavad end paremini tundma.<\/li><li>Mugavus. Osooni toodetakse kohapeal, seda pole vaja s\u00e4ilitada ega transportida.<\/li><li>Ohutus. Lubatud kogustes on osoon inimestele, loomadele ja toataimedele t\u00e4iesti ohutu.<\/li><li>Universaalsus ja s\u00e4\u00e4stlikkus. Erinevalt mitmesugustest spetsialiseeritud ja \u00fcpris kallitest meetoditest lahendab osoneerimine tervet probleemikompleksi, mis s\u00e4\u00e4stab meeldivalt mitte ainult teie aega, vaid ka raha.<\/li><\/ol>\n\n\n\n<p>Professionaalne osoneerimisteenus on arenenud maades juba ammu end t\u00f5estanud \u2013 see garanteerib ruumide puhtuse ja on hea tervise pant. Hoonete ja ruumide valdajate enamik m\u00f5istab, et protseduuri kvaliteedi ja ohutuse tagamiseks tuleb p\u00f6\u00f6rduda professionaalide poole.<\/p>\n\n\n\n<p>Firma Green Path O\u00dc pakub professionaalset korterite, eramajade, kontorite, kaubandus- ja tootmisruumide \u00f5hu osoneerimise teenust Tallinnas ning terves Eestis. Meilt saate selle teenuse tellida taskukohase hinnaga. K\u00f5ige parem on osoneerimist teha p\u00e4rast korteri v\u00f5i maja <strong><a href=\"\/et\/puhastusteenused\/suurpuhastus\/\">suurpuhastust<\/a><\/strong>. Kui tellite kaks \u00fcheaegset teenust, saate lisasoodustust.<\/p>\n\n\n\n<p>P\u00f5hiline eelis, mille meie firma poole p\u00f6\u00f6rdudes saate, on kokkuhoid. Nii s\u00e4\u00e4state aega, raha kui ka j\u00f5udu.<\/p>\n\n\n\n<h2 class=\"wp-block-heading\">Ja l\u00f5puks, kui p\u00f6\u00f6rdute abi saamiseks meie poole, n\u00e4itate \u00fcles hoolt mitte ainult ruumide puhtuse, vaid ka elanike tervise p\u00e4rast. V\u00f5imaldab ju professionaalselt tehtud osoneerimine puhastada ruumi paljudest kahjulikest ainetest ja mikroorganismidest, mis asuvad nii pindadel kui \u00f5hus.<\/h2>\n\n\n\n<p>T\u00f6id tehakse teile sobiva graafiku j\u00e4rgi: hommikusel ajal, l\u00f5unaajal v\u00f5i \u00f5htusel ajal.<\/p>\n\n\n\n<p>Osoneerimisteenuse maksumus s\u00f5ltub pindade suurusest, tellimuste regulaarsusest ja ruumi kaugusest Tallinnast.<\/p>\n\n\n\n<p>Tuletame meelde, et suhtume teie soovide rahuldamisse paindlikult, seet\u00f5ttu teeme ruumide osoneerimist mis tahes ajal, isegi puhkep\u00e4evadel ja riigip\u00fchadel.<\/p>\n\n\n\n<p>Aitame teil meeleldi maja v\u00f5i ametiruumid puhtamaks ning meeldivamaks teha, garanteerime ruumide kiire ja kvaliteetse osoneerimise! Koost\u00f6\u00f6 meie firmaga annab hea enesetunde, suurep\u00e4rase t\u00f6\u00f6v\u00f5ime ja t\u00f5eliselt hea tervise ning hubasuse &#8211; puhtal kujul!<\/p>\n\n\n\n<p>Osoneerimisteenuse tellimiseks v\u00f5ite meiega \u00fchendust v\u00f5tta mis tahes teile sobival viisil:<\/p>\n\n\n\n<p>Telefoninumbril <strong><a href=\"tel:+37256815681\">+372 5681 5681<\/a><\/strong>,<\/p>\n\n\n\n<p><strong><a href=\"\/et\/tagasiside-vorm\/\" target=\"_blank\" rel=\"noreferrer noopener\" aria-label=\" (\u043e\u0442\u043a\u0440\u043e\u0435\u0442\u0441\u044f \u0432 \u043d\u043e\u0432\u043e\u0439 \u0432\u043a\u043b\u0430\u0434\u043a\u0435)\">tagasiside<\/a><\/strong> vormi kaudu,<\/p>\n\n\n\n<p>v\u00f5i j\u00e4tke teade meie <strong><a href=\"https:\/\/www.facebook.com\/greenpath.ee\" target=\"_blank\" rel=\"noreferrer noopener\">Facebooki<\/a><\/strong>-lehele.<\/p>\n\n\n\n<p>Kui vajate osoneerimisteenust, helistage meile kohe n\u00fc\u00fcd. Meie firma spetsialistid \u00fctlevad teile teenuse maksumuse, arvestades teie objekti spetsiifikat ning ise\u00e4rasusi.<\/p>\n\n\n\n<div style=\"height:100px\" aria-hidden=\"true\" class=\"wp-block-spacer\"><\/div>\n\n\n<h3 style=\"text-align: center;\"><span style=\"color: #333399;\"><strong>Tellimus Teilt \u2013 puhtus ja kord Meilt!<\/strong><\/span><\/h3>\n<p style=\"text-align: center;\"><!-- \/wp:paragraph --> <!-- wp:paragraph --><\/p>\n<h4 style=\"text-align: center;\"><span style=\"color: #ff0000;\"><strong>Helistage ja me v\u00f5ime juba praegu alustada t\u00f6\u00f6d!<\/strong><\/span><\/h4>\n<h4 style=\"text-align: center;\"><span style=\"color: #ff0000;\"><!-- \/wp:paragraph --> <!-- wp:paragraph --><\/span><\/h4>\n<h4 style=\"text-align: center;\"><span style=\"color: #ff0000;\"><strong><a style=\"color: #ff0000;\" href=\"tel:+37255906612\">+372 5681 5681<\/a><\/strong><\/span><\/h4>","protected":false},"excerpt":{"rendered":"<p>\u00d5hu osoneerimine on ruumide \u00f5hu keskkonnas\u00e4\u00e4stlik puhastustehnoloogia, mis p\u00f5hineb gaasilise osooni, v\u00f5imsa oks\u00fcdandi kasutamisel. Meie firma pakutav osoneerimisteenus on kiire ja kasulik viis hallitusest, ebameeldivast l\u00f5hnast, haigust tekitavatest bakteritest, viirustest ja putukatest vabanemiseks. Kui veel hiljaaegu oli korterite, kontorite, lastetubade ja meditsiiniasutuste osooneerimine v\u00e4he tuntud, siis praegu kogub see \u00fcha suuremat populaarsust, eriti nende seas, [&hellip;]<\/p>\n","protected":false},"author":2,"featured_media":0,"parent":23,"menu_order":5,"comment_status":"closed","ping_status":"closed","template":"","meta":{"footnotes":""},"class_list":["post-1140","page","type-page","status-publish","hentry"],"yoast_head":"<!-- This site is optimized with the Yoast SEO plugin v23.3 - https:\/\/yoast.com\/wordpress\/plugins\/seo\/ -->\n<title>Osoneerimine &#8902; Green Path O\u00dc &#8902; Tel: 5681 5681 &#8902;<\/title>\n<meta name=\"description\" content=\"Osoneerimine\" \/>\n<meta name=\"robots\" content=\"index, follow, max-snippet:-1, max-image-preview:large, max-video-preview:-1\" \/>\n<link rel=\"canonical\" href=\"https:\/\/greenpath.ee\/et\/puhastusteenused\/osoneerimine\/\" \/>\n<meta property=\"og:locale\" content=\"et_EE\" \/>\n<meta property=\"og:locale:alternate\" content=\"ru_RU\" \/>\n<meta property=\"og:type\" content=\"article\" \/>\n<meta property=\"og:title\" content=\"Osoneerimine\" \/>\n<meta property=\"og:description\" content=\"Osoneerimine\" \/>\n<meta property=\"og:url\" content=\"https:\/\/greenpath.ee\/et\/puhastusteenused\/osoneerimine\/\" \/>\n<meta property=\"og:site_name\" content=\"Green Path O\u00dc\" \/>\n<meta property=\"article:publisher\" content=\"https:\/\/www.facebook.com\/greenpath.ee\/\" \/>\n<meta property=\"article:modified_time\" content=\"2022-11-03T14:46:45+00:00\" \/>\n<meta property=\"og:image\" content=\"https:\/\/greenpath.ee\/wp-content\/uploads\/2017\/05\/Osoneerimine.jpg\" \/>\n<meta name=\"twitter:card\" content=\"summary_large_image\" \/>\n<meta name=\"twitter:label1\" content=\"Est. reading time\" \/>\n\t<meta name=\"twitter:data1\" content=\"5 minutit\" \/>\n<script type=\"application\/ld+json\" class=\"yoast-schema-graph\">{\"@context\":\"https:\/\/schema.org\",\"@graph\":[{\"@type\":\"WebPage\",\"@id\":\"https:\/\/greenpath.ee\/et\/puhastusteenused\/osoneerimine\/\",\"url\":\"https:\/\/greenpath.ee\/et\/puhastusteenused\/osoneerimine\/\",\"name\":\"Osoneerimine\",\"isPartOf\":{\"@id\":\"https:\/\/greenpath.ee\/et\/#website\"},\"primaryImageOfPage\":{\"@id\":\"https:\/\/greenpath.ee\/et\/puhastusteenused\/osoneerimine\/#primaryimage\"},\"image\":{\"@id\":\"https:\/\/greenpath.ee\/et\/puhastusteenused\/osoneerimine\/#primaryimage\"},\"thumbnailUrl\":\"https:\/\/greenpath.ee\/wp-content\/uploads\/2017\/05\/Osoneerimine.jpg\",\"datePublished\":\"2019-03-25T02:53:57+00:00\",\"dateModified\":\"2022-11-03T14:46:45+00:00\",\"description\":\"Osoneerimine\",\"breadcrumb\":{\"@id\":\"https:\/\/greenpath.ee\/et\/puhastusteenused\/osoneerimine\/#breadcrumb\"},\"inLanguage\":\"et\",\"potentialAction\":[{\"@type\":\"ReadAction\",\"target\":[\"https:\/\/greenpath.ee\/et\/puhastusteenused\/osoneerimine\/\"]}]},{\"@type\":\"ImageObject\",\"inLanguage\":\"et\",\"@id\":\"https:\/\/greenpath.ee\/et\/puhastusteenused\/osoneerimine\/#primaryimage\",\"url\":\"https:\/\/greenpath.ee\/wp-content\/uploads\/2017\/05\/Osoneerimine.jpg\",\"contentUrl\":\"https:\/\/greenpath.ee\/wp-content\/uploads\/2017\/05\/Osoneerimine.jpg\"},{\"@type\":\"BreadcrumbList\",\"@id\":\"https:\/\/greenpath.ee\/et\/puhastusteenused\/osoneerimine\/#breadcrumb\",\"itemListElement\":[{\"@type\":\"ListItem\",\"position\":1,\"name\":\"\u0413\u043b\u0430\u0432\u043d\u0430\u044f \u0441\u0442\u0440\u0430\u043d\u0438\u0446\u0430\",\"item\":\"https:\/\/greenpath.ee\/et\/\"},{\"@type\":\"ListItem\",\"position\":2,\"name\":\"\u0423\u0441\u043b\u0443\u0433\u0438 \u043f\u043e \u0443\u0431\u043e\u0440\u043a\u0435\",\"item\":\"https:\/\/greenpath.ee\/ru\/puhastusteenused\/\"},{\"@type\":\"ListItem\",\"position\":3,\"name\":\"Osoneerimine\"}]},{\"@type\":\"WebSite\",\"@id\":\"https:\/\/greenpath.ee\/et\/#website\",\"url\":\"https:\/\/greenpath.ee\/et\/\",\"name\":\"Green Path O\u00dc\",\"description\":\"\",\"publisher\":{\"@id\":\"https:\/\/greenpath.ee\/et\/#organization\"},\"potentialAction\":[{\"@type\":\"SearchAction\",\"target\":{\"@type\":\"EntryPoint\",\"urlTemplate\":\"https:\/\/greenpath.ee\/et\/?s={search_term_string}\"},\"query-input\":\"required name=search_term_string\"}],\"inLanguage\":\"et\"},{\"@type\":\"Organization\",\"@id\":\"https:\/\/greenpath.ee\/et\/#organization\",\"name\":\"Green Path O\u00dc\",\"url\":\"https:\/\/greenpath.ee\/et\/\",\"logo\":{\"@type\":\"ImageObject\",\"inLanguage\":\"et\",\"@id\":\"https:\/\/greenpath.ee\/et\/#\/schema\/logo\/image\/\",\"url\":\"https:\/\/greenpath.ee\/wp-content\/uploads\/2019\/03\/logo.png\",\"contentUrl\":\"https:\/\/greenpath.ee\/wp-content\/uploads\/2019\/03\/logo.png\",\"width\":200,\"height\":90,\"caption\":\"Green Path O\u00dc\"},\"image\":{\"@id\":\"https:\/\/greenpath.ee\/et\/#\/schema\/logo\/image\/\"},\"sameAs\":[\"https:\/\/www.facebook.com\/greenpath.ee\/\"]}]}<\/script>\n<!-- \/ Yoast SEO plugin. -->","yoast_head_json":{"title":"Osoneerimine &#8902; Green Path O\u00dc &#8902; Tel: 5681 5681 &#8902;","description":"\u00d5hu [:ru]\u041e\u0437\u043e\u043d\u0438\u0440\u043e\u0432\u0430\u043d\u0438\u0435 \u0432\u043e\u0437\u0434\u0443\u0445\u0430[:et]Osoneerimine[:] on ruumide \u00f5hu keskkonnas\u00e4\u00e4stlik puhastustehnoloogia, mis p\u00f5hineb gaasilise osooni, v\u00f5imsa oks\u00fcdandi kasutamisel.","robots":{"index":"index","follow":"follow","max-snippet":"max-snippet:-1","max-image-preview":"max-image-preview:large","max-video-preview":"max-video-preview:-1"},"canonical":"https:\/\/greenpath.ee\/et\/puhastusteenused\/osoneerimine\/","og_locale":"et_EE","og_type":"article","og_title":"[:ru]\u041e\u0437\u043e\u043d\u0438\u0440\u043e\u0432\u0430\u043d\u0438\u0435 \u0432\u043e\u0437\u0434\u0443\u0445\u0430[:et]Osoneerimine[:] &#8902; Green Path O\u00dc &#8902; Tel: 5681 5681 &#8902;","og_description":"\u00d5hu [:ru]\u041e\u0437\u043e\u043d\u0438\u0440\u043e\u0432\u0430\u043d\u0438\u0435 \u0432\u043e\u0437\u0434\u0443\u0445\u0430[:et]Osoneerimine[:] on ruumide \u00f5hu keskkonnas\u00e4\u00e4stlik puhastustehnoloogia, mis p\u00f5hineb gaasilise osooni, v\u00f5imsa oks\u00fcdandi kasutamisel.","og_url":"https:\/\/greenpath.ee\/et\/puhastusteenused\/osoneerimine\/","og_site_name":"Green Path O\u00dc","article_publisher":"https:\/\/www.facebook.com\/greenpath.ee\/","article_modified_time":"2022-11-03T14:46:45+00:00","og_image":[{"url":"https:\/\/greenpath.ee\/wp-content\/uploads\/2017\/05\/Osoneerimine.jpg"}],"twitter_card":"summary_large_image","twitter_misc":{"Est. reading time":"5 minutit"},"schema":{"@context":"https:\/\/schema.org","@graph":[{"@type":"WebPage","@id":"https:\/\/greenpath.ee\/et\/puhastusteenused\/osoneerimine\/","url":"https:\/\/greenpath.ee\/et\/puhastusteenused\/osoneerimine\/","name":"Osoneerimine","isPartOf":{"@id":"https:\/\/greenpath.ee\/et\/#website"},"primaryImageOfPage":{"@id":"https:\/\/greenpath.ee\/et\/puhastusteenused\/osoneerimine\/#primaryimage"},"image":{"@id":"https:\/\/greenpath.ee\/et\/puhastusteenused\/osoneerimine\/#primaryimage"},"thumbnailUrl":"https:\/\/greenpath.ee\/wp-content\/uploads\/2017\/05\/Osoneerimine.jpg","datePublished":"2019-03-25T02:53:57+00:00","dateModified":"2022-11-03T14:46:45+00:00","description":"Osoneerimine","breadcrumb":{"@id":"https:\/\/greenpath.ee\/et\/puhastusteenused\/osoneerimine\/#breadcrumb"},"inLanguage":"et","potentialAction":[{"@type":"ReadAction","target":["https:\/\/greenpath.ee\/et\/puhastusteenused\/osoneerimine\/"]}]},{"@type":"ImageObject","inLanguage":"et","@id":"https:\/\/greenpath.ee\/et\/puhastusteenused\/osoneerimine\/#primaryimage","url":"https:\/\/greenpath.ee\/wp-content\/uploads\/2017\/05\/Osoneerimine.jpg","contentUrl":"https:\/\/greenpath.ee\/wp-content\/uploads\/2017\/05\/Osoneerimine.jpg"},{"@type":"BreadcrumbList","@id":"https:\/\/greenpath.ee\/et\/puhastusteenused\/osoneerimine\/#breadcrumb","itemListElement":[{"@type":"ListItem","position":1,"name":"\u0413\u043b\u0430\u0432\u043d\u0430\u044f \u0441\u0442\u0440\u0430\u043d\u0438\u0446\u0430","item":"https:\/\/greenpath.ee\/et\/"},{"@type":"ListItem","position":2,"name":"\u0423\u0441\u043b\u0443\u0433\u0438 \u043f\u043e \u0443\u0431\u043e\u0440\u043a\u0435","item":"https:\/\/greenpath.ee\/ru\/puhastusteenused\/"},{"@type":"ListItem","position":3,"name":"Osoneerimine"}]},{"@type":"WebSite","@id":"https:\/\/greenpath.ee\/et\/#website","url":"https:\/\/greenpath.ee\/et\/","name":"Green Path O\u00dc","description":"","publisher":{"@id":"https:\/\/greenpath.ee\/et\/#organization"},"potentialAction":[{"@type":"SearchAction","target":{"@type":"EntryPoint","urlTemplate":"https:\/\/greenpath.ee\/et\/?s={search_term_string}"},"query-input":"required name=search_term_string"}],"inLanguage":"et"},{"@type":"Organization","@id":"https:\/\/greenpath.ee\/et\/#organization","name":"Green Path O\u00dc","url":"https:\/\/greenpath.ee\/et\/","logo":{"@type":"ImageObject","inLanguage":"et","@id":"https:\/\/greenpath.ee\/et\/#\/schema\/logo\/image\/","url":"https:\/\/greenpath.ee\/wp-content\/uploads\/2019\/03\/logo.png","contentUrl":"https:\/\/greenpath.ee\/wp-content\/uploads\/2019\/03\/logo.png","width":200,"height":90,"caption":"Green Path O\u00dc"},"image":{"@id":"https:\/\/greenpath.ee\/et\/#\/schema\/logo\/image\/"},"sameAs":["https:\/\/www.facebook.com\/greenpath.ee\/"]}]}},"_links":{"self":[{"href":"https:\/\/greenpath.ee\/et\/wp-json\/wp\/v2\/pages\/1140"}],"collection":[{"href":"https:\/\/greenpath.ee\/et\/wp-json\/wp\/v2\/pages"}],"about":[{"href":"https:\/\/greenpath.ee\/et\/wp-json\/wp\/v2\/types\/page"}],"author":[{"embeddable":true,"href":"https:\/\/greenpath.ee\/et\/wp-json\/wp\/v2\/users\/2"}],"replies":[{"embeddable":true,"href":"https:\/\/greenpath.ee\/et\/wp-json\/wp\/v2\/comments?post=1140"}],"version-history":[{"count":28,"href":"https:\/\/greenpath.ee\/et\/wp-json\/wp\/v2\/pages\/1140\/revisions"}],"predecessor-version":[{"id":1858,"href":"https:\/\/greenpath.ee\/et\/wp-json\/wp\/v2\/pages\/1140\/revisions\/1858"}],"up":[{"embeddable":true,"href":"https:\/\/greenpath.ee\/et\/wp-json\/wp\/v2\/pages\/23"}],"wp:attachment":[{"href":"https:\/\/greenpath.ee\/et\/wp-json\/wp\/v2\/media?parent=1140"}],"curies":[{"name":"wp","href":"https:\/\/api.w.org\/{rel}","templated":true}]}}