{"id":1079,"date":"2013-06-02T15:17:28","date_gmt":"2013-06-02T12:17:28","guid":{"rendered":"http:\/\/greenpath.ee\/?page_id=2"},"modified":"2022-11-05T17:58:40","modified_gmt":"2022-11-05T15:58:40","slug":"meist","status":"publish","type":"page","link":"https:\/\/greenpath.ee\/et\/meist\/","title":{"rendered":"Meist"},"content":{"rendered":"\n<p><strong><span style=\"font-family: verdana, geneva; font-size: 14px;\">Green Path O\u00dc t\u00f6\u00f6meeskond tervitab Teid!&nbsp;<\/span><\/strong><span style=\"font-family: verdana, geneva; font-size: 10pt;\">Green Path O\u00dc on aktiivselt arenev puhastusettev\u00f5te, mis tegutseb kohalikul turul 2012. aastast.<\/span><\/p>\n\n\n\n<div class=\"wp-block-image\"><figure class=\"alignright is-resized\"><a href=\"http:\/\/greenpath.ee\/wp-content\/uploads\/2016\/10\/Sertifikaat-Usaldusv\u00e4\u00e4rne-Ettev\u00f5te-GREEN-PATH-O\u00dc.jpg\" target=\"_blank\" rel=\"noopener noreferrer\"><img loading=\"lazy\" decoding=\"async\" src=\"https:\/\/greenpath.ee\/wp-content\/uploads\/2016\/10\/Sertifikaat-Usaldusv\u00e4\u00e4rne-Ettev\u00f5te-GREEN-PATH-O\u00dc-741x1024.jpg\" alt=\"\" class=\"wp-image-870\" width=\"371\" height=\"512\"\/><\/a><\/figure><\/div>\n\n\n\n<p><span style=\"font-family: verdana, geneva; font-size: 10pt;\">Paljude aastate jooksul oleme end puhastuse ja koristusega tegelevate professionaalide seas suurep\u00e4rasest k\u00fcljest n\u00e4idanud. Enamik kliente soovib tellida puhastusteenuseid just meilt. L\u00e4heneme igale kliendile individuaalselt, arvestame kliendi soovidega ning t\u00e4idame efektiivselt p\u00fcstitatud eesm\u00e4rgid &#8211;&nbsp; k\u00f5ik see viib laitmatu tulemuseni. Autasuks meie hea ja kvaliteetse t\u00f6\u00f6 eest on 2016 aastal saadud sertifikaat <a title=\"Usaldusv\u00e4\u00e4rne Ettev\u00f5te\" rel=\"noopener noreferrer\" href=\"http:\/\/www.usaldusvaarneettevote.ee\/show,998,green-path-o\" target=\"_blank\"><strong>&#8220;Usaldusv\u00e4\u00e4rne Ettev\u00f5te&#8221;<\/strong> <\/a>. Projekt &#8220;Usaldusv\u00e4\u00e4rne Ettev\u00f5te&#8221; t\u00f6\u00f6tati v\u00e4lja aastal 2013. Projekti eesm\u00e4rgiks on anda potentsiaalsetele klientidele ligip\u00e4\u00e4s ettev\u00f5tele, mis v\u00e4\u00e4rivad \u00e4ram\u00e4rkimist seoses teenuste k\u00f5rge kvaliteediga ja kasutavad oma majandustegevuses laialt m\u00f5istetud eetika p\u00f5him\u00f5tteid. Ettev\u00f5tteid, millele on omistatud sertifikaat &#8220;Usaldusv\u00e4\u00e4rne Ettev\u00f5te&#8221;, iseloomustab mitte ainult nende teenuste usaldusv\u00e4\u00e4rsus, vaid ka laitmatu maine nii klientide kui ka koost\u00f6\u00f6partnerite seas.<\/span><\/p>\n\n\n\n<div style=\"height:100px\" aria-hidden=\"true\" class=\"wp-block-spacer\"><\/div>\n\n\n\n<div class=\"wp-block-image\"><figure class=\"alignleft is-resized\"><a href=\"http:\/\/greenpath.ee\/wp-content\/uploads\/2018\/03\/AAA-2018-EST.jpg\" target=\"_blank\" rel=\"noopener noreferrer\"><img loading=\"lazy\" decoding=\"async\" src=\"https:\/\/greenpath.ee\/wp-content\/uploads\/2018\/03\/AAA-2018-EST-724x1024.jpg\" alt=\"\" class=\"wp-image-1045\" width=\"362\" height=\"512\"\/><\/a><\/figure><\/div>\n\n\n\n<p><span style=\"font-family: verdana, geneva; font-size: 10pt;\">Aastal <strong><a title=\"Bisnode Credit Reports 2015\" href=\"http:\/\/greenpath.ee\/wp-content\/uploads\/2016\/01\/Puhastus-firma-tunnistus.jpg\" target=\"_blank\" rel=\"noopener noreferrer\"><strong>2015<\/strong> <\/a><\/strong> ja 2018 sai meie ettev\u00f5te k\u00f5rgemaisse AAA\u00ae&nbsp;&#8211; krediidireitingu klassi. Ainult 3,8% Eesti ettev\u00f5tetest aastal 2015 ja 3,6% aastal 2018 on saavutanud k\u00f5rgeima krediidireitingu taseme AAA\u00ae. <strong><a title=\"Bisnode Credit Reports\" href=\"https:\/\/krediidiraportid.ee\/aaa-krediidireiting\" target=\"_blank\" rel=\"noopener noreferrer\"><strong>Bisnode Credit Reports<\/strong> <\/a><\/strong> arvutab&nbsp;reitingud k\u00f5ikide Eesti ettev\u00f5tete kohta. K\u00f5rgeima reitinguga ettev\u00f5tetel on keskmisest m\u00e4rgatavalt parem majandusseis ja finantsn\u00e4itajad, positiivne taust ning korrektsed maksekombed. Reitingutasemeid on kokku seitse, seejures AAA\u00ae on neist k\u00f5rgeim.<\/span><\/p>\n\n\n\n<p><span style=\"font-family: verdana, geneva; font-size: 10pt;\">AAA\u00ae reitingus\u00fcsteem on Euroopas, eriti P\u00f5hjamaades, laialdaselt tuntud ja tunnustatud.<\/span><\/p>\n\n\n\n<div style=\"height:100px\" aria-hidden=\"true\" class=\"wp-block-spacer\"><\/div>\n\n\n\n<div class=\"wp-block-image\"><figure class=\"alignright is-resized\"><a href=\"http:\/\/greenpath.ee\/wp-content\/uploads\/2018\/10\/GREEN-PATH-O\u00dc-tunnistus-_-Turvaline-partner-_-EVUL.pdf\" target=\"_blank\" rel=\"noopener noreferrer\"><img loading=\"lazy\" decoding=\"async\" src=\"https:\/\/greenpath.ee\/wp-content\/uploads\/2017\/09\/GREEN-PATH-O\u00dc-tunnistus-_-Turvaline-partner-_-EVUL.jpg\" alt=\"\" class=\"wp-image-1018\" width=\"323\" height=\"456\" srcset=\"https:\/\/greenpath.ee\/wp-content\/uploads\/2017\/09\/GREEN-PATH-O\u00dc-tunnistus-_-Turvaline-partner-_-EVUL.jpg 645w, https:\/\/greenpath.ee\/wp-content\/uploads\/2017\/09\/GREEN-PATH-O\u00dc-tunnistus-_-Turvaline-partner-_-EVUL-212x300.jpg 212w\" sizes=\"(max-width: 323px) 100vw, 323px\" \/><\/a><\/figure><\/div>\n\n\n\n<p><span style=\"font-size: 10pt;\"><\/span><span style=\"font-family: verdana, geneva; font-size: 10pt;\">Oleme 2017 aastast ka Eesti V\u00f5lausaldajate Liidu liige, kes pakub liidu liikmetele \u00e4ritegevuse<br>\ntoimimiseks lisatuge ja kaitset.<\/span>\n<\/p>\n\n\n\n<p><span style=\"font-family: verdana, geneva; font-size: 10pt;\"><a title=\"Eesti V\u00f5lausaldajate Liit (EVUL)\" href=\"http:\/\/www.evul.ee\/\" target=\"_blank\" rel=\"noopener noreferrer\"><strong>Eesti V\u00f5lausaldajate Liit (EVUL)<\/strong> <\/a> asutati 2015 aastal eesm\u00e4rgiga tagada \u00fcheskoos liidu liikmetega Eesti \u00e4rimaastiku l\u00e4bipaistvam toimimine. Liidu peamised tegevused on seotud ettev\u00f5tluskultuuri parendamise ja \u00e4rimaastiku avatumaks muutmisega, seda eelk\u00f5ige l\u00e4bi krediidiriskidega seonduvate v\u00f5tmek\u00fcsimuste kaardistamise, nende anal\u00fc\u00fcsimise ja maksej\u00f5uetuse s\u00f5lmprobleemidega tegelemise. Liit osaleb seadusloome t\u00f6\u00f6s ja omab \u00fchekokku ligikaudu 1500 liiget (2017 septembri seisuga)<\/span><\/p>\n\n\n\n<p><span style=\"font-size: 10pt;\"><strong><span style=\"font-family: verdana, geneva;\">Kas Teie teete veel ise koristust\u00f6id?<\/span><\/strong><\/span><\/p>\n\n\n\n<p><span style=\"font-family: verdana, geneva; font-size: 10pt;\">M\u00f5elge ainult selle peale, kui palju aega ja j\u00f5udu v\u00f5tab Teilt maja v\u00f5i kontori regulaarne korrashoid. See t\u00fc\u00fctu tegevus v\u00f5tab Teilt kalleid minuteid ja tunde, kui saaksite suhelda oma l\u00e4hedastega, s\u00f5pradega, tegeleda hobidega v\u00f5i lihtsalt puhata t\u00f6\u00f6 argip\u00e4evast ning taastada j\u00f5udu. Igal juhul saaksite Te aega veeta meeldivamalt ja produktiivsemalt.<\/span><\/p>\n\n\n\n<p><span style=\"font-family: verdana, geneva; font-size: 10pt;\">Green Path O\u00dc pakub Teile v\u00f5imaluse sukelduda puhtuse ja v\u00e4rskuse maailma, seejuures ilma f\u00fc\u00fcsiliste ja moraalsete pingutusteta. Meie spetsialistid koristavad Teie elu- ja t\u00f6\u00f6ruumid kiirelt ja mis on k\u00f5ige t\u00e4htsam &#8211; kvaliteetselt. Me oleme absoluutselt kindlad, et iga t\u00f6\u00f6 peab olema tehtud t\u00f5eliste professionaalide poolt, kes tunnevad h\u00e4sti oma t\u00f6\u00f6d. Koristusteenuseid peaksid pakkuma inimesed, kes tunnevad t\u00e4nap\u00e4eva puhtusemaailma tehnoloogiat.<\/span><\/p>\n\n\n\n<p><span style=\"font-family: verdana, geneva; font-size: 10pt;\">Koost\u00f6\u00f6s meie ettev\u00f5ttega ei pea Te m\u00f5tlema oma ruumide korrast ja puhtusest, samuti vabastab paljudest probleemidest, mis on seotud koristamisega. Professionaalne puhastusettev\u00f5te&nbsp;Green Path O\u00dc pakub Eestimaa elanikele kvaliteetsete teenuste laia valikut, mis h\u00f5lmab j\u00e4rgmisi t\u00f6id:<\/span><\/p>\n\n\n\n<ul class=\"wp-block-list\"><li><h2><span style=\"font-family: verdana, geneva; font-size: 10pt;\">korterite, kontorite, riigiasutuste ruumide ja teiste \u00e4ripindade suurpuhastus;<\/span><\/h2> <\/li><li><h2><span style=\"font-family: verdana, geneva; font-size: 10pt;\">nahk- ja\/v\u00f5i pehme m\u00f6\u00f6bli puhastus ja hooldus;<\/span><\/h2> <\/li><li><h2><span style=\"font-family: verdana, geneva; font-size: 10pt;\">mitmesuguste p\u00f5randapindade pesu;<\/span><\/h2> <\/li><li><h2><span style=\"font-family: verdana, geneva; font-size: 10pt;\">akende ja teiste klaaspindade pesu;<\/span><\/h2> <\/li><li><h2><span style=\"font-family: verdana, geneva; font-size: 10pt;\">osoneerimine;<\/span><\/h2> <\/li><li><h2><span style=\"font-family: verdana, geneva; font-size: 10pt;\">remondi- ja ehitusj\u00e4rgne koristus;<\/span><\/h2> <\/li><li><h2><span style=\"font-family: verdana, geneva; font-size: 10pt;\">fassaadipesu ja katusepesu; <\/span><\/h2>    <\/li><li><h2><span style=\"font-family: verdana, geneva; font-size: 10pt;\">t\u00e4navakivi pesu;<\/span><\/h2> <\/li><li><h2><span style=\"font-family: verdana, geneva; font-size: 10pt;\">ohutu lumekoristus katustelt.<\/span><\/h2> <\/li><\/ul>\n\n\n\n<p><span style=\"font-family: verdana, geneva; font-size: 10pt;\">Juhime Teie t\u00e4helepanu sellele, et k\u00f5ikide ruumide koristamisel kasutame spetsiaalseid pesuvahendeid, mille abil on v\u00f5imalik kahjustamata inimese tervist ning rikkumata&nbsp; pindu k\u00f5rvaldada erinevat liiki mustust. Neid k\u00f5iki vahendeid on lubatud kasutada tervishoiu- ja lasteasutustes. Meil on olemas spetsiaalne koristustehnika ning vajalik varustus, t\u00e4nu millele v\u00f5ime pakkuda ja garanteerida Teile t\u00e4nap\u00e4evaseid ja k\u00f5rge kvaliteediga teenuseid ning suurep\u00e4rast tulemust peale suurpuhastust.<\/span><\/p>\n\n\n\n<p><span style=\"font-family: verdana, geneva; font-size: 10pt;\">Green Path O\u00dc Tehniline varustus on \u0160veitsi tootja poolt pakutud TASKI tehnika. Siin on ainult m\u00f5ned professionaalsed seadmed,&nbsp; mida me kasutame oma t\u00f6\u00f6s:<br>\n<\/span><\/p>\n\n\n\n<figure class=\"wp-block-image\"><img decoding=\"async\" src=\"https:\/\/greenpath.ee\/wp-content\/uploads\/2016\/01\/Taski-puhastus-tehnika.jpg\" alt=\"Taski puhastus tehnika\"\/><\/figure>\n\n\n\n<p><span style=\"font-size: 10pt;\"><\/span><\/p>\n\n\n\n<p><span style=\"font-family: verdana, geneva; font-size: 10pt;\">Koost\u00f6\u00f6 meie ettev\u00f5tega v\u00f5imaldab Teil:<\/span><\/p>\n\n\n\n<ul class=\"wp-block-list\"><li><span style=\"font-family: verdana, geneva; font-size: 10pt;\">rohkem keskenduda oma t\u00f6\u00f6le;<\/span><\/li><li><span style=\"font-family: verdana, geneva; font-size: 10pt;\">usaldada puhastus- ja koristusst\u00f6\u00f6d kvalifitseeritud spetsialistidele;<\/span><\/li><li><span style=\"font-family: verdana, geneva; font-size: 10pt;\">pikendada p\u00f5randapindade ja pehme m\u00f6\u00f6bli eluiga;<\/span><\/li><li><span style=\"font-family: verdana, geneva; font-size: 10pt;\">tunda ennast h\u00e4sti puhtas ja v\u00e4rskes ruumis.<\/span><\/li><\/ul>\n\n\n\n<p><span style=\"font-family: verdana, geneva; font-size: 10pt;\">Green Path O\u00dc annab endast parima selleks, et:<\/span><\/p>\n\n\n\n<ul class=\"wp-block-list\"><li style=\"text-align: justify;\"><span style=\"font-family: verdana, geneva; font-size: 10pt;\">pidevalt parendada pakutavate koristusteenuste kvaliteeti;<\/span><\/li><\/ul>\n\n\n\n<ul class=\"wp-block-list\"><li><span style=\"font-family: verdana, geneva; font-size: 10pt;\">suurendada t\u00f6\u00f6tajate kvalifikatsioonitaset;<\/span><\/li><li><span style=\"font-family: verdana, geneva; font-size: 10pt;\">p\u00fc\u00fcda hoida pikaajalisi suhteid klientidega.<\/span><\/li><\/ul>\n\n\n\n<div class=\"wp-block-image\"><figure class=\"alignright is-resized\"><a href=\"https:\/\/greenpath.ee\/wp-content\/uploads\/2022\/11\/Puhastus-firma-vastutuskindlustuse-sertifikaat.pdf\" target=\"_blank\" rel=\"noopener noreferrer\"><img loading=\"lazy\" decoding=\"async\" src=\"https:\/\/greenpath.ee\/wp-content\/uploads\/2013\/06\/Strahovka-724x1024.jpg\" alt=\"\" class=\"wp-image-115\" width=\"362\" height=\"512\"\/><\/a><\/figure><\/div>\n\n\n\n<p><span style=\"font-size: 10pt; font-family: verdana, geneva;\">Hea boonus on see, et k\u00f5ik meie teenused on t\u00f6\u00f6de teostamisel kindlustatud t\u00f6\u00f6de teostamisel avariijuhtude vastu 32 000 euro peale. Juhul kui t\u00f6\u00f6de teostamise k\u00e4igus Teie vara kahjustatakse ( pindade , m\u00f6\u00f6bli jms kahjustus), katame meie t\u00e4ielikult vastavad kulud. <\/span><\/p>\n\n\n\n<p><span style=\"font-size: 10pt; font-family: verdana, geneva;\">See t\u00e4hendab, et Teil on 200 % tulemuse garantii: 100% t\u00f6\u00f6 kvaliteeti&nbsp; ja 100 % kindlustust kahjude puhul.<\/span><\/p>\n\n\n\n<div style=\"height:100px\" aria-hidden=\"true\" class=\"wp-block-spacer\"><\/div>\n\n\n\n<div style=\"height:100px\" aria-hidden=\"true\" class=\"wp-block-spacer\"><\/div>\n\n\n\n<div style=\"height:100px\" aria-hidden=\"true\" class=\"wp-block-spacer\"><\/div>\n\n\n<h4 style=\"text-align: center;\"><span style=\"color: #333399;\"><strong>Tellimus Teilt \u2013 puhtus ja kord Meilt!<\/strong><\/span><\/h4>\n<h5 style=\"text-align: center;\"><span style=\"color: #ff0000;\"><strong>Helistage ja me v\u00f5ime juba praegu alustada t\u00f6\u00f6d!<\/strong><\/span><\/h5>\n<h5 style=\"text-align: center;\"><span style=\"color: #ff0000;\"><strong><a style=\"color: #ff0000;\" href=\"tel:+37256815681\">+372 5681 5681<\/a><\/strong><\/span><\/h5>","protected":false},"excerpt":{"rendered":"<p>Green Path O\u00dc t\u00f6\u00f6meeskond tervitab Teid!&nbsp;Green Path O\u00dc on aktiivselt arenev puhastusettev\u00f5te, mis tegutseb kohalikul turul 2012. aastast. Paljude aastate jooksul oleme end puhastuse ja koristusega tegelevate professionaalide seas suurep\u00e4rasest k\u00fcljest n\u00e4idanud. Enamik kliente soovib tellida puhastusteenuseid just meilt. L\u00e4heneme igale kliendile individuaalselt, arvestame kliendi soovidega ning t\u00e4idame efektiivselt p\u00fcstitatud eesm\u00e4rgid &#8211;&nbsp; k\u00f5ik see viib [&hellip;]<\/p>\n","protected":false},"author":2,"featured_media":0,"parent":0,"menu_order":0,"comment_status":"closed","ping_status":"closed","template":"","meta":{"footnotes":""},"class_list":["post-1079","page","type-page","status-publish","hentry"],"yoast_head":"<!-- This site is optimized with the Yoast SEO plugin v23.3 - https:\/\/yoast.com\/wordpress\/plugins\/seo\/ -->\n<title>Meist &#8902; Green Path O\u00dc<\/title>\n<meta name=\"description\" content=\"{:ru}Ettev\u00f5te tegeleb erinevate puhastusteenuste osutamisega: akende pesu, suurpuhastus, pehme m\u00f6\u00f6bli ja vaipade keemiline puhastus, eripuhastust\u00f6\u00f6d jne{:ee}Puhastusettev\u00f5te tegeleb erinevate puhastusteenuste osutamisega: akende pesu, suurpuhastus, pehme m\u00f6\u00f6bli ja vaipade keemiline puhastus, eripuhastust\u00f6\u00f6d jne{:}\" \/>\n<meta name=\"robots\" content=\"index, follow, max-snippet:-1, max-image-preview:large, max-video-preview:-1\" \/>\n<link rel=\"canonical\" href=\"https:\/\/greenpath.ee\/et\/meist\/\" \/>\n<meta property=\"og:locale\" content=\"et_EE\" \/>\n<meta property=\"og:locale:alternate\" content=\"ru_RU\" \/>\n<meta property=\"og:type\" content=\"article\" \/>\n<meta property=\"og:title\" content=\"Meist\" \/>\n<meta property=\"og:description\" content=\"{:ru}Ettev\u00f5te tegeleb erinevate puhastusteenuste osutamisega: akende pesu, suurpuhastus, pehme m\u00f6\u00f6bli ja vaipade keemiline puhastus, eripuhastust\u00f6\u00f6d jne{:ee}Puhastusettev\u00f5te tegeleb erinevate puhastusteenuste osutamisega: akende pesu, suurpuhastus, pehme m\u00f6\u00f6bli ja vaipade keemiline puhastus, eripuhastust\u00f6\u00f6d jne{:}\" \/>\n<meta property=\"og:url\" content=\"https:\/\/greenpath.ee\/et\/meist\/\" \/>\n<meta property=\"og:site_name\" content=\"Green Path O\u00dc\" \/>\n<meta property=\"article:publisher\" content=\"https:\/\/www.facebook.com\/greenpath.ee\/\" \/>\n<meta property=\"article:modified_time\" content=\"2022-11-05T15:58:40+00:00\" \/>\n<meta property=\"og:image\" content=\"https:\/\/greenpath.ee\/wp-content\/uploads\/2018\/03\/AAA-2018-RUS-724x1024.jpg\" \/>\n<meta name=\"twitter:card\" content=\"summary_large_image\" \/>\n<meta name=\"twitter:label1\" content=\"Est. reading time\" \/>\n\t<meta name=\"twitter:data1\" content=\"6 minutit\" \/>\n<script type=\"application\/ld+json\" class=\"yoast-schema-graph\">{\"@context\":\"https:\/\/schema.org\",\"@graph\":[{\"@type\":\"WebPage\",\"@id\":\"https:\/\/greenpath.ee\/ru\/meist\/\",\"url\":\"https:\/\/greenpath.ee\/ru\/meist\/\",\"name\":\"Meist\",\"isPartOf\":{\"@id\":\"https:\/\/greenpath.ee\/et\/#website\"},\"primaryImageOfPage\":{\"@id\":\"https:\/\/greenpath.ee\/ru\/meist\/#primaryimage\"},\"image\":{\"@id\":\"https:\/\/greenpath.ee\/ru\/meist\/#primaryimage\"},\"thumbnailUrl\":\"https:\/\/greenpath.ee\/wp-content\/uploads\/2018\/03\/AAA-2018-RUS-724x1024.jpg\",\"datePublished\":\"2013-06-02T12:17:28+00:00\",\"dateModified\":\"2022-11-05T15:58:40+00:00\",\"description\":\"{:ru}Ettev\u00f5te tegeleb erinevate puhastusteenuste osutamisega: akende pesu, suurpuhastus, pehme m\u00f6\u00f6bli ja vaipade keemiline puhastus, eripuhastust\u00f6\u00f6d jne{:ee}Puhastusettev\u00f5te tegeleb erinevate puhastusteenuste osutamisega: akende pesu, suurpuhastus, pehme m\u00f6\u00f6bli ja vaipade keemiline puhastus, eripuhastust\u00f6\u00f6d jne{:}\",\"breadcrumb\":{\"@id\":\"https:\/\/greenpath.ee\/ru\/meist\/#breadcrumb\"},\"inLanguage\":\"et\",\"potentialAction\":[{\"@type\":\"ReadAction\",\"target\":[\"https:\/\/greenpath.ee\/ru\/meist\/\"]}]},{\"@type\":\"ImageObject\",\"inLanguage\":\"et\",\"@id\":\"https:\/\/greenpath.ee\/ru\/meist\/#primaryimage\",\"url\":\"https:\/\/greenpath.ee\/wp-content\/uploads\/2018\/03\/AAA-2018-RUS-724x1024.jpg\",\"contentUrl\":\"https:\/\/greenpath.ee\/wp-content\/uploads\/2018\/03\/AAA-2018-RUS-724x1024.jpg\"},{\"@type\":\"BreadcrumbList\",\"@id\":\"https:\/\/greenpath.ee\/ru\/meist\/#breadcrumb\",\"itemListElement\":[{\"@type\":\"ListItem\",\"position\":1,\"name\":\"\u0413\u043b\u0430\u0432\u043d\u0430\u044f \u0441\u0442\u0440\u0430\u043d\u0438\u0446\u0430\",\"item\":\"https:\/\/greenpath.ee\/et\/\"},{\"@type\":\"ListItem\",\"position\":2,\"name\":\"\u041e \u0444\u0438\u0440\u043c\u0435\"}]},{\"@type\":\"WebSite\",\"@id\":\"https:\/\/greenpath.ee\/et\/#website\",\"url\":\"https:\/\/greenpath.ee\/et\/\",\"name\":\"Green Path O\u00dc\",\"description\":\"\",\"publisher\":{\"@id\":\"https:\/\/greenpath.ee\/et\/#organization\"},\"potentialAction\":[{\"@type\":\"SearchAction\",\"target\":{\"@type\":\"EntryPoint\",\"urlTemplate\":\"https:\/\/greenpath.ee\/et\/?s={search_term_string}\"},\"query-input\":\"required name=search_term_string\"}],\"inLanguage\":\"et\"},{\"@type\":\"Organization\",\"@id\":\"https:\/\/greenpath.ee\/et\/#organization\",\"name\":\"Green Path O\u00dc\",\"url\":\"https:\/\/greenpath.ee\/et\/\",\"logo\":{\"@type\":\"ImageObject\",\"inLanguage\":\"et\",\"@id\":\"https:\/\/greenpath.ee\/et\/#\/schema\/logo\/image\/\",\"url\":\"https:\/\/greenpath.ee\/wp-content\/uploads\/2019\/03\/logo.png\",\"contentUrl\":\"https:\/\/greenpath.ee\/wp-content\/uploads\/2019\/03\/logo.png\",\"width\":200,\"height\":90,\"caption\":\"Green Path O\u00dc\"},\"image\":{\"@id\":\"https:\/\/greenpath.ee\/et\/#\/schema\/logo\/image\/\"},\"sameAs\":[\"https:\/\/www.facebook.com\/greenpath.ee\/\"]}]}<\/script>\n<!-- \/ Yoast SEO plugin. -->","yoast_head_json":{"title":"Meist &#8902; Green Path O\u00dc","description":"{:ru}Ettev\u00f5te tegeleb erinevate puhastusteenuste osutamisega: akende pesu, suurpuhastus, pehme m\u00f6\u00f6bli ja vaipade keemiline puhastus, eripuhastust\u00f6\u00f6d jne{:ee}Puhastusettev\u00f5te tegeleb erinevate puhastusteenuste osutamisega: akende pesu, suurpuhastus, pehme m\u00f6\u00f6bli ja vaipade keemiline puhastus, eripuhastust\u00f6\u00f6d jne{:}","robots":{"index":"index","follow":"follow","max-snippet":"max-snippet:-1","max-image-preview":"max-image-preview:large","max-video-preview":"max-video-preview:-1"},"canonical":"https:\/\/greenpath.ee\/et\/meist\/","og_locale":"et_EE","og_type":"article","og_title":"[:ru]\u041e \u0444\u0438\u0440\u043c\u0435[:et]Meist[:] &#8902; Green Path O\u00dc","og_description":"{:ru}Ettev\u00f5te tegeleb erinevate puhastusteenuste osutamisega: akende pesu, suurpuhastus, pehme m\u00f6\u00f6bli ja vaipade keemiline puhastus, eripuhastust\u00f6\u00f6d jne{:ee}Puhastusettev\u00f5te tegeleb erinevate puhastusteenuste osutamisega: akende pesu, suurpuhastus, pehme m\u00f6\u00f6bli ja vaipade keemiline puhastus, eripuhastust\u00f6\u00f6d jne{:}","og_url":"https:\/\/greenpath.ee\/et\/meist\/","og_site_name":"Green Path O\u00dc","article_publisher":"https:\/\/www.facebook.com\/greenpath.ee\/","article_modified_time":"2022-11-05T15:58:40+00:00","og_image":[{"url":"https:\/\/greenpath.ee\/wp-content\/uploads\/2018\/03\/AAA-2018-RUS-724x1024.jpg"}],"twitter_card":"summary_large_image","twitter_misc":{"Est. reading time":"6 minutit"},"schema":{"@context":"https:\/\/schema.org","@graph":[{"@type":"WebPage","@id":"https:\/\/greenpath.ee\/ru\/meist\/","url":"https:\/\/greenpath.ee\/ru\/meist\/","name":"Meist","isPartOf":{"@id":"https:\/\/greenpath.ee\/et\/#website"},"primaryImageOfPage":{"@id":"https:\/\/greenpath.ee\/ru\/meist\/#primaryimage"},"image":{"@id":"https:\/\/greenpath.ee\/ru\/meist\/#primaryimage"},"thumbnailUrl":"https:\/\/greenpath.ee\/wp-content\/uploads\/2018\/03\/AAA-2018-RUS-724x1024.jpg","datePublished":"2013-06-02T12:17:28+00:00","dateModified":"2022-11-05T15:58:40+00:00","description":"{:ru}Ettev\u00f5te tegeleb erinevate puhastusteenuste osutamisega: akende pesu, suurpuhastus, pehme m\u00f6\u00f6bli ja vaipade keemiline puhastus, eripuhastust\u00f6\u00f6d jne{:ee}Puhastusettev\u00f5te tegeleb erinevate puhastusteenuste osutamisega: akende pesu, suurpuhastus, pehme m\u00f6\u00f6bli ja vaipade keemiline puhastus, eripuhastust\u00f6\u00f6d jne{:}","breadcrumb":{"@id":"https:\/\/greenpath.ee\/ru\/meist\/#breadcrumb"},"inLanguage":"et","potentialAction":[{"@type":"ReadAction","target":["https:\/\/greenpath.ee\/ru\/meist\/"]}]},{"@type":"ImageObject","inLanguage":"et","@id":"https:\/\/greenpath.ee\/ru\/meist\/#primaryimage","url":"https:\/\/greenpath.ee\/wp-content\/uploads\/2018\/03\/AAA-2018-RUS-724x1024.jpg","contentUrl":"https:\/\/greenpath.ee\/wp-content\/uploads\/2018\/03\/AAA-2018-RUS-724x1024.jpg"},{"@type":"BreadcrumbList","@id":"https:\/\/greenpath.ee\/ru\/meist\/#breadcrumb","itemListElement":[{"@type":"ListItem","position":1,"name":"\u0413\u043b\u0430\u0432\u043d\u0430\u044f \u0441\u0442\u0440\u0430\u043d\u0438\u0446\u0430","item":"https:\/\/greenpath.ee\/et\/"},{"@type":"ListItem","position":2,"name":"\u041e \u0444\u0438\u0440\u043c\u0435"}]},{"@type":"WebSite","@id":"https:\/\/greenpath.ee\/et\/#website","url":"https:\/\/greenpath.ee\/et\/","name":"Green Path O\u00dc","description":"","publisher":{"@id":"https:\/\/greenpath.ee\/et\/#organization"},"potentialAction":[{"@type":"SearchAction","target":{"@type":"EntryPoint","urlTemplate":"https:\/\/greenpath.ee\/et\/?s={search_term_string}"},"query-input":"required name=search_term_string"}],"inLanguage":"et"},{"@type":"Organization","@id":"https:\/\/greenpath.ee\/et\/#organization","name":"Green Path O\u00dc","url":"https:\/\/greenpath.ee\/et\/","logo":{"@type":"ImageObject","inLanguage":"et","@id":"https:\/\/greenpath.ee\/et\/#\/schema\/logo\/image\/","url":"https:\/\/greenpath.ee\/wp-content\/uploads\/2019\/03\/logo.png","contentUrl":"https:\/\/greenpath.ee\/wp-content\/uploads\/2019\/03\/logo.png","width":200,"height":90,"caption":"Green Path O\u00dc"},"image":{"@id":"https:\/\/greenpath.ee\/et\/#\/schema\/logo\/image\/"},"sameAs":["https:\/\/www.facebook.com\/greenpath.ee\/"]}]}},"_links":{"self":[{"href":"https:\/\/greenpath.ee\/et\/wp-json\/wp\/v2\/pages\/1079"}],"collection":[{"href":"https:\/\/greenpath.ee\/et\/wp-json\/wp\/v2\/pages"}],"about":[{"href":"https:\/\/greenpath.ee\/et\/wp-json\/wp\/v2\/types\/page"}],"author":[{"embeddable":true,"href":"https:\/\/greenpath.ee\/et\/wp-json\/wp\/v2\/users\/2"}],"replies":[{"embeddable":true,"href":"https:\/\/greenpath.ee\/et\/wp-json\/wp\/v2\/comments?post=1079"}],"version-history":[{"count":31,"href":"https:\/\/greenpath.ee\/et\/wp-json\/wp\/v2\/pages\/1079\/revisions"}],"predecessor-version":[{"id":1937,"href":"https:\/\/greenpath.ee\/et\/wp-json\/wp\/v2\/pages\/1079\/revisions\/1937"}],"wp:attachment":[{"href":"https:\/\/greenpath.ee\/et\/wp-json\/wp\/v2\/media?parent=1079"}],"curies":[{"name":"wp","href":"https:\/\/api.w.org\/{rel}","templated":true}]}}